{"id":47344,"date":"2016-04-04T22:53:04","date_gmt":"2016-04-04T20:53:04","guid":{"rendered":"https:\/\/www.zurgnadenmutter.com\/shop\/cosmetica-de-farmacia-tonico-facial\/"},"modified":"2023-01-10T12:03:52","modified_gmt":"2023-01-10T11:03:52","slug":"tonico-facial","status":"publish","type":"product","link":"https:\/\/www.zurgnadenmutter.com\/es\/produkt\/tonico-facial\/","title":{"rendered":"Cosm\u00e9tica de farmacia T\u00f3nico facial"},"content":{"rendered":"<ul>\n<li>Materias primas naturales<\/li>\n<li>Conservaci\u00f3n natural<\/li>\n<li>Envases ecol\u00f3gicos<\/li>\n<\/ul>\n<p>T\u00f3nico facial regulador y activador<\/p>\n<p>Reg\u00e1lese a s\u00ed misma y a su piel algo especial. El t\u00f3nico facial mima con el aroma armonizador de la lavanda y le asegura una tez sonrosada con una luminosidad viva. La composici\u00f3n de la cola de caballo y la hiedra se conoc\u00eda en la medicina popular como estimulante, fortalecedora y antiinflamatoria. Son precisamente estas propiedades las que contribuyen a la regeneraci\u00f3n de la piel estresada. Para las pieles normales, secas y sensibles, el t\u00f3nico facial es el cuidado b\u00e1sico ideal sin aceites.<\/p>\n","protected":false},"excerpt":{"rendered":"<p>El t\u00f3nico facial le mima con el aroma armonizador de la lavanda y le garantiza una tez sonrosada con una luminosidad viva. Con aloe vera, cola de caballo y extracto de hiedra.<\/p>\n","protected":false},"featured_media":79117,"comment_status":"closed","ping_status":"closed","template":"","meta":{"_acf_changed":false},"product_brand":[],"product_cat":[457,408],"product_tag":[],"class_list":{"0":"post-47344","1":"product","2":"type-product","3":"status-publish","4":"has-post-thumbnail","6":"product_cat-cosmetica-de-farmacia","7":"product_cat-cosmeticos","9":"first","10":"instock","11":"taxable","12":"shipping-taxable","13":"purchasable","14":"product-type-simple"},"acf":[],"yoast_head":"<!-- This site is optimized with the Yoast SEO plugin v27.2 - https:\/\/yoast.com\/product\/yoast-seo-wordpress\/ -->\n<title>Cosm\u00e9tica de farmacia T\u00f3nico facial - Apotheke &amp; Drogerie zur Gnadenmutter - Mariazell<\/title>\n<meta name=\"robots\" content=\"index, follow, max-snippet:-1, max-image-preview:large, max-video-preview:-1\" \/>\n<link rel=\"canonical\" href=\"https:\/\/www.zurgnadenmutter.com\/es\/produkt\/tonico-facial\/\" \/>\n<meta property=\"og:locale\" content=\"es_ES\" \/>\n<meta property=\"og:type\" content=\"article\" \/>\n<meta property=\"og:title\" content=\"Cosm\u00e9tica de farmacia T\u00f3nico facial - Apotheke &amp; Drogerie zur Gnadenmutter - Mariazell\" \/>\n<meta property=\"og:description\" content=\"El t\u00f3nico facial le mima con el aroma armonizador de la lavanda y le garantiza una tez sonrosada con una luminosidad viva. Con aloe vera, cola de caballo y extracto de hiedra.\" \/>\n<meta property=\"og:url\" content=\"https:\/\/www.zurgnadenmutter.com\/es\/produkt\/tonico-facial\/\" \/>\n<meta property=\"og:site_name\" content=\"Apotheke &amp; Drogerie zur Gnadenmutter - Mariazell\" \/>\n<meta property=\"article:modified_time\" content=\"2023-01-10T11:03:52+00:00\" \/>\n<meta property=\"og:image\" content=\"https:\/\/www.zurgnadenmutter.com\/wp-content\/uploads\/2016\/04\/Gesichtswasser_2025-scaled.png\" \/>\n\t<meta property=\"og:image:width\" content=\"1920\" \/>\n\t<meta property=\"og:image:height\" content=\"2560\" \/>\n\t<meta property=\"og:image:type\" content=\"image\/png\" \/>\n<meta name=\"twitter:card\" content=\"summary_large_image\" \/>\n<meta name=\"twitter:label1\" content=\"Tiempo de lectura\" \/>\n\t<meta name=\"twitter:data1\" content=\"1 minuto\" \/>\n<script type=\"application\/ld+json\" class=\"yoast-schema-graph\">{\"@context\":\"https:\/\/schema.org\",\"@graph\":[{\"@type\":\"WebPage\",\"@id\":\"https:\/\/www.zurgnadenmutter.com\/es\/produkt\/tonico-facial\/\",\"url\":\"https:\/\/www.zurgnadenmutter.com\/es\/produkt\/tonico-facial\/\",\"name\":\"Cosm\u00e9tica de farmacia T\u00f3nico facial - Apotheke &amp; Drogerie zur Gnadenmutter - Mariazell\",\"isPartOf\":{\"@id\":\"https:\/\/www.zurgnadenmutter.com\/#website\"},\"primaryImageOfPage\":{\"@id\":\"https:\/\/www.zurgnadenmutter.com\/es\/produkt\/tonico-facial\/#primaryimage\"},\"image\":{\"@id\":\"https:\/\/www.zurgnadenmutter.com\/es\/produkt\/tonico-facial\/#primaryimage\"},\"thumbnailUrl\":\"https:\/\/www.zurgnadenmutter.com\/wp-content\/uploads\/2016\/04\/Gesichtswasser_2025-scaled.png\",\"datePublished\":\"2016-04-04T20:53:04+00:00\",\"dateModified\":\"2023-01-10T11:03:52+00:00\",\"breadcrumb\":{\"@id\":\"https:\/\/www.zurgnadenmutter.com\/es\/produkt\/tonico-facial\/#breadcrumb\"},\"inLanguage\":\"es\",\"potentialAction\":[{\"@type\":\"ReadAction\",\"target\":[\"https:\/\/www.zurgnadenmutter.com\/es\/produkt\/tonico-facial\/\"]}]},{\"@type\":\"ImageObject\",\"inLanguage\":\"es\",\"@id\":\"https:\/\/www.zurgnadenmutter.com\/es\/produkt\/tonico-facial\/#primaryimage\",\"url\":\"https:\/\/www.zurgnadenmutter.com\/wp-content\/uploads\/2016\/04\/Gesichtswasser_2025-scaled.png\",\"contentUrl\":\"https:\/\/www.zurgnadenmutter.com\/wp-content\/uploads\/2016\/04\/Gesichtswasser_2025-scaled.png\",\"width\":1920,\"height\":2560},{\"@type\":\"BreadcrumbList\",\"@id\":\"https:\/\/www.zurgnadenmutter.com\/es\/produkt\/tonico-facial\/#breadcrumb\",\"itemListElement\":[{\"@type\":\"ListItem\",\"position\":1,\"name\":\"Startseite\",\"item\":\"https:\/\/www.zurgnadenmutter.com\/es\/\"},{\"@type\":\"ListItem\",\"position\":2,\"name\":\"Tienda\",\"item\":\"https:\/\/www.zurgnadenmutter.com\/es\/tienda\/\"},{\"@type\":\"ListItem\",\"position\":3,\"name\":\"Cosm\u00e9tica de farmacia T\u00f3nico facial\"}]},{\"@type\":\"WebSite\",\"@id\":\"https:\/\/www.zurgnadenmutter.com\/#website\",\"url\":\"https:\/\/www.zurgnadenmutter.com\/\",\"name\":\"Apotheke &amp; Drogerie zur Gnadenmutter - Mariazell\",\"description\":\"Apotheke Mariazell\",\"potentialAction\":[{\"@type\":\"SearchAction\",\"target\":{\"@type\":\"EntryPoint\",\"urlTemplate\":\"https:\/\/www.zurgnadenmutter.com\/?s={search_term_string}\"},\"query-input\":{\"@type\":\"PropertyValueSpecification\",\"valueRequired\":true,\"valueName\":\"search_term_string\"}}],\"inLanguage\":\"es\"}]}<\/script>\n<!-- \/ Yoast SEO plugin. -->","yoast_head_json":{"title":"Cosm\u00e9tica de farmacia T\u00f3nico facial - Apotheke &amp; Drogerie zur Gnadenmutter - Mariazell","robots":{"index":"index","follow":"follow","max-snippet":"max-snippet:-1","max-image-preview":"max-image-preview:large","max-video-preview":"max-video-preview:-1"},"canonical":"https:\/\/www.zurgnadenmutter.com\/es\/produkt\/tonico-facial\/","og_locale":"es_ES","og_type":"article","og_title":"Cosm\u00e9tica de farmacia T\u00f3nico facial - Apotheke &amp; Drogerie zur Gnadenmutter - Mariazell","og_description":"El t\u00f3nico facial le mima con el aroma armonizador de la lavanda y le garantiza una tez sonrosada con una luminosidad viva. Con aloe vera, cola de caballo y extracto de hiedra.","og_url":"https:\/\/www.zurgnadenmutter.com\/es\/produkt\/tonico-facial\/","og_site_name":"Apotheke &amp; Drogerie zur Gnadenmutter - Mariazell","article_modified_time":"2023-01-10T11:03:52+00:00","og_image":[{"width":1920,"height":2560,"url":"https:\/\/www.zurgnadenmutter.com\/wp-content\/uploads\/2016\/04\/Gesichtswasser_2025-scaled.png","type":"image\/png"}],"twitter_card":"summary_large_image","twitter_misc":{"Tiempo de lectura":"1 minuto"},"schema":{"@context":"https:\/\/schema.org","@graph":[{"@type":"WebPage","@id":"https:\/\/www.zurgnadenmutter.com\/es\/produkt\/tonico-facial\/","url":"https:\/\/www.zurgnadenmutter.com\/es\/produkt\/tonico-facial\/","name":"Cosm\u00e9tica de farmacia T\u00f3nico facial - Apotheke &amp; Drogerie zur Gnadenmutter - Mariazell","isPartOf":{"@id":"https:\/\/www.zurgnadenmutter.com\/#website"},"primaryImageOfPage":{"@id":"https:\/\/www.zurgnadenmutter.com\/es\/produkt\/tonico-facial\/#primaryimage"},"image":{"@id":"https:\/\/www.zurgnadenmutter.com\/es\/produkt\/tonico-facial\/#primaryimage"},"thumbnailUrl":"https:\/\/www.zurgnadenmutter.com\/wp-content\/uploads\/2016\/04\/Gesichtswasser_2025-scaled.png","datePublished":"2016-04-04T20:53:04+00:00","dateModified":"2023-01-10T11:03:52+00:00","breadcrumb":{"@id":"https:\/\/www.zurgnadenmutter.com\/es\/produkt\/tonico-facial\/#breadcrumb"},"inLanguage":"es","potentialAction":[{"@type":"ReadAction","target":["https:\/\/www.zurgnadenmutter.com\/es\/produkt\/tonico-facial\/"]}]},{"@type":"ImageObject","inLanguage":"es","@id":"https:\/\/www.zurgnadenmutter.com\/es\/produkt\/tonico-facial\/#primaryimage","url":"https:\/\/www.zurgnadenmutter.com\/wp-content\/uploads\/2016\/04\/Gesichtswasser_2025-scaled.png","contentUrl":"https:\/\/www.zurgnadenmutter.com\/wp-content\/uploads\/2016\/04\/Gesichtswasser_2025-scaled.png","width":1920,"height":2560},{"@type":"BreadcrumbList","@id":"https:\/\/www.zurgnadenmutter.com\/es\/produkt\/tonico-facial\/#breadcrumb","itemListElement":[{"@type":"ListItem","position":1,"name":"Startseite","item":"https:\/\/www.zurgnadenmutter.com\/es\/"},{"@type":"ListItem","position":2,"name":"Tienda","item":"https:\/\/www.zurgnadenmutter.com\/es\/tienda\/"},{"@type":"ListItem","position":3,"name":"Cosm\u00e9tica de farmacia T\u00f3nico facial"}]},{"@type":"WebSite","@id":"https:\/\/www.zurgnadenmutter.com\/#website","url":"https:\/\/www.zurgnadenmutter.com\/","name":"Apotheke &amp; Drogerie zur Gnadenmutter - Mariazell","description":"Apotheke Mariazell","potentialAction":[{"@type":"SearchAction","target":{"@type":"EntryPoint","urlTemplate":"https:\/\/www.zurgnadenmutter.com\/?s={search_term_string}"},"query-input":{"@type":"PropertyValueSpecification","valueRequired":true,"valueName":"search_term_string"}}],"inLanguage":"es"}]}},"_links":{"self":[{"href":"https:\/\/www.zurgnadenmutter.com\/es\/wp-json\/wp\/v2\/product\/47344","targetHints":{"allow":["GET"]}}],"collection":[{"href":"https:\/\/www.zurgnadenmutter.com\/es\/wp-json\/wp\/v2\/product"}],"about":[{"href":"https:\/\/www.zurgnadenmutter.com\/es\/wp-json\/wp\/v2\/types\/product"}],"replies":[{"embeddable":true,"href":"https:\/\/www.zurgnadenmutter.com\/es\/wp-json\/wp\/v2\/comments?post=47344"}],"wp:featuredmedia":[{"embeddable":true,"href":"https:\/\/www.zurgnadenmutter.com\/es\/wp-json\/wp\/v2\/media\/79117"}],"wp:attachment":[{"href":"https:\/\/www.zurgnadenmutter.com\/es\/wp-json\/wp\/v2\/media?parent=47344"}],"wp:term":[{"taxonomy":"product_brand","embeddable":true,"href":"https:\/\/www.zurgnadenmutter.com\/es\/wp-json\/wp\/v2\/product_brand?post=47344"},{"taxonomy":"product_cat","embeddable":true,"href":"https:\/\/www.zurgnadenmutter.com\/es\/wp-json\/wp\/v2\/product_cat?post=47344"},{"taxonomy":"product_tag","embeddable":true,"href":"https:\/\/www.zurgnadenmutter.com\/es\/wp-json\/wp\/v2\/product_tag?post=47344"}],"curies":[{"name":"wp","href":"https:\/\/api.w.org\/{rel}","templated":true}]}}