{"id":47340,"date":"2016-04-04T22:46:44","date_gmt":"2016-04-04T20:46:44","guid":{"rendered":"https:\/\/www.zurgnadenmutter.com\/shop\/cuidado-solar-ateia-spf-50-sunprotect-repair\/"},"modified":"2023-01-10T12:03:51","modified_gmt":"2023-01-10T11:03:51","slug":"ateia-spf-50-sunprotect-repair","status":"publish","type":"product","link":"https:\/\/www.zurgnadenmutter.com\/es\/produkt\/ateia-spf-50-sunprotect-repair\/","title":{"rendered":"Cuidado solar ATEIA SPF 50+ Sunprotect + Repair"},"content":{"rendered":"<p>Loci\u00f3n facial y corporal para pieles normales a sensibles<\/p>\n<ul>\n<li>2\u00a0% Nopasome, enzimas de reparaci\u00f3n del ADN m\u00e1s cactus Nopal.<\/li>\n<li>Sin parabenos, resistente al agua<\/li>\n<li>Protege contra los da\u00f1os de la piel inducidos por la luz UV<\/li>\n<li>Enzimas doblemente activas para regenerar la piel<\/li>\n<\/ul>\n<p><strong>Aplicaci\u00f3n:<\/strong> Aplicar generosamente ATEIA Sunscreen sobre la piel limpia de la cara y el cuerpo media hora antes de la exposici\u00f3n al sol. Repetir regularmente durante el d\u00eda, especialmente en caso de sudoraci\u00f3n intensa o despu\u00e9s de nadar y secarse con una toalla.<\/p>\n","protected":false},"excerpt":{"rendered":"<p>Protecci\u00f3n muy alta &#8211; Loci\u00f3n facial y corporal para pieles normales a sensibles<\/p>\n","protected":false},"featured_media":79125,"comment_status":"closed","ping_status":"closed","template":"","meta":{"_acf_changed":false},"product_brand":[],"product_cat":[456,408],"product_tag":[],"class_list":{"0":"post-47340","1":"product","2":"type-product","3":"status-publish","4":"has-post-thumbnail","6":"product_cat-ateia-es","7":"product_cat-cosmeticos","9":"first","10":"instock","11":"taxable","12":"shipping-taxable","13":"purchasable","14":"product-type-simple"},"acf":[],"yoast_head":"<!-- This site is optimized with the Yoast SEO plugin v27.2 - https:\/\/yoast.com\/product\/yoast-seo-wordpress\/ -->\n<title>Cuidado solar ATEIA SPF 50+ Sunprotect + Repair - Apotheke &amp; Drogerie zur Gnadenmutter - Mariazell<\/title>\n<meta name=\"robots\" content=\"index, follow, max-snippet:-1, max-image-preview:large, max-video-preview:-1\" \/>\n<link rel=\"canonical\" href=\"https:\/\/www.zurgnadenmutter.com\/es\/produkt\/ateia-spf-50-sunprotect-repair\/\" \/>\n<meta property=\"og:locale\" content=\"es_ES\" \/>\n<meta property=\"og:type\" content=\"article\" \/>\n<meta property=\"og:title\" content=\"Cuidado solar ATEIA SPF 50+ Sunprotect + Repair - Apotheke &amp; Drogerie zur Gnadenmutter - Mariazell\" \/>\n<meta property=\"og:description\" content=\"Protecci\u00f3n muy alta - Loci\u00f3n facial y corporal para pieles normales a sensibles\" \/>\n<meta property=\"og:url\" content=\"https:\/\/www.zurgnadenmutter.com\/es\/produkt\/ateia-spf-50-sunprotect-repair\/\" \/>\n<meta property=\"og:site_name\" content=\"Apotheke &amp; Drogerie zur Gnadenmutter - Mariazell\" \/>\n<meta property=\"article:modified_time\" content=\"2023-01-10T11:03:51+00:00\" \/>\n<meta property=\"og:image\" content=\"https:\/\/www.zurgnadenmutter.com\/wp-content\/uploads\/2016\/04\/Ateia-50-scaled.jpg\" \/>\n\t<meta property=\"og:image:width\" content=\"1920\" \/>\n\t<meta property=\"og:image:height\" content=\"2560\" \/>\n\t<meta property=\"og:image:type\" content=\"image\/jpeg\" \/>\n<meta name=\"twitter:card\" content=\"summary_large_image\" \/>\n<script type=\"application\/ld+json\" class=\"yoast-schema-graph\">{\"@context\":\"https:\/\/schema.org\",\"@graph\":[{\"@type\":\"WebPage\",\"@id\":\"https:\/\/www.zurgnadenmutter.com\/es\/produkt\/ateia-spf-50-sunprotect-repair\/\",\"url\":\"https:\/\/www.zurgnadenmutter.com\/es\/produkt\/ateia-spf-50-sunprotect-repair\/\",\"name\":\"Cuidado solar ATEIA SPF 50+ Sunprotect + Repair - Apotheke &amp; Drogerie zur Gnadenmutter - Mariazell\",\"isPartOf\":{\"@id\":\"https:\/\/www.zurgnadenmutter.com\/#website\"},\"primaryImageOfPage\":{\"@id\":\"https:\/\/www.zurgnadenmutter.com\/es\/produkt\/ateia-spf-50-sunprotect-repair\/#primaryimage\"},\"image\":{\"@id\":\"https:\/\/www.zurgnadenmutter.com\/es\/produkt\/ateia-spf-50-sunprotect-repair\/#primaryimage\"},\"thumbnailUrl\":\"https:\/\/www.zurgnadenmutter.com\/wp-content\/uploads\/2016\/04\/Ateia-SPF-50_2025-scaled.jpg\",\"datePublished\":\"2016-04-04T20:46:44+00:00\",\"dateModified\":\"2023-01-10T11:03:51+00:00\",\"breadcrumb\":{\"@id\":\"https:\/\/www.zurgnadenmutter.com\/es\/produkt\/ateia-spf-50-sunprotect-repair\/#breadcrumb\"},\"inLanguage\":\"es\",\"potentialAction\":[{\"@type\":\"ReadAction\",\"target\":[\"https:\/\/www.zurgnadenmutter.com\/es\/produkt\/ateia-spf-50-sunprotect-repair\/\"]}]},{\"@type\":\"ImageObject\",\"inLanguage\":\"es\",\"@id\":\"https:\/\/www.zurgnadenmutter.com\/es\/produkt\/ateia-spf-50-sunprotect-repair\/#primaryimage\",\"url\":\"https:\/\/www.zurgnadenmutter.com\/wp-content\/uploads\/2016\/04\/Ateia-SPF-50_2025-scaled.jpg\",\"contentUrl\":\"https:\/\/www.zurgnadenmutter.com\/wp-content\/uploads\/2016\/04\/Ateia-SPF-50_2025-scaled.jpg\",\"width\":1920,\"height\":2560},{\"@type\":\"BreadcrumbList\",\"@id\":\"https:\/\/www.zurgnadenmutter.com\/es\/produkt\/ateia-spf-50-sunprotect-repair\/#breadcrumb\",\"itemListElement\":[{\"@type\":\"ListItem\",\"position\":1,\"name\":\"Startseite\",\"item\":\"https:\/\/www.zurgnadenmutter.com\/es\/\"},{\"@type\":\"ListItem\",\"position\":2,\"name\":\"Tienda\",\"item\":\"https:\/\/www.zurgnadenmutter.com\/es\/tienda\/\"},{\"@type\":\"ListItem\",\"position\":3,\"name\":\"Cuidado solar ATEIA SPF 50+ Sunprotect + Repair\"}]},{\"@type\":\"WebSite\",\"@id\":\"https:\/\/www.zurgnadenmutter.com\/#website\",\"url\":\"https:\/\/www.zurgnadenmutter.com\/\",\"name\":\"Apotheke &amp; Drogerie zur Gnadenmutter - Mariazell\",\"description\":\"Apotheke Mariazell\",\"potentialAction\":[{\"@type\":\"SearchAction\",\"target\":{\"@type\":\"EntryPoint\",\"urlTemplate\":\"https:\/\/www.zurgnadenmutter.com\/?s={search_term_string}\"},\"query-input\":{\"@type\":\"PropertyValueSpecification\",\"valueRequired\":true,\"valueName\":\"search_term_string\"}}],\"inLanguage\":\"es\"}]}<\/script>\n<!-- \/ Yoast SEO plugin. -->","yoast_head_json":{"title":"Cuidado solar ATEIA SPF 50+ Sunprotect + Repair - Apotheke &amp; Drogerie zur Gnadenmutter - Mariazell","robots":{"index":"index","follow":"follow","max-snippet":"max-snippet:-1","max-image-preview":"max-image-preview:large","max-video-preview":"max-video-preview:-1"},"canonical":"https:\/\/www.zurgnadenmutter.com\/es\/produkt\/ateia-spf-50-sunprotect-repair\/","og_locale":"es_ES","og_type":"article","og_title":"Cuidado solar ATEIA SPF 50+ Sunprotect + Repair - Apotheke &amp; Drogerie zur Gnadenmutter - Mariazell","og_description":"Protecci\u00f3n muy alta - Loci\u00f3n facial y corporal para pieles normales a sensibles","og_url":"https:\/\/www.zurgnadenmutter.com\/es\/produkt\/ateia-spf-50-sunprotect-repair\/","og_site_name":"Apotheke &amp; Drogerie zur Gnadenmutter - Mariazell","article_modified_time":"2023-01-10T11:03:51+00:00","og_image":[{"width":1920,"height":2560,"url":"https:\/\/www.zurgnadenmutter.com\/wp-content\/uploads\/2016\/04\/Ateia-50-scaled.jpg","type":"image\/jpeg"}],"twitter_card":"summary_large_image","schema":{"@context":"https:\/\/schema.org","@graph":[{"@type":"WebPage","@id":"https:\/\/www.zurgnadenmutter.com\/es\/produkt\/ateia-spf-50-sunprotect-repair\/","url":"https:\/\/www.zurgnadenmutter.com\/es\/produkt\/ateia-spf-50-sunprotect-repair\/","name":"Cuidado solar ATEIA SPF 50+ Sunprotect + Repair - Apotheke &amp; Drogerie zur Gnadenmutter - Mariazell","isPartOf":{"@id":"https:\/\/www.zurgnadenmutter.com\/#website"},"primaryImageOfPage":{"@id":"https:\/\/www.zurgnadenmutter.com\/es\/produkt\/ateia-spf-50-sunprotect-repair\/#primaryimage"},"image":{"@id":"https:\/\/www.zurgnadenmutter.com\/es\/produkt\/ateia-spf-50-sunprotect-repair\/#primaryimage"},"thumbnailUrl":"https:\/\/www.zurgnadenmutter.com\/wp-content\/uploads\/2016\/04\/Ateia-SPF-50_2025-scaled.jpg","datePublished":"2016-04-04T20:46:44+00:00","dateModified":"2023-01-10T11:03:51+00:00","breadcrumb":{"@id":"https:\/\/www.zurgnadenmutter.com\/es\/produkt\/ateia-spf-50-sunprotect-repair\/#breadcrumb"},"inLanguage":"es","potentialAction":[{"@type":"ReadAction","target":["https:\/\/www.zurgnadenmutter.com\/es\/produkt\/ateia-spf-50-sunprotect-repair\/"]}]},{"@type":"ImageObject","inLanguage":"es","@id":"https:\/\/www.zurgnadenmutter.com\/es\/produkt\/ateia-spf-50-sunprotect-repair\/#primaryimage","url":"https:\/\/www.zurgnadenmutter.com\/wp-content\/uploads\/2016\/04\/Ateia-SPF-50_2025-scaled.jpg","contentUrl":"https:\/\/www.zurgnadenmutter.com\/wp-content\/uploads\/2016\/04\/Ateia-SPF-50_2025-scaled.jpg","width":1920,"height":2560},{"@type":"BreadcrumbList","@id":"https:\/\/www.zurgnadenmutter.com\/es\/produkt\/ateia-spf-50-sunprotect-repair\/#breadcrumb","itemListElement":[{"@type":"ListItem","position":1,"name":"Startseite","item":"https:\/\/www.zurgnadenmutter.com\/es\/"},{"@type":"ListItem","position":2,"name":"Tienda","item":"https:\/\/www.zurgnadenmutter.com\/es\/tienda\/"},{"@type":"ListItem","position":3,"name":"Cuidado solar ATEIA SPF 50+ Sunprotect + Repair"}]},{"@type":"WebSite","@id":"https:\/\/www.zurgnadenmutter.com\/#website","url":"https:\/\/www.zurgnadenmutter.com\/","name":"Apotheke &amp; Drogerie zur Gnadenmutter - Mariazell","description":"Apotheke Mariazell","potentialAction":[{"@type":"SearchAction","target":{"@type":"EntryPoint","urlTemplate":"https:\/\/www.zurgnadenmutter.com\/?s={search_term_string}"},"query-input":{"@type":"PropertyValueSpecification","valueRequired":true,"valueName":"search_term_string"}}],"inLanguage":"es"}]}},"_links":{"self":[{"href":"https:\/\/www.zurgnadenmutter.com\/es\/wp-json\/wp\/v2\/product\/47340","targetHints":{"allow":["GET"]}}],"collection":[{"href":"https:\/\/www.zurgnadenmutter.com\/es\/wp-json\/wp\/v2\/product"}],"about":[{"href":"https:\/\/www.zurgnadenmutter.com\/es\/wp-json\/wp\/v2\/types\/product"}],"replies":[{"embeddable":true,"href":"https:\/\/www.zurgnadenmutter.com\/es\/wp-json\/wp\/v2\/comments?post=47340"}],"wp:featuredmedia":[{"embeddable":true,"href":"https:\/\/www.zurgnadenmutter.com\/es\/wp-json\/wp\/v2\/media\/79125"}],"wp:attachment":[{"href":"https:\/\/www.zurgnadenmutter.com\/es\/wp-json\/wp\/v2\/media?parent=47340"}],"wp:term":[{"taxonomy":"product_brand","embeddable":true,"href":"https:\/\/www.zurgnadenmutter.com\/es\/wp-json\/wp\/v2\/product_brand?post=47340"},{"taxonomy":"product_cat","embeddable":true,"href":"https:\/\/www.zurgnadenmutter.com\/es\/wp-json\/wp\/v2\/product_cat?post=47340"},{"taxonomy":"product_tag","embeddable":true,"href":"https:\/\/www.zurgnadenmutter.com\/es\/wp-json\/wp\/v2\/product_tag?post=47340"}],"curies":[{"name":"wp","href":"https:\/\/api.w.org\/{rel}","templated":true}]}}