{"id":47339,"date":"2016-04-04T22:31:31","date_gmt":"2016-04-04T20:31:31","guid":{"rendered":"https:\/\/www.zurgnadenmutter.com\/shop\/cuidado-solar-ateia-spf-30-sunprotect-repair\/"},"modified":"2023-01-10T12:03:51","modified_gmt":"2023-01-10T11:03:51","slug":"ateia-spf-30-sunprotect-repair","status":"publish","type":"product","link":"https:\/\/www.zurgnadenmutter.com\/es\/produkt\/ateia-spf-30-sunprotect-repair\/","title":{"rendered":"Cuidado solar ATEIA SPF 30 Sunprotect + Repair"},"content":{"rendered":"<p>Para el sol intenso. Loci\u00f3n especial liposomal para una protecci\u00f3n de la luz UV de alta calidad y una protecci\u00f3n contra el envejecimiento (antiarrugas\/pigmentaci\u00f3n). \u00d3ptimo para tomar el sol con intensidad. Protege, nutre, repara y regenera mientras se toma el sol. Y tambi\u00e9n garantiza un bronceado m\u00e1s intenso, con una f\u00f3rmula patentada.<\/p>\n<ul>\n<li>30 veces m\u00e1s tiempo bajo el sol que sin protecci\u00f3n<\/li>\n<li>Regeneraci\u00f3n de la piel 4 veces m\u00e1s r\u00e1pida ya durante la exposici\u00f3n al sol<\/li>\n<li>Autorreparaci\u00f3n m\u00e1s r\u00e1pida (ADN)<\/li>\n<li>Bronceado m\u00e1s intenso<\/li>\n<li>Cuidado de la piel m\u00e1s rico<\/li>\n<li>Mayor acumulaci\u00f3n de humedad<\/li>\n<li>Profilaxis contra las quemaduras solares, la alergia al sol, los trastornos de la pigmentaci\u00f3n, el envejecimiento de la piel causado por el sol y los da\u00f1os en las c\u00e9lulas de la piel<\/li>\n<\/ul>\n<p><strong>Ideal para: <\/strong>tomar el sol con intensidad, pieles no acostumbradas al sol, pieles claras, situaciones extremas (tr\u00f3pico, alta monta\u00f1a, deportes&#8230;), contacto con el agua en abundancia, adultos y ni\u00f1os, cara y cuerpo<\/p>\n<p><strong>Caracter\u00edsticas de calidad: <\/strong>2\u00a0% nopasome, equilibrio de protecci\u00f3n UVA\/UVB, resistente al agua, a prueba de sudor, fotoestable, f\u00f3rmula hipoalerg\u00e9nica, sin emulsionantes que contengan PEG, sin conservantes qu\u00edmicos, dermatol\u00f3gicamente testado. Preservaci\u00f3n, probado dermatol\u00f3gicamente<\/p>\n","protected":false},"excerpt":{"rendered":"<p>Alta protecci\u00f3n &#8211; Loci\u00f3n facial y corporal para pieles normales a sensibles<\/p>\n","protected":false},"featured_media":75854,"comment_status":"closed","ping_status":"closed","template":"","meta":{"_acf_changed":false},"product_brand":[],"product_cat":[456,408],"product_tag":[],"class_list":{"0":"post-47339","1":"product","2":"type-product","3":"status-publish","4":"has-post-thumbnail","6":"product_cat-ateia-es","7":"product_cat-cosmeticos","9":"first","10":"instock","11":"taxable","12":"shipping-taxable","13":"purchasable","14":"product-type-simple"},"acf":[],"yoast_head":"<!-- This site is optimized with the Yoast SEO plugin v27.2 - https:\/\/yoast.com\/product\/yoast-seo-wordpress\/ -->\n<title>Cuidado solar ATEIA SPF 30 Sunprotect + Repair - Apotheke &amp; Drogerie zur Gnadenmutter - Mariazell<\/title>\n<meta name=\"robots\" content=\"index, follow, max-snippet:-1, max-image-preview:large, max-video-preview:-1\" \/>\n<link rel=\"canonical\" href=\"https:\/\/www.zurgnadenmutter.com\/es\/produkt\/ateia-spf-30-sunprotect-repair\/\" \/>\n<meta property=\"og:locale\" content=\"es_ES\" \/>\n<meta property=\"og:type\" content=\"article\" \/>\n<meta property=\"og:title\" content=\"Cuidado solar ATEIA SPF 30 Sunprotect + Repair - Apotheke &amp; Drogerie zur Gnadenmutter - Mariazell\" \/>\n<meta property=\"og:description\" content=\"Alta protecci\u00f3n - Loci\u00f3n facial y corporal para pieles normales a sensibles\" \/>\n<meta property=\"og:url\" content=\"https:\/\/www.zurgnadenmutter.com\/es\/produkt\/ateia-spf-30-sunprotect-repair\/\" \/>\n<meta property=\"og:site_name\" content=\"Apotheke &amp; Drogerie zur Gnadenmutter - Mariazell\" \/>\n<meta property=\"article:modified_time\" content=\"2023-01-10T11:03:51+00:00\" \/>\n<meta property=\"og:image\" content=\"https:\/\/www.zurgnadenmutter.com\/wp-content\/uploads\/2016\/04\/Ateia-30-nebenan-768x1024.png\" \/>\n\t<meta property=\"og:image:width\" content=\"768\" \/>\n\t<meta property=\"og:image:height\" content=\"1024\" \/>\n\t<meta property=\"og:image:type\" content=\"image\/png\" \/>\n<meta name=\"twitter:card\" content=\"summary_large_image\" \/>\n<meta name=\"twitter:label1\" content=\"Tiempo de lectura\" \/>\n\t<meta name=\"twitter:data1\" content=\"1 minuto\" \/>\n<script type=\"application\/ld+json\" class=\"yoast-schema-graph\">{\"@context\":\"https:\/\/schema.org\",\"@graph\":[{\"@type\":\"WebPage\",\"@id\":\"https:\/\/www.zurgnadenmutter.com\/es\/produkt\/ateia-spf-30-sunprotect-repair\/\",\"url\":\"https:\/\/www.zurgnadenmutter.com\/es\/produkt\/ateia-spf-30-sunprotect-repair\/\",\"name\":\"Cuidado solar ATEIA SPF 30 Sunprotect + Repair - Apotheke &amp; Drogerie zur Gnadenmutter - Mariazell\",\"isPartOf\":{\"@id\":\"https:\/\/www.zurgnadenmutter.com\/#website\"},\"primaryImageOfPage\":{\"@id\":\"https:\/\/www.zurgnadenmutter.com\/es\/produkt\/ateia-spf-30-sunprotect-repair\/#primaryimage\"},\"image\":{\"@id\":\"https:\/\/www.zurgnadenmutter.com\/es\/produkt\/ateia-spf-30-sunprotect-repair\/#primaryimage\"},\"thumbnailUrl\":\"https:\/\/www.zurgnadenmutter.com\/wp-content\/uploads\/2016\/04\/ateia-neu-nebenan-30-1.png\",\"datePublished\":\"2016-04-04T20:31:31+00:00\",\"dateModified\":\"2023-01-10T11:03:51+00:00\",\"breadcrumb\":{\"@id\":\"https:\/\/www.zurgnadenmutter.com\/es\/produkt\/ateia-spf-30-sunprotect-repair\/#breadcrumb\"},\"inLanguage\":\"es\",\"potentialAction\":[{\"@type\":\"ReadAction\",\"target\":[\"https:\/\/www.zurgnadenmutter.com\/es\/produkt\/ateia-spf-30-sunprotect-repair\/\"]}]},{\"@type\":\"ImageObject\",\"inLanguage\":\"es\",\"@id\":\"https:\/\/www.zurgnadenmutter.com\/es\/produkt\/ateia-spf-30-sunprotect-repair\/#primaryimage\",\"url\":\"https:\/\/www.zurgnadenmutter.com\/wp-content\/uploads\/2016\/04\/ateia-neu-nebenan-30-1.png\",\"contentUrl\":\"https:\/\/www.zurgnadenmutter.com\/wp-content\/uploads\/2016\/04\/ateia-neu-nebenan-30-1.png\",\"width\":2448,\"height\":3264},{\"@type\":\"BreadcrumbList\",\"@id\":\"https:\/\/www.zurgnadenmutter.com\/es\/produkt\/ateia-spf-30-sunprotect-repair\/#breadcrumb\",\"itemListElement\":[{\"@type\":\"ListItem\",\"position\":1,\"name\":\"Startseite\",\"item\":\"https:\/\/www.zurgnadenmutter.com\/es\/\"},{\"@type\":\"ListItem\",\"position\":2,\"name\":\"Tienda\",\"item\":\"https:\/\/www.zurgnadenmutter.com\/es\/tienda\/\"},{\"@type\":\"ListItem\",\"position\":3,\"name\":\"Cuidado solar ATEIA SPF 30 Sunprotect + Repair\"}]},{\"@type\":\"WebSite\",\"@id\":\"https:\/\/www.zurgnadenmutter.com\/#website\",\"url\":\"https:\/\/www.zurgnadenmutter.com\/\",\"name\":\"Apotheke &amp; Drogerie zur Gnadenmutter - Mariazell\",\"description\":\"Apotheke Mariazell\",\"potentialAction\":[{\"@type\":\"SearchAction\",\"target\":{\"@type\":\"EntryPoint\",\"urlTemplate\":\"https:\/\/www.zurgnadenmutter.com\/?s={search_term_string}\"},\"query-input\":{\"@type\":\"PropertyValueSpecification\",\"valueRequired\":true,\"valueName\":\"search_term_string\"}}],\"inLanguage\":\"es\"}]}<\/script>\n<!-- \/ Yoast SEO plugin. -->","yoast_head_json":{"title":"Cuidado solar ATEIA SPF 30 Sunprotect + Repair - Apotheke &amp; Drogerie zur Gnadenmutter - Mariazell","robots":{"index":"index","follow":"follow","max-snippet":"max-snippet:-1","max-image-preview":"max-image-preview:large","max-video-preview":"max-video-preview:-1"},"canonical":"https:\/\/www.zurgnadenmutter.com\/es\/produkt\/ateia-spf-30-sunprotect-repair\/","og_locale":"es_ES","og_type":"article","og_title":"Cuidado solar ATEIA SPF 30 Sunprotect + Repair - Apotheke &amp; Drogerie zur Gnadenmutter - Mariazell","og_description":"Alta protecci\u00f3n - Loci\u00f3n facial y corporal para pieles normales a sensibles","og_url":"https:\/\/www.zurgnadenmutter.com\/es\/produkt\/ateia-spf-30-sunprotect-repair\/","og_site_name":"Apotheke &amp; Drogerie zur Gnadenmutter - Mariazell","article_modified_time":"2023-01-10T11:03:51+00:00","og_image":[{"width":768,"height":1024,"url":"https:\/\/www.zurgnadenmutter.com\/wp-content\/uploads\/2016\/04\/Ateia-30-nebenan-768x1024.png","type":"image\/png"}],"twitter_card":"summary_large_image","twitter_misc":{"Tiempo de lectura":"1 minuto"},"schema":{"@context":"https:\/\/schema.org","@graph":[{"@type":"WebPage","@id":"https:\/\/www.zurgnadenmutter.com\/es\/produkt\/ateia-spf-30-sunprotect-repair\/","url":"https:\/\/www.zurgnadenmutter.com\/es\/produkt\/ateia-spf-30-sunprotect-repair\/","name":"Cuidado solar ATEIA SPF 30 Sunprotect + Repair - Apotheke &amp; Drogerie zur Gnadenmutter - Mariazell","isPartOf":{"@id":"https:\/\/www.zurgnadenmutter.com\/#website"},"primaryImageOfPage":{"@id":"https:\/\/www.zurgnadenmutter.com\/es\/produkt\/ateia-spf-30-sunprotect-repair\/#primaryimage"},"image":{"@id":"https:\/\/www.zurgnadenmutter.com\/es\/produkt\/ateia-spf-30-sunprotect-repair\/#primaryimage"},"thumbnailUrl":"https:\/\/www.zurgnadenmutter.com\/wp-content\/uploads\/2016\/04\/ateia-neu-nebenan-30-1.png","datePublished":"2016-04-04T20:31:31+00:00","dateModified":"2023-01-10T11:03:51+00:00","breadcrumb":{"@id":"https:\/\/www.zurgnadenmutter.com\/es\/produkt\/ateia-spf-30-sunprotect-repair\/#breadcrumb"},"inLanguage":"es","potentialAction":[{"@type":"ReadAction","target":["https:\/\/www.zurgnadenmutter.com\/es\/produkt\/ateia-spf-30-sunprotect-repair\/"]}]},{"@type":"ImageObject","inLanguage":"es","@id":"https:\/\/www.zurgnadenmutter.com\/es\/produkt\/ateia-spf-30-sunprotect-repair\/#primaryimage","url":"https:\/\/www.zurgnadenmutter.com\/wp-content\/uploads\/2016\/04\/ateia-neu-nebenan-30-1.png","contentUrl":"https:\/\/www.zurgnadenmutter.com\/wp-content\/uploads\/2016\/04\/ateia-neu-nebenan-30-1.png","width":2448,"height":3264},{"@type":"BreadcrumbList","@id":"https:\/\/www.zurgnadenmutter.com\/es\/produkt\/ateia-spf-30-sunprotect-repair\/#breadcrumb","itemListElement":[{"@type":"ListItem","position":1,"name":"Startseite","item":"https:\/\/www.zurgnadenmutter.com\/es\/"},{"@type":"ListItem","position":2,"name":"Tienda","item":"https:\/\/www.zurgnadenmutter.com\/es\/tienda\/"},{"@type":"ListItem","position":3,"name":"Cuidado solar ATEIA SPF 30 Sunprotect + Repair"}]},{"@type":"WebSite","@id":"https:\/\/www.zurgnadenmutter.com\/#website","url":"https:\/\/www.zurgnadenmutter.com\/","name":"Apotheke &amp; Drogerie zur Gnadenmutter - Mariazell","description":"Apotheke Mariazell","potentialAction":[{"@type":"SearchAction","target":{"@type":"EntryPoint","urlTemplate":"https:\/\/www.zurgnadenmutter.com\/?s={search_term_string}"},"query-input":{"@type":"PropertyValueSpecification","valueRequired":true,"valueName":"search_term_string"}}],"inLanguage":"es"}]}},"_links":{"self":[{"href":"https:\/\/www.zurgnadenmutter.com\/es\/wp-json\/wp\/v2\/product\/47339","targetHints":{"allow":["GET"]}}],"collection":[{"href":"https:\/\/www.zurgnadenmutter.com\/es\/wp-json\/wp\/v2\/product"}],"about":[{"href":"https:\/\/www.zurgnadenmutter.com\/es\/wp-json\/wp\/v2\/types\/product"}],"replies":[{"embeddable":true,"href":"https:\/\/www.zurgnadenmutter.com\/es\/wp-json\/wp\/v2\/comments?post=47339"}],"wp:featuredmedia":[{"embeddable":true,"href":"https:\/\/www.zurgnadenmutter.com\/es\/wp-json\/wp\/v2\/media\/75854"}],"wp:attachment":[{"href":"https:\/\/www.zurgnadenmutter.com\/es\/wp-json\/wp\/v2\/media?parent=47339"}],"wp:term":[{"taxonomy":"product_brand","embeddable":true,"href":"https:\/\/www.zurgnadenmutter.com\/es\/wp-json\/wp\/v2\/product_brand?post=47339"},{"taxonomy":"product_cat","embeddable":true,"href":"https:\/\/www.zurgnadenmutter.com\/es\/wp-json\/wp\/v2\/product_cat?post=47339"},{"taxonomy":"product_tag","embeddable":true,"href":"https:\/\/www.zurgnadenmutter.com\/es\/wp-json\/wp\/v2\/product_tag?post=47339"}],"curies":[{"name":"wp","href":"https:\/\/api.w.org\/{rel}","templated":true}]}}