{"id":47338,"date":"2016-04-04T22:27:45","date_gmt":"2016-04-04T20:27:45","guid":{"rendered":"https:\/\/www.zurgnadenmutter.com\/shop\/cuidado-solar-ateia-aftersun-sun-repair\/"},"modified":"2023-01-10T12:03:51","modified_gmt":"2023-01-10T11:03:51","slug":"ateia-aftersun-cuidado-solar-repair-2","status":"publish","type":"product","link":"https:\/\/www.zurgnadenmutter.com\/es\/produkt\/ateia-aftersun-cuidado-solar-repair-2\/","title":{"rendered":"Cuidado solar ATEIA AFTERSUN Sun + Repair"},"content":{"rendered":"<p>Cuida la piel estresada por el sol con ingredientes activos hidratantes en una f\u00f3rmula refrescante y no grasa.<\/p>\n<ul>\n<li>4\u00a0% Nopasome, enzimas de reparaci\u00f3n del ADN m\u00e1s cactus Nopal.<\/li>\n<li>Enzimas doblemente activas para la regeneraci\u00f3n de la piel<\/li>\n<li>Sin parabenos<\/li>\n<li>No grasa<\/li>\n<\/ul>\n<p><strong>Instrucciones de uso:<\/strong> Despu\u00e9s de tomar el sol, aplicar la emulsi\u00f3n generosamente sobre la piel limpia (despu\u00e9s de la ducha) en la cara y el cuerpo.<\/p>\n","protected":false},"excerpt":{"rendered":"<p>Emulsi\u00f3n para cuerpo y cara para pieles normales a sensibles<\/p>\n","protected":false},"featured_media":79133,"comment_status":"closed","ping_status":"closed","template":"","meta":{"_acf_changed":false},"product_brand":[],"product_cat":[456,408],"product_tag":[],"class_list":{"0":"post-47338","1":"product","2":"type-product","3":"status-publish","4":"has-post-thumbnail","6":"product_cat-ateia-es","7":"product_cat-cosmeticos","9":"first","10":"instock","11":"taxable","12":"shipping-taxable","13":"purchasable","14":"product-type-simple"},"acf":[],"yoast_head":"<!-- This site is optimized with the Yoast SEO plugin v27.2 - https:\/\/yoast.com\/product\/yoast-seo-wordpress\/ -->\n<title>Cuidado solar ATEIA AFTERSUN Sun + Repair - Apotheke &amp; Drogerie zur Gnadenmutter - Mariazell<\/title>\n<meta name=\"robots\" content=\"index, follow, max-snippet:-1, max-image-preview:large, max-video-preview:-1\" \/>\n<link rel=\"canonical\" href=\"https:\/\/www.zurgnadenmutter.com\/es\/produkt\/ateia-aftersun-cuidado-solar-repair-2\/\" \/>\n<meta property=\"og:locale\" content=\"es_ES\" \/>\n<meta property=\"og:type\" content=\"article\" \/>\n<meta property=\"og:title\" content=\"Cuidado solar ATEIA AFTERSUN Sun + Repair - Apotheke &amp; Drogerie zur Gnadenmutter - Mariazell\" \/>\n<meta property=\"og:description\" content=\"Emulsi\u00f3n para cuerpo y cara para pieles normales a sensibles\" \/>\n<meta property=\"og:url\" content=\"https:\/\/www.zurgnadenmutter.com\/es\/produkt\/ateia-aftersun-cuidado-solar-repair-2\/\" \/>\n<meta property=\"og:site_name\" content=\"Apotheke &amp; Drogerie zur Gnadenmutter - Mariazell\" \/>\n<meta property=\"article:modified_time\" content=\"2023-01-10T11:03:51+00:00\" \/>\n<meta property=\"og:image\" content=\"https:\/\/www.zurgnadenmutter.com\/wp-content\/uploads\/2016\/04\/Ateia-After-Sun.png\" \/>\n\t<meta property=\"og:image:width\" content=\"2448\" \/>\n\t<meta property=\"og:image:height\" content=\"1890\" \/>\n\t<meta property=\"og:image:type\" content=\"image\/png\" \/>\n<meta name=\"twitter:card\" content=\"summary_large_image\" \/>\n<script type=\"application\/ld+json\" class=\"yoast-schema-graph\">{\"@context\":\"https:\/\/schema.org\",\"@graph\":[{\"@type\":\"WebPage\",\"@id\":\"https:\/\/www.zurgnadenmutter.com\/es\/produkt\/ateia-aftersun-cuidado-solar-repair-2\/\",\"url\":\"https:\/\/www.zurgnadenmutter.com\/es\/produkt\/ateia-aftersun-cuidado-solar-repair-2\/\",\"name\":\"Cuidado solar ATEIA AFTERSUN Sun + Repair - Apotheke &amp; Drogerie zur Gnadenmutter - Mariazell\",\"isPartOf\":{\"@id\":\"https:\/\/www.zurgnadenmutter.com\/#website\"},\"primaryImageOfPage\":{\"@id\":\"https:\/\/www.zurgnadenmutter.com\/es\/produkt\/ateia-aftersun-cuidado-solar-repair-2\/#primaryimage\"},\"image\":{\"@id\":\"https:\/\/www.zurgnadenmutter.com\/es\/produkt\/ateia-aftersun-cuidado-solar-repair-2\/#primaryimage\"},\"thumbnailUrl\":\"https:\/\/www.zurgnadenmutter.com\/wp-content\/uploads\/2016\/04\/Ateia-Aftersun_2025-scaled.jpg\",\"datePublished\":\"2016-04-04T20:27:45+00:00\",\"dateModified\":\"2023-01-10T11:03:51+00:00\",\"breadcrumb\":{\"@id\":\"https:\/\/www.zurgnadenmutter.com\/es\/produkt\/ateia-aftersun-cuidado-solar-repair-2\/#breadcrumb\"},\"inLanguage\":\"es\",\"potentialAction\":[{\"@type\":\"ReadAction\",\"target\":[\"https:\/\/www.zurgnadenmutter.com\/es\/produkt\/ateia-aftersun-cuidado-solar-repair-2\/\"]}]},{\"@type\":\"ImageObject\",\"inLanguage\":\"es\",\"@id\":\"https:\/\/www.zurgnadenmutter.com\/es\/produkt\/ateia-aftersun-cuidado-solar-repair-2\/#primaryimage\",\"url\":\"https:\/\/www.zurgnadenmutter.com\/wp-content\/uploads\/2016\/04\/Ateia-Aftersun_2025-scaled.jpg\",\"contentUrl\":\"https:\/\/www.zurgnadenmutter.com\/wp-content\/uploads\/2016\/04\/Ateia-Aftersun_2025-scaled.jpg\",\"width\":1920,\"height\":2560},{\"@type\":\"BreadcrumbList\",\"@id\":\"https:\/\/www.zurgnadenmutter.com\/es\/produkt\/ateia-aftersun-cuidado-solar-repair-2\/#breadcrumb\",\"itemListElement\":[{\"@type\":\"ListItem\",\"position\":1,\"name\":\"Startseite\",\"item\":\"https:\/\/www.zurgnadenmutter.com\/es\/\"},{\"@type\":\"ListItem\",\"position\":2,\"name\":\"Tienda\",\"item\":\"https:\/\/www.zurgnadenmutter.com\/es\/tienda\/\"},{\"@type\":\"ListItem\",\"position\":3,\"name\":\"Cuidado solar ATEIA AFTERSUN Sun + Repair\"}]},{\"@type\":\"WebSite\",\"@id\":\"https:\/\/www.zurgnadenmutter.com\/#website\",\"url\":\"https:\/\/www.zurgnadenmutter.com\/\",\"name\":\"Apotheke &amp; Drogerie zur Gnadenmutter - Mariazell\",\"description\":\"Apotheke Mariazell\",\"potentialAction\":[{\"@type\":\"SearchAction\",\"target\":{\"@type\":\"EntryPoint\",\"urlTemplate\":\"https:\/\/www.zurgnadenmutter.com\/?s={search_term_string}\"},\"query-input\":{\"@type\":\"PropertyValueSpecification\",\"valueRequired\":true,\"valueName\":\"search_term_string\"}}],\"inLanguage\":\"es\"}]}<\/script>\n<!-- \/ Yoast SEO plugin. -->","yoast_head_json":{"title":"Cuidado solar ATEIA AFTERSUN Sun + Repair - Apotheke &amp; Drogerie zur Gnadenmutter - Mariazell","robots":{"index":"index","follow":"follow","max-snippet":"max-snippet:-1","max-image-preview":"max-image-preview:large","max-video-preview":"max-video-preview:-1"},"canonical":"https:\/\/www.zurgnadenmutter.com\/es\/produkt\/ateia-aftersun-cuidado-solar-repair-2\/","og_locale":"es_ES","og_type":"article","og_title":"Cuidado solar ATEIA AFTERSUN Sun + Repair - Apotheke &amp; Drogerie zur Gnadenmutter - Mariazell","og_description":"Emulsi\u00f3n para cuerpo y cara para pieles normales a sensibles","og_url":"https:\/\/www.zurgnadenmutter.com\/es\/produkt\/ateia-aftersun-cuidado-solar-repair-2\/","og_site_name":"Apotheke &amp; Drogerie zur Gnadenmutter - Mariazell","article_modified_time":"2023-01-10T11:03:51+00:00","og_image":[{"width":2448,"height":1890,"url":"https:\/\/www.zurgnadenmutter.com\/wp-content\/uploads\/2016\/04\/Ateia-After-Sun.png","type":"image\/png"}],"twitter_card":"summary_large_image","schema":{"@context":"https:\/\/schema.org","@graph":[{"@type":"WebPage","@id":"https:\/\/www.zurgnadenmutter.com\/es\/produkt\/ateia-aftersun-cuidado-solar-repair-2\/","url":"https:\/\/www.zurgnadenmutter.com\/es\/produkt\/ateia-aftersun-cuidado-solar-repair-2\/","name":"Cuidado solar ATEIA AFTERSUN Sun + Repair - Apotheke &amp; Drogerie zur Gnadenmutter - Mariazell","isPartOf":{"@id":"https:\/\/www.zurgnadenmutter.com\/#website"},"primaryImageOfPage":{"@id":"https:\/\/www.zurgnadenmutter.com\/es\/produkt\/ateia-aftersun-cuidado-solar-repair-2\/#primaryimage"},"image":{"@id":"https:\/\/www.zurgnadenmutter.com\/es\/produkt\/ateia-aftersun-cuidado-solar-repair-2\/#primaryimage"},"thumbnailUrl":"https:\/\/www.zurgnadenmutter.com\/wp-content\/uploads\/2016\/04\/Ateia-Aftersun_2025-scaled.jpg","datePublished":"2016-04-04T20:27:45+00:00","dateModified":"2023-01-10T11:03:51+00:00","breadcrumb":{"@id":"https:\/\/www.zurgnadenmutter.com\/es\/produkt\/ateia-aftersun-cuidado-solar-repair-2\/#breadcrumb"},"inLanguage":"es","potentialAction":[{"@type":"ReadAction","target":["https:\/\/www.zurgnadenmutter.com\/es\/produkt\/ateia-aftersun-cuidado-solar-repair-2\/"]}]},{"@type":"ImageObject","inLanguage":"es","@id":"https:\/\/www.zurgnadenmutter.com\/es\/produkt\/ateia-aftersun-cuidado-solar-repair-2\/#primaryimage","url":"https:\/\/www.zurgnadenmutter.com\/wp-content\/uploads\/2016\/04\/Ateia-Aftersun_2025-scaled.jpg","contentUrl":"https:\/\/www.zurgnadenmutter.com\/wp-content\/uploads\/2016\/04\/Ateia-Aftersun_2025-scaled.jpg","width":1920,"height":2560},{"@type":"BreadcrumbList","@id":"https:\/\/www.zurgnadenmutter.com\/es\/produkt\/ateia-aftersun-cuidado-solar-repair-2\/#breadcrumb","itemListElement":[{"@type":"ListItem","position":1,"name":"Startseite","item":"https:\/\/www.zurgnadenmutter.com\/es\/"},{"@type":"ListItem","position":2,"name":"Tienda","item":"https:\/\/www.zurgnadenmutter.com\/es\/tienda\/"},{"@type":"ListItem","position":3,"name":"Cuidado solar ATEIA AFTERSUN Sun + Repair"}]},{"@type":"WebSite","@id":"https:\/\/www.zurgnadenmutter.com\/#website","url":"https:\/\/www.zurgnadenmutter.com\/","name":"Apotheke &amp; Drogerie zur Gnadenmutter - Mariazell","description":"Apotheke Mariazell","potentialAction":[{"@type":"SearchAction","target":{"@type":"EntryPoint","urlTemplate":"https:\/\/www.zurgnadenmutter.com\/?s={search_term_string}"},"query-input":{"@type":"PropertyValueSpecification","valueRequired":true,"valueName":"search_term_string"}}],"inLanguage":"es"}]}},"_links":{"self":[{"href":"https:\/\/www.zurgnadenmutter.com\/es\/wp-json\/wp\/v2\/product\/47338","targetHints":{"allow":["GET"]}}],"collection":[{"href":"https:\/\/www.zurgnadenmutter.com\/es\/wp-json\/wp\/v2\/product"}],"about":[{"href":"https:\/\/www.zurgnadenmutter.com\/es\/wp-json\/wp\/v2\/types\/product"}],"replies":[{"embeddable":true,"href":"https:\/\/www.zurgnadenmutter.com\/es\/wp-json\/wp\/v2\/comments?post=47338"}],"wp:featuredmedia":[{"embeddable":true,"href":"https:\/\/www.zurgnadenmutter.com\/es\/wp-json\/wp\/v2\/media\/79133"}],"wp:attachment":[{"href":"https:\/\/www.zurgnadenmutter.com\/es\/wp-json\/wp\/v2\/media?parent=47338"}],"wp:term":[{"taxonomy":"product_brand","embeddable":true,"href":"https:\/\/www.zurgnadenmutter.com\/es\/wp-json\/wp\/v2\/product_brand?post=47338"},{"taxonomy":"product_cat","embeddable":true,"href":"https:\/\/www.zurgnadenmutter.com\/es\/wp-json\/wp\/v2\/product_cat?post=47338"},{"taxonomy":"product_tag","embeddable":true,"href":"https:\/\/www.zurgnadenmutter.com\/es\/wp-json\/wp\/v2\/product_tag?post=47338"}],"curies":[{"name":"wp","href":"https:\/\/api.w.org\/{rel}","templated":true}]}}