{"id":47284,"date":"2016-04-03T03:36:23","date_gmt":"2016-04-03T01:36:23","guid":{"rendered":"https:\/\/www.zurgnadenmutter.com\/shop\/balsamo-de-angelica-mariazell\/"},"modified":"2023-01-10T12:03:44","modified_gmt":"2023-01-10T11:03:44","slug":"balsamo-angelica-mariazell","status":"publish","type":"product","link":"https:\/\/www.zurgnadenmutter.com\/es\/produkt\/balsamo-angelica-mariazell\/","title":{"rendered":"B\u00e1lsamo de ang\u00e9lica Mariazell"},"content":{"rendered":"<p>La receta del b\u00e1lsamo de ang\u00e9lica ha sido probado su eficacia muchas veces. Los aceites esenciales que contiene despejan las fosas nasales. Las membranas mucosas nasales no se irritan, ya que el b\u00e1lsamo de ang\u00e9lica se masajea en la frente, el puente de la nariz y alrededor de la nariz.<\/p>\n","protected":false},"excerpt":{"rendered":"<p>Los aceites esenciales que contiene despejan las fosas nasales<\/p>\n","protected":false},"featured_media":77795,"comment_status":"closed","ping_status":"closed","template":"","meta":{"_acf_changed":false},"product_brand":[],"product_cat":[412],"product_tag":[],"class_list":{"0":"post-47284","1":"product","2":"type-product","3":"status-publish","4":"has-post-thumbnail","6":"product_cat-cremas-pomadas-friegas","8":"first","9":"instock","10":"taxable","11":"shipping-taxable","12":"purchasable","13":"product-type-simple"},"acf":[],"yoast_head":"<!-- This site is optimized with the Yoast SEO plugin v27.2 - https:\/\/yoast.com\/product\/yoast-seo-wordpress\/ -->\n<title>B\u00e1lsamo de ang\u00e9lica Mariazell - Apotheke &amp; Drogerie zur Gnadenmutter - Mariazell<\/title>\n<meta name=\"robots\" content=\"index, follow, max-snippet:-1, max-image-preview:large, max-video-preview:-1\" \/>\n<link rel=\"canonical\" href=\"https:\/\/www.zurgnadenmutter.com\/es\/produkt\/balsamo-angelica-mariazell\/\" \/>\n<meta property=\"og:locale\" content=\"es_ES\" \/>\n<meta property=\"og:type\" content=\"article\" \/>\n<meta property=\"og:title\" content=\"B\u00e1lsamo de ang\u00e9lica Mariazell - Apotheke &amp; Drogerie zur Gnadenmutter - Mariazell\" \/>\n<meta property=\"og:description\" content=\"Los aceites esenciales que contiene despejan las fosas nasales\" \/>\n<meta property=\"og:url\" content=\"https:\/\/www.zurgnadenmutter.com\/es\/produkt\/balsamo-angelica-mariazell\/\" \/>\n<meta property=\"og:site_name\" content=\"Apotheke &amp; Drogerie zur Gnadenmutter - Mariazell\" \/>\n<meta property=\"article:modified_time\" content=\"2023-01-10T11:03:44+00:00\" \/>\n<meta property=\"og:image\" content=\"https:\/\/www.zurgnadenmutter.com\/wp-content\/uploads\/2016\/04\/Engelw_2025-scaled.jpg\" \/>\n\t<meta property=\"og:image:width\" content=\"1920\" \/>\n\t<meta property=\"og:image:height\" content=\"2560\" \/>\n\t<meta property=\"og:image:type\" content=\"image\/jpeg\" \/>\n<meta name=\"twitter:card\" content=\"summary_large_image\" \/>\n<script type=\"application\/ld+json\" class=\"yoast-schema-graph\">{\"@context\":\"https:\/\/schema.org\",\"@graph\":[{\"@type\":\"WebPage\",\"@id\":\"https:\/\/www.zurgnadenmutter.com\/es\/produkt\/balsamo-angelica-mariazell\/\",\"url\":\"https:\/\/www.zurgnadenmutter.com\/es\/produkt\/balsamo-angelica-mariazell\/\",\"name\":\"B\u00e1lsamo de ang\u00e9lica Mariazell - Apotheke &amp; Drogerie zur Gnadenmutter - Mariazell\",\"isPartOf\":{\"@id\":\"https:\/\/www.zurgnadenmutter.com\/#website\"},\"primaryImageOfPage\":{\"@id\":\"https:\/\/www.zurgnadenmutter.com\/es\/produkt\/balsamo-angelica-mariazell\/#primaryimage\"},\"image\":{\"@id\":\"https:\/\/www.zurgnadenmutter.com\/es\/produkt\/balsamo-angelica-mariazell\/#primaryimage\"},\"thumbnailUrl\":\"https:\/\/www.zurgnadenmutter.com\/wp-content\/uploads\/2016\/04\/Engelw_2025-scaled.jpg\",\"datePublished\":\"2016-04-03T01:36:23+00:00\",\"dateModified\":\"2023-01-10T11:03:44+00:00\",\"breadcrumb\":{\"@id\":\"https:\/\/www.zurgnadenmutter.com\/es\/produkt\/balsamo-angelica-mariazell\/#breadcrumb\"},\"inLanguage\":\"es\",\"potentialAction\":[{\"@type\":\"ReadAction\",\"target\":[\"https:\/\/www.zurgnadenmutter.com\/es\/produkt\/balsamo-angelica-mariazell\/\"]}]},{\"@type\":\"ImageObject\",\"inLanguage\":\"es\",\"@id\":\"https:\/\/www.zurgnadenmutter.com\/es\/produkt\/balsamo-angelica-mariazell\/#primaryimage\",\"url\":\"https:\/\/www.zurgnadenmutter.com\/wp-content\/uploads\/2016\/04\/Engelw_2025-scaled.jpg\",\"contentUrl\":\"https:\/\/www.zurgnadenmutter.com\/wp-content\/uploads\/2016\/04\/Engelw_2025-scaled.jpg\",\"width\":1920,\"height\":2560},{\"@type\":\"BreadcrumbList\",\"@id\":\"https:\/\/www.zurgnadenmutter.com\/es\/produkt\/balsamo-angelica-mariazell\/#breadcrumb\",\"itemListElement\":[{\"@type\":\"ListItem\",\"position\":1,\"name\":\"Startseite\",\"item\":\"https:\/\/www.zurgnadenmutter.com\/es\/\"},{\"@type\":\"ListItem\",\"position\":2,\"name\":\"Tienda\",\"item\":\"https:\/\/www.zurgnadenmutter.com\/es\/tienda\/\"},{\"@type\":\"ListItem\",\"position\":3,\"name\":\"B\u00e1lsamo de ang\u00e9lica Mariazell\"}]},{\"@type\":\"WebSite\",\"@id\":\"https:\/\/www.zurgnadenmutter.com\/#website\",\"url\":\"https:\/\/www.zurgnadenmutter.com\/\",\"name\":\"Apotheke &amp; Drogerie zur Gnadenmutter - Mariazell\",\"description\":\"Apotheke Mariazell\",\"potentialAction\":[{\"@type\":\"SearchAction\",\"target\":{\"@type\":\"EntryPoint\",\"urlTemplate\":\"https:\/\/www.zurgnadenmutter.com\/?s={search_term_string}\"},\"query-input\":{\"@type\":\"PropertyValueSpecification\",\"valueRequired\":true,\"valueName\":\"search_term_string\"}}],\"inLanguage\":\"es\"}]}<\/script>\n<!-- \/ Yoast SEO plugin. -->","yoast_head_json":{"title":"B\u00e1lsamo de ang\u00e9lica Mariazell - Apotheke &amp; Drogerie zur Gnadenmutter - Mariazell","robots":{"index":"index","follow":"follow","max-snippet":"max-snippet:-1","max-image-preview":"max-image-preview:large","max-video-preview":"max-video-preview:-1"},"canonical":"https:\/\/www.zurgnadenmutter.com\/es\/produkt\/balsamo-angelica-mariazell\/","og_locale":"es_ES","og_type":"article","og_title":"B\u00e1lsamo de ang\u00e9lica Mariazell - Apotheke &amp; Drogerie zur Gnadenmutter - Mariazell","og_description":"Los aceites esenciales que contiene despejan las fosas nasales","og_url":"https:\/\/www.zurgnadenmutter.com\/es\/produkt\/balsamo-angelica-mariazell\/","og_site_name":"Apotheke &amp; Drogerie zur Gnadenmutter - Mariazell","article_modified_time":"2023-01-10T11:03:44+00:00","og_image":[{"width":1920,"height":2560,"url":"https:\/\/www.zurgnadenmutter.com\/wp-content\/uploads\/2016\/04\/Engelw_2025-scaled.jpg","type":"image\/jpeg"}],"twitter_card":"summary_large_image","schema":{"@context":"https:\/\/schema.org","@graph":[{"@type":"WebPage","@id":"https:\/\/www.zurgnadenmutter.com\/es\/produkt\/balsamo-angelica-mariazell\/","url":"https:\/\/www.zurgnadenmutter.com\/es\/produkt\/balsamo-angelica-mariazell\/","name":"B\u00e1lsamo de ang\u00e9lica Mariazell - Apotheke &amp; Drogerie zur Gnadenmutter - Mariazell","isPartOf":{"@id":"https:\/\/www.zurgnadenmutter.com\/#website"},"primaryImageOfPage":{"@id":"https:\/\/www.zurgnadenmutter.com\/es\/produkt\/balsamo-angelica-mariazell\/#primaryimage"},"image":{"@id":"https:\/\/www.zurgnadenmutter.com\/es\/produkt\/balsamo-angelica-mariazell\/#primaryimage"},"thumbnailUrl":"https:\/\/www.zurgnadenmutter.com\/wp-content\/uploads\/2016\/04\/Engelw_2025-scaled.jpg","datePublished":"2016-04-03T01:36:23+00:00","dateModified":"2023-01-10T11:03:44+00:00","breadcrumb":{"@id":"https:\/\/www.zurgnadenmutter.com\/es\/produkt\/balsamo-angelica-mariazell\/#breadcrumb"},"inLanguage":"es","potentialAction":[{"@type":"ReadAction","target":["https:\/\/www.zurgnadenmutter.com\/es\/produkt\/balsamo-angelica-mariazell\/"]}]},{"@type":"ImageObject","inLanguage":"es","@id":"https:\/\/www.zurgnadenmutter.com\/es\/produkt\/balsamo-angelica-mariazell\/#primaryimage","url":"https:\/\/www.zurgnadenmutter.com\/wp-content\/uploads\/2016\/04\/Engelw_2025-scaled.jpg","contentUrl":"https:\/\/www.zurgnadenmutter.com\/wp-content\/uploads\/2016\/04\/Engelw_2025-scaled.jpg","width":1920,"height":2560},{"@type":"BreadcrumbList","@id":"https:\/\/www.zurgnadenmutter.com\/es\/produkt\/balsamo-angelica-mariazell\/#breadcrumb","itemListElement":[{"@type":"ListItem","position":1,"name":"Startseite","item":"https:\/\/www.zurgnadenmutter.com\/es\/"},{"@type":"ListItem","position":2,"name":"Tienda","item":"https:\/\/www.zurgnadenmutter.com\/es\/tienda\/"},{"@type":"ListItem","position":3,"name":"B\u00e1lsamo de ang\u00e9lica Mariazell"}]},{"@type":"WebSite","@id":"https:\/\/www.zurgnadenmutter.com\/#website","url":"https:\/\/www.zurgnadenmutter.com\/","name":"Apotheke &amp; Drogerie zur Gnadenmutter - Mariazell","description":"Apotheke Mariazell","potentialAction":[{"@type":"SearchAction","target":{"@type":"EntryPoint","urlTemplate":"https:\/\/www.zurgnadenmutter.com\/?s={search_term_string}"},"query-input":{"@type":"PropertyValueSpecification","valueRequired":true,"valueName":"search_term_string"}}],"inLanguage":"es"}]}},"_links":{"self":[{"href":"https:\/\/www.zurgnadenmutter.com\/es\/wp-json\/wp\/v2\/product\/47284","targetHints":{"allow":["GET"]}}],"collection":[{"href":"https:\/\/www.zurgnadenmutter.com\/es\/wp-json\/wp\/v2\/product"}],"about":[{"href":"https:\/\/www.zurgnadenmutter.com\/es\/wp-json\/wp\/v2\/types\/product"}],"replies":[{"embeddable":true,"href":"https:\/\/www.zurgnadenmutter.com\/es\/wp-json\/wp\/v2\/comments?post=47284"}],"wp:featuredmedia":[{"embeddable":true,"href":"https:\/\/www.zurgnadenmutter.com\/es\/wp-json\/wp\/v2\/media\/77795"}],"wp:attachment":[{"href":"https:\/\/www.zurgnadenmutter.com\/es\/wp-json\/wp\/v2\/media?parent=47284"}],"wp:term":[{"taxonomy":"product_brand","embeddable":true,"href":"https:\/\/www.zurgnadenmutter.com\/es\/wp-json\/wp\/v2\/product_brand?post=47284"},{"taxonomy":"product_cat","embeddable":true,"href":"https:\/\/www.zurgnadenmutter.com\/es\/wp-json\/wp\/v2\/product_cat?post=47284"},{"taxonomy":"product_tag","embeddable":true,"href":"https:\/\/www.zurgnadenmutter.com\/es\/wp-json\/wp\/v2\/product_tag?post=47284"}],"curies":[{"name":"wp","href":"https:\/\/api.w.org\/{rel}","templated":true}]}}