{"id":47653,"date":"2023-01-10T13:20:08","date_gmt":"2023-01-10T12:20:08","guid":{"rendered":"https:\/\/www.zurgnadenmutter.com\/?page_id=47653"},"modified":"2023-01-10T13:22:57","modified_gmt":"2023-01-10T12:22:57","slug":"medicina-tradicional-europea","status":"publish","type":"page","link":"https:\/\/www.zurgnadenmutter.com\/es\/medicina-tradicional-europea\/","title":{"rendered":"Medicina tradicional europea"},"content":{"rendered":"[spb_blank_spacer height=\u00bb1px\u00bb width=\u00bb1\/6&#8243; el_position=\u00bbfirst\u00bb] [spb_text_block animation=\u00bbnone\u00bb animation_delay=\u00bb0&#8243; padding_vertical=\u00bb0&#8243; padding_horizontal=\u00bb0&#8243; width=\u00bb2\/3&#8243;]\n<h2 style=\"text-align: center;\">La MTE como sistema de curaci\u00f3n hol\u00edstico es un complemento ideal a la medicina moderna actual.<\/h2>\n<p>La Medicina Tradicional Europea (MTE) es un sistema hol\u00edstico de medicina que engloba todos los sistemas de curaci\u00f3n, m\u00e9todos curativos, remedios, m\u00e9todos de producci\u00f3n y formas de aplicaci\u00f3n en el diagn\u00f3stico y la terapia que se han utilizado tradicionalmente en Europa. La MTE se practica desde hace miles de a\u00f1os en el continente europeo ya que las enfermedades y las lesiones siempre han existido. Los remedios para ello se buscaban y encontraban en la naturaleza, especialmente en las plantas medicinales. Sin embargo, antes la medicina sol\u00eda ser m\u00e1s bien una medicina preventiva, destinada a evitar la enfermedad. Esto se debe a que, en las condiciones de vida de la \u00e9poca, la curaci\u00f3n no siempre era f\u00e1cil.<\/p>\n<p>En la historia de la MTE siempre han existido dos sistemas de curaci\u00f3n paralelos: la medicina popular y la medicina erudita.<br \/>\nEn la medicina popular, muchos conocimientos estaban en manos de las mujeres, que siempre los transmit\u00edan oralmente. Conoc\u00edan los lugares donde se pod\u00edan encontrar plantas medicinales y sab\u00edan sobre su modo de acci\u00f3n, preparaci\u00f3n, dosificaci\u00f3n y aplicaci\u00f3n.<br \/>\nLos conocimientos de la medicina erudita est\u00e1n bien documentados y conservados. Sus representantes eran en su mayor\u00eda hombres que ten\u00edan acceso a escuelas, universidades o monasterios. Ten\u00edan un acceso m\u00e1s f\u00e1cil al conocimiento. Algunos representantes conocidos son Hermes Trismegistos, Plat\u00f3n, Arist\u00f3teles, Diosc\u00f3rides, Galeno, Avicena y conocidos representantes de la medicina mon\u00e1stica como Hildegard von Bingen, Kneipp, Weidinger etc. Una excepci\u00f3n entre los eruditos fue Hildegard von Bingen, que en aquella \u00e9poca combin\u00f3 los conocimientos de la medicina popular con los de la medicina acad\u00e9mica y los document\u00f3.<\/p>\n<h5>Aplicaci\u00f3n hoy<\/h5>\n<p>En los \u00faltimos siglos se han perdido muchos conocimientos, pero hoy est\u00e1n volviendo a ser conocidos por la gente. Las bibliotecas de los monasterios representan un verdadero tesoro de conocimientos. Han ayudado a que el conocimiento sobreviva. El inter\u00e9s por el sistema m\u00e9dico local y sus m\u00e9todos de curaci\u00f3n y remedios est\u00e1 en aumento constante.<br \/>\nYa que la MTE como sistema de curaci\u00f3n hol\u00edstico es un complemento ideal a la medicina moderna actual.<\/p>\n<p>Por ejemplo, en el caso de enfermedades cr\u00f3nicas, la dosis de la medicaci\u00f3n permanente puede reducirse bajo supervisi\u00f3n m\u00e9dica mediante la aplicaci\u00f3n suplementaria de los remedios de la MTE, de modo que los \u00f3rganos importantes para su eliminaci\u00f3n (h\u00edgado, ri\u00f1\u00f3n, linfa, pulmones o piel) puedan realizar sus funciones mejor. Todo ello fortalece la constituci\u00f3n general del ser humano. Durante la convalecencia tras una enfermedad o una operaci\u00f3n, los poderes de autocuraci\u00f3n y el sistema inmunitario se refuerzan con los m\u00e9todos de la MTE, acelerando la curaci\u00f3n. Los remedios de hierbas tambi\u00e9n favorece la constituci\u00f3n de los ni\u00f1os. El organismo se fortalece y se vuelve menos susceptible a las enfermedades.<\/p>\n<p>En la farmacia y droguer\u00eda Zur Gnadenmutter, estos conocimientos han sobrevivido a lo largo de los siglos y a\u00fan hoy se ponen en pr\u00e1ctica para aconsejar a las personas y elaborar remedios.<\/p>\n<p>&nbsp;<\/p>\n[\/spb_text_block] [spb_blank_spacer height=\u00bb1px\u00bb width=\u00bb1\/6&#8243; el_position=\u00bblast\u00bb] [spb_section spb_section_id=\u00bb956&#8243; width=\u00bb1\/1&#8243; el_position=\u00bbfirst last\u00bb]\n","protected":false},"excerpt":{"rendered":"<p>[spb_blank_spacer height=\u00bb1px\u00bb width=\u00bb1\/6&#8243; el_position=\u00bbfirst\u00bb] [spb_text_block animation=\u00bbnone\u00bb animation_delay=\u00bb0&#8243; padding_vertical=\u00bb0&#8243; padding_horizontal=\u00bb0&#8243; width=\u00bb2\/3&#8243;] La MTE como sistema de curaci\u00f3n hol\u00edstico es un complemento ideal a la medicina moderna actual. La Medicina Tradicional Europea&#8230;<\/p>\n","protected":false},"author":1,"featured_media":0,"parent":0,"menu_order":0,"comment_status":"closed","ping_status":"closed","template":"","meta":{"_acf_changed":false,"footnotes":""},"class_list":["post-47653","page","type-page","status-publish"],"acf":[],"yoast_head":"<!-- This site is optimized with the Yoast SEO plugin v27.2 - https:\/\/yoast.com\/product\/yoast-seo-wordpress\/ -->\n<title>Medicina tradicional europea - Apotheke &amp; Drogerie zur Gnadenmutter - Mariazell<\/title>\n<meta name=\"robots\" content=\"index, follow, max-snippet:-1, max-image-preview:large, max-video-preview:-1\" \/>\n<link rel=\"canonical\" href=\"https:\/\/www.zurgnadenmutter.com\/angebote\/traditionelle-europaeische-medizin\/\" \/>\n<meta property=\"og:locale\" content=\"es_ES\" \/>\n<meta property=\"og:type\" content=\"article\" \/>\n<meta property=\"og:title\" content=\"Medicina tradicional europea - Apotheke &amp; Drogerie zur Gnadenmutter - Mariazell\" \/>\n<meta property=\"og:description\" content=\"[spb_blank_spacer height=\u00bb1px\u00bb width=\u00bb1\/6&#8243; el_position=\u00bbfirst\u00bb] [spb_text_block animation=\u00bbnone\u00bb animation_delay=\u00bb0&#8243; padding_vertical=\u00bb0&#8243; padding_horizontal=\u00bb0&#8243; width=\u00bb2\/3&#8243;] La MTE como sistema de curaci\u00f3n hol\u00edstico es un complemento ideal a la medicina moderna actual. La Medicina Tradicional Europea...\" \/>\n<meta property=\"og:url\" content=\"https:\/\/www.zurgnadenmutter.com\/angebote\/traditionelle-europaeische-medizin\/\" \/>\n<meta property=\"og:site_name\" content=\"Apotheke &amp; Drogerie zur Gnadenmutter - Mariazell\" \/>\n<meta property=\"article:modified_time\" content=\"2023-01-10T12:22:57+00:00\" \/>\n<meta name=\"twitter:card\" content=\"summary_large_image\" \/>\n<meta name=\"twitter:label1\" content=\"Tiempo de lectura\" \/>\n\t<meta name=\"twitter:data1\" content=\"3 minutos\" \/>\n<script type=\"application\/ld+json\" class=\"yoast-schema-graph\">{\"@context\":\"https:\/\/schema.org\",\"@graph\":[{\"@type\":\"WebPage\",\"@id\":\"https:\/\/www.zurgnadenmutter.com\/angebote\/traditionelle-europaeische-medizin\/\",\"url\":\"https:\/\/www.zurgnadenmutter.com\/angebote\/traditionelle-europaeische-medizin\/\",\"name\":\"Medicina tradicional europea - Apotheke &amp; Drogerie zur Gnadenmutter - Mariazell\",\"isPartOf\":{\"@id\":\"https:\/\/www.zurgnadenmutter.com\/#website\"},\"datePublished\":\"2023-01-10T12:20:08+00:00\",\"dateModified\":\"2023-01-10T12:22:57+00:00\",\"breadcrumb\":{\"@id\":\"https:\/\/www.zurgnadenmutter.com\/angebote\/traditionelle-europaeische-medizin\/#breadcrumb\"},\"inLanguage\":\"es\",\"potentialAction\":[{\"@type\":\"ReadAction\",\"target\":[\"https:\/\/www.zurgnadenmutter.com\/angebote\/traditionelle-europaeische-medizin\/\"]}]},{\"@type\":\"BreadcrumbList\",\"@id\":\"https:\/\/www.zurgnadenmutter.com\/angebote\/traditionelle-europaeische-medizin\/#breadcrumb\",\"itemListElement\":[{\"@type\":\"ListItem\",\"position\":1,\"name\":\"Startseite\",\"item\":\"https:\/\/www.zurgnadenmutter.com\/es\/\"},{\"@type\":\"ListItem\",\"position\":2,\"name\":\"Medicina tradicional europea\"}]},{\"@type\":\"WebSite\",\"@id\":\"https:\/\/www.zurgnadenmutter.com\/#website\",\"url\":\"https:\/\/www.zurgnadenmutter.com\/\",\"name\":\"Apotheke &amp; Drogerie zur Gnadenmutter - Mariazell\",\"description\":\"Apotheke Mariazell\",\"potentialAction\":[{\"@type\":\"SearchAction\",\"target\":{\"@type\":\"EntryPoint\",\"urlTemplate\":\"https:\/\/www.zurgnadenmutter.com\/?s={search_term_string}\"},\"query-input\":{\"@type\":\"PropertyValueSpecification\",\"valueRequired\":true,\"valueName\":\"search_term_string\"}}],\"inLanguage\":\"es\"}]}<\/script>\n<!-- \/ Yoast SEO plugin. -->","yoast_head_json":{"title":"Medicina tradicional europea - Apotheke &amp; Drogerie zur Gnadenmutter - Mariazell","robots":{"index":"index","follow":"follow","max-snippet":"max-snippet:-1","max-image-preview":"max-image-preview:large","max-video-preview":"max-video-preview:-1"},"canonical":"https:\/\/www.zurgnadenmutter.com\/angebote\/traditionelle-europaeische-medizin\/","og_locale":"es_ES","og_type":"article","og_title":"Medicina tradicional europea - Apotheke &amp; Drogerie zur Gnadenmutter - Mariazell","og_description":"[spb_blank_spacer height=\u00bb1px\u00bb width=\u00bb1\/6&#8243; el_position=\u00bbfirst\u00bb] [spb_text_block animation=\u00bbnone\u00bb animation_delay=\u00bb0&#8243; padding_vertical=\u00bb0&#8243; padding_horizontal=\u00bb0&#8243; width=\u00bb2\/3&#8243;] La MTE como sistema de curaci\u00f3n hol\u00edstico es un complemento ideal a la medicina moderna actual. La Medicina Tradicional Europea...","og_url":"https:\/\/www.zurgnadenmutter.com\/angebote\/traditionelle-europaeische-medizin\/","og_site_name":"Apotheke &amp; Drogerie zur Gnadenmutter - Mariazell","article_modified_time":"2023-01-10T12:22:57+00:00","twitter_card":"summary_large_image","twitter_misc":{"Tiempo de lectura":"3 minutos"},"schema":{"@context":"https:\/\/schema.org","@graph":[{"@type":"WebPage","@id":"https:\/\/www.zurgnadenmutter.com\/angebote\/traditionelle-europaeische-medizin\/","url":"https:\/\/www.zurgnadenmutter.com\/angebote\/traditionelle-europaeische-medizin\/","name":"Medicina tradicional europea - Apotheke &amp; Drogerie zur Gnadenmutter - Mariazell","isPartOf":{"@id":"https:\/\/www.zurgnadenmutter.com\/#website"},"datePublished":"2023-01-10T12:20:08+00:00","dateModified":"2023-01-10T12:22:57+00:00","breadcrumb":{"@id":"https:\/\/www.zurgnadenmutter.com\/angebote\/traditionelle-europaeische-medizin\/#breadcrumb"},"inLanguage":"es","potentialAction":[{"@type":"ReadAction","target":["https:\/\/www.zurgnadenmutter.com\/angebote\/traditionelle-europaeische-medizin\/"]}]},{"@type":"BreadcrumbList","@id":"https:\/\/www.zurgnadenmutter.com\/angebote\/traditionelle-europaeische-medizin\/#breadcrumb","itemListElement":[{"@type":"ListItem","position":1,"name":"Startseite","item":"https:\/\/www.zurgnadenmutter.com\/es\/"},{"@type":"ListItem","position":2,"name":"Medicina tradicional europea"}]},{"@type":"WebSite","@id":"https:\/\/www.zurgnadenmutter.com\/#website","url":"https:\/\/www.zurgnadenmutter.com\/","name":"Apotheke &amp; Drogerie zur Gnadenmutter - Mariazell","description":"Apotheke Mariazell","potentialAction":[{"@type":"SearchAction","target":{"@type":"EntryPoint","urlTemplate":"https:\/\/www.zurgnadenmutter.com\/?s={search_term_string}"},"query-input":{"@type":"PropertyValueSpecification","valueRequired":true,"valueName":"search_term_string"}}],"inLanguage":"es"}]}},"_links":{"self":[{"href":"https:\/\/www.zurgnadenmutter.com\/es\/wp-json\/wp\/v2\/pages\/47653","targetHints":{"allow":["GET"]}}],"collection":[{"href":"https:\/\/www.zurgnadenmutter.com\/es\/wp-json\/wp\/v2\/pages"}],"about":[{"href":"https:\/\/www.zurgnadenmutter.com\/es\/wp-json\/wp\/v2\/types\/page"}],"author":[{"embeddable":true,"href":"https:\/\/www.zurgnadenmutter.com\/es\/wp-json\/wp\/v2\/users\/1"}],"replies":[{"embeddable":true,"href":"https:\/\/www.zurgnadenmutter.com\/es\/wp-json\/wp\/v2\/comments?post=47653"}],"version-history":[{"count":4,"href":"https:\/\/www.zurgnadenmutter.com\/es\/wp-json\/wp\/v2\/pages\/47653\/revisions"}],"predecessor-version":[{"id":47657,"href":"https:\/\/www.zurgnadenmutter.com\/es\/wp-json\/wp\/v2\/pages\/47653\/revisions\/47657"}],"wp:attachment":[{"href":"https:\/\/www.zurgnadenmutter.com\/es\/wp-json\/wp\/v2\/media?parent=47653"}],"curies":[{"name":"wp","href":"https:\/\/api.w.org\/{rel}","templated":true}]}}