{"id":47649,"date":"2023-01-10T12:59:26","date_gmt":"2023-01-10T11:59:26","guid":{"rendered":"https:\/\/www.zurgnadenmutter.com\/?page_id=47649"},"modified":"2023-01-10T13:10:04","modified_gmt":"2023-01-10T12:10:04","slug":"visitas-a-la-farmacia","status":"publish","type":"page","link":"https:\/\/www.zurgnadenmutter.com\/es\/visitas-a-la-farmacia\/","title":{"rendered":"Visitas a la farmacia"},"content":{"rendered":"[spb_row element_name=\u00bbRow\u00bb wrap_type=\u00bbcontent-width\u00bb row_bg_type=\u00bbcolor\u00bb color_row_height=\u00bbcontent-height\u00bb bg_type=\u00bbcover\u00bb parallax_image_height=\u00bbcontent-height\u00bb parallax_image_movement=\u00bbfixed\u00bb parallax_image_speed=\u00bb0.5&#8243; bg_video_loop=\u00bbyes\u00bb parallax_video_height=\u00bbwindow-height\u00bb row_top_style=\u00bbnone\u00bb row_bottom_style=\u00bbnone\u00bb parallax_video_overlay=\u00bbnone\u00bb row_overlay_opacity=\u00bb0&#8243; row_padding_vertical=\u00bb0&#8243; row_padding_horizontal=\u00bb0&#8243; row_margin_vertical=\u00bb0&#8243; remove_element_spacing=\u00bbno\u00bb vertical_center=\u00bbfalse\u00bb inner_column_height=\u00bbcol-natural\u00bb row_expanding=\u00bbno\u00bb row_animation=\u00bbnone\u00bb row_animation_delay=\u00bb0&#8243; width=\u00bb1\/1&#8243; el_position=\u00bbfirst last\u00bb] [spb_column col_sm=\u00bb2&#8243; padding_horizontal=\u00bb15&#8243; width=\u00bb1\/6&#8243; el_position=\u00bbfirst\u00bb] [\/spb_column] [spb_boxed_content type=\u00bbcoloured\u00bb box_link_target=\u00bb_self\u00bb padding_vertical=\u00bb0&#8243; padding_horizontal=\u00bb0&#8243; width=\u00bb2\/3&#8243;]\n<p>Durante una visita guiada a nuestra farmacia, aprender\u00e1 datos interesantes sobre el efecto y el uso de las hierbas medicinales, la preparaci\u00f3n de remedios tradicionales y todo lo relacionado con la salud a partir de la fitoterapia y la medicina tradicional europea. Tras la visita, existe la posibilidad de realizar una degustaci\u00f3n de nuestros populares licores de hierbas.<\/p>\n<p>Si lo desea, ofrecemos todas las visitas guiadas de nuestra farmacia en h\u00fangaro.<\/p>\n[\/spb_boxed_content] [spb_column col_sm=\u00bb2&#8243; padding_horizontal=\u00bb15&#8243; width=\u00bb1\/6&#8243; el_position=\u00bblast\u00bb] [\/spb_column] [spb_blank_spacer height=\u00bb70px\u00bb width=\u00bb1\/1&#8243; el_position=\u00bbfirst last\u00bb] [\/spb_row] [spb_image image=\u00bb87&#8243; image_size=\u00bblarge\u00bb frame=\u00bbnoframe\u00bb caption_pos=\u00bbhover\u00bb remove_rounded=\u00bbyes\u00bb fullwidth=\u00bbno\u00bb overflow_mode=\u00bbnone\u00bb link_target=\u00bb_self\u00bb lightbox=\u00bbyes\u00bb intro_animation=\u00bbnone\u00bb animation_delay=\u00bb200&#8243; width=\u00bb1\/3&#8243; el_position=\u00bbfirst\u00bb] [spb_text_block animation=\u00bbnone\u00bb animation_delay=\u00bb0&#8243; simplified_controls=\u00bbyes\u00bb custom_css_percentage=\u00bbno\u00bb padding_vertical=\u00bb0&#8243; padding_horizontal=\u00bb0&#8243; margin_vertical=\u00bb0&#8243; border_size=\u00bb0&#8243; border_styling_global=\u00bbdefault\u00bb width=\u00bb2\/3&#8243; el_position=\u00bblast\u00bb]\n<h2>Visitas a la farmacia<\/h2>\n<p>Conozca datos interesantes sobre nuestra farmacia<\/p>\n<p><strong>Duraci\u00f3n de la visita:<\/strong> 1 hora aproximadamente<br \/>\n<strong>Fecha:<\/strong> Citas concertadas; visitas guiadas a partir de 10 personas<br \/>\n<strong>Precio de la entrada:<\/strong> 4 euros por persona, incl. degustaci\u00f3n<\/p>\n[\/spb_text_block] [spb_blank_spacer height=\u00bb70px\u00bb width=\u00bb1\/1&#8243; el_position=\u00bbfirst last\u00bb] [spb_image image=\u00bb881&#8243; image_size=\u00bblarge\u00bb frame=\u00bbnoframe\u00bb caption_pos=\u00bbhover\u00bb remove_rounded=\u00bbyes\u00bb fullwidth=\u00bbno\u00bb overflow_mode=\u00bbnone\u00bb link_target=\u00bb_self\u00bb lightbox=\u00bbyes\u00bb intro_animation=\u00bbnone\u00bb animation_delay=\u00bb200&#8243; width=\u00bb1\/3&#8243; el_position=\u00bbfirst\u00bb] [spb_text_block animation=\u00bbnone\u00bb animation_delay=\u00bb0&#8243; simplified_controls=\u00bbyes\u00bb custom_css_percentage=\u00bbno\u00bb padding_vertical=\u00bb0&#8243; padding_horizontal=\u00bb0&#8243; margin_vertical=\u00bb0&#8243; border_size=\u00bb0&#8243; border_styling_global=\u00bbdefault\u00bb width=\u00bb2\/3&#8243; el_position=\u00bblast\u00bb]\n<h2>Tour de aventura para ni\u00f1os<\/h2>\n<p>Como parte de la visita infantil, los ni\u00f1os a partir de 5 a\u00f1os pueden echar un vistazo a los bastidores de una farmacia, aprender datos interesantes sobre el trabajo en una farmacia, visitar el laboratorio y tambi\u00e9n mezclar un t\u00e9 y remover un ung\u00fcento ellos mismos.<\/p>\n<p><strong>Programa pr\u00e1ctico:<\/strong> Revolver ung\u00fcentos, mezclar el t\u00e9<br \/>\n<strong>Costes de material por ni\u00f1o:<\/strong> 6 euros<br \/>\n<strong>Fecha:<\/strong> Citas concertadas; visitas guiadas a partir de 10 personas<\/p>\n<p>&nbsp;<\/p>\n[\/spb_text_block]\n","protected":false},"excerpt":{"rendered":"<p>[spb_row element_name=\u00bbRow\u00bb wrap_type=\u00bbcontent-width\u00bb row_bg_type=\u00bbcolor\u00bb color_row_height=\u00bbcontent-height\u00bb bg_type=\u00bbcover\u00bb parallax_image_height=\u00bbcontent-height\u00bb parallax_image_movement=\u00bbfixed\u00bb parallax_image_speed=\u00bb0.5&#8243; bg_video_loop=\u00bbyes\u00bb parallax_video_height=\u00bbwindow-height\u00bb row_top_style=\u00bbnone\u00bb row_bottom_style=\u00bbnone\u00bb parallax_video_overlay=\u00bbnone\u00bb row_overlay_opacity=\u00bb0&#8243; row_padding_vertical=\u00bb0&#8243; row_padding_horizontal=\u00bb0&#8243; row_margin_vertical=\u00bb0&#8243; remove_element_spacing=\u00bbno\u00bb vertical_center=\u00bbfalse\u00bb inner_column_height=\u00bbcol-natural\u00bb row_expanding=\u00bbno\u00bb row_animation=\u00bbnone\u00bb row_animation_delay=\u00bb0&#8243; width=\u00bb1\/1&#8243; el_position=\u00bbfirst last\u00bb] [spb_column col_sm=\u00bb2&#8243; padding_horizontal=\u00bb15&#8243;&#8230;<\/p>\n","protected":false},"author":1,"featured_media":0,"parent":0,"menu_order":0,"comment_status":"closed","ping_status":"closed","template":"","meta":{"_acf_changed":false,"footnotes":""},"class_list":["post-47649","page","type-page","status-publish"],"acf":[],"yoast_head":"<!-- This site is optimized with the Yoast SEO plugin v27.2 - https:\/\/yoast.com\/product\/yoast-seo-wordpress\/ -->\n<title>Visitas a la farmacia - Apotheke &amp; Drogerie zur Gnadenmutter - Mariazell<\/title>\n<meta name=\"robots\" content=\"index, follow, max-snippet:-1, max-image-preview:large, max-video-preview:-1\" \/>\n<link rel=\"canonical\" href=\"https:\/\/www.zurgnadenmutter.com\/veranstaltungen\/apotheken-fuehrungen\/\" \/>\n<meta property=\"og:locale\" content=\"es_ES\" \/>\n<meta property=\"og:type\" content=\"article\" \/>\n<meta property=\"og:title\" content=\"Visitas a la farmacia - Apotheke &amp; Drogerie zur Gnadenmutter - Mariazell\" \/>\n<meta property=\"og:description\" content=\"[spb_row element_name=\u00bbRow\u00bb wrap_type=\u00bbcontent-width\u00bb row_bg_type=\u00bbcolor\u00bb color_row_height=\u00bbcontent-height\u00bb bg_type=\u00bbcover\u00bb parallax_image_height=\u00bbcontent-height\u00bb parallax_image_movement=\u00bbfixed\u00bb parallax_image_speed=\u00bb0.5&#8243; bg_video_loop=\u00bbyes\u00bb parallax_video_height=\u00bbwindow-height\u00bb row_top_style=\u00bbnone\u00bb row_bottom_style=\u00bbnone\u00bb parallax_video_overlay=\u00bbnone\u00bb row_overlay_opacity=\u00bb0&#8243; row_padding_vertical=\u00bb0&#8243; row_padding_horizontal=\u00bb0&#8243; row_margin_vertical=\u00bb0&#8243; remove_element_spacing=\u00bbno\u00bb vertical_center=\u00bbfalse\u00bb inner_column_height=\u00bbcol-natural\u00bb row_expanding=\u00bbno\u00bb row_animation=\u00bbnone\u00bb row_animation_delay=\u00bb0&#8243; width=\u00bb1\/1&#8243; el_position=\u00bbfirst last\u00bb] [spb_column col_sm=\u00bb2&#8243; padding_horizontal=\u00bb15&#8243;...\" \/>\n<meta property=\"og:url\" content=\"https:\/\/www.zurgnadenmutter.com\/veranstaltungen\/apotheken-fuehrungen\/\" \/>\n<meta property=\"og:site_name\" content=\"Apotheke &amp; Drogerie zur Gnadenmutter - Mariazell\" \/>\n<meta property=\"article:modified_time\" content=\"2023-01-10T12:10:04+00:00\" \/>\n<meta name=\"twitter:card\" content=\"summary_large_image\" \/>\n<meta name=\"twitter:label1\" content=\"Tiempo de lectura\" \/>\n\t<meta name=\"twitter:data1\" content=\"2 minutos\" \/>\n<script type=\"application\/ld+json\" class=\"yoast-schema-graph\">{\"@context\":\"https:\/\/schema.org\",\"@graph\":[{\"@type\":\"WebPage\",\"@id\":\"https:\/\/www.zurgnadenmutter.com\/veranstaltungen\/apotheken-fuehrungen\/\",\"url\":\"https:\/\/www.zurgnadenmutter.com\/veranstaltungen\/apotheken-fuehrungen\/\",\"name\":\"Visitas a la farmacia - Apotheke &amp; Drogerie zur Gnadenmutter - Mariazell\",\"isPartOf\":{\"@id\":\"https:\/\/www.zurgnadenmutter.com\/#website\"},\"datePublished\":\"2023-01-10T11:59:26+00:00\",\"dateModified\":\"2023-01-10T12:10:04+00:00\",\"breadcrumb\":{\"@id\":\"https:\/\/www.zurgnadenmutter.com\/veranstaltungen\/apotheken-fuehrungen\/#breadcrumb\"},\"inLanguage\":\"es\",\"potentialAction\":[{\"@type\":\"ReadAction\",\"target\":[\"https:\/\/www.zurgnadenmutter.com\/veranstaltungen\/apotheken-fuehrungen\/\"]}]},{\"@type\":\"BreadcrumbList\",\"@id\":\"https:\/\/www.zurgnadenmutter.com\/veranstaltungen\/apotheken-fuehrungen\/#breadcrumb\",\"itemListElement\":[{\"@type\":\"ListItem\",\"position\":1,\"name\":\"Startseite\",\"item\":\"https:\/\/www.zurgnadenmutter.com\/es\/\"},{\"@type\":\"ListItem\",\"position\":2,\"name\":\"Visitas a la farmacia\"}]},{\"@type\":\"WebSite\",\"@id\":\"https:\/\/www.zurgnadenmutter.com\/#website\",\"url\":\"https:\/\/www.zurgnadenmutter.com\/\",\"name\":\"Apotheke &amp; Drogerie zur Gnadenmutter - Mariazell\",\"description\":\"Apotheke Mariazell\",\"potentialAction\":[{\"@type\":\"SearchAction\",\"target\":{\"@type\":\"EntryPoint\",\"urlTemplate\":\"https:\/\/www.zurgnadenmutter.com\/?s={search_term_string}\"},\"query-input\":{\"@type\":\"PropertyValueSpecification\",\"valueRequired\":true,\"valueName\":\"search_term_string\"}}],\"inLanguage\":\"es\"}]}<\/script>\n<!-- \/ Yoast SEO plugin. -->","yoast_head_json":{"title":"Visitas a la farmacia - Apotheke &amp; Drogerie zur Gnadenmutter - Mariazell","robots":{"index":"index","follow":"follow","max-snippet":"max-snippet:-1","max-image-preview":"max-image-preview:large","max-video-preview":"max-video-preview:-1"},"canonical":"https:\/\/www.zurgnadenmutter.com\/veranstaltungen\/apotheken-fuehrungen\/","og_locale":"es_ES","og_type":"article","og_title":"Visitas a la farmacia - Apotheke &amp; Drogerie zur Gnadenmutter - Mariazell","og_description":"[spb_row element_name=\u00bbRow\u00bb wrap_type=\u00bbcontent-width\u00bb row_bg_type=\u00bbcolor\u00bb color_row_height=\u00bbcontent-height\u00bb bg_type=\u00bbcover\u00bb parallax_image_height=\u00bbcontent-height\u00bb parallax_image_movement=\u00bbfixed\u00bb parallax_image_speed=\u00bb0.5&#8243; bg_video_loop=\u00bbyes\u00bb parallax_video_height=\u00bbwindow-height\u00bb row_top_style=\u00bbnone\u00bb row_bottom_style=\u00bbnone\u00bb parallax_video_overlay=\u00bbnone\u00bb row_overlay_opacity=\u00bb0&#8243; row_padding_vertical=\u00bb0&#8243; row_padding_horizontal=\u00bb0&#8243; row_margin_vertical=\u00bb0&#8243; remove_element_spacing=\u00bbno\u00bb vertical_center=\u00bbfalse\u00bb inner_column_height=\u00bbcol-natural\u00bb row_expanding=\u00bbno\u00bb row_animation=\u00bbnone\u00bb row_animation_delay=\u00bb0&#8243; width=\u00bb1\/1&#8243; el_position=\u00bbfirst last\u00bb] [spb_column col_sm=\u00bb2&#8243; padding_horizontal=\u00bb15&#8243;...","og_url":"https:\/\/www.zurgnadenmutter.com\/veranstaltungen\/apotheken-fuehrungen\/","og_site_name":"Apotheke &amp; Drogerie zur Gnadenmutter - Mariazell","article_modified_time":"2023-01-10T12:10:04+00:00","twitter_card":"summary_large_image","twitter_misc":{"Tiempo de lectura":"2 minutos"},"schema":{"@context":"https:\/\/schema.org","@graph":[{"@type":"WebPage","@id":"https:\/\/www.zurgnadenmutter.com\/veranstaltungen\/apotheken-fuehrungen\/","url":"https:\/\/www.zurgnadenmutter.com\/veranstaltungen\/apotheken-fuehrungen\/","name":"Visitas a la farmacia - Apotheke &amp; Drogerie zur Gnadenmutter - Mariazell","isPartOf":{"@id":"https:\/\/www.zurgnadenmutter.com\/#website"},"datePublished":"2023-01-10T11:59:26+00:00","dateModified":"2023-01-10T12:10:04+00:00","breadcrumb":{"@id":"https:\/\/www.zurgnadenmutter.com\/veranstaltungen\/apotheken-fuehrungen\/#breadcrumb"},"inLanguage":"es","potentialAction":[{"@type":"ReadAction","target":["https:\/\/www.zurgnadenmutter.com\/veranstaltungen\/apotheken-fuehrungen\/"]}]},{"@type":"BreadcrumbList","@id":"https:\/\/www.zurgnadenmutter.com\/veranstaltungen\/apotheken-fuehrungen\/#breadcrumb","itemListElement":[{"@type":"ListItem","position":1,"name":"Startseite","item":"https:\/\/www.zurgnadenmutter.com\/es\/"},{"@type":"ListItem","position":2,"name":"Visitas a la farmacia"}]},{"@type":"WebSite","@id":"https:\/\/www.zurgnadenmutter.com\/#website","url":"https:\/\/www.zurgnadenmutter.com\/","name":"Apotheke &amp; Drogerie zur Gnadenmutter - Mariazell","description":"Apotheke Mariazell","potentialAction":[{"@type":"SearchAction","target":{"@type":"EntryPoint","urlTemplate":"https:\/\/www.zurgnadenmutter.com\/?s={search_term_string}"},"query-input":{"@type":"PropertyValueSpecification","valueRequired":true,"valueName":"search_term_string"}}],"inLanguage":"es"}]}},"_links":{"self":[{"href":"https:\/\/www.zurgnadenmutter.com\/es\/wp-json\/wp\/v2\/pages\/47649","targetHints":{"allow":["GET"]}}],"collection":[{"href":"https:\/\/www.zurgnadenmutter.com\/es\/wp-json\/wp\/v2\/pages"}],"about":[{"href":"https:\/\/www.zurgnadenmutter.com\/es\/wp-json\/wp\/v2\/types\/page"}],"author":[{"embeddable":true,"href":"https:\/\/www.zurgnadenmutter.com\/es\/wp-json\/wp\/v2\/users\/1"}],"replies":[{"embeddable":true,"href":"https:\/\/www.zurgnadenmutter.com\/es\/wp-json\/wp\/v2\/comments?post=47649"}],"version-history":[{"count":1,"href":"https:\/\/www.zurgnadenmutter.com\/es\/wp-json\/wp\/v2\/pages\/47649\/revisions"}],"predecessor-version":[{"id":47650,"href":"https:\/\/www.zurgnadenmutter.com\/es\/wp-json\/wp\/v2\/pages\/47649\/revisions\/47650"}],"wp:attachment":[{"href":"https:\/\/www.zurgnadenmutter.com\/es\/wp-json\/wp\/v2\/media?parent=47649"}],"curies":[{"name":"wp","href":"https:\/\/api.w.org\/{rel}","templated":true}]}}