{"id":47647,"date":"2023-01-10T12:55:28","date_gmt":"2023-01-10T11:55:28","guid":{"rendered":"https:\/\/www.zurgnadenmutter.com\/?page_id=47647"},"modified":"2023-01-10T12:55:28","modified_gmt":"2023-01-10T11:55:28","slug":"historia","status":"publish","type":"page","link":"https:\/\/www.zurgnadenmutter.com\/es\/nuestra-filosofia\/historia\/","title":{"rendered":"Historia"},"content":{"rendered":"[spb_column col_sm=\u00bb2&#8243; padding_horizontal=\u00bb0&#8243; width=\u00bb1\/6&#8243; el_position=\u00bbfirst\u00bb] [\/spb_column] [spb_text_block animation=\u00bbnone\u00bb animation_delay=\u00bb0&#8243; simplified_controls=\u00bbyes\u00bb custom_css_percentage=\u00bbno\u00bb padding_vertical=\u00bb0&#8243; padding_horizontal=\u00bb0&#8243; margin_vertical=\u00bb0&#8243; custom_css=\u00bbmargin-top: 0px;margin-bottom: 0px;\u00bb border_size=\u00bb0&#8243; border_styling_global=\u00bbdefault\u00bb width=\u00bb2\/3&#8243;]\n<h2 style=\"text-align: center;\">\u00a0300 a\u00f1os de historia y conocimientos sobre las propiedades curativas de las hierbas alpinas locales<\/h2>\n<p style=\"text-align: center;\">La farmacia y droguer\u00eda \u00abZur Gnadenmutter\u00bb fue fundada en 1718.<\/p>\n<p><img loading=\"lazy\" decoding=\"async\" class=\"alignleft size-large wp-image-821\" src=\"https:\/\/www.zurgnadenmutter.com\/wp-content\/uploads\/2016\/03\/Apotheke-zur-Gnadenmutter_alt-1024x683.jpg\" alt=\"Apotheke-zur-Gnadenmutter_alt\" width=\"1024\" height=\"683\" srcset=\"https:\/\/www.zurgnadenmutter.com\/wp-content\/uploads\/2016\/03\/Apotheke-zur-Gnadenmutter_alt-1024x683.jpg 1024w, https:\/\/www.zurgnadenmutter.com\/wp-content\/uploads\/2016\/03\/Apotheke-zur-Gnadenmutter_alt-200x133.jpg 200w, https:\/\/www.zurgnadenmutter.com\/wp-content\/uploads\/2016\/03\/Apotheke-zur-Gnadenmutter_alt-700x467.jpg 700w, https:\/\/www.zurgnadenmutter.com\/wp-content\/uploads\/2016\/03\/Apotheke-zur-Gnadenmutter_alt-300x200.jpg 300w, https:\/\/www.zurgnadenmutter.com\/wp-content\/uploads\/2016\/03\/Apotheke-zur-Gnadenmutter_alt-768x512.jpg 768w, https:\/\/www.zurgnadenmutter.com\/wp-content\/uploads\/2016\/03\/Apotheke-zur-Gnadenmutter_alt-1280x853.jpg 1280w, https:\/\/www.zurgnadenmutter.com\/wp-content\/uploads\/2016\/03\/Apotheke-zur-Gnadenmutter_alt-1000x667.jpg 1000w, https:\/\/www.zurgnadenmutter.com\/wp-content\/uploads\/2016\/03\/Apotheke-zur-Gnadenmutter_alt.jpg 1500w\" sizes=\"auto, (max-width: 1024px) 100vw, 1024px\" \/><\/p>\n<p>De 1820 a 1871 estuvo dirigida por <strong>Michael H\u00f6lzl<\/strong>. Fue probablemente el <strong>bot\u00e1nico y experto en plantas medicinales m\u00e1s reconocido de Europa<\/strong> de su \u00e9poca. Suministraba plantas alpinas a universidades de renombre tan lejanas como Mosc\u00fa dado su especial conocimiento de los efectos curativos de las hierbas alpinas locales.<\/p>\n<p>&nbsp;<\/p>\n<p>&nbsp;<\/p>\n<p>&nbsp;<\/p>\n<p><img loading=\"lazy\" decoding=\"async\" class=\"wp-image-1108 aligncenter\" src=\"https:\/\/www.zurgnadenmutter.com\/wp-content\/uploads\/2016\/03\/apotheke_zur_gadenmutter_michael_Hoelzl.jpg\" alt=\"apotheke_zur_gadenmutter_michael_Hoelzl\" width=\"248\" height=\"300\" srcset=\"https:\/\/www.zurgnadenmutter.com\/wp-content\/uploads\/2016\/03\/apotheke_zur_gadenmutter_michael_Hoelzl.jpg 500w, https:\/\/www.zurgnadenmutter.com\/wp-content\/uploads\/2016\/03\/apotheke_zur_gadenmutter_michael_Hoelzl-165x200.jpg 165w, https:\/\/www.zurgnadenmutter.com\/wp-content\/uploads\/2016\/03\/apotheke_zur_gadenmutter_michael_Hoelzl-248x300.jpg 248w\" sizes=\"auto, (max-width: 248px) 100vw, 248px\" \/><\/p>\n<p>El austriaco <strong>archiduque Johann<\/strong> y el famoso poeta <strong>Franz Grillparzer<\/strong> tambi\u00e9n buscaron su consejo constantemente y emprendieron legendarios paseos en busca de hierbas con \u00e9l.<\/p>\n<p>Sus amplios conocimientos y f\u00f3rmulas secretas permanecieron en la farmacia. Incluso hoy en d\u00eda, se siguen elaborando a mano con una receta que no ha cambiado.\u00a0Se utilizan m\u00e1s de <strong>400 plantas y hierbas medicinales,<\/strong> las mejores y m\u00e1s reconocidas que ofrecen la naturaleza y la tradici\u00f3n europeas.<\/p>\n<p>Una de las recetas m\u00e1s antiguas se remonta <strong>hasta 1780<\/strong>. Desde entonces, las \u00ab<strong>Gotas estomacales Mariazell<\/strong>\u00bb se elaboran a mano seg\u00fan la receta original. Alcanzaron fama mundial a principios del siglo pasado, cuando recibieron los m\u00e1s altos honores por su calidad e impacto en las exposiciones internacionales de Viena, Bruselas, Amberes, Londres y Par\u00eds.<\/p>\n<p><img loading=\"lazy\" decoding=\"async\" class=\"alignleft size-large wp-image-824\" src=\"https:\/\/www.zurgnadenmutter.com\/wp-content\/uploads\/2016\/03\/Apotheke-zur-Gnadenmutter_Mariazell-1024x683.jpg\" alt=\"Apotheke-zur-Gnadenmutter_Mariazell\" width=\"1024\" height=\"683\" srcset=\"https:\/\/www.zurgnadenmutter.com\/wp-content\/uploads\/2016\/03\/Apotheke-zur-Gnadenmutter_Mariazell-1024x683.jpg 1024w, https:\/\/www.zurgnadenmutter.com\/wp-content\/uploads\/2016\/03\/Apotheke-zur-Gnadenmutter_Mariazell-200x133.jpg 200w, https:\/\/www.zurgnadenmutter.com\/wp-content\/uploads\/2016\/03\/Apotheke-zur-Gnadenmutter_Mariazell-700x467.jpg 700w, https:\/\/www.zurgnadenmutter.com\/wp-content\/uploads\/2016\/03\/Apotheke-zur-Gnadenmutter_Mariazell-300x200.jpg 300w, https:\/\/www.zurgnadenmutter.com\/wp-content\/uploads\/2016\/03\/Apotheke-zur-Gnadenmutter_Mariazell-768x512.jpg 768w, https:\/\/www.zurgnadenmutter.com\/wp-content\/uploads\/2016\/03\/Apotheke-zur-Gnadenmutter_Mariazell-1280x853.jpg 1280w, https:\/\/www.zurgnadenmutter.com\/wp-content\/uploads\/2016\/03\/Apotheke-zur-Gnadenmutter_Mariazell-1000x667.jpg 1000w, https:\/\/www.zurgnadenmutter.com\/wp-content\/uploads\/2016\/03\/Apotheke-zur-Gnadenmutter_Mariazell.jpg 1500w\" sizes=\"auto, (max-width: 1024px) 100vw, 1024px\" \/><\/p>\n[\/spb_text_block] [spb_column col_sm=\u00bb2&#8243; padding_horizontal=\u00bb0&#8243; width=\u00bb1\/6&#8243; el_position=\u00bblast\u00bb] [\/spb_column]\n","protected":false},"excerpt":{"rendered":"<p>[spb_column col_sm=\u00bb2&#8243; padding_horizontal=\u00bb0&#8243; width=\u00bb1\/6&#8243; el_position=\u00bbfirst\u00bb] [\/spb_column] [spb_text_block animation=\u00bbnone\u00bb animation_delay=\u00bb0&#8243; simplified_controls=\u00bbyes\u00bb custom_css_percentage=\u00bbno\u00bb padding_vertical=\u00bb0&#8243; padding_horizontal=\u00bb0&#8243; margin_vertical=\u00bb0&#8243; custom_css=\u00bbmargin-top: 0px;margin-bottom: 0px;\u00bb border_size=\u00bb0&#8243; border_styling_global=\u00bbdefault\u00bb width=\u00bb2\/3&#8243;] \u00a0300 a\u00f1os de historia y conocimientos sobre las propiedades curativas&#8230;<\/p>\n","protected":false},"author":1,"featured_media":0,"parent":47639,"menu_order":0,"comment_status":"closed","ping_status":"closed","template":"","meta":{"_acf_changed":false,"footnotes":""},"class_list":["post-47647","page","type-page","status-publish"],"acf":[],"yoast_head":"<!-- This site is optimized with the Yoast SEO plugin v27.2 - https:\/\/yoast.com\/product\/yoast-seo-wordpress\/ -->\n<title>Historia - Apotheke &amp; Drogerie zur Gnadenmutter - Mariazell<\/title>\n<meta name=\"robots\" content=\"index, follow, max-snippet:-1, max-image-preview:large, max-video-preview:-1\" \/>\n<link rel=\"canonical\" href=\"https:\/\/www.zurgnadenmutter.com\/apotheke\/geschichte\/\" \/>\n<meta property=\"og:locale\" content=\"es_ES\" \/>\n<meta property=\"og:type\" content=\"article\" \/>\n<meta property=\"og:title\" content=\"Historia - Apotheke &amp; Drogerie zur Gnadenmutter - Mariazell\" \/>\n<meta property=\"og:description\" content=\"[spb_column col_sm=\u00bb2&#8243; padding_horizontal=\u00bb0&#8243; width=\u00bb1\/6&#8243; el_position=\u00bbfirst\u00bb] [\/spb_column] [spb_text_block animation=\u00bbnone\u00bb animation_delay=\u00bb0&#8243; simplified_controls=\u00bbyes\u00bb custom_css_percentage=\u00bbno\u00bb padding_vertical=\u00bb0&#8243; padding_horizontal=\u00bb0&#8243; margin_vertical=\u00bb0&#8243; custom_css=\u00bbmargin-top: 0px;margin-bottom: 0px;\u00bb border_size=\u00bb0&#8243; border_styling_global=\u00bbdefault\u00bb width=\u00bb2\/3&#8243;] \u00a0300 a\u00f1os de historia y conocimientos sobre las propiedades curativas...\" \/>\n<meta property=\"og:url\" content=\"https:\/\/www.zurgnadenmutter.com\/apotheke\/geschichte\/\" \/>\n<meta property=\"og:site_name\" content=\"Apotheke &amp; Drogerie zur Gnadenmutter - Mariazell\" \/>\n<meta property=\"og:image\" content=\"https:\/\/www.zurgnadenmutter.com\/wp-content\/uploads\/2016\/03\/Apotheke-zur-Gnadenmutter_alt-1024x683.jpg\" \/>\n<meta name=\"twitter:card\" content=\"summary_large_image\" \/>\n<meta name=\"twitter:label1\" content=\"Tiempo de lectura\" \/>\n\t<meta name=\"twitter:data1\" content=\"2 minutos\" \/>\n<script type=\"application\/ld+json\" class=\"yoast-schema-graph\">{\"@context\":\"https:\/\/schema.org\",\"@graph\":[{\"@type\":\"WebPage\",\"@id\":\"https:\/\/www.zurgnadenmutter.com\/apotheke\/geschichte\/\",\"url\":\"https:\/\/www.zurgnadenmutter.com\/apotheke\/geschichte\/\",\"name\":\"Historia - Apotheke &amp; Drogerie zur Gnadenmutter - Mariazell\",\"isPartOf\":{\"@id\":\"https:\/\/www.zurgnadenmutter.com\/#website\"},\"primaryImageOfPage\":{\"@id\":\"https:\/\/www.zurgnadenmutter.com\/apotheke\/geschichte\/#primaryimage\"},\"image\":{\"@id\":\"https:\/\/www.zurgnadenmutter.com\/apotheke\/geschichte\/#primaryimage\"},\"thumbnailUrl\":\"https:\/\/www.zurgnadenmutter.com\/wp-content\/uploads\/2016\/03\/Apotheke-zur-Gnadenmutter_alt-1024x683.jpg\",\"datePublished\":\"2023-01-10T11:55:28+00:00\",\"breadcrumb\":{\"@id\":\"https:\/\/www.zurgnadenmutter.com\/apotheke\/geschichte\/#breadcrumb\"},\"inLanguage\":\"es\",\"potentialAction\":[{\"@type\":\"ReadAction\",\"target\":[\"https:\/\/www.zurgnadenmutter.com\/apotheke\/geschichte\/\"]}]},{\"@type\":\"ImageObject\",\"inLanguage\":\"es\",\"@id\":\"https:\/\/www.zurgnadenmutter.com\/apotheke\/geschichte\/#primaryimage\",\"url\":\"https:\/\/www.zurgnadenmutter.com\/wp-content\/uploads\/2016\/03\/Apotheke-zur-Gnadenmutter_alt-1024x683.jpg\",\"contentUrl\":\"https:\/\/www.zurgnadenmutter.com\/wp-content\/uploads\/2016\/03\/Apotheke-zur-Gnadenmutter_alt-1024x683.jpg\"},{\"@type\":\"BreadcrumbList\",\"@id\":\"https:\/\/www.zurgnadenmutter.com\/apotheke\/geschichte\/#breadcrumb\",\"itemListElement\":[{\"@type\":\"ListItem\",\"position\":1,\"name\":\"Startseite\",\"item\":\"https:\/\/www.zurgnadenmutter.com\/es\/\"},{\"@type\":\"ListItem\",\"position\":2,\"name\":\"Nuestra filosof\u00eda\",\"item\":\"https:\/\/www.zurgnadenmutter.com\/apotheke\/\"},{\"@type\":\"ListItem\",\"position\":3,\"name\":\"Historia\"}]},{\"@type\":\"WebSite\",\"@id\":\"https:\/\/www.zurgnadenmutter.com\/#website\",\"url\":\"https:\/\/www.zurgnadenmutter.com\/\",\"name\":\"Apotheke &amp; Drogerie zur Gnadenmutter - Mariazell\",\"description\":\"Apotheke Mariazell\",\"potentialAction\":[{\"@type\":\"SearchAction\",\"target\":{\"@type\":\"EntryPoint\",\"urlTemplate\":\"https:\/\/www.zurgnadenmutter.com\/?s={search_term_string}\"},\"query-input\":{\"@type\":\"PropertyValueSpecification\",\"valueRequired\":true,\"valueName\":\"search_term_string\"}}],\"inLanguage\":\"es\"}]}<\/script>\n<!-- \/ Yoast SEO plugin. -->","yoast_head_json":{"title":"Historia - Apotheke &amp; Drogerie zur Gnadenmutter - Mariazell","robots":{"index":"index","follow":"follow","max-snippet":"max-snippet:-1","max-image-preview":"max-image-preview:large","max-video-preview":"max-video-preview:-1"},"canonical":"https:\/\/www.zurgnadenmutter.com\/apotheke\/geschichte\/","og_locale":"es_ES","og_type":"article","og_title":"Historia - Apotheke &amp; Drogerie zur Gnadenmutter - Mariazell","og_description":"[spb_column col_sm=\u00bb2&#8243; padding_horizontal=\u00bb0&#8243; width=\u00bb1\/6&#8243; el_position=\u00bbfirst\u00bb] [\/spb_column] [spb_text_block animation=\u00bbnone\u00bb animation_delay=\u00bb0&#8243; simplified_controls=\u00bbyes\u00bb custom_css_percentage=\u00bbno\u00bb padding_vertical=\u00bb0&#8243; padding_horizontal=\u00bb0&#8243; margin_vertical=\u00bb0&#8243; custom_css=\u00bbmargin-top: 0px;margin-bottom: 0px;\u00bb border_size=\u00bb0&#8243; border_styling_global=\u00bbdefault\u00bb width=\u00bb2\/3&#8243;] \u00a0300 a\u00f1os de historia y conocimientos sobre las propiedades curativas...","og_url":"https:\/\/www.zurgnadenmutter.com\/apotheke\/geschichte\/","og_site_name":"Apotheke &amp; Drogerie zur Gnadenmutter - Mariazell","og_image":[{"url":"https:\/\/www.zurgnadenmutter.com\/wp-content\/uploads\/2016\/03\/Apotheke-zur-Gnadenmutter_alt-1024x683.jpg","type":"","width":"","height":""}],"twitter_card":"summary_large_image","twitter_misc":{"Tiempo de lectura":"2 minutos"},"schema":{"@context":"https:\/\/schema.org","@graph":[{"@type":"WebPage","@id":"https:\/\/www.zurgnadenmutter.com\/apotheke\/geschichte\/","url":"https:\/\/www.zurgnadenmutter.com\/apotheke\/geschichte\/","name":"Historia - Apotheke &amp; Drogerie zur Gnadenmutter - Mariazell","isPartOf":{"@id":"https:\/\/www.zurgnadenmutter.com\/#website"},"primaryImageOfPage":{"@id":"https:\/\/www.zurgnadenmutter.com\/apotheke\/geschichte\/#primaryimage"},"image":{"@id":"https:\/\/www.zurgnadenmutter.com\/apotheke\/geschichte\/#primaryimage"},"thumbnailUrl":"https:\/\/www.zurgnadenmutter.com\/wp-content\/uploads\/2016\/03\/Apotheke-zur-Gnadenmutter_alt-1024x683.jpg","datePublished":"2023-01-10T11:55:28+00:00","breadcrumb":{"@id":"https:\/\/www.zurgnadenmutter.com\/apotheke\/geschichte\/#breadcrumb"},"inLanguage":"es","potentialAction":[{"@type":"ReadAction","target":["https:\/\/www.zurgnadenmutter.com\/apotheke\/geschichte\/"]}]},{"@type":"ImageObject","inLanguage":"es","@id":"https:\/\/www.zurgnadenmutter.com\/apotheke\/geschichte\/#primaryimage","url":"https:\/\/www.zurgnadenmutter.com\/wp-content\/uploads\/2016\/03\/Apotheke-zur-Gnadenmutter_alt-1024x683.jpg","contentUrl":"https:\/\/www.zurgnadenmutter.com\/wp-content\/uploads\/2016\/03\/Apotheke-zur-Gnadenmutter_alt-1024x683.jpg"},{"@type":"BreadcrumbList","@id":"https:\/\/www.zurgnadenmutter.com\/apotheke\/geschichte\/#breadcrumb","itemListElement":[{"@type":"ListItem","position":1,"name":"Startseite","item":"https:\/\/www.zurgnadenmutter.com\/es\/"},{"@type":"ListItem","position":2,"name":"Nuestra filosof\u00eda","item":"https:\/\/www.zurgnadenmutter.com\/apotheke\/"},{"@type":"ListItem","position":3,"name":"Historia"}]},{"@type":"WebSite","@id":"https:\/\/www.zurgnadenmutter.com\/#website","url":"https:\/\/www.zurgnadenmutter.com\/","name":"Apotheke &amp; Drogerie zur Gnadenmutter - Mariazell","description":"Apotheke Mariazell","potentialAction":[{"@type":"SearchAction","target":{"@type":"EntryPoint","urlTemplate":"https:\/\/www.zurgnadenmutter.com\/?s={search_term_string}"},"query-input":{"@type":"PropertyValueSpecification","valueRequired":true,"valueName":"search_term_string"}}],"inLanguage":"es"}]}},"_links":{"self":[{"href":"https:\/\/www.zurgnadenmutter.com\/es\/wp-json\/wp\/v2\/pages\/47647","targetHints":{"allow":["GET"]}}],"collection":[{"href":"https:\/\/www.zurgnadenmutter.com\/es\/wp-json\/wp\/v2\/pages"}],"about":[{"href":"https:\/\/www.zurgnadenmutter.com\/es\/wp-json\/wp\/v2\/types\/page"}],"author":[{"embeddable":true,"href":"https:\/\/www.zurgnadenmutter.com\/es\/wp-json\/wp\/v2\/users\/1"}],"replies":[{"embeddable":true,"href":"https:\/\/www.zurgnadenmutter.com\/es\/wp-json\/wp\/v2\/comments?post=47647"}],"version-history":[{"count":1,"href":"https:\/\/www.zurgnadenmutter.com\/es\/wp-json\/wp\/v2\/pages\/47647\/revisions"}],"predecessor-version":[{"id":47648,"href":"https:\/\/www.zurgnadenmutter.com\/es\/wp-json\/wp\/v2\/pages\/47647\/revisions\/47648"}],"up":[{"embeddable":true,"href":"https:\/\/www.zurgnadenmutter.com\/es\/wp-json\/wp\/v2\/pages\/47639"}],"wp:attachment":[{"href":"https:\/\/www.zurgnadenmutter.com\/es\/wp-json\/wp\/v2\/media?parent=47647"}],"curies":[{"name":"wp","href":"https:\/\/api.w.org\/{rel}","templated":true}]}}