{"id":47639,"date":"2023-01-10T12:46:02","date_gmt":"2023-01-10T11:46:02","guid":{"rendered":"https:\/\/www.zurgnadenmutter.com\/?page_id=47639"},"modified":"2023-01-10T12:46:02","modified_gmt":"2023-01-10T11:46:02","slug":"nuestra-filosofia","status":"publish","type":"page","link":"https:\/\/www.zurgnadenmutter.com\/es\/nuestra-filosofia\/","title":{"rendered":"Nuestra filosof\u00eda"},"content":{"rendered":"[spb_row element_name=\u00bbRow\u00bb wrap_type=\u00bbcontent-width\u00bb parallax_image_height=\u00bbcontent-height\u00bb parallax_image_movement=\u00bbfixed\u00bb parallax_image_speed=\u00bb0.5&#8243; bg_video_loop=\u00bbyes\u00bb parallax_video_height=\u00bbwindow-height\u00bb parallax_video_overlay=\u00bbnone\u00bb row_overlay_opacity=\u00bb0&#8243; row_col_pos=\u00bbdefault\u00bb width=\u00bb1\/1&#8243; el_position=\u00bbfirst last\u00bb] [spb_image image=\u00bb812&#8243; image_size=\u00bbfull\u00bb frame=\u00bbnoframe\u00bb caption_pos=\u00bbhover\u00bb remove_rounded=\u00bbyes\u00bb fullwidth=\u00bbno\u00bb overflow_mode=\u00bbnone\u00bb link_target=\u00bb_self\u00bb lightbox=\u00bbno\u00bb intro_animation=\u00bbnone\u00bb animation_delay=\u00bb200&#8243; width=\u00bb1\/3&#8243; el_position=\u00bbfirst\u00bb][\/spb_image] [spb_text_block animation=\u00bbnone\u00bb animation_delay=\u00bb0&#8243; simplified_controls=\u00bbyes\u00bb custom_css_percentage=\u00bbno\u00bb padding_vertical=\u00bb0&#8243; padding_horizontal=\u00bb0&#8243; margin_vertical=\u00bb0&#8243; custom_css=\u00bbmargin-top: 0px;margin-bottom: 0px;\u00bb border_size=\u00bb0&#8243; border_styling_global=\u00bbdefault\u00bb width=\u00bb2\/3&#8243; el_position=\u00bblast\u00bb]\n<h2>Sanar, permanecer sanos,<br \/>\nvolver a vivir la salud<\/h2>\n<p>La farmacia y droguer\u00eda \u00abZur Gnadenmutter\u00bb fue fundada en 1718 y cuenta con una tradici\u00f3n centenaria de elaboraci\u00f3n de productos propios a base de plantas medicinales europeas. Su producto m\u00e1s antiguo, las <a href=\"https:\/\/www.zurgnadenmutter.comshop\/mariazeller-magentropfen\/\"> gotas estomacales Mariazell<\/a>, se producen en nuestro propio laboratorio desde 1780 y se siguen fabricando seg\u00fan las instrucciones originales.<\/p>\n<p>Hoy en d\u00eda, la empresa cuenta con m\u00e1s de 100 productos \u00fanicos para la salud del cuerpo, la mente y el alma, populares tambi\u00e9n m\u00e1s all\u00e1 de las fronteras. La farmacia complementa la medicina moderna con los tesoros de m\u00e1s de 300 a\u00f1os de experiencia farmac\u00e9utica y los conocimientos milenarios de la medicina tradicional europea.<\/p>\n<p>&nbsp;<\/p>\n[\/spb_text_block] [spb_blank_spacer height=\u00bb30px\u00bb width=\u00bb1\/1&#8243; el_position=\u00bbfirst last\u00bb] [\/spb_row]\n","protected":false},"excerpt":{"rendered":"<p>[spb_row element_name=\u00bbRow\u00bb wrap_type=\u00bbcontent-width\u00bb parallax_image_height=\u00bbcontent-height\u00bb parallax_image_movement=\u00bbfixed\u00bb parallax_image_speed=\u00bb0.5&#8243; bg_video_loop=\u00bbyes\u00bb parallax_video_height=\u00bbwindow-height\u00bb parallax_video_overlay=\u00bbnone\u00bb row_overlay_opacity=\u00bb0&#8243; row_col_pos=\u00bbdefault\u00bb width=\u00bb1\/1&#8243; el_position=\u00bbfirst last\u00bb] [spb_image image=\u00bb812&#8243; image_size=\u00bbfull\u00bb frame=\u00bbnoframe\u00bb caption_pos=\u00bbhover\u00bb remove_rounded=\u00bbyes\u00bb fullwidth=\u00bbno\u00bb overflow_mode=\u00bbnone\u00bb link_target=\u00bb_self\u00bb lightbox=\u00bbno\u00bb intro_animation=\u00bbnone\u00bb animation_delay=\u00bb200&#8243; width=\u00bb1\/3&#8243; el_position=\u00bbfirst\u00bb][\/spb_image] [spb_text_block animation=\u00bbnone\u00bb&#8230;<\/p>\n","protected":false},"author":1,"featured_media":0,"parent":0,"menu_order":0,"comment_status":"closed","ping_status":"closed","template":"","meta":{"_acf_changed":false,"footnotes":""},"class_list":["post-47639","page","type-page","status-publish"],"acf":[],"yoast_head":"<!-- This site is optimized with the Yoast SEO plugin v27.2 - https:\/\/yoast.com\/product\/yoast-seo-wordpress\/ -->\n<title>Nuestra filosof\u00eda - Apotheke &amp; Drogerie zur Gnadenmutter - Mariazell<\/title>\n<meta name=\"robots\" content=\"index, follow, max-snippet:-1, max-image-preview:large, max-video-preview:-1\" \/>\n<link rel=\"canonical\" href=\"https:\/\/www.zurgnadenmutter.com\/apotheke\/\" \/>\n<meta property=\"og:locale\" content=\"es_ES\" \/>\n<meta property=\"og:type\" content=\"article\" \/>\n<meta property=\"og:title\" content=\"Nuestra filosof\u00eda - Apotheke &amp; Drogerie zur Gnadenmutter - Mariazell\" \/>\n<meta property=\"og:description\" content=\"[spb_row element_name=\u00bbRow\u00bb wrap_type=\u00bbcontent-width\u00bb parallax_image_height=\u00bbcontent-height\u00bb parallax_image_movement=\u00bbfixed\u00bb parallax_image_speed=\u00bb0.5&#8243; bg_video_loop=\u00bbyes\u00bb parallax_video_height=\u00bbwindow-height\u00bb parallax_video_overlay=\u00bbnone\u00bb row_overlay_opacity=\u00bb0&#8243; row_col_pos=\u00bbdefault\u00bb width=\u00bb1\/1&#8243; el_position=\u00bbfirst last\u00bb] [spb_image image=\u00bb812&#8243; image_size=\u00bbfull\u00bb frame=\u00bbnoframe\u00bb caption_pos=\u00bbhover\u00bb remove_rounded=\u00bbyes\u00bb fullwidth=\u00bbno\u00bb overflow_mode=\u00bbnone\u00bb link_target=\u00bb_self\u00bb lightbox=\u00bbno\u00bb intro_animation=\u00bbnone\u00bb animation_delay=\u00bb200&#8243; width=\u00bb1\/3&#8243; el_position=\u00bbfirst\u00bb][\/spb_image] [spb_text_block animation=\u00bbnone\u00bb...\" \/>\n<meta property=\"og:url\" content=\"https:\/\/www.zurgnadenmutter.com\/apotheke\/\" \/>\n<meta property=\"og:site_name\" content=\"Apotheke &amp; Drogerie zur Gnadenmutter - Mariazell\" \/>\n<meta name=\"twitter:card\" content=\"summary_large_image\" \/>\n<meta name=\"twitter:label1\" content=\"Tiempo de lectura\" \/>\n\t<meta name=\"twitter:data1\" content=\"2 minutos\" \/>\n<script type=\"application\/ld+json\" class=\"yoast-schema-graph\">{\"@context\":\"https:\/\/schema.org\",\"@graph\":[{\"@type\":\"WebPage\",\"@id\":\"https:\/\/www.zurgnadenmutter.com\/apotheke\/\",\"url\":\"https:\/\/www.zurgnadenmutter.com\/apotheke\/\",\"name\":\"Nuestra filosof\u00eda - Apotheke &amp; Drogerie zur Gnadenmutter - Mariazell\",\"isPartOf\":{\"@id\":\"https:\/\/www.zurgnadenmutter.com\/#website\"},\"datePublished\":\"2023-01-10T11:46:02+00:00\",\"breadcrumb\":{\"@id\":\"https:\/\/www.zurgnadenmutter.com\/apotheke\/#breadcrumb\"},\"inLanguage\":\"es\",\"potentialAction\":[{\"@type\":\"ReadAction\",\"target\":[\"https:\/\/www.zurgnadenmutter.com\/apotheke\/\"]}]},{\"@type\":\"BreadcrumbList\",\"@id\":\"https:\/\/www.zurgnadenmutter.com\/apotheke\/#breadcrumb\",\"itemListElement\":[{\"@type\":\"ListItem\",\"position\":1,\"name\":\"Startseite\",\"item\":\"https:\/\/www.zurgnadenmutter.com\/es\/\"},{\"@type\":\"ListItem\",\"position\":2,\"name\":\"Nuestra filosof\u00eda\"}]},{\"@type\":\"WebSite\",\"@id\":\"https:\/\/www.zurgnadenmutter.com\/#website\",\"url\":\"https:\/\/www.zurgnadenmutter.com\/\",\"name\":\"Apotheke &amp; Drogerie zur Gnadenmutter - Mariazell\",\"description\":\"Apotheke Mariazell\",\"potentialAction\":[{\"@type\":\"SearchAction\",\"target\":{\"@type\":\"EntryPoint\",\"urlTemplate\":\"https:\/\/www.zurgnadenmutter.com\/?s={search_term_string}\"},\"query-input\":{\"@type\":\"PropertyValueSpecification\",\"valueRequired\":true,\"valueName\":\"search_term_string\"}}],\"inLanguage\":\"es\"}]}<\/script>\n<!-- \/ Yoast SEO plugin. -->","yoast_head_json":{"title":"Nuestra filosof\u00eda - Apotheke &amp; Drogerie zur Gnadenmutter - Mariazell","robots":{"index":"index","follow":"follow","max-snippet":"max-snippet:-1","max-image-preview":"max-image-preview:large","max-video-preview":"max-video-preview:-1"},"canonical":"https:\/\/www.zurgnadenmutter.com\/apotheke\/","og_locale":"es_ES","og_type":"article","og_title":"Nuestra filosof\u00eda - Apotheke &amp; Drogerie zur Gnadenmutter - Mariazell","og_description":"[spb_row element_name=\u00bbRow\u00bb wrap_type=\u00bbcontent-width\u00bb parallax_image_height=\u00bbcontent-height\u00bb parallax_image_movement=\u00bbfixed\u00bb parallax_image_speed=\u00bb0.5&#8243; bg_video_loop=\u00bbyes\u00bb parallax_video_height=\u00bbwindow-height\u00bb parallax_video_overlay=\u00bbnone\u00bb row_overlay_opacity=\u00bb0&#8243; row_col_pos=\u00bbdefault\u00bb width=\u00bb1\/1&#8243; el_position=\u00bbfirst last\u00bb] [spb_image image=\u00bb812&#8243; image_size=\u00bbfull\u00bb frame=\u00bbnoframe\u00bb caption_pos=\u00bbhover\u00bb remove_rounded=\u00bbyes\u00bb fullwidth=\u00bbno\u00bb overflow_mode=\u00bbnone\u00bb link_target=\u00bb_self\u00bb lightbox=\u00bbno\u00bb intro_animation=\u00bbnone\u00bb animation_delay=\u00bb200&#8243; width=\u00bb1\/3&#8243; el_position=\u00bbfirst\u00bb][\/spb_image] [spb_text_block animation=\u00bbnone\u00bb...","og_url":"https:\/\/www.zurgnadenmutter.com\/apotheke\/","og_site_name":"Apotheke &amp; Drogerie zur Gnadenmutter - Mariazell","twitter_card":"summary_large_image","twitter_misc":{"Tiempo de lectura":"2 minutos"},"schema":{"@context":"https:\/\/schema.org","@graph":[{"@type":"WebPage","@id":"https:\/\/www.zurgnadenmutter.com\/apotheke\/","url":"https:\/\/www.zurgnadenmutter.com\/apotheke\/","name":"Nuestra filosof\u00eda - Apotheke &amp; Drogerie zur Gnadenmutter - Mariazell","isPartOf":{"@id":"https:\/\/www.zurgnadenmutter.com\/#website"},"datePublished":"2023-01-10T11:46:02+00:00","breadcrumb":{"@id":"https:\/\/www.zurgnadenmutter.com\/apotheke\/#breadcrumb"},"inLanguage":"es","potentialAction":[{"@type":"ReadAction","target":["https:\/\/www.zurgnadenmutter.com\/apotheke\/"]}]},{"@type":"BreadcrumbList","@id":"https:\/\/www.zurgnadenmutter.com\/apotheke\/#breadcrumb","itemListElement":[{"@type":"ListItem","position":1,"name":"Startseite","item":"https:\/\/www.zurgnadenmutter.com\/es\/"},{"@type":"ListItem","position":2,"name":"Nuestra filosof\u00eda"}]},{"@type":"WebSite","@id":"https:\/\/www.zurgnadenmutter.com\/#website","url":"https:\/\/www.zurgnadenmutter.com\/","name":"Apotheke &amp; Drogerie zur Gnadenmutter - Mariazell","description":"Apotheke Mariazell","potentialAction":[{"@type":"SearchAction","target":{"@type":"EntryPoint","urlTemplate":"https:\/\/www.zurgnadenmutter.com\/?s={search_term_string}"},"query-input":{"@type":"PropertyValueSpecification","valueRequired":true,"valueName":"search_term_string"}}],"inLanguage":"es"}]}},"_links":{"self":[{"href":"https:\/\/www.zurgnadenmutter.com\/es\/wp-json\/wp\/v2\/pages\/47639","targetHints":{"allow":["GET"]}}],"collection":[{"href":"https:\/\/www.zurgnadenmutter.com\/es\/wp-json\/wp\/v2\/pages"}],"about":[{"href":"https:\/\/www.zurgnadenmutter.com\/es\/wp-json\/wp\/v2\/types\/page"}],"author":[{"embeddable":true,"href":"https:\/\/www.zurgnadenmutter.com\/es\/wp-json\/wp\/v2\/users\/1"}],"replies":[{"embeddable":true,"href":"https:\/\/www.zurgnadenmutter.com\/es\/wp-json\/wp\/v2\/comments?post=47639"}],"version-history":[{"count":2,"href":"https:\/\/www.zurgnadenmutter.com\/es\/wp-json\/wp\/v2\/pages\/47639\/revisions"}],"predecessor-version":[{"id":47641,"href":"https:\/\/www.zurgnadenmutter.com\/es\/wp-json\/wp\/v2\/pages\/47639\/revisions\/47641"}],"wp:attachment":[{"href":"https:\/\/www.zurgnadenmutter.com\/es\/wp-json\/wp\/v2\/media?parent=47639"}],"curies":[{"name":"wp","href":"https:\/\/api.w.org\/{rel}","templated":true}]}}