{"id":42024,"date":"2016-03-11T12:31:35","date_gmt":"2016-03-11T11:31:35","guid":{"rendered":"https:\/\/www.zurgnadenmutter.com\/shop\/mariazellsky-masazni-olej-z-divizny-a-trezalky\/"},"modified":"2023-04-21T16:50:57","modified_gmt":"2023-04-21T14:50:57","slug":"olio-per-massaggi-verbasco-iperico-mariazeller","status":"publish","type":"product","link":"https:\/\/www.zurgnadenmutter.com\/cs\/produkt\/olio-per-massaggi-verbasco-iperico-mariazeller\/","title":{"rendered":"Olio per massaggi al verbasco e iperico Mariazeller"},"content":{"rendered":"<p>Gli oli per massaggi Mariazeller sono una vera e propria forza della natura per un massaggio eccezionale. La combinazione potente ma delicata di oli vegetali ed essenziali riscalda la pelle lasciandola morbida ed elastica.<\/p>\n","protected":false},"excerpt":{"rendered":"<p>Benefico olio per massaggi, ideale per muscoli e articolazioni.<\/p>\n<p>il cuore di questo prodotto \u00e8 il meraviglioso verbasco, gi\u00e0 molto apprezzato da Ippocrate e da Ildegarda di Bingen. Non da ultimo, il verbasco \u00e8 ritenuto lo scettro della Madre di Dio ed \u00e8 quindi una pianta mariana. Il suo estratto unico in combinazione con l&#8217;olio d&#8217;oliva nutre la pelle e la rende elastica.<\/p>\n","protected":false},"featured_media":79609,"comment_status":"closed","ping_status":"closed","template":"","meta":{"_acf_changed":false},"product_brand":[],"product_cat":[376],"product_tag":[],"class_list":{"0":"post-42024","1":"product","2":"type-product","3":"status-publish","4":"has-post-thumbnail","6":"product_cat-masazni-oleje","8":"first","9":"instock","10":"taxable","11":"shipping-taxable","12":"purchasable","13":"product-type-simple"},"acf":[],"yoast_head":"<!-- This site is optimized with the Yoast SEO plugin v27.2 - https:\/\/yoast.com\/product\/yoast-seo-wordpress\/ -->\n<title>Olio per massaggi al verbasco e iperico Mariazeller - Apotheke &amp; Drogerie zur Gnadenmutter - Mariazell<\/title>\n<meta name=\"robots\" content=\"index, follow, max-snippet:-1, max-image-preview:large, max-video-preview:-1\" \/>\n<link rel=\"canonical\" href=\"https:\/\/www.zurgnadenmutter.com\/cs\/produkt\/olio-per-massaggi-verbasco-iperico-mariazeller\/\" \/>\n<meta property=\"og:locale\" content=\"cs_CZ\" \/>\n<meta property=\"og:type\" content=\"article\" \/>\n<meta property=\"og:title\" content=\"Olio per massaggi al verbasco e iperico Mariazeller - Apotheke &amp; Drogerie zur Gnadenmutter - Mariazell\" \/>\n<meta property=\"og:description\" content=\"Benefico olio per massaggi, ideale per muscoli e articolazioni. il cuore di questo prodotto \u00e8 il meraviglioso verbasco, gi\u00e0 molto apprezzato da Ippocrate e da Ildegarda di Bingen. Non da ultimo, il verbasco \u00e8 ritenuto lo scettro della Madre di Dio ed \u00e8 quindi una pianta mariana. Il suo estratto unico in combinazione con l&#039;olio d&#039;oliva nutre la pelle e la rende elastica.\" \/>\n<meta property=\"og:url\" content=\"https:\/\/www.zurgnadenmutter.com\/cs\/produkt\/olio-per-massaggi-verbasco-iperico-mariazeller\/\" \/>\n<meta property=\"og:site_name\" content=\"Apotheke &amp; Drogerie zur Gnadenmutter - Mariazell\" \/>\n<meta property=\"article:modified_time\" content=\"2023-04-21T14:50:57+00:00\" \/>\n<meta property=\"og:image\" content=\"https:\/\/www.zurgnadenmutter.com\/wp-content\/uploads\/2016\/03\/Koenigskerze-Joh_2025-scaled.jpg\" \/>\n\t<meta property=\"og:image:width\" content=\"1920\" \/>\n\t<meta property=\"og:image:height\" content=\"2560\" \/>\n\t<meta property=\"og:image:type\" content=\"image\/jpeg\" \/>\n<meta name=\"twitter:card\" content=\"summary_large_image\" \/>\n<script type=\"application\/ld+json\" class=\"yoast-schema-graph\">{\"@context\":\"https:\/\/schema.org\",\"@graph\":[{\"@type\":\"WebPage\",\"@id\":\"https:\/\/www.zurgnadenmutter.com\/cs\/produkt\/olio-per-massaggi-verbasco-iperico-mariazeller\/\",\"url\":\"https:\/\/www.zurgnadenmutter.com\/cs\/produkt\/olio-per-massaggi-verbasco-iperico-mariazeller\/\",\"name\":\"Olio per massaggi al verbasco e iperico Mariazeller - Apotheke &amp; Drogerie zur Gnadenmutter - Mariazell\",\"isPartOf\":{\"@id\":\"https:\/\/www.zurgnadenmutter.com\/#website\"},\"primaryImageOfPage\":{\"@id\":\"https:\/\/www.zurgnadenmutter.com\/cs\/produkt\/olio-per-massaggi-verbasco-iperico-mariazeller\/#primaryimage\"},\"image\":{\"@id\":\"https:\/\/www.zurgnadenmutter.com\/cs\/produkt\/olio-per-massaggi-verbasco-iperico-mariazeller\/#primaryimage\"},\"thumbnailUrl\":\"https:\/\/www.zurgnadenmutter.com\/wp-content\/uploads\/2016\/03\/Koenigskerze-Joh_2025-1-scaled.jpg\",\"datePublished\":\"2016-03-11T11:31:35+00:00\",\"dateModified\":\"2023-04-21T14:50:57+00:00\",\"breadcrumb\":{\"@id\":\"https:\/\/www.zurgnadenmutter.com\/cs\/produkt\/olio-per-massaggi-verbasco-iperico-mariazeller\/#breadcrumb\"},\"inLanguage\":\"cs\",\"potentialAction\":[{\"@type\":\"ReadAction\",\"target\":[\"https:\/\/www.zurgnadenmutter.com\/cs\/produkt\/olio-per-massaggi-verbasco-iperico-mariazeller\/\"]}]},{\"@type\":\"ImageObject\",\"inLanguage\":\"cs\",\"@id\":\"https:\/\/www.zurgnadenmutter.com\/cs\/produkt\/olio-per-massaggi-verbasco-iperico-mariazeller\/#primaryimage\",\"url\":\"https:\/\/www.zurgnadenmutter.com\/wp-content\/uploads\/2016\/03\/Koenigskerze-Joh_2025-1-scaled.jpg\",\"contentUrl\":\"https:\/\/www.zurgnadenmutter.com\/wp-content\/uploads\/2016\/03\/Koenigskerze-Joh_2025-1-scaled.jpg\",\"width\":1920,\"height\":2560},{\"@type\":\"BreadcrumbList\",\"@id\":\"https:\/\/www.zurgnadenmutter.com\/cs\/produkt\/olio-per-massaggi-verbasco-iperico-mariazeller\/#breadcrumb\",\"itemListElement\":[{\"@type\":\"ListItem\",\"position\":1,\"name\":\"Startseite\",\"item\":\"https:\/\/www.zurgnadenmutter.com\/cs\/\"},{\"@type\":\"ListItem\",\"position\":2,\"name\":\"Shop\",\"item\":\"https:\/\/www.zurgnadenmutter.com\/cs\/shop\/\"},{\"@type\":\"ListItem\",\"position\":3,\"name\":\"Olio per massaggi al verbasco e iperico Mariazeller\"}]},{\"@type\":\"WebSite\",\"@id\":\"https:\/\/www.zurgnadenmutter.com\/#website\",\"url\":\"https:\/\/www.zurgnadenmutter.com\/\",\"name\":\"Apotheke &amp; Drogerie zur Gnadenmutter - Mariazell\",\"description\":\"Apotheke Mariazell\",\"potentialAction\":[{\"@type\":\"SearchAction\",\"target\":{\"@type\":\"EntryPoint\",\"urlTemplate\":\"https:\/\/www.zurgnadenmutter.com\/?s={search_term_string}\"},\"query-input\":{\"@type\":\"PropertyValueSpecification\",\"valueRequired\":true,\"valueName\":\"search_term_string\"}}],\"inLanguage\":\"cs\"}]}<\/script>\n<!-- \/ Yoast SEO plugin. -->","yoast_head_json":{"title":"Olio per massaggi al verbasco e iperico Mariazeller - Apotheke &amp; Drogerie zur Gnadenmutter - Mariazell","robots":{"index":"index","follow":"follow","max-snippet":"max-snippet:-1","max-image-preview":"max-image-preview:large","max-video-preview":"max-video-preview:-1"},"canonical":"https:\/\/www.zurgnadenmutter.com\/cs\/produkt\/olio-per-massaggi-verbasco-iperico-mariazeller\/","og_locale":"cs_CZ","og_type":"article","og_title":"Olio per massaggi al verbasco e iperico Mariazeller - Apotheke &amp; Drogerie zur Gnadenmutter - Mariazell","og_description":"Benefico olio per massaggi, ideale per muscoli e articolazioni. il cuore di questo prodotto \u00e8 il meraviglioso verbasco, gi\u00e0 molto apprezzato da Ippocrate e da Ildegarda di Bingen. Non da ultimo, il verbasco \u00e8 ritenuto lo scettro della Madre di Dio ed \u00e8 quindi una pianta mariana. Il suo estratto unico in combinazione con l'olio d'oliva nutre la pelle e la rende elastica.","og_url":"https:\/\/www.zurgnadenmutter.com\/cs\/produkt\/olio-per-massaggi-verbasco-iperico-mariazeller\/","og_site_name":"Apotheke &amp; Drogerie zur Gnadenmutter - Mariazell","article_modified_time":"2023-04-21T14:50:57+00:00","og_image":[{"width":1920,"height":2560,"url":"https:\/\/www.zurgnadenmutter.com\/wp-content\/uploads\/2016\/03\/Koenigskerze-Joh_2025-scaled.jpg","type":"image\/jpeg"}],"twitter_card":"summary_large_image","schema":{"@context":"https:\/\/schema.org","@graph":[{"@type":"WebPage","@id":"https:\/\/www.zurgnadenmutter.com\/cs\/produkt\/olio-per-massaggi-verbasco-iperico-mariazeller\/","url":"https:\/\/www.zurgnadenmutter.com\/cs\/produkt\/olio-per-massaggi-verbasco-iperico-mariazeller\/","name":"Olio per massaggi al verbasco e iperico Mariazeller - Apotheke &amp; Drogerie zur Gnadenmutter - Mariazell","isPartOf":{"@id":"https:\/\/www.zurgnadenmutter.com\/#website"},"primaryImageOfPage":{"@id":"https:\/\/www.zurgnadenmutter.com\/cs\/produkt\/olio-per-massaggi-verbasco-iperico-mariazeller\/#primaryimage"},"image":{"@id":"https:\/\/www.zurgnadenmutter.com\/cs\/produkt\/olio-per-massaggi-verbasco-iperico-mariazeller\/#primaryimage"},"thumbnailUrl":"https:\/\/www.zurgnadenmutter.com\/wp-content\/uploads\/2016\/03\/Koenigskerze-Joh_2025-1-scaled.jpg","datePublished":"2016-03-11T11:31:35+00:00","dateModified":"2023-04-21T14:50:57+00:00","breadcrumb":{"@id":"https:\/\/www.zurgnadenmutter.com\/cs\/produkt\/olio-per-massaggi-verbasco-iperico-mariazeller\/#breadcrumb"},"inLanguage":"cs","potentialAction":[{"@type":"ReadAction","target":["https:\/\/www.zurgnadenmutter.com\/cs\/produkt\/olio-per-massaggi-verbasco-iperico-mariazeller\/"]}]},{"@type":"ImageObject","inLanguage":"cs","@id":"https:\/\/www.zurgnadenmutter.com\/cs\/produkt\/olio-per-massaggi-verbasco-iperico-mariazeller\/#primaryimage","url":"https:\/\/www.zurgnadenmutter.com\/wp-content\/uploads\/2016\/03\/Koenigskerze-Joh_2025-1-scaled.jpg","contentUrl":"https:\/\/www.zurgnadenmutter.com\/wp-content\/uploads\/2016\/03\/Koenigskerze-Joh_2025-1-scaled.jpg","width":1920,"height":2560},{"@type":"BreadcrumbList","@id":"https:\/\/www.zurgnadenmutter.com\/cs\/produkt\/olio-per-massaggi-verbasco-iperico-mariazeller\/#breadcrumb","itemListElement":[{"@type":"ListItem","position":1,"name":"Startseite","item":"https:\/\/www.zurgnadenmutter.com\/cs\/"},{"@type":"ListItem","position":2,"name":"Shop","item":"https:\/\/www.zurgnadenmutter.com\/cs\/shop\/"},{"@type":"ListItem","position":3,"name":"Olio per massaggi al verbasco e iperico Mariazeller"}]},{"@type":"WebSite","@id":"https:\/\/www.zurgnadenmutter.com\/#website","url":"https:\/\/www.zurgnadenmutter.com\/","name":"Apotheke &amp; Drogerie zur Gnadenmutter - Mariazell","description":"Apotheke Mariazell","potentialAction":[{"@type":"SearchAction","target":{"@type":"EntryPoint","urlTemplate":"https:\/\/www.zurgnadenmutter.com\/?s={search_term_string}"},"query-input":{"@type":"PropertyValueSpecification","valueRequired":true,"valueName":"search_term_string"}}],"inLanguage":"cs"}]}},"_links":{"self":[{"href":"https:\/\/www.zurgnadenmutter.com\/cs\/wp-json\/wp\/v2\/product\/42024","targetHints":{"allow":["GET"]}}],"collection":[{"href":"https:\/\/www.zurgnadenmutter.com\/cs\/wp-json\/wp\/v2\/product"}],"about":[{"href":"https:\/\/www.zurgnadenmutter.com\/cs\/wp-json\/wp\/v2\/types\/product"}],"replies":[{"embeddable":true,"href":"https:\/\/www.zurgnadenmutter.com\/cs\/wp-json\/wp\/v2\/comments?post=42024"}],"wp:featuredmedia":[{"embeddable":true,"href":"https:\/\/www.zurgnadenmutter.com\/cs\/wp-json\/wp\/v2\/media\/79609"}],"wp:attachment":[{"href":"https:\/\/www.zurgnadenmutter.com\/cs\/wp-json\/wp\/v2\/media?parent=42024"}],"wp:term":[{"taxonomy":"product_brand","embeddable":true,"href":"https:\/\/www.zurgnadenmutter.com\/cs\/wp-json\/wp\/v2\/product_brand?post=42024"},{"taxonomy":"product_cat","embeddable":true,"href":"https:\/\/www.zurgnadenmutter.com\/cs\/wp-json\/wp\/v2\/product_cat?post=42024"},{"taxonomy":"product_tag","embeddable":true,"href":"https:\/\/www.zurgnadenmutter.com\/cs\/wp-json\/wp\/v2\/product_tag?post=42024"}],"curies":[{"name":"wp","href":"https:\/\/api.w.org\/{rel}","templated":true}]}}