{"id":41801,"date":"2019-02-06T11:06:57","date_gmt":"2019-02-06T10:06:57","guid":{"rendered":"https:\/\/www.zurgnadenmutter.com\/shop\/mariazellsky-povzbuzujici-caj-nahradni-baleni-bez-dozy\/"},"modified":"2022-09-12T20:38:29","modified_gmt":"2022-09-12T18:38:29","slug":"mariazellsky-povzbuzujici-caj-nahradni-baleni-bez-dozy","status":"publish","type":"product","link":"https:\/\/www.zurgnadenmutter.com\/cs\/produkt\/mariazellsky-povzbuzujici-caj-nahradni-baleni-bez-dozy\/","title":{"rendered":"Mariazellsk\u00fd povzbuzuj\u00edc\u00ed \u010daj, n\u00e1hradn\u00ed balen\u00ed bez d\u00f3zy"},"content":{"rendered":"<p>Zvy\u0161uje fyzickou i psychickou v\u00fdkonnost, dod\u00e1v\u00e1 vitalitu a energii, p\u016fsob\u00ed antioxida\u010dn\u011b proti radik\u00e1l\u016fm, je bohat\u00fd na vitam\u00edn C. Napom\u00e1h\u00e1 obrann\u00e9mu syst\u00e9mu organismu, podporuje tvorbu tr\u00e1vic\u00edch \u0161\u0165\u00e1v a podporuje vlastn\u00ed detoxika\u010dn\u00ed funkci organismu. Pro zdrav\u00fd krevn\u00ed ob\u011bh, zdrav\u00e9 tr\u00e1ven\u00ed a zdravou acidobazickou rovnov\u00e1hu. Jable\u010dn\u00e1 vl\u00e1knina pom\u00e1h\u00e1 regulovat chu\u0165 k j\u00eddlu a hmotnost. Ovocn\u00fd pektin pom\u00e1h\u00e1 regulovat vst\u0159eb\u00e1v\u00e1n\u00ed tuk\u016f, podporuje regulaci krevn\u00edch tuk\u016f, hladinu krevn\u00edho cukru a regulaci vyprazd\u0148ov\u00e1n\u00ed.<\/p>\n","protected":false},"excerpt":{"rendered":"<p>Zv\u00fd\u0161en\u00ed fyzick\u00e9 a du\u0161evn\u00ed v\u00fdkonnosti, dod\u00e1n\u00ed vitality a energie<\/p>\n","protected":false},"featured_media":84793,"comment_status":"closed","ping_status":"closed","template":"","meta":{"_acf_changed":false},"product_brand":[],"product_cat":[381],"product_tag":[],"class_list":{"0":"post-41801","1":"product","2":"type-product","3":"status-publish","4":"has-post-thumbnail","6":"product_cat-cajove-smesi","8":"first","9":"instock","10":"taxable","11":"shipping-taxable","12":"purchasable","13":"product-type-simple"},"acf":[],"yoast_head":"<!-- This site is optimized with the Yoast SEO plugin v27.2 - https:\/\/yoast.com\/product\/yoast-seo-wordpress\/ -->\n<title>Mariazellsk\u00fd povzbuzuj\u00edc\u00ed \u010daj, n\u00e1hradn\u00ed balen\u00ed bez d\u00f3zy - Apotheke &amp; Drogerie zur Gnadenmutter - Mariazell<\/title>\n<meta name=\"robots\" content=\"index, follow, max-snippet:-1, max-image-preview:large, max-video-preview:-1\" \/>\n<link rel=\"canonical\" href=\"https:\/\/www.zurgnadenmutter.com\/cs\/produkt\/mariazellsky-povzbuzujici-caj-nahradni-baleni-bez-dozy\/\" \/>\n<meta property=\"og:locale\" content=\"cs_CZ\" \/>\n<meta property=\"og:type\" content=\"article\" \/>\n<meta property=\"og:title\" content=\"Mariazellsk\u00fd povzbuzuj\u00edc\u00ed \u010daj, n\u00e1hradn\u00ed balen\u00ed bez d\u00f3zy - Apotheke &amp; Drogerie zur Gnadenmutter - Mariazell\" \/>\n<meta property=\"og:description\" content=\"Zv\u00fd\u0161en\u00ed fyzick\u00e9 a du\u0161evn\u00ed v\u00fdkonnosti, dod\u00e1n\u00ed vitality a energie\" \/>\n<meta property=\"og:url\" content=\"https:\/\/www.zurgnadenmutter.com\/cs\/produkt\/mariazellsky-povzbuzujici-caj-nahradni-baleni-bez-dozy\/\" \/>\n<meta property=\"og:site_name\" content=\"Apotheke &amp; Drogerie zur Gnadenmutter - Mariazell\" \/>\n<meta property=\"article:modified_time\" content=\"2022-09-12T18:38:29+00:00\" \/>\n<meta property=\"og:image\" content=\"https:\/\/www.zurgnadenmutter.com\/wp-content\/uploads\/2019\/02\/MARIAZELLER-ENERGIE-TEE-NF-1-scaled.jpg\" \/>\n\t<meta property=\"og:image:width\" content=\"1920\" \/>\n\t<meta property=\"og:image:height\" content=\"2560\" \/>\n\t<meta property=\"og:image:type\" content=\"image\/jpeg\" \/>\n<meta name=\"twitter:card\" content=\"summary_large_image\" \/>\n<script type=\"application\/ld+json\" class=\"yoast-schema-graph\">{\"@context\":\"https:\/\/schema.org\",\"@graph\":[{\"@type\":\"WebPage\",\"@id\":\"https:\/\/www.zurgnadenmutter.com\/cs\/produkt\/mariazellsky-povzbuzujici-caj-nahradni-baleni-bez-dozy\/\",\"url\":\"https:\/\/www.zurgnadenmutter.com\/cs\/produkt\/mariazellsky-povzbuzujici-caj-nahradni-baleni-bez-dozy\/\",\"name\":\"Mariazellsk\u00fd povzbuzuj\u00edc\u00ed \u010daj, n\u00e1hradn\u00ed balen\u00ed bez d\u00f3zy - Apotheke &amp; Drogerie zur Gnadenmutter - Mariazell\",\"isPartOf\":{\"@id\":\"https:\/\/www.zurgnadenmutter.com\/#website\"},\"primaryImageOfPage\":{\"@id\":\"https:\/\/www.zurgnadenmutter.com\/cs\/produkt\/mariazellsky-povzbuzujici-caj-nahradni-baleni-bez-dozy\/#primaryimage\"},\"image\":{\"@id\":\"https:\/\/www.zurgnadenmutter.com\/cs\/produkt\/mariazellsky-povzbuzujici-caj-nahradni-baleni-bez-dozy\/#primaryimage\"},\"thumbnailUrl\":\"https:\/\/www.zurgnadenmutter.com\/wp-content\/uploads\/2019\/02\/Energie-Tee-NF-scaled.jpg\",\"datePublished\":\"2019-02-06T10:06:57+00:00\",\"dateModified\":\"2022-09-12T18:38:29+00:00\",\"breadcrumb\":{\"@id\":\"https:\/\/www.zurgnadenmutter.com\/cs\/produkt\/mariazellsky-povzbuzujici-caj-nahradni-baleni-bez-dozy\/#breadcrumb\"},\"inLanguage\":\"cs\",\"potentialAction\":[{\"@type\":\"ReadAction\",\"target\":[\"https:\/\/www.zurgnadenmutter.com\/cs\/produkt\/mariazellsky-povzbuzujici-caj-nahradni-baleni-bez-dozy\/\"]}]},{\"@type\":\"ImageObject\",\"inLanguage\":\"cs\",\"@id\":\"https:\/\/www.zurgnadenmutter.com\/cs\/produkt\/mariazellsky-povzbuzujici-caj-nahradni-baleni-bez-dozy\/#primaryimage\",\"url\":\"https:\/\/www.zurgnadenmutter.com\/wp-content\/uploads\/2019\/02\/Energie-Tee-NF-scaled.jpg\",\"contentUrl\":\"https:\/\/www.zurgnadenmutter.com\/wp-content\/uploads\/2019\/02\/Energie-Tee-NF-scaled.jpg\",\"width\":1920,\"height\":2560},{\"@type\":\"BreadcrumbList\",\"@id\":\"https:\/\/www.zurgnadenmutter.com\/cs\/produkt\/mariazellsky-povzbuzujici-caj-nahradni-baleni-bez-dozy\/#breadcrumb\",\"itemListElement\":[{\"@type\":\"ListItem\",\"position\":1,\"name\":\"Startseite\",\"item\":\"https:\/\/www.zurgnadenmutter.com\/cs\/\"},{\"@type\":\"ListItem\",\"position\":2,\"name\":\"Shop\",\"item\":\"https:\/\/www.zurgnadenmutter.com\/cs\/shop\/\"},{\"@type\":\"ListItem\",\"position\":3,\"name\":\"Mariazellsk\u00fd povzbuzuj\u00edc\u00ed \u010daj, n\u00e1hradn\u00ed balen\u00ed bez d\u00f3zy\"}]},{\"@type\":\"WebSite\",\"@id\":\"https:\/\/www.zurgnadenmutter.com\/#website\",\"url\":\"https:\/\/www.zurgnadenmutter.com\/\",\"name\":\"Apotheke &amp; Drogerie zur Gnadenmutter - Mariazell\",\"description\":\"Apotheke Mariazell\",\"potentialAction\":[{\"@type\":\"SearchAction\",\"target\":{\"@type\":\"EntryPoint\",\"urlTemplate\":\"https:\/\/www.zurgnadenmutter.com\/?s={search_term_string}\"},\"query-input\":{\"@type\":\"PropertyValueSpecification\",\"valueRequired\":true,\"valueName\":\"search_term_string\"}}],\"inLanguage\":\"cs\"}]}<\/script>\n<!-- \/ Yoast SEO plugin. -->","yoast_head_json":{"title":"Mariazellsk\u00fd povzbuzuj\u00edc\u00ed \u010daj, n\u00e1hradn\u00ed balen\u00ed bez d\u00f3zy - Apotheke &amp; Drogerie zur Gnadenmutter - Mariazell","robots":{"index":"index","follow":"follow","max-snippet":"max-snippet:-1","max-image-preview":"max-image-preview:large","max-video-preview":"max-video-preview:-1"},"canonical":"https:\/\/www.zurgnadenmutter.com\/cs\/produkt\/mariazellsky-povzbuzujici-caj-nahradni-baleni-bez-dozy\/","og_locale":"cs_CZ","og_type":"article","og_title":"Mariazellsk\u00fd povzbuzuj\u00edc\u00ed \u010daj, n\u00e1hradn\u00ed balen\u00ed bez d\u00f3zy - Apotheke &amp; Drogerie zur Gnadenmutter - Mariazell","og_description":"Zv\u00fd\u0161en\u00ed fyzick\u00e9 a du\u0161evn\u00ed v\u00fdkonnosti, dod\u00e1n\u00ed vitality a energie","og_url":"https:\/\/www.zurgnadenmutter.com\/cs\/produkt\/mariazellsky-povzbuzujici-caj-nahradni-baleni-bez-dozy\/","og_site_name":"Apotheke &amp; Drogerie zur Gnadenmutter - Mariazell","article_modified_time":"2022-09-12T18:38:29+00:00","og_image":[{"width":1920,"height":2560,"url":"https:\/\/www.zurgnadenmutter.com\/wp-content\/uploads\/2019\/02\/MARIAZELLER-ENERGIE-TEE-NF-1-scaled.jpg","type":"image\/jpeg"}],"twitter_card":"summary_large_image","schema":{"@context":"https:\/\/schema.org","@graph":[{"@type":"WebPage","@id":"https:\/\/www.zurgnadenmutter.com\/cs\/produkt\/mariazellsky-povzbuzujici-caj-nahradni-baleni-bez-dozy\/","url":"https:\/\/www.zurgnadenmutter.com\/cs\/produkt\/mariazellsky-povzbuzujici-caj-nahradni-baleni-bez-dozy\/","name":"Mariazellsk\u00fd povzbuzuj\u00edc\u00ed \u010daj, n\u00e1hradn\u00ed balen\u00ed bez d\u00f3zy - Apotheke &amp; Drogerie zur Gnadenmutter - Mariazell","isPartOf":{"@id":"https:\/\/www.zurgnadenmutter.com\/#website"},"primaryImageOfPage":{"@id":"https:\/\/www.zurgnadenmutter.com\/cs\/produkt\/mariazellsky-povzbuzujici-caj-nahradni-baleni-bez-dozy\/#primaryimage"},"image":{"@id":"https:\/\/www.zurgnadenmutter.com\/cs\/produkt\/mariazellsky-povzbuzujici-caj-nahradni-baleni-bez-dozy\/#primaryimage"},"thumbnailUrl":"https:\/\/www.zurgnadenmutter.com\/wp-content\/uploads\/2019\/02\/Energie-Tee-NF-scaled.jpg","datePublished":"2019-02-06T10:06:57+00:00","dateModified":"2022-09-12T18:38:29+00:00","breadcrumb":{"@id":"https:\/\/www.zurgnadenmutter.com\/cs\/produkt\/mariazellsky-povzbuzujici-caj-nahradni-baleni-bez-dozy\/#breadcrumb"},"inLanguage":"cs","potentialAction":[{"@type":"ReadAction","target":["https:\/\/www.zurgnadenmutter.com\/cs\/produkt\/mariazellsky-povzbuzujici-caj-nahradni-baleni-bez-dozy\/"]}]},{"@type":"ImageObject","inLanguage":"cs","@id":"https:\/\/www.zurgnadenmutter.com\/cs\/produkt\/mariazellsky-povzbuzujici-caj-nahradni-baleni-bez-dozy\/#primaryimage","url":"https:\/\/www.zurgnadenmutter.com\/wp-content\/uploads\/2019\/02\/Energie-Tee-NF-scaled.jpg","contentUrl":"https:\/\/www.zurgnadenmutter.com\/wp-content\/uploads\/2019\/02\/Energie-Tee-NF-scaled.jpg","width":1920,"height":2560},{"@type":"BreadcrumbList","@id":"https:\/\/www.zurgnadenmutter.com\/cs\/produkt\/mariazellsky-povzbuzujici-caj-nahradni-baleni-bez-dozy\/#breadcrumb","itemListElement":[{"@type":"ListItem","position":1,"name":"Startseite","item":"https:\/\/www.zurgnadenmutter.com\/cs\/"},{"@type":"ListItem","position":2,"name":"Shop","item":"https:\/\/www.zurgnadenmutter.com\/cs\/shop\/"},{"@type":"ListItem","position":3,"name":"Mariazellsk\u00fd povzbuzuj\u00edc\u00ed \u010daj, n\u00e1hradn\u00ed balen\u00ed bez d\u00f3zy"}]},{"@type":"WebSite","@id":"https:\/\/www.zurgnadenmutter.com\/#website","url":"https:\/\/www.zurgnadenmutter.com\/","name":"Apotheke &amp; Drogerie zur Gnadenmutter - Mariazell","description":"Apotheke Mariazell","potentialAction":[{"@type":"SearchAction","target":{"@type":"EntryPoint","urlTemplate":"https:\/\/www.zurgnadenmutter.com\/?s={search_term_string}"},"query-input":{"@type":"PropertyValueSpecification","valueRequired":true,"valueName":"search_term_string"}}],"inLanguage":"cs"}]}},"_links":{"self":[{"href":"https:\/\/www.zurgnadenmutter.com\/cs\/wp-json\/wp\/v2\/product\/41801","targetHints":{"allow":["GET"]}}],"collection":[{"href":"https:\/\/www.zurgnadenmutter.com\/cs\/wp-json\/wp\/v2\/product"}],"about":[{"href":"https:\/\/www.zurgnadenmutter.com\/cs\/wp-json\/wp\/v2\/types\/product"}],"replies":[{"embeddable":true,"href":"https:\/\/www.zurgnadenmutter.com\/cs\/wp-json\/wp\/v2\/comments?post=41801"}],"wp:featuredmedia":[{"embeddable":true,"href":"https:\/\/www.zurgnadenmutter.com\/cs\/wp-json\/wp\/v2\/media\/84793"}],"wp:attachment":[{"href":"https:\/\/www.zurgnadenmutter.com\/cs\/wp-json\/wp\/v2\/media?parent=41801"}],"wp:term":[{"taxonomy":"product_brand","embeddable":true,"href":"https:\/\/www.zurgnadenmutter.com\/cs\/wp-json\/wp\/v2\/product_brand?post=41801"},{"taxonomy":"product_cat","embeddable":true,"href":"https:\/\/www.zurgnadenmutter.com\/cs\/wp-json\/wp\/v2\/product_cat?post=41801"},{"taxonomy":"product_tag","embeddable":true,"href":"https:\/\/www.zurgnadenmutter.com\/cs\/wp-json\/wp\/v2\/product_tag?post=41801"}],"curies":[{"name":"wp","href":"https:\/\/api.w.org\/{rel}","templated":true}]}}