{"id":41751,"date":"2017-09-11T14:49:30","date_gmt":"2022-09-12T18:38:11","guid":{"rendered":"https:\/\/www.zurgnadenmutter.com\/shop\/lecive-rostliny-tradicni-evropske-mediciny-2-vydani-dr-angelica-riffel\/"},"modified":"2022-09-12T20:38:11","modified_gmt":"2022-09-12T18:38:11","slug":"lecive-rostliny-tradicni-evropske-mediciny-dr-angelika-prentner","status":"publish","type":"product","link":"https:\/\/www.zurgnadenmutter.com\/cs\/produkt\/lecive-rostliny-tradicni-evropske-mediciny-dr-angelika-prentner\/","title":{"rendered":"L\u00e9\u010div\u00e9 rostliny tradi\u010dn\u00ed evropsk\u00e9 medic\u00edny, 2. vyd\u00e1n\u00ed, Dr.\u00a0Angelica Riffel"},"content":{"rendered":"<p>Tato kniha je komplexn\u011b a p\u0159ehledn\u011b v\u011bnov\u00e1na vyu\u017eit\u00ed p\u016fvodn\u00edch rostlin k l\u00e9\u010db\u011b a prevenci b\u011b\u017en\u00fdch nemoc\u00ed. Krom\u011b toho jsou zde uvedeny r\u016fzn\u00e9 zp\u016fsoby p\u0159\u00edpravy l\u00e9\u010div\u00fdch rostlin. V\u011bt\u0161\u00ed \u010d\u00e1st nab\u00edz\u00ed dobr\u00fd p\u0159ehled o \u00fa\u010dinc\u00edch a vyu\u017eit\u00ed m\u00edstn\u00edch l\u00e9\u010div\u00fdch rostlin se\u0159azen\u00fdch podle r\u016fzn\u00fdch syst\u00e9m\u016f org\u00e1n\u016f. Slovem i obrazem jsou prezentov\u00e1ny m\u00edstn\u00ed l\u00e9\u010div\u00e9 rostliny s jejich \u00fa\u010dinkem, mo\u017enostmi aplikace a p\u0159\u00edpravy pro jednotliv\u00e9 klinick\u00e9 obrazy a \u010dast\u00e9 indikace.<\/p>\n<p>2. vyd\u00e1n\u00ed<\/p>\n<p>&nbsp;<\/p>\n","protected":false},"excerpt":{"rendered":"<p>Tato kniha je komplexn\u011b a p\u0159ehledn\u011b v\u011bnov\u00e1na vyu\u017eit\u00ed p\u016fvodn\u00edch rostlin k l\u00e9\u010db\u011b a prevenci b\u011b\u017en\u00fdch nemoc\u00ed. Krom\u011b toho jsou zde uvedeny r\u016fzn\u00e9 zp\u016fsoby p\u0159\u00edpravy l\u00e9\u010div\u00fdch rostlin. V\u011bt\u0161\u00ed \u010d\u00e1st nab\u00edz\u00ed dobr\u00fd&#8230;<\/p>\n","protected":false},"featured_media":61527,"comment_status":"closed","ping_status":"closed","template":"","meta":{"_acf_changed":false},"product_brand":[],"product_cat":[363],"product_tag":[],"class_list":{"0":"post-41751","1":"product","2":"type-product","3":"status-publish","4":"has-post-thumbnail","6":"product_cat-knihy","8":"first","9":"instock","10":"taxable","11":"shipping-taxable","12":"purchasable","13":"product-type-simple"},"acf":[],"yoast_head":"<!-- This site is optimized with the Yoast SEO plugin v27.2 - https:\/\/yoast.com\/product\/yoast-seo-wordpress\/ -->\n<title>L\u00e9\u010div\u00e9 rostliny tradi\u010dn\u00ed evropsk\u00e9 medic\u00edny, 2. vyd\u00e1n\u00ed, Dr.\u00a0Angelica Riffel - Apotheke &amp; Drogerie zur Gnadenmutter - Mariazell<\/title>\n<meta name=\"robots\" content=\"index, follow, max-snippet:-1, max-image-preview:large, max-video-preview:-1\" \/>\n<link rel=\"canonical\" href=\"https:\/\/www.zurgnadenmutter.com\/cs\/produkt\/lecive-rostliny-tradicni-evropske-mediciny-dr-angelika-prentner\/\" \/>\n<meta property=\"og:locale\" content=\"cs_CZ\" \/>\n<meta property=\"og:type\" content=\"article\" \/>\n<meta property=\"og:title\" content=\"L\u00e9\u010div\u00e9 rostliny tradi\u010dn\u00ed evropsk\u00e9 medic\u00edny, 2. vyd\u00e1n\u00ed, Dr.\u00a0Angelica Riffel - Apotheke &amp; Drogerie zur Gnadenmutter - Mariazell\" \/>\n<meta property=\"og:description\" content=\"Tato kniha je komplexn\u011b a p\u0159ehledn\u011b v\u011bnov\u00e1na vyu\u017eit\u00ed p\u016fvodn\u00edch rostlin k l\u00e9\u010db\u011b a prevenci b\u011b\u017en\u00fdch nemoc\u00ed. Krom\u011b toho jsou zde uvedeny r\u016fzn\u00e9 zp\u016fsoby p\u0159\u00edpravy l\u00e9\u010div\u00fdch rostlin. V\u011bt\u0161\u00ed \u010d\u00e1st nab\u00edz\u00ed dobr\u00fd...\" \/>\n<meta property=\"og:url\" content=\"https:\/\/www.zurgnadenmutter.com\/cs\/produkt\/lecive-rostliny-tradicni-evropske-mediciny-dr-angelika-prentner\/\" \/>\n<meta property=\"og:site_name\" content=\"Apotheke &amp; Drogerie zur Gnadenmutter - Mariazell\" \/>\n<meta property=\"og:image\" content=\"https:\/\/www.zurgnadenmutter.com\/wp-content\/uploads\/2017\/09\/heilpflanzen-der-traditionellen-europaeischen-medizin-gebundene-ausgabe-angelika-riffel.webp\" \/>\n\t<meta property=\"og:image:width\" content=\"386\" \/>\n\t<meta property=\"og:image:height\" content=\"600\" \/>\n\t<meta property=\"og:image:type\" content=\"image\/webp\" \/>\n<meta name=\"twitter:card\" content=\"summary_large_image\" \/>\n<meta name=\"twitter:label1\" content=\"Odhadovan\u00e1 doba \u010dten\u00ed\" \/>\n\t<meta name=\"twitter:data1\" content=\"1 minuta\" \/>\n<script type=\"application\/ld+json\" class=\"yoast-schema-graph\">{\"@context\":\"https:\/\/schema.org\",\"@graph\":[{\"@type\":\"WebPage\",\"@id\":\"https:\/\/www.zurgnadenmutter.com\/cs\/produkt\/lecive-rostliny-tradicni-evropske-mediciny-dr-angelika-prentner\/\",\"url\":\"https:\/\/www.zurgnadenmutter.com\/cs\/produkt\/lecive-rostliny-tradicni-evropske-mediciny-dr-angelika-prentner\/\",\"name\":\"L\u00e9\u010div\u00e9 rostliny tradi\u010dn\u00ed evropsk\u00e9 medic\u00edny, 2. vyd\u00e1n\u00ed, Dr.\u00a0Angelica Riffel - Apotheke &amp; Drogerie zur Gnadenmutter - Mariazell\",\"isPartOf\":{\"@id\":\"https:\/\/www.zurgnadenmutter.com\/#website\"},\"primaryImageOfPage\":{\"@id\":\"https:\/\/www.zurgnadenmutter.com\/cs\/produkt\/lecive-rostliny-tradicni-evropske-mediciny-dr-angelika-prentner\/#primaryimage\"},\"image\":{\"@id\":\"https:\/\/www.zurgnadenmutter.com\/cs\/produkt\/lecive-rostliny-tradicni-evropske-mediciny-dr-angelika-prentner\/#primaryimage\"},\"thumbnailUrl\":\"https:\/\/www.zurgnadenmutter.com\/wp-content\/uploads\/2017\/09\/heilpflanzen-der-traditionellen-europaeischen-medizin-gebundene-ausgabe-angelika-riffel.webp\",\"datePublished\":\"2022-09-12T18:38:11+00:00\",\"breadcrumb\":{\"@id\":\"https:\/\/www.zurgnadenmutter.com\/cs\/produkt\/lecive-rostliny-tradicni-evropske-mediciny-dr-angelika-prentner\/#breadcrumb\"},\"inLanguage\":\"cs\",\"potentialAction\":[{\"@type\":\"ReadAction\",\"target\":[\"https:\/\/www.zurgnadenmutter.com\/cs\/produkt\/lecive-rostliny-tradicni-evropske-mediciny-dr-angelika-prentner\/\"]}]},{\"@type\":\"ImageObject\",\"inLanguage\":\"cs\",\"@id\":\"https:\/\/www.zurgnadenmutter.com\/cs\/produkt\/lecive-rostliny-tradicni-evropske-mediciny-dr-angelika-prentner\/#primaryimage\",\"url\":\"https:\/\/www.zurgnadenmutter.com\/wp-content\/uploads\/2017\/09\/heilpflanzen-der-traditionellen-europaeischen-medizin-gebundene-ausgabe-angelika-riffel.webp\",\"contentUrl\":\"https:\/\/www.zurgnadenmutter.com\/wp-content\/uploads\/2017\/09\/heilpflanzen-der-traditionellen-europaeischen-medizin-gebundene-ausgabe-angelika-riffel.webp\",\"width\":386,\"height\":600},{\"@type\":\"BreadcrumbList\",\"@id\":\"https:\/\/www.zurgnadenmutter.com\/cs\/produkt\/lecive-rostliny-tradicni-evropske-mediciny-dr-angelika-prentner\/#breadcrumb\",\"itemListElement\":[{\"@type\":\"ListItem\",\"position\":1,\"name\":\"Startseite\",\"item\":\"https:\/\/www.zurgnadenmutter.com\/cs\/\"},{\"@type\":\"ListItem\",\"position\":2,\"name\":\"Shop\",\"item\":\"https:\/\/www.zurgnadenmutter.com\/cs\/shop\/\"},{\"@type\":\"ListItem\",\"position\":3,\"name\":\"L\u00e9\u010div\u00e9 rostliny tradi\u010dn\u00ed evropsk\u00e9 medic\u00edny, 2. vyd\u00e1n\u00ed, Dr.\u00a0Angelica Riffel\"}]},{\"@type\":\"WebSite\",\"@id\":\"https:\/\/www.zurgnadenmutter.com\/#website\",\"url\":\"https:\/\/www.zurgnadenmutter.com\/\",\"name\":\"Apotheke &amp; Drogerie zur Gnadenmutter - Mariazell\",\"description\":\"Apotheke Mariazell\",\"potentialAction\":[{\"@type\":\"SearchAction\",\"target\":{\"@type\":\"EntryPoint\",\"urlTemplate\":\"https:\/\/www.zurgnadenmutter.com\/?s={search_term_string}\"},\"query-input\":{\"@type\":\"PropertyValueSpecification\",\"valueRequired\":true,\"valueName\":\"search_term_string\"}}],\"inLanguage\":\"cs\"}]}<\/script>\n<!-- \/ Yoast SEO plugin. -->","yoast_head_json":{"title":"L\u00e9\u010div\u00e9 rostliny tradi\u010dn\u00ed evropsk\u00e9 medic\u00edny, 2. vyd\u00e1n\u00ed, Dr.\u00a0Angelica Riffel - Apotheke &amp; Drogerie zur Gnadenmutter - Mariazell","robots":{"index":"index","follow":"follow","max-snippet":"max-snippet:-1","max-image-preview":"max-image-preview:large","max-video-preview":"max-video-preview:-1"},"canonical":"https:\/\/www.zurgnadenmutter.com\/cs\/produkt\/lecive-rostliny-tradicni-evropske-mediciny-dr-angelika-prentner\/","og_locale":"cs_CZ","og_type":"article","og_title":"L\u00e9\u010div\u00e9 rostliny tradi\u010dn\u00ed evropsk\u00e9 medic\u00edny, 2. vyd\u00e1n\u00ed, Dr.\u00a0Angelica Riffel - Apotheke &amp; Drogerie zur Gnadenmutter - Mariazell","og_description":"Tato kniha je komplexn\u011b a p\u0159ehledn\u011b v\u011bnov\u00e1na vyu\u017eit\u00ed p\u016fvodn\u00edch rostlin k l\u00e9\u010db\u011b a prevenci b\u011b\u017en\u00fdch nemoc\u00ed. Krom\u011b toho jsou zde uvedeny r\u016fzn\u00e9 zp\u016fsoby p\u0159\u00edpravy l\u00e9\u010div\u00fdch rostlin. V\u011bt\u0161\u00ed \u010d\u00e1st nab\u00edz\u00ed dobr\u00fd...","og_url":"https:\/\/www.zurgnadenmutter.com\/cs\/produkt\/lecive-rostliny-tradicni-evropske-mediciny-dr-angelika-prentner\/","og_site_name":"Apotheke &amp; Drogerie zur Gnadenmutter - Mariazell","og_image":[{"width":386,"height":600,"url":"https:\/\/www.zurgnadenmutter.com\/wp-content\/uploads\/2017\/09\/heilpflanzen-der-traditionellen-europaeischen-medizin-gebundene-ausgabe-angelika-riffel.webp","type":"image\/webp"}],"twitter_card":"summary_large_image","twitter_misc":{"Odhadovan\u00e1 doba \u010dten\u00ed":"1 minuta"},"schema":{"@context":"https:\/\/schema.org","@graph":[{"@type":"WebPage","@id":"https:\/\/www.zurgnadenmutter.com\/cs\/produkt\/lecive-rostliny-tradicni-evropske-mediciny-dr-angelika-prentner\/","url":"https:\/\/www.zurgnadenmutter.com\/cs\/produkt\/lecive-rostliny-tradicni-evropske-mediciny-dr-angelika-prentner\/","name":"L\u00e9\u010div\u00e9 rostliny tradi\u010dn\u00ed evropsk\u00e9 medic\u00edny, 2. vyd\u00e1n\u00ed, Dr.\u00a0Angelica Riffel - Apotheke &amp; Drogerie zur Gnadenmutter - Mariazell","isPartOf":{"@id":"https:\/\/www.zurgnadenmutter.com\/#website"},"primaryImageOfPage":{"@id":"https:\/\/www.zurgnadenmutter.com\/cs\/produkt\/lecive-rostliny-tradicni-evropske-mediciny-dr-angelika-prentner\/#primaryimage"},"image":{"@id":"https:\/\/www.zurgnadenmutter.com\/cs\/produkt\/lecive-rostliny-tradicni-evropske-mediciny-dr-angelika-prentner\/#primaryimage"},"thumbnailUrl":"https:\/\/www.zurgnadenmutter.com\/wp-content\/uploads\/2017\/09\/heilpflanzen-der-traditionellen-europaeischen-medizin-gebundene-ausgabe-angelika-riffel.webp","datePublished":"2022-09-12T18:38:11+00:00","breadcrumb":{"@id":"https:\/\/www.zurgnadenmutter.com\/cs\/produkt\/lecive-rostliny-tradicni-evropske-mediciny-dr-angelika-prentner\/#breadcrumb"},"inLanguage":"cs","potentialAction":[{"@type":"ReadAction","target":["https:\/\/www.zurgnadenmutter.com\/cs\/produkt\/lecive-rostliny-tradicni-evropske-mediciny-dr-angelika-prentner\/"]}]},{"@type":"ImageObject","inLanguage":"cs","@id":"https:\/\/www.zurgnadenmutter.com\/cs\/produkt\/lecive-rostliny-tradicni-evropske-mediciny-dr-angelika-prentner\/#primaryimage","url":"https:\/\/www.zurgnadenmutter.com\/wp-content\/uploads\/2017\/09\/heilpflanzen-der-traditionellen-europaeischen-medizin-gebundene-ausgabe-angelika-riffel.webp","contentUrl":"https:\/\/www.zurgnadenmutter.com\/wp-content\/uploads\/2017\/09\/heilpflanzen-der-traditionellen-europaeischen-medizin-gebundene-ausgabe-angelika-riffel.webp","width":386,"height":600},{"@type":"BreadcrumbList","@id":"https:\/\/www.zurgnadenmutter.com\/cs\/produkt\/lecive-rostliny-tradicni-evropske-mediciny-dr-angelika-prentner\/#breadcrumb","itemListElement":[{"@type":"ListItem","position":1,"name":"Startseite","item":"https:\/\/www.zurgnadenmutter.com\/cs\/"},{"@type":"ListItem","position":2,"name":"Shop","item":"https:\/\/www.zurgnadenmutter.com\/cs\/shop\/"},{"@type":"ListItem","position":3,"name":"L\u00e9\u010div\u00e9 rostliny tradi\u010dn\u00ed evropsk\u00e9 medic\u00edny, 2. vyd\u00e1n\u00ed, Dr.\u00a0Angelica Riffel"}]},{"@type":"WebSite","@id":"https:\/\/www.zurgnadenmutter.com\/#website","url":"https:\/\/www.zurgnadenmutter.com\/","name":"Apotheke &amp; Drogerie zur Gnadenmutter - Mariazell","description":"Apotheke Mariazell","potentialAction":[{"@type":"SearchAction","target":{"@type":"EntryPoint","urlTemplate":"https:\/\/www.zurgnadenmutter.com\/?s={search_term_string}"},"query-input":{"@type":"PropertyValueSpecification","valueRequired":true,"valueName":"search_term_string"}}],"inLanguage":"cs"}]}},"_links":{"self":[{"href":"https:\/\/www.zurgnadenmutter.com\/cs\/wp-json\/wp\/v2\/product\/41751","targetHints":{"allow":["GET"]}}],"collection":[{"href":"https:\/\/www.zurgnadenmutter.com\/cs\/wp-json\/wp\/v2\/product"}],"about":[{"href":"https:\/\/www.zurgnadenmutter.com\/cs\/wp-json\/wp\/v2\/types\/product"}],"replies":[{"embeddable":true,"href":"https:\/\/www.zurgnadenmutter.com\/cs\/wp-json\/wp\/v2\/comments?post=41751"}],"wp:featuredmedia":[{"embeddable":true,"href":"https:\/\/www.zurgnadenmutter.com\/cs\/wp-json\/wp\/v2\/media\/61527"}],"wp:attachment":[{"href":"https:\/\/www.zurgnadenmutter.com\/cs\/wp-json\/wp\/v2\/media?parent=41751"}],"wp:term":[{"taxonomy":"product_brand","embeddable":true,"href":"https:\/\/www.zurgnadenmutter.com\/cs\/wp-json\/wp\/v2\/product_brand?post=41751"},{"taxonomy":"product_cat","embeddable":true,"href":"https:\/\/www.zurgnadenmutter.com\/cs\/wp-json\/wp\/v2\/product_cat?post=41751"},{"taxonomy":"product_tag","embeddable":true,"href":"https:\/\/www.zurgnadenmutter.com\/cs\/wp-json\/wp\/v2\/product_tag?post=41751"}],"curies":[{"name":"wp","href":"https:\/\/api.w.org\/{rel}","templated":true}]}}