{"id":41713,"date":"2016-04-27T07:51:10","date_gmt":"2016-04-27T05:51:10","guid":{"rendered":"https:\/\/www.zurgnadenmutter.com\/shop\/krem-s-kyselinou-hyaluronovou-s-bohatou-texturou\/"},"modified":"2022-09-12T20:37:57","modified_gmt":"2022-09-12T18:37:57","slug":"mariazellsky-krem-s-kyselinou-hyaluronovou-s-bohatou-texturou","status":"publish","type":"product","link":"https:\/\/www.zurgnadenmutter.com\/cs\/produkt\/mariazellsky-krem-s-kyselinou-hyaluronovou-s-bohatou-texturou\/","title":{"rendered":"Kr\u00e9m s kyselinou hyaluronovou s bohatou texturou"},"content":{"rendered":"<p>Hydrata\u010dn\u00ed o\u0161et\u0159en\u00ed obli\u010deje a krku s \u0159\u00edzen\u00fdm uvol\u0148ov\u00e1n\u00edm. Kr\u00e9m podporuje p\u0159irozenou obnovu bun\u011bk a zlep\u0161uje vzhled poko\u017eky, \u010din\u00ed ji jemn\u011bj\u0161\u00ed, pru\u017en\u011bj\u0161\u00ed, z\u00e1\u0159iv\u011bj\u0161\u00ed a vyv\u00e1\u017een\u011bj\u0161\u00ed. Jeliko\u017e ochrann\u00e9 filtry, kter\u00e9 obsahuje, zabra\u0148uj\u00ed \u00fa\u010dink\u016fm UVA a UVB z\u00e1\u0159en\u00ed, kr\u00e9m p\u016fsob\u00ed proti zrychlen\u00e9mu st\u00e1rnut\u00ed poko\u017eky. Navr\u017eeno pro prevenci alergi\u00ed.<\/p>\n<p><strong>Pou\u017eit\u00ed: <\/strong>Nejl\u00e9pe r\u00e1no po o\u010di\u0161t\u011bn\u00ed aplikujte rovnom\u011brn\u011b na obli\u010dej a krk, zejm\u00e9na na vr\u00e1s\u010dit\u00e1, such\u00e1 nebo matn\u00e1 m\u00edsta poko\u017eky.<\/p>\n","protected":false},"excerpt":{"rendered":"<p>Vysoce hydrata\u010dn\u00ed &#8211; bohat\u00e1 textura (pro velmi suchou poko\u017eku)<\/p>\n","protected":false},"featured_media":79367,"comment_status":"closed","ping_status":"closed","template":"","meta":{"_acf_changed":false},"product_brand":[],"product_cat":[369,372],"product_tag":[],"class_list":{"0":"post-41713","1":"product","2":"type-product","3":"status-publish","4":"has-post-thumbnail","6":"product_cat-kosmetika","7":"product_cat-mariazellska-kosmetika","9":"first","10":"instock","11":"taxable","12":"shipping-taxable","13":"purchasable","14":"product-type-simple"},"acf":[],"yoast_head":"<!-- This site is optimized with the Yoast SEO plugin v27.2 - https:\/\/yoast.com\/product\/yoast-seo-wordpress\/ -->\n<title>Kr\u00e9m s kyselinou hyaluronovou s bohatou texturou - Apotheke &amp; Drogerie zur Gnadenmutter - Mariazell<\/title>\n<meta name=\"robots\" content=\"index, follow, max-snippet:-1, max-image-preview:large, max-video-preview:-1\" \/>\n<link rel=\"canonical\" href=\"https:\/\/www.zurgnadenmutter.com\/cs\/produkt\/mariazellsky-krem-s-kyselinou-hyaluronovou-s-bohatou-texturou\/\" \/>\n<meta property=\"og:locale\" content=\"cs_CZ\" \/>\n<meta property=\"og:type\" content=\"article\" \/>\n<meta property=\"og:title\" content=\"Kr\u00e9m s kyselinou hyaluronovou s bohatou texturou - Apotheke &amp; Drogerie zur Gnadenmutter - Mariazell\" \/>\n<meta property=\"og:description\" content=\"Vysoce hydrata\u010dn\u00ed - bohat\u00e1 textura (pro velmi suchou poko\u017eku)\" \/>\n<meta property=\"og:url\" content=\"https:\/\/www.zurgnadenmutter.com\/cs\/produkt\/mariazellsky-krem-s-kyselinou-hyaluronovou-s-bohatou-texturou\/\" \/>\n<meta property=\"og:site_name\" content=\"Apotheke &amp; Drogerie zur Gnadenmutter - Mariazell\" \/>\n<meta property=\"article:modified_time\" content=\"2022-09-12T18:37:57+00:00\" \/>\n<meta property=\"og:image\" content=\"https:\/\/www.zurgnadenmutter.com\/wp-content\/uploads\/2016\/04\/Feuchtigkeitsspendende-Creme-Reichhaltig_2025-scaled.png\" \/>\n\t<meta property=\"og:image:width\" content=\"1920\" \/>\n\t<meta property=\"og:image:height\" content=\"2560\" \/>\n\t<meta property=\"og:image:type\" content=\"image\/png\" \/>\n<meta name=\"twitter:card\" content=\"summary_large_image\" \/>\n<meta name=\"twitter:label1\" content=\"Odhadovan\u00e1 doba \u010dten\u00ed\" \/>\n\t<meta name=\"twitter:data1\" content=\"1 minuta\" \/>\n<script type=\"application\/ld+json\" class=\"yoast-schema-graph\">{\"@context\":\"https:\/\/schema.org\",\"@graph\":[{\"@type\":\"WebPage\",\"@id\":\"https:\/\/www.zurgnadenmutter.com\/cs\/produkt\/mariazellsky-krem-s-kyselinou-hyaluronovou-s-bohatou-texturou\/\",\"url\":\"https:\/\/www.zurgnadenmutter.com\/cs\/produkt\/mariazellsky-krem-s-kyselinou-hyaluronovou-s-bohatou-texturou\/\",\"name\":\"Kr\u00e9m s kyselinou hyaluronovou s bohatou texturou - Apotheke &amp; Drogerie zur Gnadenmutter - Mariazell\",\"isPartOf\":{\"@id\":\"https:\/\/www.zurgnadenmutter.com\/#website\"},\"primaryImageOfPage\":{\"@id\":\"https:\/\/www.zurgnadenmutter.com\/cs\/produkt\/mariazellsky-krem-s-kyselinou-hyaluronovou-s-bohatou-texturou\/#primaryimage\"},\"image\":{\"@id\":\"https:\/\/www.zurgnadenmutter.com\/cs\/produkt\/mariazellsky-krem-s-kyselinou-hyaluronovou-s-bohatou-texturou\/#primaryimage\"},\"thumbnailUrl\":\"https:\/\/www.zurgnadenmutter.com\/wp-content\/uploads\/2016\/04\/Feuchtigkeitsspendende-Creme-Reichhaltig_2025-scaled.png\",\"datePublished\":\"2016-04-27T05:51:10+00:00\",\"dateModified\":\"2022-09-12T18:37:57+00:00\",\"breadcrumb\":{\"@id\":\"https:\/\/www.zurgnadenmutter.com\/cs\/produkt\/mariazellsky-krem-s-kyselinou-hyaluronovou-s-bohatou-texturou\/#breadcrumb\"},\"inLanguage\":\"cs\",\"potentialAction\":[{\"@type\":\"ReadAction\",\"target\":[\"https:\/\/www.zurgnadenmutter.com\/cs\/produkt\/mariazellsky-krem-s-kyselinou-hyaluronovou-s-bohatou-texturou\/\"]}]},{\"@type\":\"ImageObject\",\"inLanguage\":\"cs\",\"@id\":\"https:\/\/www.zurgnadenmutter.com\/cs\/produkt\/mariazellsky-krem-s-kyselinou-hyaluronovou-s-bohatou-texturou\/#primaryimage\",\"url\":\"https:\/\/www.zurgnadenmutter.com\/wp-content\/uploads\/2016\/04\/Feuchtigkeitsspendende-Creme-Reichhaltig_2025-scaled.png\",\"contentUrl\":\"https:\/\/www.zurgnadenmutter.com\/wp-content\/uploads\/2016\/04\/Feuchtigkeitsspendende-Creme-Reichhaltig_2025-scaled.png\",\"width\":1920,\"height\":2560},{\"@type\":\"BreadcrumbList\",\"@id\":\"https:\/\/www.zurgnadenmutter.com\/cs\/produkt\/mariazellsky-krem-s-kyselinou-hyaluronovou-s-bohatou-texturou\/#breadcrumb\",\"itemListElement\":[{\"@type\":\"ListItem\",\"position\":1,\"name\":\"Startseite\",\"item\":\"https:\/\/www.zurgnadenmutter.com\/cs\/\"},{\"@type\":\"ListItem\",\"position\":2,\"name\":\"Shop\",\"item\":\"https:\/\/www.zurgnadenmutter.com\/cs\/shop\/\"},{\"@type\":\"ListItem\",\"position\":3,\"name\":\"Kr\u00e9m s kyselinou hyaluronovou s bohatou texturou\"}]},{\"@type\":\"WebSite\",\"@id\":\"https:\/\/www.zurgnadenmutter.com\/#website\",\"url\":\"https:\/\/www.zurgnadenmutter.com\/\",\"name\":\"Apotheke &amp; Drogerie zur Gnadenmutter - Mariazell\",\"description\":\"Apotheke Mariazell\",\"potentialAction\":[{\"@type\":\"SearchAction\",\"target\":{\"@type\":\"EntryPoint\",\"urlTemplate\":\"https:\/\/www.zurgnadenmutter.com\/?s={search_term_string}\"},\"query-input\":{\"@type\":\"PropertyValueSpecification\",\"valueRequired\":true,\"valueName\":\"search_term_string\"}}],\"inLanguage\":\"cs\"}]}<\/script>\n<!-- \/ Yoast SEO plugin. -->","yoast_head_json":{"title":"Kr\u00e9m s kyselinou hyaluronovou s bohatou texturou - Apotheke &amp; Drogerie zur Gnadenmutter - Mariazell","robots":{"index":"index","follow":"follow","max-snippet":"max-snippet:-1","max-image-preview":"max-image-preview:large","max-video-preview":"max-video-preview:-1"},"canonical":"https:\/\/www.zurgnadenmutter.com\/cs\/produkt\/mariazellsky-krem-s-kyselinou-hyaluronovou-s-bohatou-texturou\/","og_locale":"cs_CZ","og_type":"article","og_title":"Kr\u00e9m s kyselinou hyaluronovou s bohatou texturou - Apotheke &amp; Drogerie zur Gnadenmutter - Mariazell","og_description":"Vysoce hydrata\u010dn\u00ed - bohat\u00e1 textura (pro velmi suchou poko\u017eku)","og_url":"https:\/\/www.zurgnadenmutter.com\/cs\/produkt\/mariazellsky-krem-s-kyselinou-hyaluronovou-s-bohatou-texturou\/","og_site_name":"Apotheke &amp; Drogerie zur Gnadenmutter - Mariazell","article_modified_time":"2022-09-12T18:37:57+00:00","og_image":[{"width":1920,"height":2560,"url":"https:\/\/www.zurgnadenmutter.com\/wp-content\/uploads\/2016\/04\/Feuchtigkeitsspendende-Creme-Reichhaltig_2025-scaled.png","type":"image\/png"}],"twitter_card":"summary_large_image","twitter_misc":{"Odhadovan\u00e1 doba \u010dten\u00ed":"1 minuta"},"schema":{"@context":"https:\/\/schema.org","@graph":[{"@type":"WebPage","@id":"https:\/\/www.zurgnadenmutter.com\/cs\/produkt\/mariazellsky-krem-s-kyselinou-hyaluronovou-s-bohatou-texturou\/","url":"https:\/\/www.zurgnadenmutter.com\/cs\/produkt\/mariazellsky-krem-s-kyselinou-hyaluronovou-s-bohatou-texturou\/","name":"Kr\u00e9m s kyselinou hyaluronovou s bohatou texturou - Apotheke &amp; Drogerie zur Gnadenmutter - Mariazell","isPartOf":{"@id":"https:\/\/www.zurgnadenmutter.com\/#website"},"primaryImageOfPage":{"@id":"https:\/\/www.zurgnadenmutter.com\/cs\/produkt\/mariazellsky-krem-s-kyselinou-hyaluronovou-s-bohatou-texturou\/#primaryimage"},"image":{"@id":"https:\/\/www.zurgnadenmutter.com\/cs\/produkt\/mariazellsky-krem-s-kyselinou-hyaluronovou-s-bohatou-texturou\/#primaryimage"},"thumbnailUrl":"https:\/\/www.zurgnadenmutter.com\/wp-content\/uploads\/2016\/04\/Feuchtigkeitsspendende-Creme-Reichhaltig_2025-scaled.png","datePublished":"2016-04-27T05:51:10+00:00","dateModified":"2022-09-12T18:37:57+00:00","breadcrumb":{"@id":"https:\/\/www.zurgnadenmutter.com\/cs\/produkt\/mariazellsky-krem-s-kyselinou-hyaluronovou-s-bohatou-texturou\/#breadcrumb"},"inLanguage":"cs","potentialAction":[{"@type":"ReadAction","target":["https:\/\/www.zurgnadenmutter.com\/cs\/produkt\/mariazellsky-krem-s-kyselinou-hyaluronovou-s-bohatou-texturou\/"]}]},{"@type":"ImageObject","inLanguage":"cs","@id":"https:\/\/www.zurgnadenmutter.com\/cs\/produkt\/mariazellsky-krem-s-kyselinou-hyaluronovou-s-bohatou-texturou\/#primaryimage","url":"https:\/\/www.zurgnadenmutter.com\/wp-content\/uploads\/2016\/04\/Feuchtigkeitsspendende-Creme-Reichhaltig_2025-scaled.png","contentUrl":"https:\/\/www.zurgnadenmutter.com\/wp-content\/uploads\/2016\/04\/Feuchtigkeitsspendende-Creme-Reichhaltig_2025-scaled.png","width":1920,"height":2560},{"@type":"BreadcrumbList","@id":"https:\/\/www.zurgnadenmutter.com\/cs\/produkt\/mariazellsky-krem-s-kyselinou-hyaluronovou-s-bohatou-texturou\/#breadcrumb","itemListElement":[{"@type":"ListItem","position":1,"name":"Startseite","item":"https:\/\/www.zurgnadenmutter.com\/cs\/"},{"@type":"ListItem","position":2,"name":"Shop","item":"https:\/\/www.zurgnadenmutter.com\/cs\/shop\/"},{"@type":"ListItem","position":3,"name":"Kr\u00e9m s kyselinou hyaluronovou s bohatou texturou"}]},{"@type":"WebSite","@id":"https:\/\/www.zurgnadenmutter.com\/#website","url":"https:\/\/www.zurgnadenmutter.com\/","name":"Apotheke &amp; Drogerie zur Gnadenmutter - Mariazell","description":"Apotheke Mariazell","potentialAction":[{"@type":"SearchAction","target":{"@type":"EntryPoint","urlTemplate":"https:\/\/www.zurgnadenmutter.com\/?s={search_term_string}"},"query-input":{"@type":"PropertyValueSpecification","valueRequired":true,"valueName":"search_term_string"}}],"inLanguage":"cs"}]}},"_links":{"self":[{"href":"https:\/\/www.zurgnadenmutter.com\/cs\/wp-json\/wp\/v2\/product\/41713","targetHints":{"allow":["GET"]}}],"collection":[{"href":"https:\/\/www.zurgnadenmutter.com\/cs\/wp-json\/wp\/v2\/product"}],"about":[{"href":"https:\/\/www.zurgnadenmutter.com\/cs\/wp-json\/wp\/v2\/types\/product"}],"replies":[{"embeddable":true,"href":"https:\/\/www.zurgnadenmutter.com\/cs\/wp-json\/wp\/v2\/comments?post=41713"}],"wp:featuredmedia":[{"embeddable":true,"href":"https:\/\/www.zurgnadenmutter.com\/cs\/wp-json\/wp\/v2\/media\/79367"}],"wp:attachment":[{"href":"https:\/\/www.zurgnadenmutter.com\/cs\/wp-json\/wp\/v2\/media?parent=41713"}],"wp:term":[{"taxonomy":"product_brand","embeddable":true,"href":"https:\/\/www.zurgnadenmutter.com\/cs\/wp-json\/wp\/v2\/product_brand?post=41713"},{"taxonomy":"product_cat","embeddable":true,"href":"https:\/\/www.zurgnadenmutter.com\/cs\/wp-json\/wp\/v2\/product_cat?post=41713"},{"taxonomy":"product_tag","embeddable":true,"href":"https:\/\/www.zurgnadenmutter.com\/cs\/wp-json\/wp\/v2\/product_tag?post=41713"}],"curies":[{"name":"wp","href":"https:\/\/api.w.org\/{rel}","templated":true}]}}