{"id":41712,"date":"2016-04-27T07:48:39","date_gmt":"2016-04-27T05:48:39","guid":{"rendered":"https:\/\/www.zurgnadenmutter.com\/shop\/lehka-textura-kremu-s-kyselinou-hyaluronovou\/"},"modified":"2022-09-12T20:37:56","modified_gmt":"2022-09-12T18:37:56","slug":"mariazellsky-krem-s-kyselinou-hyaluronovou-lehka-textura","status":"publish","type":"product","link":"https:\/\/www.zurgnadenmutter.com\/cs\/produkt\/mariazellsky-krem-s-kyselinou-hyaluronovou-lehka-textura\/","title":{"rendered":"Lehk\u00e1 textura kr\u00e9mu s kyselinou hyaluronovou"},"content":{"rendered":"<p>D\u00edky \u0159\u00edzen\u00e9mu uvol\u0148ov\u00e1n\u00ed \u00fa\u010dinn\u00fdch l\u00e1tek optim\u00e1ln\u011b hydratuje poko\u017eku krku a obli\u010deje. Podporuje p\u0159irozenou obnovu bun\u011bk, zlep\u0161uje ple\u0165, dod\u00e1v\u00e1 pleti vl\u00e1\u010dnost a pru\u017enost a dod\u00e1v\u00e1 j\u00ed z\u00e1\u0159iv\u00fd vzhled. Obsa\u017een\u00e1 kyselina hyaluronov\u00e1 p\u0159\u00edrodn\u00edho p\u016fvodu a glykoproteiny vypl\u0148uj\u00ed vr\u00e1sky, co\u017e je efekt, kter\u00fd je viditeln\u00fd ji\u017e po prvn\u00edch aplikac\u00edch. Navr\u017eeno pro prevenci alergi\u00ed.<\/p>\n<p>Vynikaj\u00edc\u00ed jako podklad pod make-up a vhodn\u00fd i pro mu\u017eskou ple\u0165.<\/p>\n<p><strong>Pou\u017eit\u00ed: <\/strong>R\u00e1no a ve\u010der aplikujte rovnom\u011brn\u011b na obli\u010dej a krk po vy\u010di\u0161t\u011bn\u00ed.<\/p>\n","protected":false},"excerpt":{"rendered":"<div class=\"std\">\n<p>Vysoce hydrata\u010dn\u00ed &#8211; lehk\u00e1 textura (pro suchou poko\u017eku). Vynikaj\u00edc\u00ed jako podklad pod make-up a vhodn\u00fd i pro mu\u017eskou ple\u0165.<\/p>\n<\/div>\n","protected":false},"featured_media":79383,"comment_status":"closed","ping_status":"closed","template":"","meta":{"_acf_changed":false},"product_brand":[],"product_cat":[369,372],"product_tag":[],"class_list":{"0":"post-41712","1":"product","2":"type-product","3":"status-publish","4":"has-post-thumbnail","6":"product_cat-kosmetika","7":"product_cat-mariazellska-kosmetika","9":"first","10":"instock","11":"taxable","12":"shipping-taxable","13":"purchasable","14":"product-type-simple"},"acf":[],"yoast_head":"<!-- This site is optimized with the Yoast SEO plugin v27.2 - https:\/\/yoast.com\/product\/yoast-seo-wordpress\/ -->\n<title>Lehk\u00e1 textura kr\u00e9mu s kyselinou hyaluronovou - Apotheke &amp; Drogerie zur Gnadenmutter - Mariazell<\/title>\n<meta name=\"robots\" content=\"index, follow, max-snippet:-1, max-image-preview:large, max-video-preview:-1\" \/>\n<link rel=\"canonical\" href=\"https:\/\/www.zurgnadenmutter.com\/cs\/produkt\/mariazellsky-krem-s-kyselinou-hyaluronovou-lehka-textura\/\" \/>\n<meta property=\"og:locale\" content=\"cs_CZ\" \/>\n<meta property=\"og:type\" content=\"article\" \/>\n<meta property=\"og:title\" content=\"Lehk\u00e1 textura kr\u00e9mu s kyselinou hyaluronovou - Apotheke &amp; Drogerie zur Gnadenmutter - Mariazell\" \/>\n<meta property=\"og:description\" content=\"Vysoce hydrata\u010dn\u00ed - lehk\u00e1 textura (pro suchou poko\u017eku). Vynikaj\u00edc\u00ed jako podklad pod make-up a vhodn\u00fd i pro mu\u017eskou ple\u0165.\" \/>\n<meta property=\"og:url\" content=\"https:\/\/www.zurgnadenmutter.com\/cs\/produkt\/mariazellsky-krem-s-kyselinou-hyaluronovou-lehka-textura\/\" \/>\n<meta property=\"og:site_name\" content=\"Apotheke &amp; Drogerie zur Gnadenmutter - Mariazell\" \/>\n<meta property=\"article:modified_time\" content=\"2022-09-12T18:37:56+00:00\" \/>\n<meta property=\"og:image\" content=\"https:\/\/www.zurgnadenmutter.com\/wp-content\/uploads\/2016\/04\/Hyaluron-Feuchtigkeitsspendende-Creme-leichte-Textur_2025-scaled.png\" \/>\n\t<meta property=\"og:image:width\" content=\"1920\" \/>\n\t<meta property=\"og:image:height\" content=\"2560\" \/>\n\t<meta property=\"og:image:type\" content=\"image\/png\" \/>\n<meta name=\"twitter:card\" content=\"summary_large_image\" \/>\n<meta name=\"twitter:label1\" content=\"Odhadovan\u00e1 doba \u010dten\u00ed\" \/>\n\t<meta name=\"twitter:data1\" content=\"1 minuta\" \/>\n<script type=\"application\/ld+json\" class=\"yoast-schema-graph\">{\"@context\":\"https:\/\/schema.org\",\"@graph\":[{\"@type\":\"WebPage\",\"@id\":\"https:\/\/www.zurgnadenmutter.com\/cs\/produkt\/mariazellsky-krem-s-kyselinou-hyaluronovou-lehka-textura\/\",\"url\":\"https:\/\/www.zurgnadenmutter.com\/cs\/produkt\/mariazellsky-krem-s-kyselinou-hyaluronovou-lehka-textura\/\",\"name\":\"Lehk\u00e1 textura kr\u00e9mu s kyselinou hyaluronovou - Apotheke &amp; Drogerie zur Gnadenmutter - Mariazell\",\"isPartOf\":{\"@id\":\"https:\/\/www.zurgnadenmutter.com\/#website\"},\"primaryImageOfPage\":{\"@id\":\"https:\/\/www.zurgnadenmutter.com\/cs\/produkt\/mariazellsky-krem-s-kyselinou-hyaluronovou-lehka-textura\/#primaryimage\"},\"image\":{\"@id\":\"https:\/\/www.zurgnadenmutter.com\/cs\/produkt\/mariazellsky-krem-s-kyselinou-hyaluronovou-lehka-textura\/#primaryimage\"},\"thumbnailUrl\":\"https:\/\/www.zurgnadenmutter.com\/wp-content\/uploads\/2016\/04\/Hyaluron-Feuchtigkeitsspendende-Creme-leichte-Textur_2025-scaled.png\",\"datePublished\":\"2016-04-27T05:48:39+00:00\",\"dateModified\":\"2022-09-12T18:37:56+00:00\",\"breadcrumb\":{\"@id\":\"https:\/\/www.zurgnadenmutter.com\/cs\/produkt\/mariazellsky-krem-s-kyselinou-hyaluronovou-lehka-textura\/#breadcrumb\"},\"inLanguage\":\"cs\",\"potentialAction\":[{\"@type\":\"ReadAction\",\"target\":[\"https:\/\/www.zurgnadenmutter.com\/cs\/produkt\/mariazellsky-krem-s-kyselinou-hyaluronovou-lehka-textura\/\"]}]},{\"@type\":\"ImageObject\",\"inLanguage\":\"cs\",\"@id\":\"https:\/\/www.zurgnadenmutter.com\/cs\/produkt\/mariazellsky-krem-s-kyselinou-hyaluronovou-lehka-textura\/#primaryimage\",\"url\":\"https:\/\/www.zurgnadenmutter.com\/wp-content\/uploads\/2016\/04\/Hyaluron-Feuchtigkeitsspendende-Creme-leichte-Textur_2025-scaled.png\",\"contentUrl\":\"https:\/\/www.zurgnadenmutter.com\/wp-content\/uploads\/2016\/04\/Hyaluron-Feuchtigkeitsspendende-Creme-leichte-Textur_2025-scaled.png\",\"width\":1920,\"height\":2560},{\"@type\":\"BreadcrumbList\",\"@id\":\"https:\/\/www.zurgnadenmutter.com\/cs\/produkt\/mariazellsky-krem-s-kyselinou-hyaluronovou-lehka-textura\/#breadcrumb\",\"itemListElement\":[{\"@type\":\"ListItem\",\"position\":1,\"name\":\"Startseite\",\"item\":\"https:\/\/www.zurgnadenmutter.com\/cs\/\"},{\"@type\":\"ListItem\",\"position\":2,\"name\":\"Shop\",\"item\":\"https:\/\/www.zurgnadenmutter.com\/cs\/shop\/\"},{\"@type\":\"ListItem\",\"position\":3,\"name\":\"Lehk\u00e1 textura kr\u00e9mu s kyselinou hyaluronovou\"}]},{\"@type\":\"WebSite\",\"@id\":\"https:\/\/www.zurgnadenmutter.com\/#website\",\"url\":\"https:\/\/www.zurgnadenmutter.com\/\",\"name\":\"Apotheke &amp; Drogerie zur Gnadenmutter - Mariazell\",\"description\":\"Apotheke Mariazell\",\"potentialAction\":[{\"@type\":\"SearchAction\",\"target\":{\"@type\":\"EntryPoint\",\"urlTemplate\":\"https:\/\/www.zurgnadenmutter.com\/?s={search_term_string}\"},\"query-input\":{\"@type\":\"PropertyValueSpecification\",\"valueRequired\":true,\"valueName\":\"search_term_string\"}}],\"inLanguage\":\"cs\"}]}<\/script>\n<!-- \/ Yoast SEO plugin. -->","yoast_head_json":{"title":"Lehk\u00e1 textura kr\u00e9mu s kyselinou hyaluronovou - Apotheke &amp; Drogerie zur Gnadenmutter - Mariazell","robots":{"index":"index","follow":"follow","max-snippet":"max-snippet:-1","max-image-preview":"max-image-preview:large","max-video-preview":"max-video-preview:-1"},"canonical":"https:\/\/www.zurgnadenmutter.com\/cs\/produkt\/mariazellsky-krem-s-kyselinou-hyaluronovou-lehka-textura\/","og_locale":"cs_CZ","og_type":"article","og_title":"Lehk\u00e1 textura kr\u00e9mu s kyselinou hyaluronovou - Apotheke &amp; Drogerie zur Gnadenmutter - Mariazell","og_description":"Vysoce hydrata\u010dn\u00ed - lehk\u00e1 textura (pro suchou poko\u017eku). Vynikaj\u00edc\u00ed jako podklad pod make-up a vhodn\u00fd i pro mu\u017eskou ple\u0165.","og_url":"https:\/\/www.zurgnadenmutter.com\/cs\/produkt\/mariazellsky-krem-s-kyselinou-hyaluronovou-lehka-textura\/","og_site_name":"Apotheke &amp; Drogerie zur Gnadenmutter - Mariazell","article_modified_time":"2022-09-12T18:37:56+00:00","og_image":[{"width":1920,"height":2560,"url":"https:\/\/www.zurgnadenmutter.com\/wp-content\/uploads\/2016\/04\/Hyaluron-Feuchtigkeitsspendende-Creme-leichte-Textur_2025-scaled.png","type":"image\/png"}],"twitter_card":"summary_large_image","twitter_misc":{"Odhadovan\u00e1 doba \u010dten\u00ed":"1 minuta"},"schema":{"@context":"https:\/\/schema.org","@graph":[{"@type":"WebPage","@id":"https:\/\/www.zurgnadenmutter.com\/cs\/produkt\/mariazellsky-krem-s-kyselinou-hyaluronovou-lehka-textura\/","url":"https:\/\/www.zurgnadenmutter.com\/cs\/produkt\/mariazellsky-krem-s-kyselinou-hyaluronovou-lehka-textura\/","name":"Lehk\u00e1 textura kr\u00e9mu s kyselinou hyaluronovou - Apotheke &amp; Drogerie zur Gnadenmutter - Mariazell","isPartOf":{"@id":"https:\/\/www.zurgnadenmutter.com\/#website"},"primaryImageOfPage":{"@id":"https:\/\/www.zurgnadenmutter.com\/cs\/produkt\/mariazellsky-krem-s-kyselinou-hyaluronovou-lehka-textura\/#primaryimage"},"image":{"@id":"https:\/\/www.zurgnadenmutter.com\/cs\/produkt\/mariazellsky-krem-s-kyselinou-hyaluronovou-lehka-textura\/#primaryimage"},"thumbnailUrl":"https:\/\/www.zurgnadenmutter.com\/wp-content\/uploads\/2016\/04\/Hyaluron-Feuchtigkeitsspendende-Creme-leichte-Textur_2025-scaled.png","datePublished":"2016-04-27T05:48:39+00:00","dateModified":"2022-09-12T18:37:56+00:00","breadcrumb":{"@id":"https:\/\/www.zurgnadenmutter.com\/cs\/produkt\/mariazellsky-krem-s-kyselinou-hyaluronovou-lehka-textura\/#breadcrumb"},"inLanguage":"cs","potentialAction":[{"@type":"ReadAction","target":["https:\/\/www.zurgnadenmutter.com\/cs\/produkt\/mariazellsky-krem-s-kyselinou-hyaluronovou-lehka-textura\/"]}]},{"@type":"ImageObject","inLanguage":"cs","@id":"https:\/\/www.zurgnadenmutter.com\/cs\/produkt\/mariazellsky-krem-s-kyselinou-hyaluronovou-lehka-textura\/#primaryimage","url":"https:\/\/www.zurgnadenmutter.com\/wp-content\/uploads\/2016\/04\/Hyaluron-Feuchtigkeitsspendende-Creme-leichte-Textur_2025-scaled.png","contentUrl":"https:\/\/www.zurgnadenmutter.com\/wp-content\/uploads\/2016\/04\/Hyaluron-Feuchtigkeitsspendende-Creme-leichte-Textur_2025-scaled.png","width":1920,"height":2560},{"@type":"BreadcrumbList","@id":"https:\/\/www.zurgnadenmutter.com\/cs\/produkt\/mariazellsky-krem-s-kyselinou-hyaluronovou-lehka-textura\/#breadcrumb","itemListElement":[{"@type":"ListItem","position":1,"name":"Startseite","item":"https:\/\/www.zurgnadenmutter.com\/cs\/"},{"@type":"ListItem","position":2,"name":"Shop","item":"https:\/\/www.zurgnadenmutter.com\/cs\/shop\/"},{"@type":"ListItem","position":3,"name":"Lehk\u00e1 textura kr\u00e9mu s kyselinou hyaluronovou"}]},{"@type":"WebSite","@id":"https:\/\/www.zurgnadenmutter.com\/#website","url":"https:\/\/www.zurgnadenmutter.com\/","name":"Apotheke &amp; Drogerie zur Gnadenmutter - Mariazell","description":"Apotheke Mariazell","potentialAction":[{"@type":"SearchAction","target":{"@type":"EntryPoint","urlTemplate":"https:\/\/www.zurgnadenmutter.com\/?s={search_term_string}"},"query-input":{"@type":"PropertyValueSpecification","valueRequired":true,"valueName":"search_term_string"}}],"inLanguage":"cs"}]}},"_links":{"self":[{"href":"https:\/\/www.zurgnadenmutter.com\/cs\/wp-json\/wp\/v2\/product\/41712","targetHints":{"allow":["GET"]}}],"collection":[{"href":"https:\/\/www.zurgnadenmutter.com\/cs\/wp-json\/wp\/v2\/product"}],"about":[{"href":"https:\/\/www.zurgnadenmutter.com\/cs\/wp-json\/wp\/v2\/types\/product"}],"replies":[{"embeddable":true,"href":"https:\/\/www.zurgnadenmutter.com\/cs\/wp-json\/wp\/v2\/comments?post=41712"}],"wp:featuredmedia":[{"embeddable":true,"href":"https:\/\/www.zurgnadenmutter.com\/cs\/wp-json\/wp\/v2\/media\/79383"}],"wp:attachment":[{"href":"https:\/\/www.zurgnadenmutter.com\/cs\/wp-json\/wp\/v2\/media?parent=41712"}],"wp:term":[{"taxonomy":"product_brand","embeddable":true,"href":"https:\/\/www.zurgnadenmutter.com\/cs\/wp-json\/wp\/v2\/product_brand?post=41712"},{"taxonomy":"product_cat","embeddable":true,"href":"https:\/\/www.zurgnadenmutter.com\/cs\/wp-json\/wp\/v2\/product_cat?post=41712"},{"taxonomy":"product_tag","embeddable":true,"href":"https:\/\/www.zurgnadenmutter.com\/cs\/wp-json\/wp\/v2\/product_tag?post=41712"}],"curies":[{"name":"wp","href":"https:\/\/api.w.org\/{rel}","templated":true}]}}