{"id":41660,"date":"2016-04-05T09:54:11","date_gmt":"2016-04-05T07:54:11","guid":{"rendered":"https:\/\/www.zurgnadenmutter.com\/shop\/mariazellsky-masazni-olej-fit-straff\/"},"modified":"2022-09-12T20:37:36","modified_gmt":"2022-09-12T18:37:36","slug":"mariazellsky-masazni-olej-na-zpevneni-tkani","status":"publish","type":"product","link":"https:\/\/www.zurgnadenmutter.com\/cs\/produkt\/mariazellsky-masazni-olej-na-zpevneni-tkani\/","title":{"rendered":"Mariazellsk\u00fd mas\u00e1\u017en\u00ed olej Fit &amp; Straff"},"content":{"rendered":"<p>Mariazellsk\u00e9 mas\u00e1\u017en\u00ed oleje jsou skute\u010dnou silou z p\u0159\u00edrody pro neoby\u010dejnou mas\u00e1\u017e. Siln\u00e1, ale jemn\u00e1 kombinace rostlinn\u00fdch a esenci\u00e1ln\u00edch olej\u016f zah\u0159eje a dod\u00e1v\u00e1 poko\u017ece hebk\u00fd a vl\u00e1\u010dn\u00fd pocit.<\/p>\n","protected":false},"excerpt":{"rendered":"<p>Chceme, aby na\u0161e ple\u0165 byla sv\u011b\u017e\u00ed, aktivn\u00ed a m\u011bla pot\u0159ebnou pru\u017enost. Sofistikovan\u00e1 kombinace esenci\u00e1ln\u00edch olej\u016f kardamomu a \u010dern\u00e9ho pep\u0159e je perfektn\u00ed pro p\u016fvabnou siluetu. Dob\u0159e d\u00e1vkovan\u00fd grapefruitov\u00fd olej povzbuzuje a tvo\u0159\u00ed posiluj\u00edc\u00ed z\u00e1klad.<\/p>\n","protected":false},"featured_media":79577,"comment_status":"closed","ping_status":"closed","template":"","meta":{"_acf_changed":false},"product_brand":[],"product_cat":[376],"product_tag":[],"class_list":{"0":"post-41660","1":"product","2":"type-product","3":"status-publish","4":"has-post-thumbnail","6":"product_cat-masazni-oleje","8":"first","9":"instock","10":"taxable","11":"shipping-taxable","12":"purchasable","13":"product-type-simple"},"acf":[],"yoast_head":"<!-- This site is optimized with the Yoast SEO plugin v27.2 - https:\/\/yoast.com\/product\/yoast-seo-wordpress\/ -->\n<title>Mariazellsk\u00fd mas\u00e1\u017en\u00ed olej Fit &amp; Straff - Apotheke &amp; Drogerie zur Gnadenmutter - Mariazell<\/title>\n<meta name=\"robots\" content=\"index, follow, max-snippet:-1, max-image-preview:large, max-video-preview:-1\" \/>\n<link rel=\"canonical\" href=\"https:\/\/www.zurgnadenmutter.com\/cs\/produkt\/mariazellsky-masazni-olej-na-zpevneni-tkani\/\" \/>\n<meta property=\"og:locale\" content=\"cs_CZ\" \/>\n<meta property=\"og:type\" content=\"article\" \/>\n<meta property=\"og:title\" content=\"Mariazellsk\u00fd mas\u00e1\u017en\u00ed olej Fit &amp; Straff - Apotheke &amp; Drogerie zur Gnadenmutter - Mariazell\" \/>\n<meta property=\"og:description\" content=\"Chceme, aby na\u0161e ple\u0165 byla sv\u011b\u017e\u00ed, aktivn\u00ed a m\u011bla pot\u0159ebnou pru\u017enost. Sofistikovan\u00e1 kombinace esenci\u00e1ln\u00edch olej\u016f kardamomu a \u010dern\u00e9ho pep\u0159e je perfektn\u00ed pro p\u016fvabnou siluetu. Dob\u0159e d\u00e1vkovan\u00fd grapefruitov\u00fd olej povzbuzuje a tvo\u0159\u00ed posiluj\u00edc\u00ed z\u00e1klad.\" \/>\n<meta property=\"og:url\" content=\"https:\/\/www.zurgnadenmutter.com\/cs\/produkt\/mariazellsky-masazni-olej-na-zpevneni-tkani\/\" \/>\n<meta property=\"og:site_name\" content=\"Apotheke &amp; Drogerie zur Gnadenmutter - Mariazell\" \/>\n<meta property=\"article:modified_time\" content=\"2022-09-12T18:37:36+00:00\" \/>\n<meta property=\"og:image\" content=\"https:\/\/www.zurgnadenmutter.com\/wp-content\/uploads\/2016\/04\/Fit-und-Straff_2025-scaled.jpg\" \/>\n\t<meta property=\"og:image:width\" content=\"1920\" \/>\n\t<meta property=\"og:image:height\" content=\"2560\" \/>\n\t<meta property=\"og:image:type\" content=\"image\/jpeg\" \/>\n<meta name=\"twitter:card\" content=\"summary_large_image\" \/>\n<script type=\"application\/ld+json\" class=\"yoast-schema-graph\">{\"@context\":\"https:\/\/schema.org\",\"@graph\":[{\"@type\":\"WebPage\",\"@id\":\"https:\/\/www.zurgnadenmutter.com\/cs\/produkt\/mariazellsky-masazni-olej-na-zpevneni-tkani\/\",\"url\":\"https:\/\/www.zurgnadenmutter.com\/cs\/produkt\/mariazellsky-masazni-olej-na-zpevneni-tkani\/\",\"name\":\"Mariazellsk\u00fd mas\u00e1\u017en\u00ed olej Fit &amp; Straff - Apotheke &amp; Drogerie zur Gnadenmutter - Mariazell\",\"isPartOf\":{\"@id\":\"https:\/\/www.zurgnadenmutter.com\/#website\"},\"primaryImageOfPage\":{\"@id\":\"https:\/\/www.zurgnadenmutter.com\/cs\/produkt\/mariazellsky-masazni-olej-na-zpevneni-tkani\/#primaryimage\"},\"image\":{\"@id\":\"https:\/\/www.zurgnadenmutter.com\/cs\/produkt\/mariazellsky-masazni-olej-na-zpevneni-tkani\/#primaryimage\"},\"thumbnailUrl\":\"https:\/\/www.zurgnadenmutter.com\/wp-content\/uploads\/2016\/04\/Fit-und-Straff_2025-scaled.jpg\",\"datePublished\":\"2016-04-05T07:54:11+00:00\",\"dateModified\":\"2022-09-12T18:37:36+00:00\",\"breadcrumb\":{\"@id\":\"https:\/\/www.zurgnadenmutter.com\/cs\/produkt\/mariazellsky-masazni-olej-na-zpevneni-tkani\/#breadcrumb\"},\"inLanguage\":\"cs\",\"potentialAction\":[{\"@type\":\"ReadAction\",\"target\":[\"https:\/\/www.zurgnadenmutter.com\/cs\/produkt\/mariazellsky-masazni-olej-na-zpevneni-tkani\/\"]}]},{\"@type\":\"ImageObject\",\"inLanguage\":\"cs\",\"@id\":\"https:\/\/www.zurgnadenmutter.com\/cs\/produkt\/mariazellsky-masazni-olej-na-zpevneni-tkani\/#primaryimage\",\"url\":\"https:\/\/www.zurgnadenmutter.com\/wp-content\/uploads\/2016\/04\/Fit-und-Straff_2025-scaled.jpg\",\"contentUrl\":\"https:\/\/www.zurgnadenmutter.com\/wp-content\/uploads\/2016\/04\/Fit-und-Straff_2025-scaled.jpg\",\"width\":1920,\"height\":2560},{\"@type\":\"BreadcrumbList\",\"@id\":\"https:\/\/www.zurgnadenmutter.com\/cs\/produkt\/mariazellsky-masazni-olej-na-zpevneni-tkani\/#breadcrumb\",\"itemListElement\":[{\"@type\":\"ListItem\",\"position\":1,\"name\":\"Startseite\",\"item\":\"https:\/\/www.zurgnadenmutter.com\/cs\/\"},{\"@type\":\"ListItem\",\"position\":2,\"name\":\"Shop\",\"item\":\"https:\/\/www.zurgnadenmutter.com\/cs\/shop\/\"},{\"@type\":\"ListItem\",\"position\":3,\"name\":\"Mariazellsk\u00fd mas\u00e1\u017en\u00ed olej Fit &amp; Straff\"}]},{\"@type\":\"WebSite\",\"@id\":\"https:\/\/www.zurgnadenmutter.com\/#website\",\"url\":\"https:\/\/www.zurgnadenmutter.com\/\",\"name\":\"Apotheke &amp; Drogerie zur Gnadenmutter - Mariazell\",\"description\":\"Apotheke Mariazell\",\"potentialAction\":[{\"@type\":\"SearchAction\",\"target\":{\"@type\":\"EntryPoint\",\"urlTemplate\":\"https:\/\/www.zurgnadenmutter.com\/?s={search_term_string}\"},\"query-input\":{\"@type\":\"PropertyValueSpecification\",\"valueRequired\":true,\"valueName\":\"search_term_string\"}}],\"inLanguage\":\"cs\"}]}<\/script>\n<!-- \/ Yoast SEO plugin. -->","yoast_head_json":{"title":"Mariazellsk\u00fd mas\u00e1\u017en\u00ed olej Fit &amp; Straff - Apotheke &amp; Drogerie zur Gnadenmutter - Mariazell","robots":{"index":"index","follow":"follow","max-snippet":"max-snippet:-1","max-image-preview":"max-image-preview:large","max-video-preview":"max-video-preview:-1"},"canonical":"https:\/\/www.zurgnadenmutter.com\/cs\/produkt\/mariazellsky-masazni-olej-na-zpevneni-tkani\/","og_locale":"cs_CZ","og_type":"article","og_title":"Mariazellsk\u00fd mas\u00e1\u017en\u00ed olej Fit &amp; Straff - Apotheke &amp; Drogerie zur Gnadenmutter - Mariazell","og_description":"Chceme, aby na\u0161e ple\u0165 byla sv\u011b\u017e\u00ed, aktivn\u00ed a m\u011bla pot\u0159ebnou pru\u017enost. Sofistikovan\u00e1 kombinace esenci\u00e1ln\u00edch olej\u016f kardamomu a \u010dern\u00e9ho pep\u0159e je perfektn\u00ed pro p\u016fvabnou siluetu. Dob\u0159e d\u00e1vkovan\u00fd grapefruitov\u00fd olej povzbuzuje a tvo\u0159\u00ed posiluj\u00edc\u00ed z\u00e1klad.","og_url":"https:\/\/www.zurgnadenmutter.com\/cs\/produkt\/mariazellsky-masazni-olej-na-zpevneni-tkani\/","og_site_name":"Apotheke &amp; Drogerie zur Gnadenmutter - Mariazell","article_modified_time":"2022-09-12T18:37:36+00:00","og_image":[{"width":1920,"height":2560,"url":"https:\/\/www.zurgnadenmutter.com\/wp-content\/uploads\/2016\/04\/Fit-und-Straff_2025-scaled.jpg","type":"image\/jpeg"}],"twitter_card":"summary_large_image","schema":{"@context":"https:\/\/schema.org","@graph":[{"@type":"WebPage","@id":"https:\/\/www.zurgnadenmutter.com\/cs\/produkt\/mariazellsky-masazni-olej-na-zpevneni-tkani\/","url":"https:\/\/www.zurgnadenmutter.com\/cs\/produkt\/mariazellsky-masazni-olej-na-zpevneni-tkani\/","name":"Mariazellsk\u00fd mas\u00e1\u017en\u00ed olej Fit &amp; Straff - Apotheke &amp; Drogerie zur Gnadenmutter - Mariazell","isPartOf":{"@id":"https:\/\/www.zurgnadenmutter.com\/#website"},"primaryImageOfPage":{"@id":"https:\/\/www.zurgnadenmutter.com\/cs\/produkt\/mariazellsky-masazni-olej-na-zpevneni-tkani\/#primaryimage"},"image":{"@id":"https:\/\/www.zurgnadenmutter.com\/cs\/produkt\/mariazellsky-masazni-olej-na-zpevneni-tkani\/#primaryimage"},"thumbnailUrl":"https:\/\/www.zurgnadenmutter.com\/wp-content\/uploads\/2016\/04\/Fit-und-Straff_2025-scaled.jpg","datePublished":"2016-04-05T07:54:11+00:00","dateModified":"2022-09-12T18:37:36+00:00","breadcrumb":{"@id":"https:\/\/www.zurgnadenmutter.com\/cs\/produkt\/mariazellsky-masazni-olej-na-zpevneni-tkani\/#breadcrumb"},"inLanguage":"cs","potentialAction":[{"@type":"ReadAction","target":["https:\/\/www.zurgnadenmutter.com\/cs\/produkt\/mariazellsky-masazni-olej-na-zpevneni-tkani\/"]}]},{"@type":"ImageObject","inLanguage":"cs","@id":"https:\/\/www.zurgnadenmutter.com\/cs\/produkt\/mariazellsky-masazni-olej-na-zpevneni-tkani\/#primaryimage","url":"https:\/\/www.zurgnadenmutter.com\/wp-content\/uploads\/2016\/04\/Fit-und-Straff_2025-scaled.jpg","contentUrl":"https:\/\/www.zurgnadenmutter.com\/wp-content\/uploads\/2016\/04\/Fit-und-Straff_2025-scaled.jpg","width":1920,"height":2560},{"@type":"BreadcrumbList","@id":"https:\/\/www.zurgnadenmutter.com\/cs\/produkt\/mariazellsky-masazni-olej-na-zpevneni-tkani\/#breadcrumb","itemListElement":[{"@type":"ListItem","position":1,"name":"Startseite","item":"https:\/\/www.zurgnadenmutter.com\/cs\/"},{"@type":"ListItem","position":2,"name":"Shop","item":"https:\/\/www.zurgnadenmutter.com\/cs\/shop\/"},{"@type":"ListItem","position":3,"name":"Mariazellsk\u00fd mas\u00e1\u017en\u00ed olej Fit &amp; Straff"}]},{"@type":"WebSite","@id":"https:\/\/www.zurgnadenmutter.com\/#website","url":"https:\/\/www.zurgnadenmutter.com\/","name":"Apotheke &amp; Drogerie zur Gnadenmutter - Mariazell","description":"Apotheke Mariazell","potentialAction":[{"@type":"SearchAction","target":{"@type":"EntryPoint","urlTemplate":"https:\/\/www.zurgnadenmutter.com\/?s={search_term_string}"},"query-input":{"@type":"PropertyValueSpecification","valueRequired":true,"valueName":"search_term_string"}}],"inLanguage":"cs"}]}},"_links":{"self":[{"href":"https:\/\/www.zurgnadenmutter.com\/cs\/wp-json\/wp\/v2\/product\/41660","targetHints":{"allow":["GET"]}}],"collection":[{"href":"https:\/\/www.zurgnadenmutter.com\/cs\/wp-json\/wp\/v2\/product"}],"about":[{"href":"https:\/\/www.zurgnadenmutter.com\/cs\/wp-json\/wp\/v2\/types\/product"}],"replies":[{"embeddable":true,"href":"https:\/\/www.zurgnadenmutter.com\/cs\/wp-json\/wp\/v2\/comments?post=41660"}],"wp:featuredmedia":[{"embeddable":true,"href":"https:\/\/www.zurgnadenmutter.com\/cs\/wp-json\/wp\/v2\/media\/79577"}],"wp:attachment":[{"href":"https:\/\/www.zurgnadenmutter.com\/cs\/wp-json\/wp\/v2\/media?parent=41660"}],"wp:term":[{"taxonomy":"product_brand","embeddable":true,"href":"https:\/\/www.zurgnadenmutter.com\/cs\/wp-json\/wp\/v2\/product_brand?post=41660"},{"taxonomy":"product_cat","embeddable":true,"href":"https:\/\/www.zurgnadenmutter.com\/cs\/wp-json\/wp\/v2\/product_cat?post=41660"},{"taxonomy":"product_tag","embeddable":true,"href":"https:\/\/www.zurgnadenmutter.com\/cs\/wp-json\/wp\/v2\/product_tag?post=41660"}],"curies":[{"name":"wp","href":"https:\/\/api.w.org\/{rel}","templated":true}]}}