{"id":41626,"date":"2016-04-04T23:39:24","date_gmt":"2016-04-04T21:39:24","guid":{"rendered":"https:\/\/www.zurgnadenmutter.com\/shop\/mariazellsky-kombinovany-balicek-na-hubnuti\/"},"modified":"2022-09-12T20:37:25","modified_gmt":"2022-09-12T18:37:25","slug":"mariazellsky-kombinovany-balicek-na-hubnuti","status":"publish","type":"product","link":"https:\/\/www.zurgnadenmutter.com\/cs\/produkt\/mariazellsky-kombinovany-balicek-na-hubnuti\/","title":{"rendered":"Mariazellsk\u00fd kombinovan\u00fd bal\u00ed\u010dek na hubnut\u00ed"},"content":{"rendered":"<p>Nej\u00fa\u010dinn\u011bj\u0161\u00ed produkty na podporu zdrav\u00e9ho hubnut\u00ed, detoxikaci, pro\u010di\u0161t\u011bn\u00ed a odkyselen\u00ed kombinovan\u00e9 v jednom balen\u00ed. K\u00fara se skl\u00e1d\u00e1 z n\u00e1sleduj\u00edc\u00edch produkt\u016f (ur\u010deno na 1 m\u011bs\u00edc u\u017e\u00edv\u00e1n\u00ed):<\/p>\n<ul>\n<li>2x Mariazellsk\u00e1 k\u00fara pro zhubnut\u00ed<\/li>\n<li>2x Mariazellsk\u00fd alkalick\u00fd \u010daj<\/li>\n<li>1x Mariazellsk\u00fd alkalick\u00fd koupelov\u00fd koncentr\u00e1t<\/li>\n<li>1x Mariazellsk\u00fd mas\u00e1\u017en\u00ed olej Fit &amp; Straff<\/li>\n<\/ul>\n<p><strong>Mariazellsk\u00e1 odtu\u010d\u0148ovac\u00ed k\u00fara:<\/strong> 11 speci\u00e1ln\u011b vybran\u00fdch rostlin stimuluje metabolismus, odstra\u0148uje odpadn\u00ed l\u00e1tky z pojivov\u00e9 tk\u00e1n\u011b a \u010dist\u00ed t\u011blo.<\/p>\n<p><strong>Alkalick\u00fd mariazellsk\u00fd \u010daj: <\/strong>Obsahuje bylinky, kter\u00e9 uvol\u0148uj\u00ed a odstra\u0148uj\u00ed kysel\u00e9 odpadn\u00ed l\u00e1tky, aby mohly b\u00fdt vylou\u010deny. Z\u00e1rove\u0148 jsou alkalick\u00e9 l\u00e1tky t\u011blem l\u00e9pe absorbov\u00e1ny. \u010caj nav\u00edc podporuje \u00fa\u010dinek odtu\u010d\u0148ovac\u00ed diety.<\/p>\n<p><strong>Mariazellsk\u00e1 s\u016fl do koupele:<\/strong> na <strong>detoxikaci<\/strong> a na <strong>celulitidu<\/strong>. Koupelov\u00e1 s\u016fl a speci\u00e1ln\u00ed \u00e9terick\u00e9 oleje maj\u00ed h\u0159ejiv\u00fd, \u010dist\u00edc\u00ed a detoxika\u010dn\u00ed \u00fa\u010dinek. Jeden z nejintenzivn\u011bj\u0161\u00edch proces\u016f vylu\u010dov\u00e1n\u00ed a spalov\u00e1n\u00ed tuk\u016f je dosahov\u00e1n pocen\u00edm. Toxiny se rychleji vylu\u010duj\u00ed z tk\u00e1n\u011b p\u0159es k\u016f\u017ei. K o\u010dist\u011b t\u011bla doch\u00e1z\u00ed ve van\u011b nebo p\u0159i koupel\u00edch nohou.<\/p>\n<p><strong>Mariazellsk\u00fd mas\u00e1\u017en\u00ed olej Fit &amp; Straff:<\/strong> Studie v Japonsku prok\u00e1zaly, \u017ee velmi specifick\u00e9 p\u0159\u00edrodn\u00ed esenci\u00e1ln\u00ed oleje stimuluj\u00ed spalov\u00e1n\u00ed tuk\u016f a vedou tak ke <strong>zmen\u0161en\u00ed probl\u00e9mov\u00fdch<\/strong> parti\u00ed. Tyto speci\u00e1ln\u00ed esenci\u00e1ln\u00ed oleje jsme nyn\u00ed pou\u017eili k v\u00fdrob\u011b na\u0161eho mariazellsk\u00e9ho mas\u00e1\u017en\u00edho oleje. M\u00e1 h\u0159ejiv\u00fd, detoxika\u010dn\u00ed \u00fa\u010dinek a odv\u00e1d\u00ed odpadn\u00ed l\u00e1tky z tk\u00e1n\u011b.<\/p>\n<p><strong>Aplikace:<\/strong> Popis obdr\u017e\u00edte s mariazellsk\u00fdm bal\u00ed\u010dkem na hubnut\u00ed.<\/p>\n","protected":false},"excerpt":{"rendered":"<p>Nej\u00fa\u010dinn\u011bj\u0161\u00ed p\u0159\u00edpravky na podporu hubnut\u00ed, detoxikaci, \u010di\u0161t\u011bn\u00ed a odkyselen\u00ed v kombinovan\u00e9m balen\u00ed (30denn\u00ed k\u00fara).<\/p>\n","protected":false},"featured_media":86292,"comment_status":"closed","ping_status":"closed","template":"","meta":{"_acf_changed":false},"product_brand":[],"product_cat":[],"product_tag":[],"class_list":{"0":"post-41626","1":"product","2":"type-product","3":"status-publish","4":"has-post-thumbnail","6":"first","7":"instock","8":"taxable","9":"shipping-taxable","10":"purchasable","11":"product-type-simple"},"acf":[],"yoast_head":"<!-- This site is optimized with the Yoast SEO plugin v27.2 - https:\/\/yoast.com\/product\/yoast-seo-wordpress\/ -->\n<title>Mariazellsk\u00fd kombinovan\u00fd bal\u00ed\u010dek na hubnut\u00ed - Apotheke &amp; Drogerie zur Gnadenmutter - Mariazell<\/title>\n<meta name=\"robots\" content=\"index, follow, max-snippet:-1, max-image-preview:large, max-video-preview:-1\" \/>\n<link rel=\"canonical\" href=\"https:\/\/www.zurgnadenmutter.com\/cs\/produkt\/mariazellsky-kombinovany-balicek-na-hubnuti\/\" \/>\n<meta property=\"og:locale\" content=\"cs_CZ\" \/>\n<meta property=\"og:type\" content=\"article\" \/>\n<meta property=\"og:title\" content=\"Mariazellsk\u00fd kombinovan\u00fd bal\u00ed\u010dek na hubnut\u00ed - Apotheke &amp; Drogerie zur Gnadenmutter - Mariazell\" \/>\n<meta property=\"og:description\" content=\"Nej\u00fa\u010dinn\u011bj\u0161\u00ed p\u0159\u00edpravky na podporu hubnut\u00ed, detoxikaci, \u010di\u0161t\u011bn\u00ed a odkyselen\u00ed v kombinovan\u00e9m balen\u00ed (30denn\u00ed k\u00fara).\" \/>\n<meta property=\"og:url\" content=\"https:\/\/www.zurgnadenmutter.com\/cs\/produkt\/mariazellsky-kombinovany-balicek-na-hubnuti\/\" \/>\n<meta property=\"og:site_name\" content=\"Apotheke &amp; Drogerie zur Gnadenmutter - Mariazell\" \/>\n<meta property=\"article:modified_time\" content=\"2022-09-12T18:37:25+00:00\" \/>\n<meta property=\"og:image\" content=\"https:\/\/www.zurgnadenmutter.com\/wp-content\/uploads\/2016\/04\/Schlank-Kombo-Paket-scaled.jpg\" \/>\n\t<meta property=\"og:image:width\" content=\"1920\" \/>\n\t<meta property=\"og:image:height\" content=\"2560\" \/>\n\t<meta property=\"og:image:type\" content=\"image\/jpeg\" \/>\n<meta name=\"twitter:card\" content=\"summary_large_image\" \/>\n<meta name=\"twitter:label1\" content=\"Odhadovan\u00e1 doba \u010dten\u00ed\" \/>\n\t<meta name=\"twitter:data1\" content=\"1 minuta\" \/>\n<script type=\"application\/ld+json\" class=\"yoast-schema-graph\">{\"@context\":\"https:\/\/schema.org\",\"@graph\":[{\"@type\":\"WebPage\",\"@id\":\"https:\/\/www.zurgnadenmutter.com\/cs\/produkt\/mariazellsky-kombinovany-balicek-na-hubnuti\/\",\"url\":\"https:\/\/www.zurgnadenmutter.com\/cs\/produkt\/mariazellsky-kombinovany-balicek-na-hubnuti\/\",\"name\":\"Mariazellsk\u00fd kombinovan\u00fd bal\u00ed\u010dek na hubnut\u00ed - Apotheke &amp; Drogerie zur Gnadenmutter - Mariazell\",\"isPartOf\":{\"@id\":\"https:\/\/www.zurgnadenmutter.com\/#website\"},\"primaryImageOfPage\":{\"@id\":\"https:\/\/www.zurgnadenmutter.com\/cs\/produkt\/mariazellsky-kombinovany-balicek-na-hubnuti\/#primaryimage\"},\"image\":{\"@id\":\"https:\/\/www.zurgnadenmutter.com\/cs\/produkt\/mariazellsky-kombinovany-balicek-na-hubnuti\/#primaryimage\"},\"thumbnailUrl\":\"https:\/\/www.zurgnadenmutter.com\/wp-content\/uploads\/2016\/04\/Schlank-Kombo-Paket-scaled.jpg\",\"datePublished\":\"2016-04-04T21:39:24+00:00\",\"dateModified\":\"2022-09-12T18:37:25+00:00\",\"breadcrumb\":{\"@id\":\"https:\/\/www.zurgnadenmutter.com\/cs\/produkt\/mariazellsky-kombinovany-balicek-na-hubnuti\/#breadcrumb\"},\"inLanguage\":\"cs\",\"potentialAction\":[{\"@type\":\"ReadAction\",\"target\":[\"https:\/\/www.zurgnadenmutter.com\/cs\/produkt\/mariazellsky-kombinovany-balicek-na-hubnuti\/\"]}]},{\"@type\":\"ImageObject\",\"inLanguage\":\"cs\",\"@id\":\"https:\/\/www.zurgnadenmutter.com\/cs\/produkt\/mariazellsky-kombinovany-balicek-na-hubnuti\/#primaryimage\",\"url\":\"https:\/\/www.zurgnadenmutter.com\/wp-content\/uploads\/2016\/04\/Schlank-Kombo-Paket-scaled.jpg\",\"contentUrl\":\"https:\/\/www.zurgnadenmutter.com\/wp-content\/uploads\/2016\/04\/Schlank-Kombo-Paket-scaled.jpg\",\"width\":1920,\"height\":2560},{\"@type\":\"BreadcrumbList\",\"@id\":\"https:\/\/www.zurgnadenmutter.com\/cs\/produkt\/mariazellsky-kombinovany-balicek-na-hubnuti\/#breadcrumb\",\"itemListElement\":[{\"@type\":\"ListItem\",\"position\":1,\"name\":\"Startseite\",\"item\":\"https:\/\/www.zurgnadenmutter.com\/cs\/\"},{\"@type\":\"ListItem\",\"position\":2,\"name\":\"Shop\",\"item\":\"https:\/\/www.zurgnadenmutter.com\/cs\/shop\/\"},{\"@type\":\"ListItem\",\"position\":3,\"name\":\"Mariazellsk\u00fd kombinovan\u00fd bal\u00ed\u010dek na hubnut\u00ed\"}]},{\"@type\":\"WebSite\",\"@id\":\"https:\/\/www.zurgnadenmutter.com\/#website\",\"url\":\"https:\/\/www.zurgnadenmutter.com\/\",\"name\":\"Apotheke &amp; Drogerie zur Gnadenmutter - Mariazell\",\"description\":\"Apotheke Mariazell\",\"potentialAction\":[{\"@type\":\"SearchAction\",\"target\":{\"@type\":\"EntryPoint\",\"urlTemplate\":\"https:\/\/www.zurgnadenmutter.com\/?s={search_term_string}\"},\"query-input\":{\"@type\":\"PropertyValueSpecification\",\"valueRequired\":true,\"valueName\":\"search_term_string\"}}],\"inLanguage\":\"cs\"}]}<\/script>\n<!-- \/ Yoast SEO plugin. -->","yoast_head_json":{"title":"Mariazellsk\u00fd kombinovan\u00fd bal\u00ed\u010dek na hubnut\u00ed - Apotheke &amp; Drogerie zur Gnadenmutter - Mariazell","robots":{"index":"index","follow":"follow","max-snippet":"max-snippet:-1","max-image-preview":"max-image-preview:large","max-video-preview":"max-video-preview:-1"},"canonical":"https:\/\/www.zurgnadenmutter.com\/cs\/produkt\/mariazellsky-kombinovany-balicek-na-hubnuti\/","og_locale":"cs_CZ","og_type":"article","og_title":"Mariazellsk\u00fd kombinovan\u00fd bal\u00ed\u010dek na hubnut\u00ed - Apotheke &amp; Drogerie zur Gnadenmutter - Mariazell","og_description":"Nej\u00fa\u010dinn\u011bj\u0161\u00ed p\u0159\u00edpravky na podporu hubnut\u00ed, detoxikaci, \u010di\u0161t\u011bn\u00ed a odkyselen\u00ed v kombinovan\u00e9m balen\u00ed (30denn\u00ed k\u00fara).","og_url":"https:\/\/www.zurgnadenmutter.com\/cs\/produkt\/mariazellsky-kombinovany-balicek-na-hubnuti\/","og_site_name":"Apotheke &amp; Drogerie zur Gnadenmutter - Mariazell","article_modified_time":"2022-09-12T18:37:25+00:00","og_image":[{"width":1920,"height":2560,"url":"https:\/\/www.zurgnadenmutter.com\/wp-content\/uploads\/2016\/04\/Schlank-Kombo-Paket-scaled.jpg","type":"image\/jpeg"}],"twitter_card":"summary_large_image","twitter_misc":{"Odhadovan\u00e1 doba \u010dten\u00ed":"1 minuta"},"schema":{"@context":"https:\/\/schema.org","@graph":[{"@type":"WebPage","@id":"https:\/\/www.zurgnadenmutter.com\/cs\/produkt\/mariazellsky-kombinovany-balicek-na-hubnuti\/","url":"https:\/\/www.zurgnadenmutter.com\/cs\/produkt\/mariazellsky-kombinovany-balicek-na-hubnuti\/","name":"Mariazellsk\u00fd kombinovan\u00fd bal\u00ed\u010dek na hubnut\u00ed - Apotheke &amp; Drogerie zur Gnadenmutter - Mariazell","isPartOf":{"@id":"https:\/\/www.zurgnadenmutter.com\/#website"},"primaryImageOfPage":{"@id":"https:\/\/www.zurgnadenmutter.com\/cs\/produkt\/mariazellsky-kombinovany-balicek-na-hubnuti\/#primaryimage"},"image":{"@id":"https:\/\/www.zurgnadenmutter.com\/cs\/produkt\/mariazellsky-kombinovany-balicek-na-hubnuti\/#primaryimage"},"thumbnailUrl":"https:\/\/www.zurgnadenmutter.com\/wp-content\/uploads\/2016\/04\/Schlank-Kombo-Paket-scaled.jpg","datePublished":"2016-04-04T21:39:24+00:00","dateModified":"2022-09-12T18:37:25+00:00","breadcrumb":{"@id":"https:\/\/www.zurgnadenmutter.com\/cs\/produkt\/mariazellsky-kombinovany-balicek-na-hubnuti\/#breadcrumb"},"inLanguage":"cs","potentialAction":[{"@type":"ReadAction","target":["https:\/\/www.zurgnadenmutter.com\/cs\/produkt\/mariazellsky-kombinovany-balicek-na-hubnuti\/"]}]},{"@type":"ImageObject","inLanguage":"cs","@id":"https:\/\/www.zurgnadenmutter.com\/cs\/produkt\/mariazellsky-kombinovany-balicek-na-hubnuti\/#primaryimage","url":"https:\/\/www.zurgnadenmutter.com\/wp-content\/uploads\/2016\/04\/Schlank-Kombo-Paket-scaled.jpg","contentUrl":"https:\/\/www.zurgnadenmutter.com\/wp-content\/uploads\/2016\/04\/Schlank-Kombo-Paket-scaled.jpg","width":1920,"height":2560},{"@type":"BreadcrumbList","@id":"https:\/\/www.zurgnadenmutter.com\/cs\/produkt\/mariazellsky-kombinovany-balicek-na-hubnuti\/#breadcrumb","itemListElement":[{"@type":"ListItem","position":1,"name":"Startseite","item":"https:\/\/www.zurgnadenmutter.com\/cs\/"},{"@type":"ListItem","position":2,"name":"Shop","item":"https:\/\/www.zurgnadenmutter.com\/cs\/shop\/"},{"@type":"ListItem","position":3,"name":"Mariazellsk\u00fd kombinovan\u00fd bal\u00ed\u010dek na hubnut\u00ed"}]},{"@type":"WebSite","@id":"https:\/\/www.zurgnadenmutter.com\/#website","url":"https:\/\/www.zurgnadenmutter.com\/","name":"Apotheke &amp; Drogerie zur Gnadenmutter - Mariazell","description":"Apotheke Mariazell","potentialAction":[{"@type":"SearchAction","target":{"@type":"EntryPoint","urlTemplate":"https:\/\/www.zurgnadenmutter.com\/?s={search_term_string}"},"query-input":{"@type":"PropertyValueSpecification","valueRequired":true,"valueName":"search_term_string"}}],"inLanguage":"cs"}]}},"_links":{"self":[{"href":"https:\/\/www.zurgnadenmutter.com\/cs\/wp-json\/wp\/v2\/product\/41626","targetHints":{"allow":["GET"]}}],"collection":[{"href":"https:\/\/www.zurgnadenmutter.com\/cs\/wp-json\/wp\/v2\/product"}],"about":[{"href":"https:\/\/www.zurgnadenmutter.com\/cs\/wp-json\/wp\/v2\/types\/product"}],"replies":[{"embeddable":true,"href":"https:\/\/www.zurgnadenmutter.com\/cs\/wp-json\/wp\/v2\/comments?post=41626"}],"wp:featuredmedia":[{"embeddable":true,"href":"https:\/\/www.zurgnadenmutter.com\/cs\/wp-json\/wp\/v2\/media\/86292"}],"wp:attachment":[{"href":"https:\/\/www.zurgnadenmutter.com\/cs\/wp-json\/wp\/v2\/media?parent=41626"}],"wp:term":[{"taxonomy":"product_brand","embeddable":true,"href":"https:\/\/www.zurgnadenmutter.com\/cs\/wp-json\/wp\/v2\/product_brand?post=41626"},{"taxonomy":"product_cat","embeddable":true,"href":"https:\/\/www.zurgnadenmutter.com\/cs\/wp-json\/wp\/v2\/product_cat?post=41626"},{"taxonomy":"product_tag","embeddable":true,"href":"https:\/\/www.zurgnadenmutter.com\/cs\/wp-json\/wp\/v2\/product_tag?post=41626"}],"curies":[{"name":"wp","href":"https:\/\/api.w.org\/{rel}","templated":true}]}}