{"id":41625,"date":"2016-04-04T23:37:02","date_gmt":"2016-04-04T21:37:02","guid":{"rendered":"https:\/\/www.zurgnadenmutter.com\/shop\/mariazellske-zaludecni-kapky\/"},"modified":"2022-09-12T20:37:24","modified_gmt":"2022-09-12T18:37:24","slug":"mariazellske-zaludecni-kapky","status":"publish","type":"product","link":"https:\/\/www.zurgnadenmutter.com\/cs\/produkt\/mariazellske-zaludecni-kapky\/","title":{"rendered":"mariazellsk\u00e9 \u017ealude\u010dn\u00ed kapky"},"content":{"rendered":"<p>V roce 1780 byly v l\u00e9k\u00e1rn\u011b Zur Gnadenmutter poprv\u00e9 vyrobeny mariazellsk\u00e9 \u017ealude\u010dn\u00ed kapky, kde se od t\u00e9 doby vyr\u00e1b\u00ed podle tradi\u010dn\u00ed receptury. Od t\u00e9 doby se tis\u00edckr\u00e1t osv\u011bd\u010dily. Nen\u00ed snad dom\u00e1cnosti, kde by neznali obl\u00edben\u00e9 kapky v nezam\u011bniteln\u00e9m zelenob\u00edl\u00e9m pruhovan\u00e9m balen\u00ed. Pokud jste se najedli hodn\u011b nebo sn\u011bdli p\u0159\u00edli\u0161 t\u011b\u017ek\u00e9 j\u00eddlo \u2013 sta\u010d\u00ed si vz\u00edt \u017ealude\u010dn\u00ed kapky a budete se zase c\u00edtit dob\u0159e.<\/p>\n<p>Podporuj\u00ed zdrav\u00e9 tr\u00e1ven\u00ed, pom\u00e1haj\u00ed p\u0159i za\u017e\u00edvac\u00edch pot\u00ed\u017e\u00edch, podporuj\u00ed norm\u00e1ln\u00ed \u010dinnost \u017ealudku a jater, podporuj\u00ed detoxika\u010dn\u00ed funkci jater, podporuj\u00ed tvorbu tr\u00e1vic\u00edch \u0161\u0165\u00e1v a pohyb st\u0159ev a metabolismus tuk\u016f. Maj\u00ed tak\u00e9 stabiliza\u010dn\u00ed \u00fa\u010dinek na t\u011blo, pokud jde o tvorbu \u017ealude\u010dn\u00ed kyseliny p\u0159i za\u017e\u00edvac\u00edch pot\u00ed\u017e\u00edch jako je nevolnost, pocit plnosti, plynatost a zvracen\u00ed.<\/p>\n","protected":false},"excerpt":{"rendered":"<p>Origin\u00e1l z roku 1780 s 26 rostlinami, kter\u00e9 um\u00ed z\u00e1zraky p\u0159i nad\u00fdm\u00e1n\u00ed, plynatosti a nevolnosti.<\/p>\n<h6><\/h6>\n","protected":false},"featured_media":82511,"comment_status":"closed","ping_status":"closed","template":"","meta":{"_acf_changed":false},"product_brand":[],"product_cat":[373],"product_tag":[],"class_list":{"0":"post-41625","1":"product","2":"type-product","3":"status-publish","4":"has-post-thumbnail","6":"product_cat-bylinkove-speciality","8":"first","9":"instock","10":"taxable","11":"shipping-taxable","12":"purchasable","13":"product-type-simple"},"acf":[],"yoast_head":"<!-- This site is optimized with the Yoast SEO plugin v27.2 - https:\/\/yoast.com\/product\/yoast-seo-wordpress\/ -->\n<title>mariazellsk\u00e9 \u017ealude\u010dn\u00ed kapky - Apotheke &amp; Drogerie zur Gnadenmutter - Mariazell<\/title>\n<meta name=\"description\" content=\"Na\u0161e \u017ealude\u010dn\u00ed kapky podporuj\u00ed zdrav\u00e9 tr\u00e1ven\u00ed, maj\u00ed podp\u016frn\u00fd \u00fa\u010dinek p\u0159i za\u017e\u00edvac\u00edch pot\u00ed\u017e\u00edch, podporuj\u00ed tvorbu tr\u00e1vic\u00edch \u0161\u0165\u00e1v a...\" \/>\n<meta name=\"robots\" content=\"index, follow, max-snippet:-1, max-image-preview:large, max-video-preview:-1\" \/>\n<link rel=\"canonical\" href=\"https:\/\/www.zurgnadenmutter.com\/cs\/produkt\/mariazellske-zaludecni-kapky\/\" \/>\n<meta property=\"og:locale\" content=\"cs_CZ\" \/>\n<meta property=\"og:type\" content=\"article\" \/>\n<meta property=\"og:title\" content=\"mariazellsk\u00e9 \u017ealude\u010dn\u00ed kapky - Apotheke &amp; Drogerie zur Gnadenmutter - Mariazell\" \/>\n<meta property=\"og:description\" content=\"Na\u0161e \u017ealude\u010dn\u00ed kapky podporuj\u00ed zdrav\u00e9 tr\u00e1ven\u00ed, maj\u00ed podp\u016frn\u00fd \u00fa\u010dinek p\u0159i za\u017e\u00edvac\u00edch pot\u00ed\u017e\u00edch, podporuj\u00ed tvorbu tr\u00e1vic\u00edch \u0161\u0165\u00e1v a...\" \/>\n<meta property=\"og:url\" content=\"https:\/\/www.zurgnadenmutter.com\/cs\/produkt\/mariazellske-zaludecni-kapky\/\" \/>\n<meta property=\"og:site_name\" content=\"Apotheke &amp; Drogerie zur Gnadenmutter - Mariazell\" \/>\n<meta property=\"article:modified_time\" content=\"2022-09-12T18:37:24+00:00\" \/>\n<meta property=\"og:image\" content=\"https:\/\/www.zurgnadenmutter.com\/wp-content\/uploads\/2016\/04\/MARIAZELLER-MAGENTROPFEN-1-scaled.jpg\" \/>\n\t<meta property=\"og:image:width\" content=\"1920\" \/>\n\t<meta property=\"og:image:height\" content=\"2560\" \/>\n\t<meta property=\"og:image:type\" content=\"image\/jpeg\" \/>\n<meta name=\"twitter:card\" content=\"summary_large_image\" \/>\n<meta name=\"twitter:label1\" content=\"Odhadovan\u00e1 doba \u010dten\u00ed\" \/>\n\t<meta name=\"twitter:data1\" content=\"1 minuta\" \/>\n<script type=\"application\/ld+json\" class=\"yoast-schema-graph\">{\"@context\":\"https:\/\/schema.org\",\"@graph\":[{\"@type\":\"WebPage\",\"@id\":\"https:\/\/www.zurgnadenmutter.com\/cs\/produkt\/mariazellske-zaludecni-kapky\/\",\"url\":\"https:\/\/www.zurgnadenmutter.com\/cs\/produkt\/mariazellske-zaludecni-kapky\/\",\"name\":\"mariazellsk\u00e9 \u017ealude\u010dn\u00ed kapky - Apotheke &amp; Drogerie zur Gnadenmutter - Mariazell\",\"isPartOf\":{\"@id\":\"https:\/\/www.zurgnadenmutter.com\/#website\"},\"primaryImageOfPage\":{\"@id\":\"https:\/\/www.zurgnadenmutter.com\/cs\/produkt\/mariazellske-zaludecni-kapky\/#primaryimage\"},\"image\":{\"@id\":\"https:\/\/www.zurgnadenmutter.com\/cs\/produkt\/mariazellske-zaludecni-kapky\/#primaryimage\"},\"thumbnailUrl\":\"https:\/\/www.zurgnadenmutter.com\/wp-content\/uploads\/2016\/04\/Magentropfen-scaled.jpg\",\"datePublished\":\"2016-04-04T21:37:02+00:00\",\"dateModified\":\"2022-09-12T18:37:24+00:00\",\"description\":\"Na\u0161e \u017ealude\u010dn\u00ed kapky podporuj\u00ed zdrav\u00e9 tr\u00e1ven\u00ed, maj\u00ed podp\u016frn\u00fd \u00fa\u010dinek p\u0159i za\u017e\u00edvac\u00edch pot\u00ed\u017e\u00edch, podporuj\u00ed tvorbu tr\u00e1vic\u00edch \u0161\u0165\u00e1v a...\",\"breadcrumb\":{\"@id\":\"https:\/\/www.zurgnadenmutter.com\/cs\/produkt\/mariazellske-zaludecni-kapky\/#breadcrumb\"},\"inLanguage\":\"cs\",\"potentialAction\":[{\"@type\":\"ReadAction\",\"target\":[\"https:\/\/www.zurgnadenmutter.com\/cs\/produkt\/mariazellske-zaludecni-kapky\/\"]}]},{\"@type\":\"ImageObject\",\"inLanguage\":\"cs\",\"@id\":\"https:\/\/www.zurgnadenmutter.com\/cs\/produkt\/mariazellske-zaludecni-kapky\/#primaryimage\",\"url\":\"https:\/\/www.zurgnadenmutter.com\/wp-content\/uploads\/2016\/04\/Magentropfen-scaled.jpg\",\"contentUrl\":\"https:\/\/www.zurgnadenmutter.com\/wp-content\/uploads\/2016\/04\/Magentropfen-scaled.jpg\",\"width\":1920,\"height\":2560},{\"@type\":\"BreadcrumbList\",\"@id\":\"https:\/\/www.zurgnadenmutter.com\/cs\/produkt\/mariazellske-zaludecni-kapky\/#breadcrumb\",\"itemListElement\":[{\"@type\":\"ListItem\",\"position\":1,\"name\":\"Startseite\",\"item\":\"https:\/\/www.zurgnadenmutter.com\/cs\/\"},{\"@type\":\"ListItem\",\"position\":2,\"name\":\"Shop\",\"item\":\"https:\/\/www.zurgnadenmutter.com\/cs\/shop\/\"},{\"@type\":\"ListItem\",\"position\":3,\"name\":\"mariazellsk\u00e9 \u017ealude\u010dn\u00ed kapky\"}]},{\"@type\":\"WebSite\",\"@id\":\"https:\/\/www.zurgnadenmutter.com\/#website\",\"url\":\"https:\/\/www.zurgnadenmutter.com\/\",\"name\":\"Apotheke &amp; Drogerie zur Gnadenmutter - Mariazell\",\"description\":\"Apotheke Mariazell\",\"potentialAction\":[{\"@type\":\"SearchAction\",\"target\":{\"@type\":\"EntryPoint\",\"urlTemplate\":\"https:\/\/www.zurgnadenmutter.com\/?s={search_term_string}\"},\"query-input\":{\"@type\":\"PropertyValueSpecification\",\"valueRequired\":true,\"valueName\":\"search_term_string\"}}],\"inLanguage\":\"cs\"}]}<\/script>\n<!-- \/ Yoast SEO plugin. -->","yoast_head_json":{"title":"mariazellsk\u00e9 \u017ealude\u010dn\u00ed kapky - Apotheke &amp; Drogerie zur Gnadenmutter - Mariazell","description":"Na\u0161e \u017ealude\u010dn\u00ed kapky podporuj\u00ed zdrav\u00e9 tr\u00e1ven\u00ed, maj\u00ed podp\u016frn\u00fd \u00fa\u010dinek p\u0159i za\u017e\u00edvac\u00edch pot\u00ed\u017e\u00edch, podporuj\u00ed tvorbu tr\u00e1vic\u00edch \u0161\u0165\u00e1v a...","robots":{"index":"index","follow":"follow","max-snippet":"max-snippet:-1","max-image-preview":"max-image-preview:large","max-video-preview":"max-video-preview:-1"},"canonical":"https:\/\/www.zurgnadenmutter.com\/cs\/produkt\/mariazellske-zaludecni-kapky\/","og_locale":"cs_CZ","og_type":"article","og_title":"mariazellsk\u00e9 \u017ealude\u010dn\u00ed kapky - Apotheke &amp; Drogerie zur Gnadenmutter - Mariazell","og_description":"Na\u0161e \u017ealude\u010dn\u00ed kapky podporuj\u00ed zdrav\u00e9 tr\u00e1ven\u00ed, maj\u00ed podp\u016frn\u00fd \u00fa\u010dinek p\u0159i za\u017e\u00edvac\u00edch pot\u00ed\u017e\u00edch, podporuj\u00ed tvorbu tr\u00e1vic\u00edch \u0161\u0165\u00e1v a...","og_url":"https:\/\/www.zurgnadenmutter.com\/cs\/produkt\/mariazellske-zaludecni-kapky\/","og_site_name":"Apotheke &amp; Drogerie zur Gnadenmutter - Mariazell","article_modified_time":"2022-09-12T18:37:24+00:00","og_image":[{"width":1920,"height":2560,"url":"https:\/\/www.zurgnadenmutter.com\/wp-content\/uploads\/2016\/04\/MARIAZELLER-MAGENTROPFEN-1-scaled.jpg","type":"image\/jpeg"}],"twitter_card":"summary_large_image","twitter_misc":{"Odhadovan\u00e1 doba \u010dten\u00ed":"1 minuta"},"schema":{"@context":"https:\/\/schema.org","@graph":[{"@type":"WebPage","@id":"https:\/\/www.zurgnadenmutter.com\/cs\/produkt\/mariazellske-zaludecni-kapky\/","url":"https:\/\/www.zurgnadenmutter.com\/cs\/produkt\/mariazellske-zaludecni-kapky\/","name":"mariazellsk\u00e9 \u017ealude\u010dn\u00ed kapky - Apotheke &amp; Drogerie zur Gnadenmutter - Mariazell","isPartOf":{"@id":"https:\/\/www.zurgnadenmutter.com\/#website"},"primaryImageOfPage":{"@id":"https:\/\/www.zurgnadenmutter.com\/cs\/produkt\/mariazellske-zaludecni-kapky\/#primaryimage"},"image":{"@id":"https:\/\/www.zurgnadenmutter.com\/cs\/produkt\/mariazellske-zaludecni-kapky\/#primaryimage"},"thumbnailUrl":"https:\/\/www.zurgnadenmutter.com\/wp-content\/uploads\/2016\/04\/Magentropfen-scaled.jpg","datePublished":"2016-04-04T21:37:02+00:00","dateModified":"2022-09-12T18:37:24+00:00","description":"Na\u0161e \u017ealude\u010dn\u00ed kapky podporuj\u00ed zdrav\u00e9 tr\u00e1ven\u00ed, maj\u00ed podp\u016frn\u00fd \u00fa\u010dinek p\u0159i za\u017e\u00edvac\u00edch pot\u00ed\u017e\u00edch, podporuj\u00ed tvorbu tr\u00e1vic\u00edch \u0161\u0165\u00e1v a...","breadcrumb":{"@id":"https:\/\/www.zurgnadenmutter.com\/cs\/produkt\/mariazellske-zaludecni-kapky\/#breadcrumb"},"inLanguage":"cs","potentialAction":[{"@type":"ReadAction","target":["https:\/\/www.zurgnadenmutter.com\/cs\/produkt\/mariazellske-zaludecni-kapky\/"]}]},{"@type":"ImageObject","inLanguage":"cs","@id":"https:\/\/www.zurgnadenmutter.com\/cs\/produkt\/mariazellske-zaludecni-kapky\/#primaryimage","url":"https:\/\/www.zurgnadenmutter.com\/wp-content\/uploads\/2016\/04\/Magentropfen-scaled.jpg","contentUrl":"https:\/\/www.zurgnadenmutter.com\/wp-content\/uploads\/2016\/04\/Magentropfen-scaled.jpg","width":1920,"height":2560},{"@type":"BreadcrumbList","@id":"https:\/\/www.zurgnadenmutter.com\/cs\/produkt\/mariazellske-zaludecni-kapky\/#breadcrumb","itemListElement":[{"@type":"ListItem","position":1,"name":"Startseite","item":"https:\/\/www.zurgnadenmutter.com\/cs\/"},{"@type":"ListItem","position":2,"name":"Shop","item":"https:\/\/www.zurgnadenmutter.com\/cs\/shop\/"},{"@type":"ListItem","position":3,"name":"mariazellsk\u00e9 \u017ealude\u010dn\u00ed kapky"}]},{"@type":"WebSite","@id":"https:\/\/www.zurgnadenmutter.com\/#website","url":"https:\/\/www.zurgnadenmutter.com\/","name":"Apotheke &amp; Drogerie zur Gnadenmutter - Mariazell","description":"Apotheke Mariazell","potentialAction":[{"@type":"SearchAction","target":{"@type":"EntryPoint","urlTemplate":"https:\/\/www.zurgnadenmutter.com\/?s={search_term_string}"},"query-input":{"@type":"PropertyValueSpecification","valueRequired":true,"valueName":"search_term_string"}}],"inLanguage":"cs"}]}},"_links":{"self":[{"href":"https:\/\/www.zurgnadenmutter.com\/cs\/wp-json\/wp\/v2\/product\/41625","targetHints":{"allow":["GET"]}}],"collection":[{"href":"https:\/\/www.zurgnadenmutter.com\/cs\/wp-json\/wp\/v2\/product"}],"about":[{"href":"https:\/\/www.zurgnadenmutter.com\/cs\/wp-json\/wp\/v2\/types\/product"}],"replies":[{"embeddable":true,"href":"https:\/\/www.zurgnadenmutter.com\/cs\/wp-json\/wp\/v2\/comments?post=41625"}],"wp:featuredmedia":[{"embeddable":true,"href":"https:\/\/www.zurgnadenmutter.com\/cs\/wp-json\/wp\/v2\/media\/82511"}],"wp:attachment":[{"href":"https:\/\/www.zurgnadenmutter.com\/cs\/wp-json\/wp\/v2\/media?parent=41625"}],"wp:term":[{"taxonomy":"product_brand","embeddable":true,"href":"https:\/\/www.zurgnadenmutter.com\/cs\/wp-json\/wp\/v2\/product_brand?post=41625"},{"taxonomy":"product_cat","embeddable":true,"href":"https:\/\/www.zurgnadenmutter.com\/cs\/wp-json\/wp\/v2\/product_cat?post=41625"},{"taxonomy":"product_tag","embeddable":true,"href":"https:\/\/www.zurgnadenmutter.com\/cs\/wp-json\/wp\/v2\/product_tag?post=41625"}],"curies":[{"name":"wp","href":"https:\/\/api.w.org\/{rel}","templated":true}]}}