{"id":41622,"date":"2016-04-04T23:32:16","date_gmt":"2016-04-04T21:32:16","guid":{"rendered":"https:\/\/www.zurgnadenmutter.com\/shop\/mariazellsky-podzimni-detoxikacni-ocistny-balicek\/"},"modified":"2022-09-12T20:37:23","modified_gmt":"2022-09-12T18:37:23","slug":"mariazellsky-detoxikacni-a-ocistny-balicek-podzim","status":"publish","type":"product","link":"https:\/\/www.zurgnadenmutter.com\/cs\/produkt\/mariazellsky-detoxikacni-a-ocistny-balicek-podzim\/","title":{"rendered":"Mariazellsk\u00fd podzimn\u00ed detoxika\u010dn\u00ed \/ o\u010distn\u00fd bal\u00ed\u010dek"},"content":{"rendered":"<p>Nej\u00fa\u010dinn\u011bj\u0161\u00ed produkty pro zdravou detoxikaci, pro\u010di\u0161t\u011bn\u00ed a odkyselen\u00ed spojen\u00e9 v jednom balen\u00ed.<\/p>\n<p><strong>Pou\u017eit\u00ed:\u00a0<\/strong>Popis obdr\u017e\u00edte s o\u010distn\u00fdm bal\u00ed\u010dkem z Mariazellu.<\/p>\n","protected":false},"excerpt":{"rendered":"<p>Obsah balen\u00ed:<\/p>\n<p>4x Mariazellsk\u00e9 fytokapky (smetanka, krti\u010dn\u00edk, p\u0159esli\u010dka, cedrov\u00e9 v\u00fdhonky)<\/p>\n<p>1x l\u00e9\u010div\u00e9 \u017elut\u00e9 bahno<\/p>\n<p>1x Mariazellsk\u00fd alkalick\u00fd \u010daj<\/p>\n<p>1x Mariazellsk\u00fd alkalick\u00fd koupelov\u00fd koncentr\u00e1t<\/p>\n","protected":false},"featured_media":86300,"comment_status":"closed","ping_status":"closed","template":"","meta":{"_acf_changed":false},"product_brand":[],"product_cat":[],"product_tag":[],"class_list":{"0":"post-41622","1":"product","2":"type-product","3":"status-publish","4":"has-post-thumbnail","6":"first","7":"instock","8":"taxable","9":"shipping-taxable","10":"purchasable","11":"product-type-simple"},"acf":[],"yoast_head":"<!-- This site is optimized with the Yoast SEO plugin v27.2 - https:\/\/yoast.com\/product\/yoast-seo-wordpress\/ -->\n<title>Mariazellsk\u00fd podzimn\u00ed detoxika\u010dn\u00ed \/ o\u010distn\u00fd bal\u00ed\u010dek - Apotheke &amp; Drogerie zur Gnadenmutter - Mariazell<\/title>\n<meta name=\"robots\" content=\"index, follow, max-snippet:-1, max-image-preview:large, max-video-preview:-1\" \/>\n<link rel=\"canonical\" href=\"https:\/\/www.zurgnadenmutter.com\/cs\/produkt\/mariazellsky-detoxikacni-a-ocistny-balicek-podzim\/\" \/>\n<meta property=\"og:locale\" content=\"cs_CZ\" \/>\n<meta property=\"og:type\" content=\"article\" \/>\n<meta property=\"og:title\" content=\"Mariazellsk\u00fd podzimn\u00ed detoxika\u010dn\u00ed \/ o\u010distn\u00fd bal\u00ed\u010dek - Apotheke &amp; Drogerie zur Gnadenmutter - Mariazell\" \/>\n<meta property=\"og:description\" content=\"Obsah balen\u00ed: 4x Mariazellsk\u00e9 fytokapky (smetanka, krti\u010dn\u00edk, p\u0159esli\u010dka, cedrov\u00e9 v\u00fdhonky) 1x l\u00e9\u010div\u00e9 \u017elut\u00e9 bahno 1x Mariazellsk\u00fd alkalick\u00fd \u010daj 1x Mariazellsk\u00fd alkalick\u00fd koupelov\u00fd koncentr\u00e1t\" \/>\n<meta property=\"og:url\" content=\"https:\/\/www.zurgnadenmutter.com\/cs\/produkt\/mariazellsky-detoxikacni-a-ocistny-balicek-podzim\/\" \/>\n<meta property=\"og:site_name\" content=\"Apotheke &amp; Drogerie zur Gnadenmutter - Mariazell\" \/>\n<meta property=\"article:modified_time\" content=\"2022-09-12T18:37:23+00:00\" \/>\n<meta property=\"og:image\" content=\"https:\/\/www.zurgnadenmutter.com\/wp-content\/uploads\/2016\/04\/Entschlackungs-Paket-Herbst-scaled.jpg\" \/>\n\t<meta property=\"og:image:width\" content=\"1920\" \/>\n\t<meta property=\"og:image:height\" content=\"2560\" \/>\n\t<meta property=\"og:image:type\" content=\"image\/jpeg\" \/>\n<meta name=\"twitter:card\" content=\"summary_large_image\" \/>\n<script type=\"application\/ld+json\" class=\"yoast-schema-graph\">{\"@context\":\"https:\/\/schema.org\",\"@graph\":[{\"@type\":\"WebPage\",\"@id\":\"https:\/\/www.zurgnadenmutter.com\/cs\/produkt\/mariazellsky-detoxikacni-a-ocistny-balicek-podzim\/\",\"url\":\"https:\/\/www.zurgnadenmutter.com\/cs\/produkt\/mariazellsky-detoxikacni-a-ocistny-balicek-podzim\/\",\"name\":\"Mariazellsk\u00fd podzimn\u00ed detoxika\u010dn\u00ed \/ o\u010distn\u00fd bal\u00ed\u010dek - Apotheke &amp; Drogerie zur Gnadenmutter - Mariazell\",\"isPartOf\":{\"@id\":\"https:\/\/www.zurgnadenmutter.com\/#website\"},\"primaryImageOfPage\":{\"@id\":\"https:\/\/www.zurgnadenmutter.com\/cs\/produkt\/mariazellsky-detoxikacni-a-ocistny-balicek-podzim\/#primaryimage\"},\"image\":{\"@id\":\"https:\/\/www.zurgnadenmutter.com\/cs\/produkt\/mariazellsky-detoxikacni-a-ocistny-balicek-podzim\/#primaryimage\"},\"thumbnailUrl\":\"https:\/\/www.zurgnadenmutter.com\/wp-content\/uploads\/2016\/04\/Entschlackungs-Paket-Herbst-scaled.jpg\",\"datePublished\":\"2016-04-04T21:32:16+00:00\",\"dateModified\":\"2022-09-12T18:37:23+00:00\",\"breadcrumb\":{\"@id\":\"https:\/\/www.zurgnadenmutter.com\/cs\/produkt\/mariazellsky-detoxikacni-a-ocistny-balicek-podzim\/#breadcrumb\"},\"inLanguage\":\"cs\",\"potentialAction\":[{\"@type\":\"ReadAction\",\"target\":[\"https:\/\/www.zurgnadenmutter.com\/cs\/produkt\/mariazellsky-detoxikacni-a-ocistny-balicek-podzim\/\"]}]},{\"@type\":\"ImageObject\",\"inLanguage\":\"cs\",\"@id\":\"https:\/\/www.zurgnadenmutter.com\/cs\/produkt\/mariazellsky-detoxikacni-a-ocistny-balicek-podzim\/#primaryimage\",\"url\":\"https:\/\/www.zurgnadenmutter.com\/wp-content\/uploads\/2016\/04\/Entschlackungs-Paket-Herbst-scaled.jpg\",\"contentUrl\":\"https:\/\/www.zurgnadenmutter.com\/wp-content\/uploads\/2016\/04\/Entschlackungs-Paket-Herbst-scaled.jpg\",\"width\":1920,\"height\":2560},{\"@type\":\"BreadcrumbList\",\"@id\":\"https:\/\/www.zurgnadenmutter.com\/cs\/produkt\/mariazellsky-detoxikacni-a-ocistny-balicek-podzim\/#breadcrumb\",\"itemListElement\":[{\"@type\":\"ListItem\",\"position\":1,\"name\":\"Startseite\",\"item\":\"https:\/\/www.zurgnadenmutter.com\/cs\/\"},{\"@type\":\"ListItem\",\"position\":2,\"name\":\"Shop\",\"item\":\"https:\/\/www.zurgnadenmutter.com\/cs\/shop\/\"},{\"@type\":\"ListItem\",\"position\":3,\"name\":\"Mariazellsk\u00fd podzimn\u00ed detoxika\u010dn\u00ed \/ o\u010distn\u00fd bal\u00ed\u010dek\"}]},{\"@type\":\"WebSite\",\"@id\":\"https:\/\/www.zurgnadenmutter.com\/#website\",\"url\":\"https:\/\/www.zurgnadenmutter.com\/\",\"name\":\"Apotheke &amp; Drogerie zur Gnadenmutter - Mariazell\",\"description\":\"Apotheke Mariazell\",\"potentialAction\":[{\"@type\":\"SearchAction\",\"target\":{\"@type\":\"EntryPoint\",\"urlTemplate\":\"https:\/\/www.zurgnadenmutter.com\/?s={search_term_string}\"},\"query-input\":{\"@type\":\"PropertyValueSpecification\",\"valueRequired\":true,\"valueName\":\"search_term_string\"}}],\"inLanguage\":\"cs\"}]}<\/script>\n<!-- \/ Yoast SEO plugin. -->","yoast_head_json":{"title":"Mariazellsk\u00fd podzimn\u00ed detoxika\u010dn\u00ed \/ o\u010distn\u00fd bal\u00ed\u010dek - Apotheke &amp; Drogerie zur Gnadenmutter - Mariazell","robots":{"index":"index","follow":"follow","max-snippet":"max-snippet:-1","max-image-preview":"max-image-preview:large","max-video-preview":"max-video-preview:-1"},"canonical":"https:\/\/www.zurgnadenmutter.com\/cs\/produkt\/mariazellsky-detoxikacni-a-ocistny-balicek-podzim\/","og_locale":"cs_CZ","og_type":"article","og_title":"Mariazellsk\u00fd podzimn\u00ed detoxika\u010dn\u00ed \/ o\u010distn\u00fd bal\u00ed\u010dek - Apotheke &amp; Drogerie zur Gnadenmutter - Mariazell","og_description":"Obsah balen\u00ed: 4x Mariazellsk\u00e9 fytokapky (smetanka, krti\u010dn\u00edk, p\u0159esli\u010dka, cedrov\u00e9 v\u00fdhonky) 1x l\u00e9\u010div\u00e9 \u017elut\u00e9 bahno 1x Mariazellsk\u00fd alkalick\u00fd \u010daj 1x Mariazellsk\u00fd alkalick\u00fd koupelov\u00fd koncentr\u00e1t","og_url":"https:\/\/www.zurgnadenmutter.com\/cs\/produkt\/mariazellsky-detoxikacni-a-ocistny-balicek-podzim\/","og_site_name":"Apotheke &amp; Drogerie zur Gnadenmutter - Mariazell","article_modified_time":"2022-09-12T18:37:23+00:00","og_image":[{"width":1920,"height":2560,"url":"https:\/\/www.zurgnadenmutter.com\/wp-content\/uploads\/2016\/04\/Entschlackungs-Paket-Herbst-scaled.jpg","type":"image\/jpeg"}],"twitter_card":"summary_large_image","schema":{"@context":"https:\/\/schema.org","@graph":[{"@type":"WebPage","@id":"https:\/\/www.zurgnadenmutter.com\/cs\/produkt\/mariazellsky-detoxikacni-a-ocistny-balicek-podzim\/","url":"https:\/\/www.zurgnadenmutter.com\/cs\/produkt\/mariazellsky-detoxikacni-a-ocistny-balicek-podzim\/","name":"Mariazellsk\u00fd podzimn\u00ed detoxika\u010dn\u00ed \/ o\u010distn\u00fd bal\u00ed\u010dek - Apotheke &amp; Drogerie zur Gnadenmutter - Mariazell","isPartOf":{"@id":"https:\/\/www.zurgnadenmutter.com\/#website"},"primaryImageOfPage":{"@id":"https:\/\/www.zurgnadenmutter.com\/cs\/produkt\/mariazellsky-detoxikacni-a-ocistny-balicek-podzim\/#primaryimage"},"image":{"@id":"https:\/\/www.zurgnadenmutter.com\/cs\/produkt\/mariazellsky-detoxikacni-a-ocistny-balicek-podzim\/#primaryimage"},"thumbnailUrl":"https:\/\/www.zurgnadenmutter.com\/wp-content\/uploads\/2016\/04\/Entschlackungs-Paket-Herbst-scaled.jpg","datePublished":"2016-04-04T21:32:16+00:00","dateModified":"2022-09-12T18:37:23+00:00","breadcrumb":{"@id":"https:\/\/www.zurgnadenmutter.com\/cs\/produkt\/mariazellsky-detoxikacni-a-ocistny-balicek-podzim\/#breadcrumb"},"inLanguage":"cs","potentialAction":[{"@type":"ReadAction","target":["https:\/\/www.zurgnadenmutter.com\/cs\/produkt\/mariazellsky-detoxikacni-a-ocistny-balicek-podzim\/"]}]},{"@type":"ImageObject","inLanguage":"cs","@id":"https:\/\/www.zurgnadenmutter.com\/cs\/produkt\/mariazellsky-detoxikacni-a-ocistny-balicek-podzim\/#primaryimage","url":"https:\/\/www.zurgnadenmutter.com\/wp-content\/uploads\/2016\/04\/Entschlackungs-Paket-Herbst-scaled.jpg","contentUrl":"https:\/\/www.zurgnadenmutter.com\/wp-content\/uploads\/2016\/04\/Entschlackungs-Paket-Herbst-scaled.jpg","width":1920,"height":2560},{"@type":"BreadcrumbList","@id":"https:\/\/www.zurgnadenmutter.com\/cs\/produkt\/mariazellsky-detoxikacni-a-ocistny-balicek-podzim\/#breadcrumb","itemListElement":[{"@type":"ListItem","position":1,"name":"Startseite","item":"https:\/\/www.zurgnadenmutter.com\/cs\/"},{"@type":"ListItem","position":2,"name":"Shop","item":"https:\/\/www.zurgnadenmutter.com\/cs\/shop\/"},{"@type":"ListItem","position":3,"name":"Mariazellsk\u00fd podzimn\u00ed detoxika\u010dn\u00ed \/ o\u010distn\u00fd bal\u00ed\u010dek"}]},{"@type":"WebSite","@id":"https:\/\/www.zurgnadenmutter.com\/#website","url":"https:\/\/www.zurgnadenmutter.com\/","name":"Apotheke &amp; Drogerie zur Gnadenmutter - Mariazell","description":"Apotheke Mariazell","potentialAction":[{"@type":"SearchAction","target":{"@type":"EntryPoint","urlTemplate":"https:\/\/www.zurgnadenmutter.com\/?s={search_term_string}"},"query-input":{"@type":"PropertyValueSpecification","valueRequired":true,"valueName":"search_term_string"}}],"inLanguage":"cs"}]}},"_links":{"self":[{"href":"https:\/\/www.zurgnadenmutter.com\/cs\/wp-json\/wp\/v2\/product\/41622","targetHints":{"allow":["GET"]}}],"collection":[{"href":"https:\/\/www.zurgnadenmutter.com\/cs\/wp-json\/wp\/v2\/product"}],"about":[{"href":"https:\/\/www.zurgnadenmutter.com\/cs\/wp-json\/wp\/v2\/types\/product"}],"replies":[{"embeddable":true,"href":"https:\/\/www.zurgnadenmutter.com\/cs\/wp-json\/wp\/v2\/comments?post=41622"}],"wp:featuredmedia":[{"embeddable":true,"href":"https:\/\/www.zurgnadenmutter.com\/cs\/wp-json\/wp\/v2\/media\/86300"}],"wp:attachment":[{"href":"https:\/\/www.zurgnadenmutter.com\/cs\/wp-json\/wp\/v2\/media?parent=41622"}],"wp:term":[{"taxonomy":"product_brand","embeddable":true,"href":"https:\/\/www.zurgnadenmutter.com\/cs\/wp-json\/wp\/v2\/product_brand?post=41622"},{"taxonomy":"product_cat","embeddable":true,"href":"https:\/\/www.zurgnadenmutter.com\/cs\/wp-json\/wp\/v2\/product_cat?post=41622"},{"taxonomy":"product_tag","embeddable":true,"href":"https:\/\/www.zurgnadenmutter.com\/cs\/wp-json\/wp\/v2\/product_tag?post=41622"}],"curies":[{"name":"wp","href":"https:\/\/api.w.org\/{rel}","templated":true}]}}