{"id":41617,"date":"2016-04-04T23:22:41","date_gmt":"2016-04-04T21:22:41","guid":{"rendered":"https:\/\/www.zurgnadenmutter.com\/shop\/kosmetika-z-lekarny-zjemnujici-elixir\/"},"modified":"2022-09-12T20:37:20","modified_gmt":"2022-09-12T18:37:20","slug":"zjemnujici-elixir","status":"publish","type":"product","link":"https:\/\/www.zurgnadenmutter.com\/cs\/produkt\/zjemnujici-elixir\/","title":{"rendered":"Kosmetika z l\u00e9k\u00e1rny &#8211; zjem\u0148uj\u00edc\u00ed elix\u00edr"},"content":{"rendered":"<ul>\n<li>P\u0159\u00edrodn\u00ed suroviny<\/li>\n<li>P\u0159\u00edrodn\u00ed konzervace<\/li>\n<li>Ekologick\u00fd obal<\/li>\n<\/ul>\n<p>Vyrovn\u00e1vac\u00ed, ple\u0165 zjem\u0148uj\u00edc\u00ed elix\u00edr bez olej\u016f<\/p>\n<p>, reguluj\u00edc\u00ed a zjem\u0148uj\u00edc\u00ed elix\u00edr harmonizuje podr\u00e1\u017ed\u011bnou ple\u0165 a dod\u00e1v\u00e1 j\u00ed matn\u00fd, sametov\u00fd vzhled. P\u0159\u00edrodn\u00ed aktivn\u00ed slo\u017eka ze zrna je\u010dmene \u00fasp\u011b\u0161n\u011b zjem\u0148uje strukturu p\u00f3r\u016f. Slo\u017een\u00ed sl\u00e9zu a p\u0159esli\u010dky m\u00e1 uklid\u0148uj\u00edc\u00ed a vyrovn\u00e1vaj\u00edc\u00ed \u00fa\u010dinek na podr\u00e1\u017ed\u011bnou poko\u017eku. Rafina\u010dn\u00ed elix\u00edr dod\u00e1v\u00e1 ka\u017ed\u00e9 pleti jas a sv\u011b\u017eest a zaji\u0161\u0165uje zdrav\u00fd, rovnom\u011brn\u00fd vzhled.<\/p>\n","protected":false},"excerpt":{"rendered":"<p>Bezolejov\u00e9 s\u00e9rum je vhodn\u00e9 zejm\u00e9na pro sm\u00ed\u0161enou ple\u0165 a ple\u0165 s velk\u00fdmi p\u00f3ry. S levandul\u00ed, ureou, extraktem z p\u0159esli\u010dky, sl\u00e9zu a je\u010dmene.<\/p>\n","protected":false},"featured_media":79023,"comment_status":"closed","ping_status":"closed","template":"","meta":{"_acf_changed":false},"product_brand":[],"product_cat":[369,370],"product_tag":[],"class_list":{"0":"post-41617","1":"product","2":"type-product","3":"status-publish","4":"has-post-thumbnail","6":"product_cat-kosmetika","7":"product_cat-lecebna-kosmetika","9":"first","10":"instock","11":"taxable","12":"shipping-taxable","13":"purchasable","14":"product-type-simple"},"acf":[],"yoast_head":"<!-- This site is optimized with the Yoast SEO plugin v27.2 - https:\/\/yoast.com\/product\/yoast-seo-wordpress\/ -->\n<title>Kosmetika z l\u00e9k\u00e1rny - zjem\u0148uj\u00edc\u00ed elix\u00edr - Apotheke &amp; Drogerie zur Gnadenmutter - Mariazell<\/title>\n<meta name=\"robots\" content=\"index, follow, max-snippet:-1, max-image-preview:large, max-video-preview:-1\" \/>\n<link rel=\"canonical\" href=\"https:\/\/www.zurgnadenmutter.com\/cs\/produkt\/zjemnujici-elixir\/\" \/>\n<meta property=\"og:locale\" content=\"cs_CZ\" \/>\n<meta property=\"og:type\" content=\"article\" \/>\n<meta property=\"og:title\" content=\"Kosmetika z l\u00e9k\u00e1rny - zjem\u0148uj\u00edc\u00ed elix\u00edr - Apotheke &amp; Drogerie zur Gnadenmutter - Mariazell\" \/>\n<meta property=\"og:description\" content=\"Bezolejov\u00e9 s\u00e9rum je vhodn\u00e9 zejm\u00e9na pro sm\u00ed\u0161enou ple\u0165 a ple\u0165 s velk\u00fdmi p\u00f3ry. S levandul\u00ed, ureou, extraktem z p\u0159esli\u010dky, sl\u00e9zu a je\u010dmene.\" \/>\n<meta property=\"og:url\" content=\"https:\/\/www.zurgnadenmutter.com\/cs\/produkt\/zjemnujici-elixir\/\" \/>\n<meta property=\"og:site_name\" content=\"Apotheke &amp; Drogerie zur Gnadenmutter - Mariazell\" \/>\n<meta property=\"article:modified_time\" content=\"2022-09-12T18:37:20+00:00\" \/>\n<meta property=\"og:image\" content=\"https:\/\/www.zurgnadenmutter.com\/wp-content\/uploads\/2016\/04\/Verfeinerndes-Elixier_2025-scaled.jpg\" \/>\n\t<meta property=\"og:image:width\" content=\"1920\" \/>\n\t<meta property=\"og:image:height\" content=\"2560\" \/>\n\t<meta property=\"og:image:type\" content=\"image\/jpeg\" \/>\n<meta name=\"twitter:card\" content=\"summary_large_image\" \/>\n<script type=\"application\/ld+json\" class=\"yoast-schema-graph\">{\"@context\":\"https:\/\/schema.org\",\"@graph\":[{\"@type\":\"WebPage\",\"@id\":\"https:\/\/www.zurgnadenmutter.com\/cs\/produkt\/zjemnujici-elixir\/\",\"url\":\"https:\/\/www.zurgnadenmutter.com\/cs\/produkt\/zjemnujici-elixir\/\",\"name\":\"Kosmetika z l\u00e9k\u00e1rny - zjem\u0148uj\u00edc\u00ed elix\u00edr - Apotheke &amp; Drogerie zur Gnadenmutter - Mariazell\",\"isPartOf\":{\"@id\":\"https:\/\/www.zurgnadenmutter.com\/#website\"},\"primaryImageOfPage\":{\"@id\":\"https:\/\/www.zurgnadenmutter.com\/cs\/produkt\/zjemnujici-elixir\/#primaryimage\"},\"image\":{\"@id\":\"https:\/\/www.zurgnadenmutter.com\/cs\/produkt\/zjemnujici-elixir\/#primaryimage\"},\"thumbnailUrl\":\"https:\/\/www.zurgnadenmutter.com\/wp-content\/uploads\/2016\/04\/Verfeinerndes-Elixier_2025-scaled.jpg\",\"datePublished\":\"2016-04-04T21:22:41+00:00\",\"dateModified\":\"2022-09-12T18:37:20+00:00\",\"breadcrumb\":{\"@id\":\"https:\/\/www.zurgnadenmutter.com\/cs\/produkt\/zjemnujici-elixir\/#breadcrumb\"},\"inLanguage\":\"cs\",\"potentialAction\":[{\"@type\":\"ReadAction\",\"target\":[\"https:\/\/www.zurgnadenmutter.com\/cs\/produkt\/zjemnujici-elixir\/\"]}]},{\"@type\":\"ImageObject\",\"inLanguage\":\"cs\",\"@id\":\"https:\/\/www.zurgnadenmutter.com\/cs\/produkt\/zjemnujici-elixir\/#primaryimage\",\"url\":\"https:\/\/www.zurgnadenmutter.com\/wp-content\/uploads\/2016\/04\/Verfeinerndes-Elixier_2025-scaled.jpg\",\"contentUrl\":\"https:\/\/www.zurgnadenmutter.com\/wp-content\/uploads\/2016\/04\/Verfeinerndes-Elixier_2025-scaled.jpg\",\"width\":1920,\"height\":2560},{\"@type\":\"BreadcrumbList\",\"@id\":\"https:\/\/www.zurgnadenmutter.com\/cs\/produkt\/zjemnujici-elixir\/#breadcrumb\",\"itemListElement\":[{\"@type\":\"ListItem\",\"position\":1,\"name\":\"Startseite\",\"item\":\"https:\/\/www.zurgnadenmutter.com\/cs\/\"},{\"@type\":\"ListItem\",\"position\":2,\"name\":\"Shop\",\"item\":\"https:\/\/www.zurgnadenmutter.com\/cs\/shop\/\"},{\"@type\":\"ListItem\",\"position\":3,\"name\":\"Kosmetika z l\u00e9k\u00e1rny &#8211; zjem\u0148uj\u00edc\u00ed elix\u00edr\"}]},{\"@type\":\"WebSite\",\"@id\":\"https:\/\/www.zurgnadenmutter.com\/#website\",\"url\":\"https:\/\/www.zurgnadenmutter.com\/\",\"name\":\"Apotheke &amp; Drogerie zur Gnadenmutter - Mariazell\",\"description\":\"Apotheke Mariazell\",\"potentialAction\":[{\"@type\":\"SearchAction\",\"target\":{\"@type\":\"EntryPoint\",\"urlTemplate\":\"https:\/\/www.zurgnadenmutter.com\/?s={search_term_string}\"},\"query-input\":{\"@type\":\"PropertyValueSpecification\",\"valueRequired\":true,\"valueName\":\"search_term_string\"}}],\"inLanguage\":\"cs\"}]}<\/script>\n<!-- \/ Yoast SEO plugin. -->","yoast_head_json":{"title":"Kosmetika z l\u00e9k\u00e1rny - zjem\u0148uj\u00edc\u00ed elix\u00edr - Apotheke &amp; Drogerie zur Gnadenmutter - Mariazell","robots":{"index":"index","follow":"follow","max-snippet":"max-snippet:-1","max-image-preview":"max-image-preview:large","max-video-preview":"max-video-preview:-1"},"canonical":"https:\/\/www.zurgnadenmutter.com\/cs\/produkt\/zjemnujici-elixir\/","og_locale":"cs_CZ","og_type":"article","og_title":"Kosmetika z l\u00e9k\u00e1rny - zjem\u0148uj\u00edc\u00ed elix\u00edr - Apotheke &amp; Drogerie zur Gnadenmutter - Mariazell","og_description":"Bezolejov\u00e9 s\u00e9rum je vhodn\u00e9 zejm\u00e9na pro sm\u00ed\u0161enou ple\u0165 a ple\u0165 s velk\u00fdmi p\u00f3ry. S levandul\u00ed, ureou, extraktem z p\u0159esli\u010dky, sl\u00e9zu a je\u010dmene.","og_url":"https:\/\/www.zurgnadenmutter.com\/cs\/produkt\/zjemnujici-elixir\/","og_site_name":"Apotheke &amp; Drogerie zur Gnadenmutter - Mariazell","article_modified_time":"2022-09-12T18:37:20+00:00","og_image":[{"width":1920,"height":2560,"url":"https:\/\/www.zurgnadenmutter.com\/wp-content\/uploads\/2016\/04\/Verfeinerndes-Elixier_2025-scaled.jpg","type":"image\/jpeg"}],"twitter_card":"summary_large_image","schema":{"@context":"https:\/\/schema.org","@graph":[{"@type":"WebPage","@id":"https:\/\/www.zurgnadenmutter.com\/cs\/produkt\/zjemnujici-elixir\/","url":"https:\/\/www.zurgnadenmutter.com\/cs\/produkt\/zjemnujici-elixir\/","name":"Kosmetika z l\u00e9k\u00e1rny - zjem\u0148uj\u00edc\u00ed elix\u00edr - Apotheke &amp; Drogerie zur Gnadenmutter - Mariazell","isPartOf":{"@id":"https:\/\/www.zurgnadenmutter.com\/#website"},"primaryImageOfPage":{"@id":"https:\/\/www.zurgnadenmutter.com\/cs\/produkt\/zjemnujici-elixir\/#primaryimage"},"image":{"@id":"https:\/\/www.zurgnadenmutter.com\/cs\/produkt\/zjemnujici-elixir\/#primaryimage"},"thumbnailUrl":"https:\/\/www.zurgnadenmutter.com\/wp-content\/uploads\/2016\/04\/Verfeinerndes-Elixier_2025-scaled.jpg","datePublished":"2016-04-04T21:22:41+00:00","dateModified":"2022-09-12T18:37:20+00:00","breadcrumb":{"@id":"https:\/\/www.zurgnadenmutter.com\/cs\/produkt\/zjemnujici-elixir\/#breadcrumb"},"inLanguage":"cs","potentialAction":[{"@type":"ReadAction","target":["https:\/\/www.zurgnadenmutter.com\/cs\/produkt\/zjemnujici-elixir\/"]}]},{"@type":"ImageObject","inLanguage":"cs","@id":"https:\/\/www.zurgnadenmutter.com\/cs\/produkt\/zjemnujici-elixir\/#primaryimage","url":"https:\/\/www.zurgnadenmutter.com\/wp-content\/uploads\/2016\/04\/Verfeinerndes-Elixier_2025-scaled.jpg","contentUrl":"https:\/\/www.zurgnadenmutter.com\/wp-content\/uploads\/2016\/04\/Verfeinerndes-Elixier_2025-scaled.jpg","width":1920,"height":2560},{"@type":"BreadcrumbList","@id":"https:\/\/www.zurgnadenmutter.com\/cs\/produkt\/zjemnujici-elixir\/#breadcrumb","itemListElement":[{"@type":"ListItem","position":1,"name":"Startseite","item":"https:\/\/www.zurgnadenmutter.com\/cs\/"},{"@type":"ListItem","position":2,"name":"Shop","item":"https:\/\/www.zurgnadenmutter.com\/cs\/shop\/"},{"@type":"ListItem","position":3,"name":"Kosmetika z l\u00e9k\u00e1rny &#8211; zjem\u0148uj\u00edc\u00ed elix\u00edr"}]},{"@type":"WebSite","@id":"https:\/\/www.zurgnadenmutter.com\/#website","url":"https:\/\/www.zurgnadenmutter.com\/","name":"Apotheke &amp; Drogerie zur Gnadenmutter - Mariazell","description":"Apotheke Mariazell","potentialAction":[{"@type":"SearchAction","target":{"@type":"EntryPoint","urlTemplate":"https:\/\/www.zurgnadenmutter.com\/?s={search_term_string}"},"query-input":{"@type":"PropertyValueSpecification","valueRequired":true,"valueName":"search_term_string"}}],"inLanguage":"cs"}]}},"_links":{"self":[{"href":"https:\/\/www.zurgnadenmutter.com\/cs\/wp-json\/wp\/v2\/product\/41617","targetHints":{"allow":["GET"]}}],"collection":[{"href":"https:\/\/www.zurgnadenmutter.com\/cs\/wp-json\/wp\/v2\/product"}],"about":[{"href":"https:\/\/www.zurgnadenmutter.com\/cs\/wp-json\/wp\/v2\/types\/product"}],"replies":[{"embeddable":true,"href":"https:\/\/www.zurgnadenmutter.com\/cs\/wp-json\/wp\/v2\/comments?post=41617"}],"wp:featuredmedia":[{"embeddable":true,"href":"https:\/\/www.zurgnadenmutter.com\/cs\/wp-json\/wp\/v2\/media\/79023"}],"wp:attachment":[{"href":"https:\/\/www.zurgnadenmutter.com\/cs\/wp-json\/wp\/v2\/media?parent=41617"}],"wp:term":[{"taxonomy":"product_brand","embeddable":true,"href":"https:\/\/www.zurgnadenmutter.com\/cs\/wp-json\/wp\/v2\/product_brand?post=41617"},{"taxonomy":"product_cat","embeddable":true,"href":"https:\/\/www.zurgnadenmutter.com\/cs\/wp-json\/wp\/v2\/product_cat?post=41617"},{"taxonomy":"product_tag","embeddable":true,"href":"https:\/\/www.zurgnadenmutter.com\/cs\/wp-json\/wp\/v2\/product_tag?post=41617"}],"curies":[{"name":"wp","href":"https:\/\/api.w.org\/{rel}","templated":true}]}}