{"id":41616,"date":"2016-04-04T23:21:47","date_gmt":"2016-04-04T21:21:47","guid":{"rendered":"https:\/\/www.zurgnadenmutter.com\/shop\/kosmetika-z-lekarny-cistici-mleko\/"},"modified":"2022-09-12T20:37:20","modified_gmt":"2022-09-12T18:37:20","slug":"cistici-mleko","status":"publish","type":"product","link":"https:\/\/www.zurgnadenmutter.com\/cs\/produkt\/cistici-mleko\/","title":{"rendered":"Kosmetika z l\u00e9k\u00e1rny &#8211; \u010distic\u00ed ml\u00e9ko"},"content":{"rendered":"<ul>\n<li>P\u0159\u00edrodn\u00ed suroviny<\/li>\n<li>P\u0159\u00edrodn\u00ed konzervace<\/li>\n<li>Ekologick\u00fd obal<\/li>\n<\/ul>\n<p>Zklid\u0148uj\u00edc\u00ed \u010distic\u00ed ml\u00e9ko pro dokonal\u00e9 a jemn\u00e9 odl\u00ed\u010den\u00ed<\/p>\n<p>Jemn\u00e9 a zklid\u0148uj\u00edc\u00ed \u010di\u0161t\u011bn\u00ed dod\u00e1 ka\u017ed\u00e9 pleti novou mladistvost. D\u00edky vysok\u00e9mu pod\u00edlu slune\u010dnicov\u00e9ho oleje, mandlov\u00e9ho oleje a oleje z hroznov\u00fdch jader je o ple\u0165 pe\u010dov\u00e1no ji\u017e p\u0159i \u010di\u0161t\u011bn\u00ed. Slo\u017een\u00ed okurky a b\u0159e\u010d\u0165anu dod\u00e1v\u00e1 poko\u017ece obzvl\u00e1\u0161\u0165 sv\u011b\u017e\u00ed a zklidn\u011bn\u00fd pocit. Jemn\u00e9 \u010dist\u00edc\u00ed ml\u00e9ko p\u0159ipravuje poko\u017eku na dal\u0161\u00ed pe\u010duj\u00edc\u00ed ochrann\u00e9 kroky.<\/p>\n","protected":false},"excerpt":{"rendered":"<p>Jemn\u00e9 a zklid\u0148uj\u00edc\u00ed \u010di\u0161t\u011bn\u00ed se zvl\u00e1\u0161t\u011b vy\u017eivuj\u00edc\u00edmi oleji. S extraktem z okurky a b\u0159e\u010d\u0165anu.<\/p>\n","protected":false},"featured_media":79031,"comment_status":"closed","ping_status":"closed","template":"","meta":{"_acf_changed":false},"product_brand":[],"product_cat":[369,370],"product_tag":[],"class_list":{"0":"post-41616","1":"product","2":"type-product","3":"status-publish","4":"has-post-thumbnail","6":"product_cat-kosmetika","7":"product_cat-lecebna-kosmetika","9":"first","10":"instock","11":"taxable","12":"shipping-taxable","13":"purchasable","14":"product-type-simple"},"acf":[],"yoast_head":"<!-- This site is optimized with the Yoast SEO plugin v27.2 - https:\/\/yoast.com\/product\/yoast-seo-wordpress\/ -->\n<title>Kosmetika z l\u00e9k\u00e1rny - \u010distic\u00ed ml\u00e9ko - Apotheke &amp; Drogerie zur Gnadenmutter - Mariazell<\/title>\n<meta name=\"robots\" content=\"index, follow, max-snippet:-1, max-image-preview:large, max-video-preview:-1\" \/>\n<link rel=\"canonical\" href=\"https:\/\/www.zurgnadenmutter.com\/cs\/produkt\/cistici-mleko\/\" \/>\n<meta property=\"og:locale\" content=\"cs_CZ\" \/>\n<meta property=\"og:type\" content=\"article\" \/>\n<meta property=\"og:title\" content=\"Kosmetika z l\u00e9k\u00e1rny - \u010distic\u00ed ml\u00e9ko - Apotheke &amp; Drogerie zur Gnadenmutter - Mariazell\" \/>\n<meta property=\"og:description\" content=\"Jemn\u00e9 a zklid\u0148uj\u00edc\u00ed \u010di\u0161t\u011bn\u00ed se zvl\u00e1\u0161t\u011b vy\u017eivuj\u00edc\u00edmi oleji. S extraktem z okurky a b\u0159e\u010d\u0165anu.\" \/>\n<meta property=\"og:url\" content=\"https:\/\/www.zurgnadenmutter.com\/cs\/produkt\/cistici-mleko\/\" \/>\n<meta property=\"og:site_name\" content=\"Apotheke &amp; Drogerie zur Gnadenmutter - Mariazell\" \/>\n<meta property=\"article:modified_time\" content=\"2022-09-12T18:37:20+00:00\" \/>\n<meta property=\"og:image\" content=\"https:\/\/www.zurgnadenmutter.com\/wp-content\/uploads\/2016\/04\/Reinigungsmilch_2025-scaled.jpg\" \/>\n\t<meta property=\"og:image:width\" content=\"1920\" \/>\n\t<meta property=\"og:image:height\" content=\"2560\" \/>\n\t<meta property=\"og:image:type\" content=\"image\/jpeg\" \/>\n<meta name=\"twitter:card\" content=\"summary_large_image\" \/>\n<script type=\"application\/ld+json\" class=\"yoast-schema-graph\">{\"@context\":\"https:\/\/schema.org\",\"@graph\":[{\"@type\":\"WebPage\",\"@id\":\"https:\/\/www.zurgnadenmutter.com\/cs\/produkt\/cistici-mleko\/\",\"url\":\"https:\/\/www.zurgnadenmutter.com\/cs\/produkt\/cistici-mleko\/\",\"name\":\"Kosmetika z l\u00e9k\u00e1rny - \u010distic\u00ed ml\u00e9ko - Apotheke &amp; Drogerie zur Gnadenmutter - Mariazell\",\"isPartOf\":{\"@id\":\"https:\/\/www.zurgnadenmutter.com\/#website\"},\"primaryImageOfPage\":{\"@id\":\"https:\/\/www.zurgnadenmutter.com\/cs\/produkt\/cistici-mleko\/#primaryimage\"},\"image\":{\"@id\":\"https:\/\/www.zurgnadenmutter.com\/cs\/produkt\/cistici-mleko\/#primaryimage\"},\"thumbnailUrl\":\"https:\/\/www.zurgnadenmutter.com\/wp-content\/uploads\/2016\/04\/Reinigungsmilch_2025-scaled.jpg\",\"datePublished\":\"2016-04-04T21:21:47+00:00\",\"dateModified\":\"2022-09-12T18:37:20+00:00\",\"breadcrumb\":{\"@id\":\"https:\/\/www.zurgnadenmutter.com\/cs\/produkt\/cistici-mleko\/#breadcrumb\"},\"inLanguage\":\"cs\",\"potentialAction\":[{\"@type\":\"ReadAction\",\"target\":[\"https:\/\/www.zurgnadenmutter.com\/cs\/produkt\/cistici-mleko\/\"]}]},{\"@type\":\"ImageObject\",\"inLanguage\":\"cs\",\"@id\":\"https:\/\/www.zurgnadenmutter.com\/cs\/produkt\/cistici-mleko\/#primaryimage\",\"url\":\"https:\/\/www.zurgnadenmutter.com\/wp-content\/uploads\/2016\/04\/Reinigungsmilch_2025-scaled.jpg\",\"contentUrl\":\"https:\/\/www.zurgnadenmutter.com\/wp-content\/uploads\/2016\/04\/Reinigungsmilch_2025-scaled.jpg\",\"width\":1920,\"height\":2560},{\"@type\":\"BreadcrumbList\",\"@id\":\"https:\/\/www.zurgnadenmutter.com\/cs\/produkt\/cistici-mleko\/#breadcrumb\",\"itemListElement\":[{\"@type\":\"ListItem\",\"position\":1,\"name\":\"Startseite\",\"item\":\"https:\/\/www.zurgnadenmutter.com\/cs\/\"},{\"@type\":\"ListItem\",\"position\":2,\"name\":\"Shop\",\"item\":\"https:\/\/www.zurgnadenmutter.com\/cs\/shop\/\"},{\"@type\":\"ListItem\",\"position\":3,\"name\":\"Kosmetika z l\u00e9k\u00e1rny &#8211; \u010distic\u00ed ml\u00e9ko\"}]},{\"@type\":\"WebSite\",\"@id\":\"https:\/\/www.zurgnadenmutter.com\/#website\",\"url\":\"https:\/\/www.zurgnadenmutter.com\/\",\"name\":\"Apotheke &amp; Drogerie zur Gnadenmutter - Mariazell\",\"description\":\"Apotheke Mariazell\",\"potentialAction\":[{\"@type\":\"SearchAction\",\"target\":{\"@type\":\"EntryPoint\",\"urlTemplate\":\"https:\/\/www.zurgnadenmutter.com\/?s={search_term_string}\"},\"query-input\":{\"@type\":\"PropertyValueSpecification\",\"valueRequired\":true,\"valueName\":\"search_term_string\"}}],\"inLanguage\":\"cs\"}]}<\/script>\n<!-- \/ Yoast SEO plugin. -->","yoast_head_json":{"title":"Kosmetika z l\u00e9k\u00e1rny - \u010distic\u00ed ml\u00e9ko - Apotheke &amp; Drogerie zur Gnadenmutter - Mariazell","robots":{"index":"index","follow":"follow","max-snippet":"max-snippet:-1","max-image-preview":"max-image-preview:large","max-video-preview":"max-video-preview:-1"},"canonical":"https:\/\/www.zurgnadenmutter.com\/cs\/produkt\/cistici-mleko\/","og_locale":"cs_CZ","og_type":"article","og_title":"Kosmetika z l\u00e9k\u00e1rny - \u010distic\u00ed ml\u00e9ko - Apotheke &amp; Drogerie zur Gnadenmutter - Mariazell","og_description":"Jemn\u00e9 a zklid\u0148uj\u00edc\u00ed \u010di\u0161t\u011bn\u00ed se zvl\u00e1\u0161t\u011b vy\u017eivuj\u00edc\u00edmi oleji. S extraktem z okurky a b\u0159e\u010d\u0165anu.","og_url":"https:\/\/www.zurgnadenmutter.com\/cs\/produkt\/cistici-mleko\/","og_site_name":"Apotheke &amp; Drogerie zur Gnadenmutter - Mariazell","article_modified_time":"2022-09-12T18:37:20+00:00","og_image":[{"width":1920,"height":2560,"url":"https:\/\/www.zurgnadenmutter.com\/wp-content\/uploads\/2016\/04\/Reinigungsmilch_2025-scaled.jpg","type":"image\/jpeg"}],"twitter_card":"summary_large_image","schema":{"@context":"https:\/\/schema.org","@graph":[{"@type":"WebPage","@id":"https:\/\/www.zurgnadenmutter.com\/cs\/produkt\/cistici-mleko\/","url":"https:\/\/www.zurgnadenmutter.com\/cs\/produkt\/cistici-mleko\/","name":"Kosmetika z l\u00e9k\u00e1rny - \u010distic\u00ed ml\u00e9ko - Apotheke &amp; Drogerie zur Gnadenmutter - Mariazell","isPartOf":{"@id":"https:\/\/www.zurgnadenmutter.com\/#website"},"primaryImageOfPage":{"@id":"https:\/\/www.zurgnadenmutter.com\/cs\/produkt\/cistici-mleko\/#primaryimage"},"image":{"@id":"https:\/\/www.zurgnadenmutter.com\/cs\/produkt\/cistici-mleko\/#primaryimage"},"thumbnailUrl":"https:\/\/www.zurgnadenmutter.com\/wp-content\/uploads\/2016\/04\/Reinigungsmilch_2025-scaled.jpg","datePublished":"2016-04-04T21:21:47+00:00","dateModified":"2022-09-12T18:37:20+00:00","breadcrumb":{"@id":"https:\/\/www.zurgnadenmutter.com\/cs\/produkt\/cistici-mleko\/#breadcrumb"},"inLanguage":"cs","potentialAction":[{"@type":"ReadAction","target":["https:\/\/www.zurgnadenmutter.com\/cs\/produkt\/cistici-mleko\/"]}]},{"@type":"ImageObject","inLanguage":"cs","@id":"https:\/\/www.zurgnadenmutter.com\/cs\/produkt\/cistici-mleko\/#primaryimage","url":"https:\/\/www.zurgnadenmutter.com\/wp-content\/uploads\/2016\/04\/Reinigungsmilch_2025-scaled.jpg","contentUrl":"https:\/\/www.zurgnadenmutter.com\/wp-content\/uploads\/2016\/04\/Reinigungsmilch_2025-scaled.jpg","width":1920,"height":2560},{"@type":"BreadcrumbList","@id":"https:\/\/www.zurgnadenmutter.com\/cs\/produkt\/cistici-mleko\/#breadcrumb","itemListElement":[{"@type":"ListItem","position":1,"name":"Startseite","item":"https:\/\/www.zurgnadenmutter.com\/cs\/"},{"@type":"ListItem","position":2,"name":"Shop","item":"https:\/\/www.zurgnadenmutter.com\/cs\/shop\/"},{"@type":"ListItem","position":3,"name":"Kosmetika z l\u00e9k\u00e1rny &#8211; \u010distic\u00ed ml\u00e9ko"}]},{"@type":"WebSite","@id":"https:\/\/www.zurgnadenmutter.com\/#website","url":"https:\/\/www.zurgnadenmutter.com\/","name":"Apotheke &amp; Drogerie zur Gnadenmutter - Mariazell","description":"Apotheke Mariazell","potentialAction":[{"@type":"SearchAction","target":{"@type":"EntryPoint","urlTemplate":"https:\/\/www.zurgnadenmutter.com\/?s={search_term_string}"},"query-input":{"@type":"PropertyValueSpecification","valueRequired":true,"valueName":"search_term_string"}}],"inLanguage":"cs"}]}},"_links":{"self":[{"href":"https:\/\/www.zurgnadenmutter.com\/cs\/wp-json\/wp\/v2\/product\/41616","targetHints":{"allow":["GET"]}}],"collection":[{"href":"https:\/\/www.zurgnadenmutter.com\/cs\/wp-json\/wp\/v2\/product"}],"about":[{"href":"https:\/\/www.zurgnadenmutter.com\/cs\/wp-json\/wp\/v2\/types\/product"}],"replies":[{"embeddable":true,"href":"https:\/\/www.zurgnadenmutter.com\/cs\/wp-json\/wp\/v2\/comments?post=41616"}],"wp:featuredmedia":[{"embeddable":true,"href":"https:\/\/www.zurgnadenmutter.com\/cs\/wp-json\/wp\/v2\/media\/79031"}],"wp:attachment":[{"href":"https:\/\/www.zurgnadenmutter.com\/cs\/wp-json\/wp\/v2\/media?parent=41616"}],"wp:term":[{"taxonomy":"product_brand","embeddable":true,"href":"https:\/\/www.zurgnadenmutter.com\/cs\/wp-json\/wp\/v2\/product_brand?post=41616"},{"taxonomy":"product_cat","embeddable":true,"href":"https:\/\/www.zurgnadenmutter.com\/cs\/wp-json\/wp\/v2\/product_cat?post=41616"},{"taxonomy":"product_tag","embeddable":true,"href":"https:\/\/www.zurgnadenmutter.com\/cs\/wp-json\/wp\/v2\/product_tag?post=41616"}],"curies":[{"name":"wp","href":"https:\/\/api.w.org\/{rel}","templated":true}]}}