{"id":41604,"date":"2016-04-04T22:54:25","date_gmt":"2016-04-04T20:54:25","guid":{"rendered":"https:\/\/www.zurgnadenmutter.com\/shop\/kosmetika-z-lekarny-hyaluronovy-elixir\/"},"modified":"2022-09-12T20:37:15","modified_gmt":"2022-09-12T18:37:15","slug":"hyaluronovy-elixir","status":"publish","type":"product","link":"https:\/\/www.zurgnadenmutter.com\/cs\/produkt\/hyaluronovy-elixir\/","title":{"rendered":"Kosmetika z l\u00e9k\u00e1rny &#8211; hyaluronov\u00fd elix\u00edr"},"content":{"rendered":"<ul>\n<li>P\u0159\u00edrodn\u00ed suroviny<\/li>\n<li>P\u0159\u00edrodn\u00ed konzervace<\/li>\n<li>Ekologick\u00fd obal<\/li>\n<\/ul>\n<p>Intenzivn\u00ed hydrata\u010dn\u00ed elix\u00edr s vysoko a n\u00edzkomolekul\u00e1rn\u00ed kyselinou hyaluronovou<\/p>\n<p>Tento intenzivn\u011b hydrata\u010dn\u00ed elix\u00edr obsahuje vysokou koncentraci kyseliny hyaluronov\u00e9 pro zvl\u00e1\u0161t\u011b \u017e\u00edznivou poko\u017eku. Kyselina hyaluronov\u00e1 je endogenn\u00edm stavebn\u00edm kamenem ko\u017en\u00ed pojivov\u00e9 tk\u00e1n\u011b. M\u00e1 nejvy\u0161\u0161\u00ed schopnost zadr\u017eovat vlhkost a zp\u016fsobuje znateln\u00e9 vyhlazen\u00ed poko\u017eky, vl\u00e1\u010dnost a pru\u017enost. Produkce kyseliny hyaluronov\u00e9 s v\u011bkem kles\u00e1 a je t\u0159eba ji dopl\u0148ovat zvenku. D\u00edky exkluzivn\u00ed kombinaci s okurkou p\u016fsob\u00ed obli\u010dejov\u00e9 rysy pln\u011bj\u0161\u00ed a intenzivn\u011b hydratovan\u00e9. Ple\u0165 vyza\u0159uje vitalitu a vypad\u00e1 hlad\u0161\u00ed a rovnom\u011brn\u011bj\u0161\u00ed.<\/p>\n","protected":false},"excerpt":{"rendered":"<p>Tento intenzivn\u011b hydrata\u010dn\u00ed elix\u00edr obsahuje vysokou koncentraci kyseliny hyaluronov\u00e9 a extrakt z okurky pro obzvl\u00e1\u0161\u0165 \u017e\u00edznivou poko\u017eku.<\/p>\n","protected":false},"featured_media":82259,"comment_status":"closed","ping_status":"closed","template":"","meta":{"_acf_changed":false},"product_brand":[],"product_cat":[369,370],"product_tag":[],"class_list":{"0":"post-41604","1":"product","2":"type-product","3":"status-publish","4":"has-post-thumbnail","6":"product_cat-kosmetika","7":"product_cat-lecebna-kosmetika","9":"first","10":"instock","11":"taxable","12":"shipping-taxable","13":"purchasable","14":"product-type-simple"},"acf":[],"yoast_head":"<!-- This site is optimized with the Yoast SEO plugin v27.2 - https:\/\/yoast.com\/product\/yoast-seo-wordpress\/ -->\n<title>Kosmetika z l\u00e9k\u00e1rny - hyaluronov\u00fd elix\u00edr - Apotheke &amp; Drogerie zur Gnadenmutter - Mariazell<\/title>\n<meta name=\"robots\" content=\"index, follow, max-snippet:-1, max-image-preview:large, max-video-preview:-1\" \/>\n<link rel=\"canonical\" href=\"https:\/\/www.zurgnadenmutter.com\/cs\/produkt\/hyaluronovy-elixir\/\" \/>\n<meta property=\"og:locale\" content=\"cs_CZ\" \/>\n<meta property=\"og:type\" content=\"article\" \/>\n<meta property=\"og:title\" content=\"Kosmetika z l\u00e9k\u00e1rny - hyaluronov\u00fd elix\u00edr - Apotheke &amp; Drogerie zur Gnadenmutter - Mariazell\" \/>\n<meta property=\"og:description\" content=\"Tento intenzivn\u011b hydrata\u010dn\u00ed elix\u00edr obsahuje vysokou koncentraci kyseliny hyaluronov\u00e9 a extrakt z okurky pro obzvl\u00e1\u0161\u0165 \u017e\u00edznivou poko\u017eku.\" \/>\n<meta property=\"og:url\" content=\"https:\/\/www.zurgnadenmutter.com\/cs\/produkt\/hyaluronovy-elixir\/\" \/>\n<meta property=\"og:site_name\" content=\"Apotheke &amp; Drogerie zur Gnadenmutter - Mariazell\" \/>\n<meta property=\"article:modified_time\" content=\"2022-09-12T18:37:15+00:00\" \/>\n<meta property=\"og:image\" content=\"https:\/\/www.zurgnadenmutter.com\/wp-content\/uploads\/2016\/04\/Hyaluron-Elixier_2025-scaled.jpg\" \/>\n\t<meta property=\"og:image:width\" content=\"1920\" \/>\n\t<meta property=\"og:image:height\" content=\"2560\" \/>\n\t<meta property=\"og:image:type\" content=\"image\/jpeg\" \/>\n<meta name=\"twitter:card\" content=\"summary_large_image\" \/>\n<meta name=\"twitter:label1\" content=\"Odhadovan\u00e1 doba \u010dten\u00ed\" \/>\n\t<meta name=\"twitter:data1\" content=\"1 minuta\" \/>\n<script type=\"application\/ld+json\" class=\"yoast-schema-graph\">{\"@context\":\"https:\/\/schema.org\",\"@graph\":[{\"@type\":\"WebPage\",\"@id\":\"https:\/\/www.zurgnadenmutter.com\/cs\/produkt\/hyaluronovy-elixir\/\",\"url\":\"https:\/\/www.zurgnadenmutter.com\/cs\/produkt\/hyaluronovy-elixir\/\",\"name\":\"Kosmetika z l\u00e9k\u00e1rny - hyaluronov\u00fd elix\u00edr - Apotheke &amp; Drogerie zur Gnadenmutter - Mariazell\",\"isPartOf\":{\"@id\":\"https:\/\/www.zurgnadenmutter.com\/#website\"},\"primaryImageOfPage\":{\"@id\":\"https:\/\/www.zurgnadenmutter.com\/cs\/produkt\/hyaluronovy-elixir\/#primaryimage\"},\"image\":{\"@id\":\"https:\/\/www.zurgnadenmutter.com\/cs\/produkt\/hyaluronovy-elixir\/#primaryimage\"},\"thumbnailUrl\":\"https:\/\/www.zurgnadenmutter.com\/wp-content\/uploads\/2016\/04\/Hyaluron-Elixier-scaled.jpg\",\"datePublished\":\"2016-04-04T20:54:25+00:00\",\"dateModified\":\"2022-09-12T18:37:15+00:00\",\"breadcrumb\":{\"@id\":\"https:\/\/www.zurgnadenmutter.com\/cs\/produkt\/hyaluronovy-elixir\/#breadcrumb\"},\"inLanguage\":\"cs\",\"potentialAction\":[{\"@type\":\"ReadAction\",\"target\":[\"https:\/\/www.zurgnadenmutter.com\/cs\/produkt\/hyaluronovy-elixir\/\"]}]},{\"@type\":\"ImageObject\",\"inLanguage\":\"cs\",\"@id\":\"https:\/\/www.zurgnadenmutter.com\/cs\/produkt\/hyaluronovy-elixir\/#primaryimage\",\"url\":\"https:\/\/www.zurgnadenmutter.com\/wp-content\/uploads\/2016\/04\/Hyaluron-Elixier-scaled.jpg\",\"contentUrl\":\"https:\/\/www.zurgnadenmutter.com\/wp-content\/uploads\/2016\/04\/Hyaluron-Elixier-scaled.jpg\",\"width\":1920,\"height\":2560},{\"@type\":\"BreadcrumbList\",\"@id\":\"https:\/\/www.zurgnadenmutter.com\/cs\/produkt\/hyaluronovy-elixir\/#breadcrumb\",\"itemListElement\":[{\"@type\":\"ListItem\",\"position\":1,\"name\":\"Startseite\",\"item\":\"https:\/\/www.zurgnadenmutter.com\/cs\/\"},{\"@type\":\"ListItem\",\"position\":2,\"name\":\"Shop\",\"item\":\"https:\/\/www.zurgnadenmutter.com\/cs\/shop\/\"},{\"@type\":\"ListItem\",\"position\":3,\"name\":\"Kosmetika z l\u00e9k\u00e1rny &#8211; hyaluronov\u00fd elix\u00edr\"}]},{\"@type\":\"WebSite\",\"@id\":\"https:\/\/www.zurgnadenmutter.com\/#website\",\"url\":\"https:\/\/www.zurgnadenmutter.com\/\",\"name\":\"Apotheke &amp; Drogerie zur Gnadenmutter - Mariazell\",\"description\":\"Apotheke Mariazell\",\"potentialAction\":[{\"@type\":\"SearchAction\",\"target\":{\"@type\":\"EntryPoint\",\"urlTemplate\":\"https:\/\/www.zurgnadenmutter.com\/?s={search_term_string}\"},\"query-input\":{\"@type\":\"PropertyValueSpecification\",\"valueRequired\":true,\"valueName\":\"search_term_string\"}}],\"inLanguage\":\"cs\"}]}<\/script>\n<!-- \/ Yoast SEO plugin. -->","yoast_head_json":{"title":"Kosmetika z l\u00e9k\u00e1rny - hyaluronov\u00fd elix\u00edr - Apotheke &amp; Drogerie zur Gnadenmutter - Mariazell","robots":{"index":"index","follow":"follow","max-snippet":"max-snippet:-1","max-image-preview":"max-image-preview:large","max-video-preview":"max-video-preview:-1"},"canonical":"https:\/\/www.zurgnadenmutter.com\/cs\/produkt\/hyaluronovy-elixir\/","og_locale":"cs_CZ","og_type":"article","og_title":"Kosmetika z l\u00e9k\u00e1rny - hyaluronov\u00fd elix\u00edr - Apotheke &amp; Drogerie zur Gnadenmutter - Mariazell","og_description":"Tento intenzivn\u011b hydrata\u010dn\u00ed elix\u00edr obsahuje vysokou koncentraci kyseliny hyaluronov\u00e9 a extrakt z okurky pro obzvl\u00e1\u0161\u0165 \u017e\u00edznivou poko\u017eku.","og_url":"https:\/\/www.zurgnadenmutter.com\/cs\/produkt\/hyaluronovy-elixir\/","og_site_name":"Apotheke &amp; Drogerie zur Gnadenmutter - Mariazell","article_modified_time":"2022-09-12T18:37:15+00:00","og_image":[{"width":1920,"height":2560,"url":"https:\/\/www.zurgnadenmutter.com\/wp-content\/uploads\/2016\/04\/Hyaluron-Elixier_2025-scaled.jpg","type":"image\/jpeg"}],"twitter_card":"summary_large_image","twitter_misc":{"Odhadovan\u00e1 doba \u010dten\u00ed":"1 minuta"},"schema":{"@context":"https:\/\/schema.org","@graph":[{"@type":"WebPage","@id":"https:\/\/www.zurgnadenmutter.com\/cs\/produkt\/hyaluronovy-elixir\/","url":"https:\/\/www.zurgnadenmutter.com\/cs\/produkt\/hyaluronovy-elixir\/","name":"Kosmetika z l\u00e9k\u00e1rny - hyaluronov\u00fd elix\u00edr - Apotheke &amp; Drogerie zur Gnadenmutter - Mariazell","isPartOf":{"@id":"https:\/\/www.zurgnadenmutter.com\/#website"},"primaryImageOfPage":{"@id":"https:\/\/www.zurgnadenmutter.com\/cs\/produkt\/hyaluronovy-elixir\/#primaryimage"},"image":{"@id":"https:\/\/www.zurgnadenmutter.com\/cs\/produkt\/hyaluronovy-elixir\/#primaryimage"},"thumbnailUrl":"https:\/\/www.zurgnadenmutter.com\/wp-content\/uploads\/2016\/04\/Hyaluron-Elixier-scaled.jpg","datePublished":"2016-04-04T20:54:25+00:00","dateModified":"2022-09-12T18:37:15+00:00","breadcrumb":{"@id":"https:\/\/www.zurgnadenmutter.com\/cs\/produkt\/hyaluronovy-elixir\/#breadcrumb"},"inLanguage":"cs","potentialAction":[{"@type":"ReadAction","target":["https:\/\/www.zurgnadenmutter.com\/cs\/produkt\/hyaluronovy-elixir\/"]}]},{"@type":"ImageObject","inLanguage":"cs","@id":"https:\/\/www.zurgnadenmutter.com\/cs\/produkt\/hyaluronovy-elixir\/#primaryimage","url":"https:\/\/www.zurgnadenmutter.com\/wp-content\/uploads\/2016\/04\/Hyaluron-Elixier-scaled.jpg","contentUrl":"https:\/\/www.zurgnadenmutter.com\/wp-content\/uploads\/2016\/04\/Hyaluron-Elixier-scaled.jpg","width":1920,"height":2560},{"@type":"BreadcrumbList","@id":"https:\/\/www.zurgnadenmutter.com\/cs\/produkt\/hyaluronovy-elixir\/#breadcrumb","itemListElement":[{"@type":"ListItem","position":1,"name":"Startseite","item":"https:\/\/www.zurgnadenmutter.com\/cs\/"},{"@type":"ListItem","position":2,"name":"Shop","item":"https:\/\/www.zurgnadenmutter.com\/cs\/shop\/"},{"@type":"ListItem","position":3,"name":"Kosmetika z l\u00e9k\u00e1rny &#8211; hyaluronov\u00fd elix\u00edr"}]},{"@type":"WebSite","@id":"https:\/\/www.zurgnadenmutter.com\/#website","url":"https:\/\/www.zurgnadenmutter.com\/","name":"Apotheke &amp; Drogerie zur Gnadenmutter - Mariazell","description":"Apotheke Mariazell","potentialAction":[{"@type":"SearchAction","target":{"@type":"EntryPoint","urlTemplate":"https:\/\/www.zurgnadenmutter.com\/?s={search_term_string}"},"query-input":{"@type":"PropertyValueSpecification","valueRequired":true,"valueName":"search_term_string"}}],"inLanguage":"cs"}]}},"_links":{"self":[{"href":"https:\/\/www.zurgnadenmutter.com\/cs\/wp-json\/wp\/v2\/product\/41604","targetHints":{"allow":["GET"]}}],"collection":[{"href":"https:\/\/www.zurgnadenmutter.com\/cs\/wp-json\/wp\/v2\/product"}],"about":[{"href":"https:\/\/www.zurgnadenmutter.com\/cs\/wp-json\/wp\/v2\/types\/product"}],"replies":[{"embeddable":true,"href":"https:\/\/www.zurgnadenmutter.com\/cs\/wp-json\/wp\/v2\/comments?post=41604"}],"wp:featuredmedia":[{"embeddable":true,"href":"https:\/\/www.zurgnadenmutter.com\/cs\/wp-json\/wp\/v2\/media\/82259"}],"wp:attachment":[{"href":"https:\/\/www.zurgnadenmutter.com\/cs\/wp-json\/wp\/v2\/media?parent=41604"}],"wp:term":[{"taxonomy":"product_brand","embeddable":true,"href":"https:\/\/www.zurgnadenmutter.com\/cs\/wp-json\/wp\/v2\/product_brand?post=41604"},{"taxonomy":"product_cat","embeddable":true,"href":"https:\/\/www.zurgnadenmutter.com\/cs\/wp-json\/wp\/v2\/product_cat?post=41604"},{"taxonomy":"product_tag","embeddable":true,"href":"https:\/\/www.zurgnadenmutter.com\/cs\/wp-json\/wp\/v2\/product_tag?post=41604"}],"curies":[{"name":"wp","href":"https:\/\/api.w.org\/{rel}","templated":true}]}}