{"id":41603,"date":"2016-04-04T22:53:04","date_gmt":"2016-04-04T20:53:04","guid":{"rendered":"https:\/\/www.zurgnadenmutter.com\/shop\/kosmetika-z-lekarny-oblicejove-tonikum\/"},"modified":"2022-09-12T20:37:15","modified_gmt":"2022-09-12T18:37:15","slug":"oblicejova-voda","status":"publish","type":"product","link":"https:\/\/www.zurgnadenmutter.com\/cs\/produkt\/oblicejova-voda\/","title":{"rendered":"Kosmetika z l\u00e9k\u00e1rny &#8211; obli\u010dejov\u00e9 tonikum"},"content":{"rendered":"<ul>\n<li>P\u0159\u00edrodn\u00ed suroviny<\/li>\n<li>P\u0159\u00edrodn\u00ed konzervace<\/li>\n<li>Ekologick\u00fd obal<\/li>\n<\/ul>\n<p>Regula\u010dn\u00ed a aktiva\u010dn\u00ed ple\u0165ov\u00e9 tonikum<\/p>\n<p>Dop\u0159ejte sob\u011b i sv\u00e9 pleti n\u011bco speci\u00e1ln\u00edho. Obli\u010dejov\u00e9 tonikum v\u00e1s bude h\u00fd\u010dkat harmonizuj\u00edc\u00ed v\u016fn\u00ed levandule a zajist\u00ed r\u016f\u017eovou ple\u0165 s \u017eiv\u00fdm jasem. Slo\u017een\u00ed p\u0159esli\u010dky roln\u00ed a b\u0159e\u010d\u0165anu bylo v lidov\u00e9m l\u00e9\u010ditelstv\u00ed zn\u00e1m\u00e9 jako povzbuzuj\u00edc\u00ed, posiluj\u00edc\u00ed a protiz\u00e1n\u011btliv\u00e9. P\u0159esn\u011b tyto vlastnosti p\u0159isp\u00edvaj\u00ed k regeneraci nam\u00e1han\u00e9 poko\u017eky. Pro norm\u00e1ln\u00ed, suchou a citlivou ple\u0165 je obli\u010dejov\u00e9 tonikum ide\u00e1ln\u00ed z\u00e1kladn\u00ed bezolejovou p\u00e9\u010d\u00ed.<\/p>\n","protected":false},"excerpt":{"rendered":"<p>Obli\u010dejov\u00e9 tonikum &#8211; h\u00fd\u010dk\u00e1 v\u00e1s harmonizuj\u00edc\u00ed v\u016fn\u00ed levandule a zajist\u00ed r\u016f\u017eovou ple\u0165 s \u017eiv\u00fdm jasem. S v\u00fdta\u017ekem z aloe vera, p\u0159esli\u010dky a b\u0159e\u010d\u0165anu.<\/p>\n","protected":false},"featured_media":79111,"comment_status":"closed","ping_status":"closed","template":"","meta":{"_acf_changed":false},"product_brand":[],"product_cat":[369,370],"product_tag":[],"class_list":{"0":"post-41603","1":"product","2":"type-product","3":"status-publish","4":"has-post-thumbnail","6":"product_cat-kosmetika","7":"product_cat-lecebna-kosmetika","9":"first","10":"instock","11":"taxable","12":"shipping-taxable","13":"purchasable","14":"product-type-simple"},"acf":[],"yoast_head":"<!-- This site is optimized with the Yoast SEO plugin v27.2 - https:\/\/yoast.com\/product\/yoast-seo-wordpress\/ -->\n<title>Kosmetika z l\u00e9k\u00e1rny - obli\u010dejov\u00e9 tonikum - Apotheke &amp; Drogerie zur Gnadenmutter - Mariazell<\/title>\n<meta name=\"robots\" content=\"index, follow, max-snippet:-1, max-image-preview:large, max-video-preview:-1\" \/>\n<link rel=\"canonical\" href=\"https:\/\/www.zurgnadenmutter.com\/cs\/produkt\/oblicejova-voda\/\" \/>\n<meta property=\"og:locale\" content=\"cs_CZ\" \/>\n<meta property=\"og:type\" content=\"article\" \/>\n<meta property=\"og:title\" content=\"Kosmetika z l\u00e9k\u00e1rny - obli\u010dejov\u00e9 tonikum - Apotheke &amp; Drogerie zur Gnadenmutter - Mariazell\" \/>\n<meta property=\"og:description\" content=\"Obli\u010dejov\u00e9 tonikum - h\u00fd\u010dk\u00e1 v\u00e1s harmonizuj\u00edc\u00ed v\u016fn\u00ed levandule a zajist\u00ed r\u016f\u017eovou ple\u0165 s \u017eiv\u00fdm jasem. S v\u00fdta\u017ekem z aloe vera, p\u0159esli\u010dky a b\u0159e\u010d\u0165anu.\" \/>\n<meta property=\"og:url\" content=\"https:\/\/www.zurgnadenmutter.com\/cs\/produkt\/oblicejova-voda\/\" \/>\n<meta property=\"og:site_name\" content=\"Apotheke &amp; Drogerie zur Gnadenmutter - Mariazell\" \/>\n<meta property=\"article:modified_time\" content=\"2022-09-12T18:37:15+00:00\" \/>\n<meta property=\"og:image\" content=\"https:\/\/www.zurgnadenmutter.com\/wp-content\/uploads\/2016\/04\/Gesichtswasser_2025-scaled.png\" \/>\n\t<meta property=\"og:image:width\" content=\"1920\" \/>\n\t<meta property=\"og:image:height\" content=\"2560\" \/>\n\t<meta property=\"og:image:type\" content=\"image\/png\" \/>\n<meta name=\"twitter:card\" content=\"summary_large_image\" \/>\n<meta name=\"twitter:label1\" content=\"Odhadovan\u00e1 doba \u010dten\u00ed\" \/>\n\t<meta name=\"twitter:data1\" content=\"1 minuta\" \/>\n<script type=\"application\/ld+json\" class=\"yoast-schema-graph\">{\"@context\":\"https:\/\/schema.org\",\"@graph\":[{\"@type\":\"WebPage\",\"@id\":\"https:\/\/www.zurgnadenmutter.com\/cs\/produkt\/oblicejova-voda\/\",\"url\":\"https:\/\/www.zurgnadenmutter.com\/cs\/produkt\/oblicejova-voda\/\",\"name\":\"Kosmetika z l\u00e9k\u00e1rny - obli\u010dejov\u00e9 tonikum - Apotheke &amp; Drogerie zur Gnadenmutter - Mariazell\",\"isPartOf\":{\"@id\":\"https:\/\/www.zurgnadenmutter.com\/#website\"},\"primaryImageOfPage\":{\"@id\":\"https:\/\/www.zurgnadenmutter.com\/cs\/produkt\/oblicejova-voda\/#primaryimage\"},\"image\":{\"@id\":\"https:\/\/www.zurgnadenmutter.com\/cs\/produkt\/oblicejova-voda\/#primaryimage\"},\"thumbnailUrl\":\"https:\/\/www.zurgnadenmutter.com\/wp-content\/uploads\/2016\/04\/Gesichtswasser_2025-scaled.png\",\"datePublished\":\"2016-04-04T20:53:04+00:00\",\"dateModified\":\"2022-09-12T18:37:15+00:00\",\"breadcrumb\":{\"@id\":\"https:\/\/www.zurgnadenmutter.com\/cs\/produkt\/oblicejova-voda\/#breadcrumb\"},\"inLanguage\":\"cs\",\"potentialAction\":[{\"@type\":\"ReadAction\",\"target\":[\"https:\/\/www.zurgnadenmutter.com\/cs\/produkt\/oblicejova-voda\/\"]}]},{\"@type\":\"ImageObject\",\"inLanguage\":\"cs\",\"@id\":\"https:\/\/www.zurgnadenmutter.com\/cs\/produkt\/oblicejova-voda\/#primaryimage\",\"url\":\"https:\/\/www.zurgnadenmutter.com\/wp-content\/uploads\/2016\/04\/Gesichtswasser_2025-scaled.png\",\"contentUrl\":\"https:\/\/www.zurgnadenmutter.com\/wp-content\/uploads\/2016\/04\/Gesichtswasser_2025-scaled.png\",\"width\":1920,\"height\":2560},{\"@type\":\"BreadcrumbList\",\"@id\":\"https:\/\/www.zurgnadenmutter.com\/cs\/produkt\/oblicejova-voda\/#breadcrumb\",\"itemListElement\":[{\"@type\":\"ListItem\",\"position\":1,\"name\":\"Startseite\",\"item\":\"https:\/\/www.zurgnadenmutter.com\/cs\/\"},{\"@type\":\"ListItem\",\"position\":2,\"name\":\"Shop\",\"item\":\"https:\/\/www.zurgnadenmutter.com\/cs\/shop\/\"},{\"@type\":\"ListItem\",\"position\":3,\"name\":\"Kosmetika z l\u00e9k\u00e1rny &#8211; obli\u010dejov\u00e9 tonikum\"}]},{\"@type\":\"WebSite\",\"@id\":\"https:\/\/www.zurgnadenmutter.com\/#website\",\"url\":\"https:\/\/www.zurgnadenmutter.com\/\",\"name\":\"Apotheke &amp; Drogerie zur Gnadenmutter - Mariazell\",\"description\":\"Apotheke Mariazell\",\"potentialAction\":[{\"@type\":\"SearchAction\",\"target\":{\"@type\":\"EntryPoint\",\"urlTemplate\":\"https:\/\/www.zurgnadenmutter.com\/?s={search_term_string}\"},\"query-input\":{\"@type\":\"PropertyValueSpecification\",\"valueRequired\":true,\"valueName\":\"search_term_string\"}}],\"inLanguage\":\"cs\"}]}<\/script>\n<!-- \/ Yoast SEO plugin. -->","yoast_head_json":{"title":"Kosmetika z l\u00e9k\u00e1rny - obli\u010dejov\u00e9 tonikum - Apotheke &amp; Drogerie zur Gnadenmutter - Mariazell","robots":{"index":"index","follow":"follow","max-snippet":"max-snippet:-1","max-image-preview":"max-image-preview:large","max-video-preview":"max-video-preview:-1"},"canonical":"https:\/\/www.zurgnadenmutter.com\/cs\/produkt\/oblicejova-voda\/","og_locale":"cs_CZ","og_type":"article","og_title":"Kosmetika z l\u00e9k\u00e1rny - obli\u010dejov\u00e9 tonikum - Apotheke &amp; Drogerie zur Gnadenmutter - Mariazell","og_description":"Obli\u010dejov\u00e9 tonikum - h\u00fd\u010dk\u00e1 v\u00e1s harmonizuj\u00edc\u00ed v\u016fn\u00ed levandule a zajist\u00ed r\u016f\u017eovou ple\u0165 s \u017eiv\u00fdm jasem. S v\u00fdta\u017ekem z aloe vera, p\u0159esli\u010dky a b\u0159e\u010d\u0165anu.","og_url":"https:\/\/www.zurgnadenmutter.com\/cs\/produkt\/oblicejova-voda\/","og_site_name":"Apotheke &amp; Drogerie zur Gnadenmutter - Mariazell","article_modified_time":"2022-09-12T18:37:15+00:00","og_image":[{"width":1920,"height":2560,"url":"https:\/\/www.zurgnadenmutter.com\/wp-content\/uploads\/2016\/04\/Gesichtswasser_2025-scaled.png","type":"image\/png"}],"twitter_card":"summary_large_image","twitter_misc":{"Odhadovan\u00e1 doba \u010dten\u00ed":"1 minuta"},"schema":{"@context":"https:\/\/schema.org","@graph":[{"@type":"WebPage","@id":"https:\/\/www.zurgnadenmutter.com\/cs\/produkt\/oblicejova-voda\/","url":"https:\/\/www.zurgnadenmutter.com\/cs\/produkt\/oblicejova-voda\/","name":"Kosmetika z l\u00e9k\u00e1rny - obli\u010dejov\u00e9 tonikum - Apotheke &amp; Drogerie zur Gnadenmutter - Mariazell","isPartOf":{"@id":"https:\/\/www.zurgnadenmutter.com\/#website"},"primaryImageOfPage":{"@id":"https:\/\/www.zurgnadenmutter.com\/cs\/produkt\/oblicejova-voda\/#primaryimage"},"image":{"@id":"https:\/\/www.zurgnadenmutter.com\/cs\/produkt\/oblicejova-voda\/#primaryimage"},"thumbnailUrl":"https:\/\/www.zurgnadenmutter.com\/wp-content\/uploads\/2016\/04\/Gesichtswasser_2025-scaled.png","datePublished":"2016-04-04T20:53:04+00:00","dateModified":"2022-09-12T18:37:15+00:00","breadcrumb":{"@id":"https:\/\/www.zurgnadenmutter.com\/cs\/produkt\/oblicejova-voda\/#breadcrumb"},"inLanguage":"cs","potentialAction":[{"@type":"ReadAction","target":["https:\/\/www.zurgnadenmutter.com\/cs\/produkt\/oblicejova-voda\/"]}]},{"@type":"ImageObject","inLanguage":"cs","@id":"https:\/\/www.zurgnadenmutter.com\/cs\/produkt\/oblicejova-voda\/#primaryimage","url":"https:\/\/www.zurgnadenmutter.com\/wp-content\/uploads\/2016\/04\/Gesichtswasser_2025-scaled.png","contentUrl":"https:\/\/www.zurgnadenmutter.com\/wp-content\/uploads\/2016\/04\/Gesichtswasser_2025-scaled.png","width":1920,"height":2560},{"@type":"BreadcrumbList","@id":"https:\/\/www.zurgnadenmutter.com\/cs\/produkt\/oblicejova-voda\/#breadcrumb","itemListElement":[{"@type":"ListItem","position":1,"name":"Startseite","item":"https:\/\/www.zurgnadenmutter.com\/cs\/"},{"@type":"ListItem","position":2,"name":"Shop","item":"https:\/\/www.zurgnadenmutter.com\/cs\/shop\/"},{"@type":"ListItem","position":3,"name":"Kosmetika z l\u00e9k\u00e1rny &#8211; obli\u010dejov\u00e9 tonikum"}]},{"@type":"WebSite","@id":"https:\/\/www.zurgnadenmutter.com\/#website","url":"https:\/\/www.zurgnadenmutter.com\/","name":"Apotheke &amp; Drogerie zur Gnadenmutter - Mariazell","description":"Apotheke Mariazell","potentialAction":[{"@type":"SearchAction","target":{"@type":"EntryPoint","urlTemplate":"https:\/\/www.zurgnadenmutter.com\/?s={search_term_string}"},"query-input":{"@type":"PropertyValueSpecification","valueRequired":true,"valueName":"search_term_string"}}],"inLanguage":"cs"}]}},"_links":{"self":[{"href":"https:\/\/www.zurgnadenmutter.com\/cs\/wp-json\/wp\/v2\/product\/41603","targetHints":{"allow":["GET"]}}],"collection":[{"href":"https:\/\/www.zurgnadenmutter.com\/cs\/wp-json\/wp\/v2\/product"}],"about":[{"href":"https:\/\/www.zurgnadenmutter.com\/cs\/wp-json\/wp\/v2\/types\/product"}],"replies":[{"embeddable":true,"href":"https:\/\/www.zurgnadenmutter.com\/cs\/wp-json\/wp\/v2\/comments?post=41603"}],"wp:featuredmedia":[{"embeddable":true,"href":"https:\/\/www.zurgnadenmutter.com\/cs\/wp-json\/wp\/v2\/media\/79111"}],"wp:attachment":[{"href":"https:\/\/www.zurgnadenmutter.com\/cs\/wp-json\/wp\/v2\/media?parent=41603"}],"wp:term":[{"taxonomy":"product_brand","embeddable":true,"href":"https:\/\/www.zurgnadenmutter.com\/cs\/wp-json\/wp\/v2\/product_brand?post=41603"},{"taxonomy":"product_cat","embeddable":true,"href":"https:\/\/www.zurgnadenmutter.com\/cs\/wp-json\/wp\/v2\/product_cat?post=41603"},{"taxonomy":"product_tag","embeddable":true,"href":"https:\/\/www.zurgnadenmutter.com\/cs\/wp-json\/wp\/v2\/product_tag?post=41603"}],"curies":[{"name":"wp","href":"https:\/\/api.w.org\/{rel}","templated":true}]}}