{"id":41600,"date":"2016-04-04T22:49:41","date_gmt":"2016-04-04T20:49:41","guid":{"rendered":"https:\/\/www.zurgnadenmutter.com\/shop\/kosmetika-z-lekarny-sprchovy-gel\/"},"modified":"2022-09-12T20:37:14","modified_gmt":"2022-09-12T18:37:14","slug":"sprchovy-gel","status":"publish","type":"product","link":"https:\/\/www.zurgnadenmutter.com\/cs\/produkt\/sprchovy-gel\/","title":{"rendered":"Kosmetika z l\u00e9k\u00e1rny &#8211; sprchov\u00fd gel"},"content":{"rendered":"<ul>\n<li>P\u0159\u00edrodn\u00ed suroviny<\/li>\n<li>P\u0159\u00edrodn\u00ed konzervace<\/li>\n<li>Ekologick\u00fd obal<\/li>\n<\/ul>\n<p>P\u0159irozen\u011b jemn\u00e9 \u010di\u0161t\u011bn\u00ed t\u011bla<\/p>\n<p>Sn\u00edte o jemn\u00e9m \u010di\u0161t\u011bn\u00ed a jemn\u00e9 p\u011bn\u011b, jemn\u00e9, jako byste byli zabalen\u00ed v sametu? H\u00fd\u010dkejte se denn\u011b a p\u0159irozen\u011b jisk\u0159iv\u00fdm sv\u011b\u017e\u00edm dotekem divok\u00e9ho sl\u00e9zu a bohat\u00e9 aloe vera. Inovativn\u00ed pe\u010duj\u00edc\u00ed receptura poskytuje va\u0161\u00ed poko\u017ece ochranu a hydrataci po cel\u00fd den. P\u0159\u00edrodn\u00ed povrchov\u011b aktivn\u00ed l\u00e1tky \u010dist\u00ed poko\u017eku zvl\u00e1\u0161t\u011b jemn\u011b a \u0161etrn\u011b, zachov\u00e1vaj\u00ed p\u0159irozenou vlhkost a chr\u00e1n\u00ed poko\u017eku p\u0159ed vysou\u0161en\u00edm. Za\u010dn\u011bte p\u00e9\u010di o sebe u\u017e ve spr\u0161e a u\u017eijte si smysln\u00fd z\u00e1\u017eitek ze sprchov\u00e1n\u00ed.<\/p>\n","protected":false},"excerpt":{"rendered":"<p>Sn\u00edte o jemn\u00e9m \u010di\u0161t\u011bn\u00ed a jemn\u00e9 p\u011bn\u011b, jemn\u00e9 jako byste byli zabalen\u00ed v sametu? H\u00fd\u010dkejte se ka\u017ed\u00fd den, p\u0159irozen\u011b v\u00fdta\u017ekem ze sl\u00e9zov\u00e9ho kv\u011btu a aloe vera.<\/p>\n","protected":false},"featured_media":84669,"comment_status":"closed","ping_status":"closed","template":"","meta":{"_acf_changed":false},"product_brand":[],"product_cat":[369,370],"product_tag":[],"class_list":{"0":"post-41600","1":"product","2":"type-product","3":"status-publish","4":"has-post-thumbnail","6":"product_cat-kosmetika","7":"product_cat-lecebna-kosmetika","9":"first","10":"instock","11":"taxable","12":"shipping-taxable","13":"purchasable","14":"product-type-simple"},"acf":[],"yoast_head":"<!-- This site is optimized with the Yoast SEO plugin v27.2 - https:\/\/yoast.com\/product\/yoast-seo-wordpress\/ -->\n<title>Kosmetika z l\u00e9k\u00e1rny - sprchov\u00fd gel - Apotheke &amp; Drogerie zur Gnadenmutter - Mariazell<\/title>\n<meta name=\"robots\" content=\"index, follow, max-snippet:-1, max-image-preview:large, max-video-preview:-1\" \/>\n<link rel=\"canonical\" href=\"https:\/\/www.zurgnadenmutter.com\/cs\/produkt\/sprchovy-gel\/\" \/>\n<meta property=\"og:locale\" content=\"cs_CZ\" \/>\n<meta property=\"og:type\" content=\"article\" \/>\n<meta property=\"og:title\" content=\"Kosmetika z l\u00e9k\u00e1rny - sprchov\u00fd gel - Apotheke &amp; Drogerie zur Gnadenmutter - Mariazell\" \/>\n<meta property=\"og:description\" content=\"Sn\u00edte o jemn\u00e9m \u010di\u0161t\u011bn\u00ed a jemn\u00e9 p\u011bn\u011b, jemn\u00e9 jako byste byli zabalen\u00ed v sametu? H\u00fd\u010dkejte se ka\u017ed\u00fd den, p\u0159irozen\u011b v\u00fdta\u017ekem ze sl\u00e9zov\u00e9ho kv\u011btu a aloe vera.\" \/>\n<meta property=\"og:url\" content=\"https:\/\/www.zurgnadenmutter.com\/cs\/produkt\/sprchovy-gel\/\" \/>\n<meta property=\"og:site_name\" content=\"Apotheke &amp; Drogerie zur Gnadenmutter - Mariazell\" \/>\n<meta property=\"article:modified_time\" content=\"2022-09-12T18:37:14+00:00\" \/>\n<meta property=\"og:image\" content=\"https:\/\/www.zurgnadenmutter.com\/wp-content\/uploads\/2016\/04\/Duschgel_2025-scaled.jpg\" \/>\n\t<meta property=\"og:image:width\" content=\"1920\" \/>\n\t<meta property=\"og:image:height\" content=\"2560\" \/>\n\t<meta property=\"og:image:type\" content=\"image\/jpeg\" \/>\n<meta name=\"twitter:card\" content=\"summary_large_image\" \/>\n<meta name=\"twitter:label1\" content=\"Odhadovan\u00e1 doba \u010dten\u00ed\" \/>\n\t<meta name=\"twitter:data1\" content=\"1 minuta\" \/>\n<script type=\"application\/ld+json\" class=\"yoast-schema-graph\">{\"@context\":\"https:\/\/schema.org\",\"@graph\":[{\"@type\":\"WebPage\",\"@id\":\"https:\/\/www.zurgnadenmutter.com\/cs\/produkt\/sprchovy-gel\/\",\"url\":\"https:\/\/www.zurgnadenmutter.com\/cs\/produkt\/sprchovy-gel\/\",\"name\":\"Kosmetika z l\u00e9k\u00e1rny - sprchov\u00fd gel - Apotheke &amp; Drogerie zur Gnadenmutter - Mariazell\",\"isPartOf\":{\"@id\":\"https:\/\/www.zurgnadenmutter.com\/#website\"},\"primaryImageOfPage\":{\"@id\":\"https:\/\/www.zurgnadenmutter.com\/cs\/produkt\/sprchovy-gel\/#primaryimage\"},\"image\":{\"@id\":\"https:\/\/www.zurgnadenmutter.com\/cs\/produkt\/sprchovy-gel\/#primaryimage\"},\"thumbnailUrl\":\"https:\/\/www.zurgnadenmutter.com\/wp-content\/uploads\/2016\/04\/Duschgel-scaled.jpg\",\"datePublished\":\"2016-04-04T20:49:41+00:00\",\"dateModified\":\"2022-09-12T18:37:14+00:00\",\"breadcrumb\":{\"@id\":\"https:\/\/www.zurgnadenmutter.com\/cs\/produkt\/sprchovy-gel\/#breadcrumb\"},\"inLanguage\":\"cs\",\"potentialAction\":[{\"@type\":\"ReadAction\",\"target\":[\"https:\/\/www.zurgnadenmutter.com\/cs\/produkt\/sprchovy-gel\/\"]}]},{\"@type\":\"ImageObject\",\"inLanguage\":\"cs\",\"@id\":\"https:\/\/www.zurgnadenmutter.com\/cs\/produkt\/sprchovy-gel\/#primaryimage\",\"url\":\"https:\/\/www.zurgnadenmutter.com\/wp-content\/uploads\/2016\/04\/Duschgel-scaled.jpg\",\"contentUrl\":\"https:\/\/www.zurgnadenmutter.com\/wp-content\/uploads\/2016\/04\/Duschgel-scaled.jpg\",\"width\":1920,\"height\":2560},{\"@type\":\"BreadcrumbList\",\"@id\":\"https:\/\/www.zurgnadenmutter.com\/cs\/produkt\/sprchovy-gel\/#breadcrumb\",\"itemListElement\":[{\"@type\":\"ListItem\",\"position\":1,\"name\":\"Startseite\",\"item\":\"https:\/\/www.zurgnadenmutter.com\/cs\/\"},{\"@type\":\"ListItem\",\"position\":2,\"name\":\"Shop\",\"item\":\"https:\/\/www.zurgnadenmutter.com\/cs\/shop\/\"},{\"@type\":\"ListItem\",\"position\":3,\"name\":\"Kosmetika z l\u00e9k\u00e1rny &#8211; sprchov\u00fd gel\"}]},{\"@type\":\"WebSite\",\"@id\":\"https:\/\/www.zurgnadenmutter.com\/#website\",\"url\":\"https:\/\/www.zurgnadenmutter.com\/\",\"name\":\"Apotheke &amp; Drogerie zur Gnadenmutter - Mariazell\",\"description\":\"Apotheke Mariazell\",\"potentialAction\":[{\"@type\":\"SearchAction\",\"target\":{\"@type\":\"EntryPoint\",\"urlTemplate\":\"https:\/\/www.zurgnadenmutter.com\/?s={search_term_string}\"},\"query-input\":{\"@type\":\"PropertyValueSpecification\",\"valueRequired\":true,\"valueName\":\"search_term_string\"}}],\"inLanguage\":\"cs\"}]}<\/script>\n<!-- \/ Yoast SEO plugin. -->","yoast_head_json":{"title":"Kosmetika z l\u00e9k\u00e1rny - sprchov\u00fd gel - Apotheke &amp; Drogerie zur Gnadenmutter - Mariazell","robots":{"index":"index","follow":"follow","max-snippet":"max-snippet:-1","max-image-preview":"max-image-preview:large","max-video-preview":"max-video-preview:-1"},"canonical":"https:\/\/www.zurgnadenmutter.com\/cs\/produkt\/sprchovy-gel\/","og_locale":"cs_CZ","og_type":"article","og_title":"Kosmetika z l\u00e9k\u00e1rny - sprchov\u00fd gel - Apotheke &amp; Drogerie zur Gnadenmutter - Mariazell","og_description":"Sn\u00edte o jemn\u00e9m \u010di\u0161t\u011bn\u00ed a jemn\u00e9 p\u011bn\u011b, jemn\u00e9 jako byste byli zabalen\u00ed v sametu? H\u00fd\u010dkejte se ka\u017ed\u00fd den, p\u0159irozen\u011b v\u00fdta\u017ekem ze sl\u00e9zov\u00e9ho kv\u011btu a aloe vera.","og_url":"https:\/\/www.zurgnadenmutter.com\/cs\/produkt\/sprchovy-gel\/","og_site_name":"Apotheke &amp; Drogerie zur Gnadenmutter - Mariazell","article_modified_time":"2022-09-12T18:37:14+00:00","og_image":[{"width":1920,"height":2560,"url":"https:\/\/www.zurgnadenmutter.com\/wp-content\/uploads\/2016\/04\/Duschgel_2025-scaled.jpg","type":"image\/jpeg"}],"twitter_card":"summary_large_image","twitter_misc":{"Odhadovan\u00e1 doba \u010dten\u00ed":"1 minuta"},"schema":{"@context":"https:\/\/schema.org","@graph":[{"@type":"WebPage","@id":"https:\/\/www.zurgnadenmutter.com\/cs\/produkt\/sprchovy-gel\/","url":"https:\/\/www.zurgnadenmutter.com\/cs\/produkt\/sprchovy-gel\/","name":"Kosmetika z l\u00e9k\u00e1rny - sprchov\u00fd gel - Apotheke &amp; Drogerie zur Gnadenmutter - Mariazell","isPartOf":{"@id":"https:\/\/www.zurgnadenmutter.com\/#website"},"primaryImageOfPage":{"@id":"https:\/\/www.zurgnadenmutter.com\/cs\/produkt\/sprchovy-gel\/#primaryimage"},"image":{"@id":"https:\/\/www.zurgnadenmutter.com\/cs\/produkt\/sprchovy-gel\/#primaryimage"},"thumbnailUrl":"https:\/\/www.zurgnadenmutter.com\/wp-content\/uploads\/2016\/04\/Duschgel-scaled.jpg","datePublished":"2016-04-04T20:49:41+00:00","dateModified":"2022-09-12T18:37:14+00:00","breadcrumb":{"@id":"https:\/\/www.zurgnadenmutter.com\/cs\/produkt\/sprchovy-gel\/#breadcrumb"},"inLanguage":"cs","potentialAction":[{"@type":"ReadAction","target":["https:\/\/www.zurgnadenmutter.com\/cs\/produkt\/sprchovy-gel\/"]}]},{"@type":"ImageObject","inLanguage":"cs","@id":"https:\/\/www.zurgnadenmutter.com\/cs\/produkt\/sprchovy-gel\/#primaryimage","url":"https:\/\/www.zurgnadenmutter.com\/wp-content\/uploads\/2016\/04\/Duschgel-scaled.jpg","contentUrl":"https:\/\/www.zurgnadenmutter.com\/wp-content\/uploads\/2016\/04\/Duschgel-scaled.jpg","width":1920,"height":2560},{"@type":"BreadcrumbList","@id":"https:\/\/www.zurgnadenmutter.com\/cs\/produkt\/sprchovy-gel\/#breadcrumb","itemListElement":[{"@type":"ListItem","position":1,"name":"Startseite","item":"https:\/\/www.zurgnadenmutter.com\/cs\/"},{"@type":"ListItem","position":2,"name":"Shop","item":"https:\/\/www.zurgnadenmutter.com\/cs\/shop\/"},{"@type":"ListItem","position":3,"name":"Kosmetika z l\u00e9k\u00e1rny &#8211; sprchov\u00fd gel"}]},{"@type":"WebSite","@id":"https:\/\/www.zurgnadenmutter.com\/#website","url":"https:\/\/www.zurgnadenmutter.com\/","name":"Apotheke &amp; Drogerie zur Gnadenmutter - Mariazell","description":"Apotheke Mariazell","potentialAction":[{"@type":"SearchAction","target":{"@type":"EntryPoint","urlTemplate":"https:\/\/www.zurgnadenmutter.com\/?s={search_term_string}"},"query-input":{"@type":"PropertyValueSpecification","valueRequired":true,"valueName":"search_term_string"}}],"inLanguage":"cs"}]}},"_links":{"self":[{"href":"https:\/\/www.zurgnadenmutter.com\/cs\/wp-json\/wp\/v2\/product\/41600","targetHints":{"allow":["GET"]}}],"collection":[{"href":"https:\/\/www.zurgnadenmutter.com\/cs\/wp-json\/wp\/v2\/product"}],"about":[{"href":"https:\/\/www.zurgnadenmutter.com\/cs\/wp-json\/wp\/v2\/types\/product"}],"replies":[{"embeddable":true,"href":"https:\/\/www.zurgnadenmutter.com\/cs\/wp-json\/wp\/v2\/comments?post=41600"}],"wp:featuredmedia":[{"embeddable":true,"href":"https:\/\/www.zurgnadenmutter.com\/cs\/wp-json\/wp\/v2\/media\/84669"}],"wp:attachment":[{"href":"https:\/\/www.zurgnadenmutter.com\/cs\/wp-json\/wp\/v2\/media?parent=41600"}],"wp:term":[{"taxonomy":"product_brand","embeddable":true,"href":"https:\/\/www.zurgnadenmutter.com\/cs\/wp-json\/wp\/v2\/product_brand?post=41600"},{"taxonomy":"product_cat","embeddable":true,"href":"https:\/\/www.zurgnadenmutter.com\/cs\/wp-json\/wp\/v2\/product_cat?post=41600"},{"taxonomy":"product_tag","embeddable":true,"href":"https:\/\/www.zurgnadenmutter.com\/cs\/wp-json\/wp\/v2\/product_tag?post=41600"}],"curies":[{"name":"wp","href":"https:\/\/api.w.org\/{rel}","templated":true}]}}