{"id":41599,"date":"2016-04-04T22:46:44","date_gmt":"2016-04-04T20:46:44","guid":{"rendered":"https:\/\/www.zurgnadenmutter.com\/shop\/opalovaci-pece-ateia-spf-50-sunprotect-repair\/"},"modified":"2022-09-12T20:37:14","modified_gmt":"2022-09-12T18:37:14","slug":"ateia-spf-50-sunprotect-repair-2","status":"publish","type":"product","link":"https:\/\/www.zurgnadenmutter.com\/cs\/produkt\/ateia-spf-50-sunprotect-repair-2\/","title":{"rendered":"Opalovac\u00ed p\u00e9\u010de ATEIA SPF 50+ Sunprotect + Repair"},"content":{"rendered":"<p>Obli\u010dejov\u00e9 &amp; t\u011blov\u00e9 ml\u00e9ko pro norm\u00e1ln\u00ed a\u017e citlivou poko\u017eku<\/p>\n<ul>\n<li>2 % nopasome, DNA repara\u010dn\u00ed enzymy plus kaktus nop\u00e1l<\/li>\n<li>Bez paraben\u016f, vod\u011bodoln\u00fd<\/li>\n<li>Chr\u00e1n\u00ed p\u0159ed po\u0161kozen\u00edm poko\u017eky v d\u016fsledku UV z\u00e1\u0159en\u00ed<\/li>\n<li>Du\u00e1ln\u00ed aktivn\u00ed enzymy pro regeneraci poko\u017eky<\/li>\n<\/ul>\n<p><strong>Pou\u017eit\u00ed:<\/strong> Aplikujte ochranu proti slunci ATEIA v dostate\u010dn\u00e9m mno\u017estv\u00ed p\u016fl hodiny p\u0159ed slun\u011bn\u00edm na o\u010di\u0161t\u011bnou poko\u017eku obli\u010deje a t\u011bla. Opakujte pravideln\u011b b\u011bhem dne, zejm\u00e9na p\u0159i siln\u00e9m pocen\u00ed nebo po plav\u00e1n\u00ed a osu\u0161en\u00ed.<\/p>\n","protected":false},"excerpt":{"rendered":"<p>Velmi vysok\u00e1 ochrana &#8211; obli\u010dejov\u00e9 &amp; t\u011blov\u00e9 ml\u00e9ko pro norm\u00e1ln\u00ed a\u017e citlivou poko\u017eku<\/p>\n","protected":false},"featured_media":79119,"comment_status":"closed","ping_status":"closed","template":"","meta":{"_acf_changed":false},"product_brand":[],"product_cat":[371,369],"product_tag":[],"class_list":{"0":"post-41599","1":"product","2":"type-product","3":"status-publish","4":"has-post-thumbnail","6":"product_cat-ateia-cs","7":"product_cat-kosmetika","9":"first","10":"instock","11":"taxable","12":"shipping-taxable","13":"purchasable","14":"product-type-simple"},"acf":[],"yoast_head":"<!-- This site is optimized with the Yoast SEO plugin v27.2 - https:\/\/yoast.com\/product\/yoast-seo-wordpress\/ -->\n<title>Opalovac\u00ed p\u00e9\u010de ATEIA SPF 50+ Sunprotect + Repair - Apotheke &amp; Drogerie zur Gnadenmutter - Mariazell<\/title>\n<meta name=\"robots\" content=\"index, follow, max-snippet:-1, max-image-preview:large, max-video-preview:-1\" \/>\n<link rel=\"canonical\" href=\"https:\/\/www.zurgnadenmutter.com\/cs\/produkt\/ateia-spf-50-sunprotect-repair-2\/\" \/>\n<meta property=\"og:locale\" content=\"cs_CZ\" \/>\n<meta property=\"og:type\" content=\"article\" \/>\n<meta property=\"og:title\" content=\"Opalovac\u00ed p\u00e9\u010de ATEIA SPF 50+ Sunprotect + Repair - Apotheke &amp; Drogerie zur Gnadenmutter - Mariazell\" \/>\n<meta property=\"og:description\" content=\"Velmi vysok\u00e1 ochrana - obli\u010dejov\u00e9 &amp; t\u011blov\u00e9 ml\u00e9ko pro norm\u00e1ln\u00ed a\u017e citlivou poko\u017eku\" \/>\n<meta property=\"og:url\" content=\"https:\/\/www.zurgnadenmutter.com\/cs\/produkt\/ateia-spf-50-sunprotect-repair-2\/\" \/>\n<meta property=\"og:site_name\" content=\"Apotheke &amp; Drogerie zur Gnadenmutter - Mariazell\" \/>\n<meta property=\"article:modified_time\" content=\"2022-09-12T18:37:14+00:00\" \/>\n<meta property=\"og:image\" content=\"https:\/\/www.zurgnadenmutter.com\/wp-content\/uploads\/2016\/04\/Ateia-50-scaled.jpg\" \/>\n\t<meta property=\"og:image:width\" content=\"1920\" \/>\n\t<meta property=\"og:image:height\" content=\"2560\" \/>\n\t<meta property=\"og:image:type\" content=\"image\/jpeg\" \/>\n<meta name=\"twitter:card\" content=\"summary_large_image\" \/>\n<meta name=\"twitter:label1\" content=\"Odhadovan\u00e1 doba \u010dten\u00ed\" \/>\n\t<meta name=\"twitter:data1\" content=\"1 minuta\" \/>\n<script type=\"application\/ld+json\" class=\"yoast-schema-graph\">{\"@context\":\"https:\/\/schema.org\",\"@graph\":[{\"@type\":\"WebPage\",\"@id\":\"https:\/\/www.zurgnadenmutter.com\/cs\/produkt\/ateia-spf-50-sunprotect-repair-2\/\",\"url\":\"https:\/\/www.zurgnadenmutter.com\/cs\/produkt\/ateia-spf-50-sunprotect-repair-2\/\",\"name\":\"Opalovac\u00ed p\u00e9\u010de ATEIA SPF 50+ Sunprotect + Repair - Apotheke &amp; Drogerie zur Gnadenmutter - Mariazell\",\"isPartOf\":{\"@id\":\"https:\/\/www.zurgnadenmutter.com\/#website\"},\"primaryImageOfPage\":{\"@id\":\"https:\/\/www.zurgnadenmutter.com\/cs\/produkt\/ateia-spf-50-sunprotect-repair-2\/#primaryimage\"},\"image\":{\"@id\":\"https:\/\/www.zurgnadenmutter.com\/cs\/produkt\/ateia-spf-50-sunprotect-repair-2\/#primaryimage\"},\"thumbnailUrl\":\"https:\/\/www.zurgnadenmutter.com\/wp-content\/uploads\/2016\/04\/Ateia-SPF-50_2025-scaled.jpg\",\"datePublished\":\"2016-04-04T20:46:44+00:00\",\"dateModified\":\"2022-09-12T18:37:14+00:00\",\"breadcrumb\":{\"@id\":\"https:\/\/www.zurgnadenmutter.com\/cs\/produkt\/ateia-spf-50-sunprotect-repair-2\/#breadcrumb\"},\"inLanguage\":\"cs\",\"potentialAction\":[{\"@type\":\"ReadAction\",\"target\":[\"https:\/\/www.zurgnadenmutter.com\/cs\/produkt\/ateia-spf-50-sunprotect-repair-2\/\"]}]},{\"@type\":\"ImageObject\",\"inLanguage\":\"cs\",\"@id\":\"https:\/\/www.zurgnadenmutter.com\/cs\/produkt\/ateia-spf-50-sunprotect-repair-2\/#primaryimage\",\"url\":\"https:\/\/www.zurgnadenmutter.com\/wp-content\/uploads\/2016\/04\/Ateia-SPF-50_2025-scaled.jpg\",\"contentUrl\":\"https:\/\/www.zurgnadenmutter.com\/wp-content\/uploads\/2016\/04\/Ateia-SPF-50_2025-scaled.jpg\",\"width\":1920,\"height\":2560},{\"@type\":\"BreadcrumbList\",\"@id\":\"https:\/\/www.zurgnadenmutter.com\/cs\/produkt\/ateia-spf-50-sunprotect-repair-2\/#breadcrumb\",\"itemListElement\":[{\"@type\":\"ListItem\",\"position\":1,\"name\":\"Startseite\",\"item\":\"https:\/\/www.zurgnadenmutter.com\/cs\/\"},{\"@type\":\"ListItem\",\"position\":2,\"name\":\"Shop\",\"item\":\"https:\/\/www.zurgnadenmutter.com\/cs\/shop\/\"},{\"@type\":\"ListItem\",\"position\":3,\"name\":\"Opalovac\u00ed p\u00e9\u010de ATEIA SPF 50+ Sunprotect + Repair\"}]},{\"@type\":\"WebSite\",\"@id\":\"https:\/\/www.zurgnadenmutter.com\/#website\",\"url\":\"https:\/\/www.zurgnadenmutter.com\/\",\"name\":\"Apotheke &amp; Drogerie zur Gnadenmutter - Mariazell\",\"description\":\"Apotheke Mariazell\",\"potentialAction\":[{\"@type\":\"SearchAction\",\"target\":{\"@type\":\"EntryPoint\",\"urlTemplate\":\"https:\/\/www.zurgnadenmutter.com\/?s={search_term_string}\"},\"query-input\":{\"@type\":\"PropertyValueSpecification\",\"valueRequired\":true,\"valueName\":\"search_term_string\"}}],\"inLanguage\":\"cs\"}]}<\/script>\n<!-- \/ Yoast SEO plugin. -->","yoast_head_json":{"title":"Opalovac\u00ed p\u00e9\u010de ATEIA SPF 50+ Sunprotect + Repair - Apotheke &amp; Drogerie zur Gnadenmutter - Mariazell","robots":{"index":"index","follow":"follow","max-snippet":"max-snippet:-1","max-image-preview":"max-image-preview:large","max-video-preview":"max-video-preview:-1"},"canonical":"https:\/\/www.zurgnadenmutter.com\/cs\/produkt\/ateia-spf-50-sunprotect-repair-2\/","og_locale":"cs_CZ","og_type":"article","og_title":"Opalovac\u00ed p\u00e9\u010de ATEIA SPF 50+ Sunprotect + Repair - Apotheke &amp; Drogerie zur Gnadenmutter - Mariazell","og_description":"Velmi vysok\u00e1 ochrana - obli\u010dejov\u00e9 &amp; t\u011blov\u00e9 ml\u00e9ko pro norm\u00e1ln\u00ed a\u017e citlivou poko\u017eku","og_url":"https:\/\/www.zurgnadenmutter.com\/cs\/produkt\/ateia-spf-50-sunprotect-repair-2\/","og_site_name":"Apotheke &amp; Drogerie zur Gnadenmutter - Mariazell","article_modified_time":"2022-09-12T18:37:14+00:00","og_image":[{"width":1920,"height":2560,"url":"https:\/\/www.zurgnadenmutter.com\/wp-content\/uploads\/2016\/04\/Ateia-50-scaled.jpg","type":"image\/jpeg"}],"twitter_card":"summary_large_image","twitter_misc":{"Odhadovan\u00e1 doba \u010dten\u00ed":"1 minuta"},"schema":{"@context":"https:\/\/schema.org","@graph":[{"@type":"WebPage","@id":"https:\/\/www.zurgnadenmutter.com\/cs\/produkt\/ateia-spf-50-sunprotect-repair-2\/","url":"https:\/\/www.zurgnadenmutter.com\/cs\/produkt\/ateia-spf-50-sunprotect-repair-2\/","name":"Opalovac\u00ed p\u00e9\u010de ATEIA SPF 50+ Sunprotect + Repair - Apotheke &amp; Drogerie zur Gnadenmutter - Mariazell","isPartOf":{"@id":"https:\/\/www.zurgnadenmutter.com\/#website"},"primaryImageOfPage":{"@id":"https:\/\/www.zurgnadenmutter.com\/cs\/produkt\/ateia-spf-50-sunprotect-repair-2\/#primaryimage"},"image":{"@id":"https:\/\/www.zurgnadenmutter.com\/cs\/produkt\/ateia-spf-50-sunprotect-repair-2\/#primaryimage"},"thumbnailUrl":"https:\/\/www.zurgnadenmutter.com\/wp-content\/uploads\/2016\/04\/Ateia-SPF-50_2025-scaled.jpg","datePublished":"2016-04-04T20:46:44+00:00","dateModified":"2022-09-12T18:37:14+00:00","breadcrumb":{"@id":"https:\/\/www.zurgnadenmutter.com\/cs\/produkt\/ateia-spf-50-sunprotect-repair-2\/#breadcrumb"},"inLanguage":"cs","potentialAction":[{"@type":"ReadAction","target":["https:\/\/www.zurgnadenmutter.com\/cs\/produkt\/ateia-spf-50-sunprotect-repair-2\/"]}]},{"@type":"ImageObject","inLanguage":"cs","@id":"https:\/\/www.zurgnadenmutter.com\/cs\/produkt\/ateia-spf-50-sunprotect-repair-2\/#primaryimage","url":"https:\/\/www.zurgnadenmutter.com\/wp-content\/uploads\/2016\/04\/Ateia-SPF-50_2025-scaled.jpg","contentUrl":"https:\/\/www.zurgnadenmutter.com\/wp-content\/uploads\/2016\/04\/Ateia-SPF-50_2025-scaled.jpg","width":1920,"height":2560},{"@type":"BreadcrumbList","@id":"https:\/\/www.zurgnadenmutter.com\/cs\/produkt\/ateia-spf-50-sunprotect-repair-2\/#breadcrumb","itemListElement":[{"@type":"ListItem","position":1,"name":"Startseite","item":"https:\/\/www.zurgnadenmutter.com\/cs\/"},{"@type":"ListItem","position":2,"name":"Shop","item":"https:\/\/www.zurgnadenmutter.com\/cs\/shop\/"},{"@type":"ListItem","position":3,"name":"Opalovac\u00ed p\u00e9\u010de ATEIA SPF 50+ Sunprotect + Repair"}]},{"@type":"WebSite","@id":"https:\/\/www.zurgnadenmutter.com\/#website","url":"https:\/\/www.zurgnadenmutter.com\/","name":"Apotheke &amp; Drogerie zur Gnadenmutter - Mariazell","description":"Apotheke Mariazell","potentialAction":[{"@type":"SearchAction","target":{"@type":"EntryPoint","urlTemplate":"https:\/\/www.zurgnadenmutter.com\/?s={search_term_string}"},"query-input":{"@type":"PropertyValueSpecification","valueRequired":true,"valueName":"search_term_string"}}],"inLanguage":"cs"}]}},"_links":{"self":[{"href":"https:\/\/www.zurgnadenmutter.com\/cs\/wp-json\/wp\/v2\/product\/41599","targetHints":{"allow":["GET"]}}],"collection":[{"href":"https:\/\/www.zurgnadenmutter.com\/cs\/wp-json\/wp\/v2\/product"}],"about":[{"href":"https:\/\/www.zurgnadenmutter.com\/cs\/wp-json\/wp\/v2\/types\/product"}],"replies":[{"embeddable":true,"href":"https:\/\/www.zurgnadenmutter.com\/cs\/wp-json\/wp\/v2\/comments?post=41599"}],"wp:featuredmedia":[{"embeddable":true,"href":"https:\/\/www.zurgnadenmutter.com\/cs\/wp-json\/wp\/v2\/media\/79119"}],"wp:attachment":[{"href":"https:\/\/www.zurgnadenmutter.com\/cs\/wp-json\/wp\/v2\/media?parent=41599"}],"wp:term":[{"taxonomy":"product_brand","embeddable":true,"href":"https:\/\/www.zurgnadenmutter.com\/cs\/wp-json\/wp\/v2\/product_brand?post=41599"},{"taxonomy":"product_cat","embeddable":true,"href":"https:\/\/www.zurgnadenmutter.com\/cs\/wp-json\/wp\/v2\/product_cat?post=41599"},{"taxonomy":"product_tag","embeddable":true,"href":"https:\/\/www.zurgnadenmutter.com\/cs\/wp-json\/wp\/v2\/product_tag?post=41599"}],"curies":[{"name":"wp","href":"https:\/\/api.w.org\/{rel}","templated":true}]}}