{"id":41598,"date":"2016-04-04T22:31:31","date_gmt":"2016-04-04T20:31:31","guid":{"rendered":"https:\/\/www.zurgnadenmutter.com\/shop\/opalovaci-pece-ateia-spf-30-sunprotect-repair\/"},"modified":"2022-09-12T20:37:13","modified_gmt":"2022-09-12T18:37:13","slug":"ateia-spf-30-sunprotect-repair-2","status":"publish","type":"product","link":"https:\/\/www.zurgnadenmutter.com\/cs\/produkt\/ateia-spf-30-sunprotect-repair-2\/","title":{"rendered":"Opalovac\u00ed p\u00e9\u010de ATEIA SPF 30 Sunprotect + Repair"},"content":{"rendered":"<p>Pro intenzivn\u00ed slun\u011bn\u00ed &#8211; lipozom\u00e1ln\u00ed speci\u00e1ln\u00ed ml\u00e9ko pro obzvl\u00e1\u0161t\u011b kvalitn\u00ed ochranu proti UV z\u00e1\u0159en\u00ed plus ochrana proti st\u00e1rnut\u00ed (proti vr\u00e1sk\u00e1m \/ pigment). Optim\u00e1ln\u00ed pro intenzivn\u00ed opalov\u00e1n\u00ed. Chr\u00e1n\u00ed, pe\u010duje, renovuje a regeneruje u\u017e b\u011bhem pobytu na slunci. Zajist\u00ed tak\u00e9 je\u0161t\u011b intenzivn\u011bj\u0161\u00ed zhn\u011bdnut\u00ed &#8211; d\u00edky patentovan\u00e9 formuli.<\/p>\n<ul>\n<li>Na slunci lze z\u016fstat 30x d\u00e9le ne\u017e bez ochrany<\/li>\n<li>4x rychlej\u0161\u00ed regenerace poko\u017eky a to ji\u017e b\u011bhem slun\u011bn\u00ed<\/li>\n<li>Rychlej\u0161\u00ed autoregenerace (DNA)<\/li>\n<li>Intenz\u00edvn\u011bj\u0161\u00ed zhn\u011bdnut\u00ed<\/li>\n<li>Bohat\u0161\u00ed p\u00e9\u010de<\/li>\n<li>Vy\u0161\u0161\u00ed hydratace<\/li>\n<li>Prevence proti slune\u010dn\u00edm sp\u00e1lenin\u00e1m, alergii na slunce, pigmentov\u00e9 skvrny, sluncem podm\u00edn\u011bn\u00e9 st\u00e1rnut\u00ed k\u016f\u017ee a po\u0161kozen\u00ed ko\u017en\u00edch bun\u011bk<\/li>\n<\/ul>\n<p><strong>Ide\u00e1ln\u00ed pro: <\/strong>intenzivn\u00ed slun\u011bn\u00ed, poko\u017eku neuvyklou na slunce, sv\u011btlej\u0161\u00ed ple\u0165, extr\u00e9mn\u00ed situace (tropy, vysokohorsk\u00e9 prost\u0159ed\u00ed, sport..), velk\u00fd kontakt s vodou, dosp\u011bl\u00e9 i d\u011bti, tv\u00e1\u0159 i t\u011blo<\/p>\n<p><strong>Kvalitativn\u00ed vlastnosti: <\/strong>2 % nopasome, ochrann\u00e1 rovnov\u00e1ha UVA\/UVB, odol\u00e1v\u00e1 vod\u011b, odol\u00e1v\u00e1 potu, fotostabiln\u00ed, hypoalergenn\u00ed receptura, bez emulg\u00e1tor\u016f s obsahem PEG, bez chemick\u00e9 konzervace, dermatologicky testov\u00e1no<\/p>\n","protected":false},"excerpt":{"rendered":"<p>Vysok\u00e1 ochrana \u2013 ple\u0165ov\u00e9 a t\u011blov\u00e9 ml\u00e9ko pro norm\u00e1ln\u00ed a\u017e citlivou poko\u017eku<\/p>\n","protected":false},"featured_media":75848,"comment_status":"closed","ping_status":"closed","template":"","meta":{"_acf_changed":false},"product_brand":[],"product_cat":[371,369],"product_tag":[],"class_list":{"0":"post-41598","1":"product","2":"type-product","3":"status-publish","4":"has-post-thumbnail","6":"product_cat-ateia-cs","7":"product_cat-kosmetika","9":"first","10":"instock","11":"taxable","12":"shipping-taxable","13":"purchasable","14":"product-type-simple"},"acf":[],"yoast_head":"<!-- This site is optimized with the Yoast SEO plugin v27.2 - https:\/\/yoast.com\/product\/yoast-seo-wordpress\/ -->\n<title>Opalovac\u00ed p\u00e9\u010de ATEIA SPF 30 Sunprotect + Repair - Apotheke &amp; Drogerie zur Gnadenmutter - Mariazell<\/title>\n<meta name=\"robots\" content=\"index, follow, max-snippet:-1, max-image-preview:large, max-video-preview:-1\" \/>\n<link rel=\"canonical\" href=\"https:\/\/www.zurgnadenmutter.com\/cs\/produkt\/ateia-spf-30-sunprotect-repair-2\/\" \/>\n<meta property=\"og:locale\" content=\"cs_CZ\" \/>\n<meta property=\"og:type\" content=\"article\" \/>\n<meta property=\"og:title\" content=\"Opalovac\u00ed p\u00e9\u010de ATEIA SPF 30 Sunprotect + Repair - Apotheke &amp; Drogerie zur Gnadenmutter - Mariazell\" \/>\n<meta property=\"og:description\" content=\"Vysok\u00e1 ochrana \u2013 ple\u0165ov\u00e9 a t\u011blov\u00e9 ml\u00e9ko pro norm\u00e1ln\u00ed a\u017e citlivou poko\u017eku\" \/>\n<meta property=\"og:url\" content=\"https:\/\/www.zurgnadenmutter.com\/cs\/produkt\/ateia-spf-30-sunprotect-repair-2\/\" \/>\n<meta property=\"og:site_name\" content=\"Apotheke &amp; Drogerie zur Gnadenmutter - Mariazell\" \/>\n<meta property=\"article:modified_time\" content=\"2022-09-12T18:37:13+00:00\" \/>\n<meta property=\"og:image\" content=\"https:\/\/www.zurgnadenmutter.com\/wp-content\/uploads\/2016\/04\/Ateia-30-nebenan-768x1024.png\" \/>\n\t<meta property=\"og:image:width\" content=\"768\" \/>\n\t<meta property=\"og:image:height\" content=\"1024\" \/>\n\t<meta property=\"og:image:type\" content=\"image\/png\" \/>\n<meta name=\"twitter:card\" content=\"summary_large_image\" \/>\n<meta name=\"twitter:label1\" content=\"Odhadovan\u00e1 doba \u010dten\u00ed\" \/>\n\t<meta name=\"twitter:data1\" content=\"1 minuta\" \/>\n<script type=\"application\/ld+json\" class=\"yoast-schema-graph\">{\"@context\":\"https:\/\/schema.org\",\"@graph\":[{\"@type\":\"WebPage\",\"@id\":\"https:\/\/www.zurgnadenmutter.com\/cs\/produkt\/ateia-spf-30-sunprotect-repair-2\/\",\"url\":\"https:\/\/www.zurgnadenmutter.com\/cs\/produkt\/ateia-spf-30-sunprotect-repair-2\/\",\"name\":\"Opalovac\u00ed p\u00e9\u010de ATEIA SPF 30 Sunprotect + Repair - Apotheke &amp; Drogerie zur Gnadenmutter - Mariazell\",\"isPartOf\":{\"@id\":\"https:\/\/www.zurgnadenmutter.com\/#website\"},\"primaryImageOfPage\":{\"@id\":\"https:\/\/www.zurgnadenmutter.com\/cs\/produkt\/ateia-spf-30-sunprotect-repair-2\/#primaryimage\"},\"image\":{\"@id\":\"https:\/\/www.zurgnadenmutter.com\/cs\/produkt\/ateia-spf-30-sunprotect-repair-2\/#primaryimage\"},\"thumbnailUrl\":\"https:\/\/www.zurgnadenmutter.com\/wp-content\/uploads\/2016\/04\/ateia-neu-nebenan-30-1.png\",\"datePublished\":\"2016-04-04T20:31:31+00:00\",\"dateModified\":\"2022-09-12T18:37:13+00:00\",\"breadcrumb\":{\"@id\":\"https:\/\/www.zurgnadenmutter.com\/cs\/produkt\/ateia-spf-30-sunprotect-repair-2\/#breadcrumb\"},\"inLanguage\":\"cs\",\"potentialAction\":[{\"@type\":\"ReadAction\",\"target\":[\"https:\/\/www.zurgnadenmutter.com\/cs\/produkt\/ateia-spf-30-sunprotect-repair-2\/\"]}]},{\"@type\":\"ImageObject\",\"inLanguage\":\"cs\",\"@id\":\"https:\/\/www.zurgnadenmutter.com\/cs\/produkt\/ateia-spf-30-sunprotect-repair-2\/#primaryimage\",\"url\":\"https:\/\/www.zurgnadenmutter.com\/wp-content\/uploads\/2016\/04\/ateia-neu-nebenan-30-1.png\",\"contentUrl\":\"https:\/\/www.zurgnadenmutter.com\/wp-content\/uploads\/2016\/04\/ateia-neu-nebenan-30-1.png\",\"width\":2448,\"height\":3264},{\"@type\":\"BreadcrumbList\",\"@id\":\"https:\/\/www.zurgnadenmutter.com\/cs\/produkt\/ateia-spf-30-sunprotect-repair-2\/#breadcrumb\",\"itemListElement\":[{\"@type\":\"ListItem\",\"position\":1,\"name\":\"Startseite\",\"item\":\"https:\/\/www.zurgnadenmutter.com\/cs\/\"},{\"@type\":\"ListItem\",\"position\":2,\"name\":\"Shop\",\"item\":\"https:\/\/www.zurgnadenmutter.com\/cs\/shop\/\"},{\"@type\":\"ListItem\",\"position\":3,\"name\":\"Opalovac\u00ed p\u00e9\u010de ATEIA SPF 30 Sunprotect + Repair\"}]},{\"@type\":\"WebSite\",\"@id\":\"https:\/\/www.zurgnadenmutter.com\/#website\",\"url\":\"https:\/\/www.zurgnadenmutter.com\/\",\"name\":\"Apotheke &amp; Drogerie zur Gnadenmutter - Mariazell\",\"description\":\"Apotheke Mariazell\",\"potentialAction\":[{\"@type\":\"SearchAction\",\"target\":{\"@type\":\"EntryPoint\",\"urlTemplate\":\"https:\/\/www.zurgnadenmutter.com\/?s={search_term_string}\"},\"query-input\":{\"@type\":\"PropertyValueSpecification\",\"valueRequired\":true,\"valueName\":\"search_term_string\"}}],\"inLanguage\":\"cs\"}]}<\/script>\n<!-- \/ Yoast SEO plugin. -->","yoast_head_json":{"title":"Opalovac\u00ed p\u00e9\u010de ATEIA SPF 30 Sunprotect + Repair - Apotheke &amp; Drogerie zur Gnadenmutter - Mariazell","robots":{"index":"index","follow":"follow","max-snippet":"max-snippet:-1","max-image-preview":"max-image-preview:large","max-video-preview":"max-video-preview:-1"},"canonical":"https:\/\/www.zurgnadenmutter.com\/cs\/produkt\/ateia-spf-30-sunprotect-repair-2\/","og_locale":"cs_CZ","og_type":"article","og_title":"Opalovac\u00ed p\u00e9\u010de ATEIA SPF 30 Sunprotect + Repair - Apotheke &amp; Drogerie zur Gnadenmutter - Mariazell","og_description":"Vysok\u00e1 ochrana \u2013 ple\u0165ov\u00e9 a t\u011blov\u00e9 ml\u00e9ko pro norm\u00e1ln\u00ed a\u017e citlivou poko\u017eku","og_url":"https:\/\/www.zurgnadenmutter.com\/cs\/produkt\/ateia-spf-30-sunprotect-repair-2\/","og_site_name":"Apotheke &amp; Drogerie zur Gnadenmutter - Mariazell","article_modified_time":"2022-09-12T18:37:13+00:00","og_image":[{"width":768,"height":1024,"url":"https:\/\/www.zurgnadenmutter.com\/wp-content\/uploads\/2016\/04\/Ateia-30-nebenan-768x1024.png","type":"image\/png"}],"twitter_card":"summary_large_image","twitter_misc":{"Odhadovan\u00e1 doba \u010dten\u00ed":"1 minuta"},"schema":{"@context":"https:\/\/schema.org","@graph":[{"@type":"WebPage","@id":"https:\/\/www.zurgnadenmutter.com\/cs\/produkt\/ateia-spf-30-sunprotect-repair-2\/","url":"https:\/\/www.zurgnadenmutter.com\/cs\/produkt\/ateia-spf-30-sunprotect-repair-2\/","name":"Opalovac\u00ed p\u00e9\u010de ATEIA SPF 30 Sunprotect + Repair - Apotheke &amp; Drogerie zur Gnadenmutter - Mariazell","isPartOf":{"@id":"https:\/\/www.zurgnadenmutter.com\/#website"},"primaryImageOfPage":{"@id":"https:\/\/www.zurgnadenmutter.com\/cs\/produkt\/ateia-spf-30-sunprotect-repair-2\/#primaryimage"},"image":{"@id":"https:\/\/www.zurgnadenmutter.com\/cs\/produkt\/ateia-spf-30-sunprotect-repair-2\/#primaryimage"},"thumbnailUrl":"https:\/\/www.zurgnadenmutter.com\/wp-content\/uploads\/2016\/04\/ateia-neu-nebenan-30-1.png","datePublished":"2016-04-04T20:31:31+00:00","dateModified":"2022-09-12T18:37:13+00:00","breadcrumb":{"@id":"https:\/\/www.zurgnadenmutter.com\/cs\/produkt\/ateia-spf-30-sunprotect-repair-2\/#breadcrumb"},"inLanguage":"cs","potentialAction":[{"@type":"ReadAction","target":["https:\/\/www.zurgnadenmutter.com\/cs\/produkt\/ateia-spf-30-sunprotect-repair-2\/"]}]},{"@type":"ImageObject","inLanguage":"cs","@id":"https:\/\/www.zurgnadenmutter.com\/cs\/produkt\/ateia-spf-30-sunprotect-repair-2\/#primaryimage","url":"https:\/\/www.zurgnadenmutter.com\/wp-content\/uploads\/2016\/04\/ateia-neu-nebenan-30-1.png","contentUrl":"https:\/\/www.zurgnadenmutter.com\/wp-content\/uploads\/2016\/04\/ateia-neu-nebenan-30-1.png","width":2448,"height":3264},{"@type":"BreadcrumbList","@id":"https:\/\/www.zurgnadenmutter.com\/cs\/produkt\/ateia-spf-30-sunprotect-repair-2\/#breadcrumb","itemListElement":[{"@type":"ListItem","position":1,"name":"Startseite","item":"https:\/\/www.zurgnadenmutter.com\/cs\/"},{"@type":"ListItem","position":2,"name":"Shop","item":"https:\/\/www.zurgnadenmutter.com\/cs\/shop\/"},{"@type":"ListItem","position":3,"name":"Opalovac\u00ed p\u00e9\u010de ATEIA SPF 30 Sunprotect + Repair"}]},{"@type":"WebSite","@id":"https:\/\/www.zurgnadenmutter.com\/#website","url":"https:\/\/www.zurgnadenmutter.com\/","name":"Apotheke &amp; Drogerie zur Gnadenmutter - Mariazell","description":"Apotheke Mariazell","potentialAction":[{"@type":"SearchAction","target":{"@type":"EntryPoint","urlTemplate":"https:\/\/www.zurgnadenmutter.com\/?s={search_term_string}"},"query-input":{"@type":"PropertyValueSpecification","valueRequired":true,"valueName":"search_term_string"}}],"inLanguage":"cs"}]}},"_links":{"self":[{"href":"https:\/\/www.zurgnadenmutter.com\/cs\/wp-json\/wp\/v2\/product\/41598","targetHints":{"allow":["GET"]}}],"collection":[{"href":"https:\/\/www.zurgnadenmutter.com\/cs\/wp-json\/wp\/v2\/product"}],"about":[{"href":"https:\/\/www.zurgnadenmutter.com\/cs\/wp-json\/wp\/v2\/types\/product"}],"replies":[{"embeddable":true,"href":"https:\/\/www.zurgnadenmutter.com\/cs\/wp-json\/wp\/v2\/comments?post=41598"}],"wp:featuredmedia":[{"embeddable":true,"href":"https:\/\/www.zurgnadenmutter.com\/cs\/wp-json\/wp\/v2\/media\/75848"}],"wp:attachment":[{"href":"https:\/\/www.zurgnadenmutter.com\/cs\/wp-json\/wp\/v2\/media?parent=41598"}],"wp:term":[{"taxonomy":"product_brand","embeddable":true,"href":"https:\/\/www.zurgnadenmutter.com\/cs\/wp-json\/wp\/v2\/product_brand?post=41598"},{"taxonomy":"product_cat","embeddable":true,"href":"https:\/\/www.zurgnadenmutter.com\/cs\/wp-json\/wp\/v2\/product_cat?post=41598"},{"taxonomy":"product_tag","embeddable":true,"href":"https:\/\/www.zurgnadenmutter.com\/cs\/wp-json\/wp\/v2\/product_tag?post=41598"}],"curies":[{"name":"wp","href":"https:\/\/api.w.org\/{rel}","templated":true}]}}