{"id":41597,"date":"2016-04-04T22:27:45","date_gmt":"2016-04-04T20:27:45","guid":{"rendered":"https:\/\/www.zurgnadenmutter.com\/shop\/pece-po-opalovani-ateia-aftersun-suncare-repair\/"},"modified":"2022-09-12T20:37:13","modified_gmt":"2022-09-12T18:37:13","slug":"ateia-regenerace-po-opalovani-2","status":"publish","type":"product","link":"https:\/\/www.zurgnadenmutter.com\/cs\/produkt\/ateia-regenerace-po-opalovani-2\/","title":{"rendered":"P\u00e9\u010de po opalov\u00e1n\u00ed ATEIA AFTERSUN Suncare + Repair"},"content":{"rendered":"<p>Pe\u010duje o sluncem nam\u00e1hanou poko\u017eku pomoc\u00ed hydrata\u010dn\u00edch aktivn\u00edch slo\u017eek v chladiv\u00e9m, nemastn\u00e9m slo\u017een\u00ed.<\/p>\n<ul>\n<li>4 % nopasome, aktivn\u00ed regenera\u010dn\u00ed DNA enzymy plus kaktus nop\u00e1l<\/li>\n<li>2n\u00e1s. aktivn\u00ed enzymy pro regeneraci poko\u017eky<\/li>\n<li>Bez paraben\u016f<\/li>\n<li>Nemastn\u00e1<\/li>\n<\/ul>\n<p><strong>Aplikace:<\/strong> Po opalov\u00e1n\u00ed naneste bohatou vrstvu emulze na \u010distou poko\u017eku (po osprchov\u00e1n\u00ed) obli\u010deje a t\u011bla.<\/p>\n","protected":false},"excerpt":{"rendered":"<p>Obli\u010dejov\u00e1 &amp; t\u011blov\u00e1 emulze pro norm\u00e1ln\u00ed a\u017e citlivou poko\u017eku<\/p>\n","protected":false},"featured_media":79127,"comment_status":"closed","ping_status":"closed","template":"","meta":{"_acf_changed":false},"product_brand":[],"product_cat":[371,369],"product_tag":[],"class_list":{"0":"post-41597","1":"product","2":"type-product","3":"status-publish","4":"has-post-thumbnail","6":"product_cat-ateia-cs","7":"product_cat-kosmetika","9":"first","10":"instock","11":"taxable","12":"shipping-taxable","13":"purchasable","14":"product-type-simple"},"acf":[],"yoast_head":"<!-- This site is optimized with the Yoast SEO plugin v27.2 - https:\/\/yoast.com\/product\/yoast-seo-wordpress\/ -->\n<title>P\u00e9\u010de po opalov\u00e1n\u00ed ATEIA AFTERSUN Suncare + Repair - Apotheke &amp; Drogerie zur Gnadenmutter - Mariazell<\/title>\n<meta name=\"robots\" content=\"index, follow, max-snippet:-1, max-image-preview:large, max-video-preview:-1\" \/>\n<link rel=\"canonical\" href=\"https:\/\/www.zurgnadenmutter.com\/cs\/produkt\/ateia-regenerace-po-opalovani-2\/\" \/>\n<meta property=\"og:locale\" content=\"cs_CZ\" \/>\n<meta property=\"og:type\" content=\"article\" \/>\n<meta property=\"og:title\" content=\"P\u00e9\u010de po opalov\u00e1n\u00ed ATEIA AFTERSUN Suncare + Repair - Apotheke &amp; Drogerie zur Gnadenmutter - Mariazell\" \/>\n<meta property=\"og:description\" content=\"Obli\u010dejov\u00e1 &amp; t\u011blov\u00e1 emulze pro norm\u00e1ln\u00ed a\u017e citlivou poko\u017eku\" \/>\n<meta property=\"og:url\" content=\"https:\/\/www.zurgnadenmutter.com\/cs\/produkt\/ateia-regenerace-po-opalovani-2\/\" \/>\n<meta property=\"og:site_name\" content=\"Apotheke &amp; Drogerie zur Gnadenmutter - Mariazell\" \/>\n<meta property=\"article:modified_time\" content=\"2022-09-12T18:37:13+00:00\" \/>\n<meta property=\"og:image\" content=\"https:\/\/www.zurgnadenmutter.com\/wp-content\/uploads\/2016\/04\/Ateia-After-Sun.png\" \/>\n\t<meta property=\"og:image:width\" content=\"2448\" \/>\n\t<meta property=\"og:image:height\" content=\"1890\" \/>\n\t<meta property=\"og:image:type\" content=\"image\/png\" \/>\n<meta name=\"twitter:card\" content=\"summary_large_image\" \/>\n<script type=\"application\/ld+json\" class=\"yoast-schema-graph\">{\"@context\":\"https:\/\/schema.org\",\"@graph\":[{\"@type\":\"WebPage\",\"@id\":\"https:\/\/www.zurgnadenmutter.com\/cs\/produkt\/ateia-regenerace-po-opalovani-2\/\",\"url\":\"https:\/\/www.zurgnadenmutter.com\/cs\/produkt\/ateia-regenerace-po-opalovani-2\/\",\"name\":\"P\u00e9\u010de po opalov\u00e1n\u00ed ATEIA AFTERSUN Suncare + Repair - Apotheke &amp; Drogerie zur Gnadenmutter - Mariazell\",\"isPartOf\":{\"@id\":\"https:\/\/www.zurgnadenmutter.com\/#website\"},\"primaryImageOfPage\":{\"@id\":\"https:\/\/www.zurgnadenmutter.com\/cs\/produkt\/ateia-regenerace-po-opalovani-2\/#primaryimage\"},\"image\":{\"@id\":\"https:\/\/www.zurgnadenmutter.com\/cs\/produkt\/ateia-regenerace-po-opalovani-2\/#primaryimage\"},\"thumbnailUrl\":\"https:\/\/www.zurgnadenmutter.com\/wp-content\/uploads\/2016\/04\/Ateia-Aftersun_2025-scaled.jpg\",\"datePublished\":\"2016-04-04T20:27:45+00:00\",\"dateModified\":\"2022-09-12T18:37:13+00:00\",\"breadcrumb\":{\"@id\":\"https:\/\/www.zurgnadenmutter.com\/cs\/produkt\/ateia-regenerace-po-opalovani-2\/#breadcrumb\"},\"inLanguage\":\"cs\",\"potentialAction\":[{\"@type\":\"ReadAction\",\"target\":[\"https:\/\/www.zurgnadenmutter.com\/cs\/produkt\/ateia-regenerace-po-opalovani-2\/\"]}]},{\"@type\":\"ImageObject\",\"inLanguage\":\"cs\",\"@id\":\"https:\/\/www.zurgnadenmutter.com\/cs\/produkt\/ateia-regenerace-po-opalovani-2\/#primaryimage\",\"url\":\"https:\/\/www.zurgnadenmutter.com\/wp-content\/uploads\/2016\/04\/Ateia-Aftersun_2025-scaled.jpg\",\"contentUrl\":\"https:\/\/www.zurgnadenmutter.com\/wp-content\/uploads\/2016\/04\/Ateia-Aftersun_2025-scaled.jpg\",\"width\":1920,\"height\":2560},{\"@type\":\"BreadcrumbList\",\"@id\":\"https:\/\/www.zurgnadenmutter.com\/cs\/produkt\/ateia-regenerace-po-opalovani-2\/#breadcrumb\",\"itemListElement\":[{\"@type\":\"ListItem\",\"position\":1,\"name\":\"Startseite\",\"item\":\"https:\/\/www.zurgnadenmutter.com\/cs\/\"},{\"@type\":\"ListItem\",\"position\":2,\"name\":\"Shop\",\"item\":\"https:\/\/www.zurgnadenmutter.com\/cs\/shop\/\"},{\"@type\":\"ListItem\",\"position\":3,\"name\":\"P\u00e9\u010de po opalov\u00e1n\u00ed ATEIA AFTERSUN Suncare + Repair\"}]},{\"@type\":\"WebSite\",\"@id\":\"https:\/\/www.zurgnadenmutter.com\/#website\",\"url\":\"https:\/\/www.zurgnadenmutter.com\/\",\"name\":\"Apotheke &amp; Drogerie zur Gnadenmutter - Mariazell\",\"description\":\"Apotheke Mariazell\",\"potentialAction\":[{\"@type\":\"SearchAction\",\"target\":{\"@type\":\"EntryPoint\",\"urlTemplate\":\"https:\/\/www.zurgnadenmutter.com\/?s={search_term_string}\"},\"query-input\":{\"@type\":\"PropertyValueSpecification\",\"valueRequired\":true,\"valueName\":\"search_term_string\"}}],\"inLanguage\":\"cs\"}]}<\/script>\n<!-- \/ Yoast SEO plugin. -->","yoast_head_json":{"title":"P\u00e9\u010de po opalov\u00e1n\u00ed ATEIA AFTERSUN Suncare + Repair - Apotheke &amp; Drogerie zur Gnadenmutter - Mariazell","robots":{"index":"index","follow":"follow","max-snippet":"max-snippet:-1","max-image-preview":"max-image-preview:large","max-video-preview":"max-video-preview:-1"},"canonical":"https:\/\/www.zurgnadenmutter.com\/cs\/produkt\/ateia-regenerace-po-opalovani-2\/","og_locale":"cs_CZ","og_type":"article","og_title":"P\u00e9\u010de po opalov\u00e1n\u00ed ATEIA AFTERSUN Suncare + Repair - Apotheke &amp; Drogerie zur Gnadenmutter - Mariazell","og_description":"Obli\u010dejov\u00e1 &amp; t\u011blov\u00e1 emulze pro norm\u00e1ln\u00ed a\u017e citlivou poko\u017eku","og_url":"https:\/\/www.zurgnadenmutter.com\/cs\/produkt\/ateia-regenerace-po-opalovani-2\/","og_site_name":"Apotheke &amp; Drogerie zur Gnadenmutter - Mariazell","article_modified_time":"2022-09-12T18:37:13+00:00","og_image":[{"width":2448,"height":1890,"url":"https:\/\/www.zurgnadenmutter.com\/wp-content\/uploads\/2016\/04\/Ateia-After-Sun.png","type":"image\/png"}],"twitter_card":"summary_large_image","schema":{"@context":"https:\/\/schema.org","@graph":[{"@type":"WebPage","@id":"https:\/\/www.zurgnadenmutter.com\/cs\/produkt\/ateia-regenerace-po-opalovani-2\/","url":"https:\/\/www.zurgnadenmutter.com\/cs\/produkt\/ateia-regenerace-po-opalovani-2\/","name":"P\u00e9\u010de po opalov\u00e1n\u00ed ATEIA AFTERSUN Suncare + Repair - Apotheke &amp; Drogerie zur Gnadenmutter - Mariazell","isPartOf":{"@id":"https:\/\/www.zurgnadenmutter.com\/#website"},"primaryImageOfPage":{"@id":"https:\/\/www.zurgnadenmutter.com\/cs\/produkt\/ateia-regenerace-po-opalovani-2\/#primaryimage"},"image":{"@id":"https:\/\/www.zurgnadenmutter.com\/cs\/produkt\/ateia-regenerace-po-opalovani-2\/#primaryimage"},"thumbnailUrl":"https:\/\/www.zurgnadenmutter.com\/wp-content\/uploads\/2016\/04\/Ateia-Aftersun_2025-scaled.jpg","datePublished":"2016-04-04T20:27:45+00:00","dateModified":"2022-09-12T18:37:13+00:00","breadcrumb":{"@id":"https:\/\/www.zurgnadenmutter.com\/cs\/produkt\/ateia-regenerace-po-opalovani-2\/#breadcrumb"},"inLanguage":"cs","potentialAction":[{"@type":"ReadAction","target":["https:\/\/www.zurgnadenmutter.com\/cs\/produkt\/ateia-regenerace-po-opalovani-2\/"]}]},{"@type":"ImageObject","inLanguage":"cs","@id":"https:\/\/www.zurgnadenmutter.com\/cs\/produkt\/ateia-regenerace-po-opalovani-2\/#primaryimage","url":"https:\/\/www.zurgnadenmutter.com\/wp-content\/uploads\/2016\/04\/Ateia-Aftersun_2025-scaled.jpg","contentUrl":"https:\/\/www.zurgnadenmutter.com\/wp-content\/uploads\/2016\/04\/Ateia-Aftersun_2025-scaled.jpg","width":1920,"height":2560},{"@type":"BreadcrumbList","@id":"https:\/\/www.zurgnadenmutter.com\/cs\/produkt\/ateia-regenerace-po-opalovani-2\/#breadcrumb","itemListElement":[{"@type":"ListItem","position":1,"name":"Startseite","item":"https:\/\/www.zurgnadenmutter.com\/cs\/"},{"@type":"ListItem","position":2,"name":"Shop","item":"https:\/\/www.zurgnadenmutter.com\/cs\/shop\/"},{"@type":"ListItem","position":3,"name":"P\u00e9\u010de po opalov\u00e1n\u00ed ATEIA AFTERSUN Suncare + Repair"}]},{"@type":"WebSite","@id":"https:\/\/www.zurgnadenmutter.com\/#website","url":"https:\/\/www.zurgnadenmutter.com\/","name":"Apotheke &amp; Drogerie zur Gnadenmutter - Mariazell","description":"Apotheke Mariazell","potentialAction":[{"@type":"SearchAction","target":{"@type":"EntryPoint","urlTemplate":"https:\/\/www.zurgnadenmutter.com\/?s={search_term_string}"},"query-input":{"@type":"PropertyValueSpecification","valueRequired":true,"valueName":"search_term_string"}}],"inLanguage":"cs"}]}},"_links":{"self":[{"href":"https:\/\/www.zurgnadenmutter.com\/cs\/wp-json\/wp\/v2\/product\/41597","targetHints":{"allow":["GET"]}}],"collection":[{"href":"https:\/\/www.zurgnadenmutter.com\/cs\/wp-json\/wp\/v2\/product"}],"about":[{"href":"https:\/\/www.zurgnadenmutter.com\/cs\/wp-json\/wp\/v2\/types\/product"}],"replies":[{"embeddable":true,"href":"https:\/\/www.zurgnadenmutter.com\/cs\/wp-json\/wp\/v2\/comments?post=41597"}],"wp:featuredmedia":[{"embeddable":true,"href":"https:\/\/www.zurgnadenmutter.com\/cs\/wp-json\/wp\/v2\/media\/79127"}],"wp:attachment":[{"href":"https:\/\/www.zurgnadenmutter.com\/cs\/wp-json\/wp\/v2\/media?parent=41597"}],"wp:term":[{"taxonomy":"product_brand","embeddable":true,"href":"https:\/\/www.zurgnadenmutter.com\/cs\/wp-json\/wp\/v2\/product_brand?post=41597"},{"taxonomy":"product_cat","embeddable":true,"href":"https:\/\/www.zurgnadenmutter.com\/cs\/wp-json\/wp\/v2\/product_cat?post=41597"},{"taxonomy":"product_tag","embeddable":true,"href":"https:\/\/www.zurgnadenmutter.com\/cs\/wp-json\/wp\/v2\/product_tag?post=41597"}],"curies":[{"name":"wp","href":"https:\/\/api.w.org\/{rel}","templated":true}]}}