{"id":42813,"date":"2022-10-06T22:01:36","date_gmt":"2022-10-06T20:01:36","guid":{"rendered":"https:\/\/www.zurgnadenmutter.com\/?page_id=42813"},"modified":"2022-10-06T22:01:36","modified_gmt":"2022-10-06T20:01:36","slug":"tym","status":"publish","type":"page","link":"https:\/\/www.zurgnadenmutter.com\/cs\/tym\/","title":{"rendered":"T\u00ddM"},"content":{"rendered":"[spb_row element_name=&#8220;Row&#8220; wrap_type=&#8220;content-width&#8220; row_bg_type=&#8220;color&#8220; color_row_height=&#8220;content-height&#8220; bg_type=&#8220;cover&#8220; parallax_image_height=&#8220;content-height&#8220; parallax_image_movement=&#8220;fixed&#8220; parallax_image_speed=&#8220;0.5&#8243; bg_video_loop=&#8220;yes&#8220; parallax_video_height=&#8220;window-height&#8220; row_top_style=&#8220;none&#8220; row_bottom_style=&#8220;none&#8220; parallax_video_overlay=&#8220;none&#8220; row_overlay_opacity=&#8220;0&#8243; remove_element_spacing=&#8220;no&#8220; row_col_pos=&#8220;default&#8220; row_expanding=&#8220;no&#8220; row_animation=&#8220;none&#8220; row_animation_delay=&#8220;0&#8243; width=&#8220;1\/1&#8243; el_position=&#8220;first last&#8220;] [spb_column col_sm=&#8220;3&#8243; padding_horizontal=&#8220;0&#8243; width=&#8220;1\/4&#8243; el_position=&#8220;first&#8220;] [spb_text_block animation=&#8220;none&#8220; animation_delay=&#8220;0&#8243; simplified_controls=&#8220;yes&#8220; custom_css_percentage=&#8220;no&#8220; padding_vertical=&#8220;0&#8243; padding_horizontal=&#8220;0&#8243; margin_vertical=&#8220;0&#8243; custom_css=&#8220;margin-top: 0px;margin-bottom: 0px;&#8220; border_size=&#8220;0&#8243; border_styling_global=&#8220;default&#8220; width=&#8220;1\/1&#8243; el_position=&#8220;first last&#8220;]\n<h4><strong>Apothekenleitung<\/strong><\/h4>\n[\/spb_text_block] [spb_image image=&#8220;17824&#8243; image_size=&#8220;full&#8220; frame=&#8220;noframe&#8220; caption_pos=&#8220;below&#8220; remove_rounded=&#8220;yes&#8220; fullwidth=&#8220;no&#8220; overflow_mode=&#8220;none&#8220; link_target=&#8220;_self&#8220; lightbox=&#8220;no&#8220; intro_animation=&#8220;none&#8220; animation_delay=&#8220;200&#8243; width=&#8220;1\/1&#8243; el_position=&#8220;first last&#8220;]\n<p>Mag. pharm. Bernhard Widlhofer<\/p>\n[\/spb_image] [\/spb_column] [spb_column col_sm=&#8220;6&#8243; padding_horizontal=&#8220;0&#8243; width=&#8220;1\/2&#8243; el_position=&#8220;last&#8220;] [spb_text_block animation=&#8220;none&#8220; animation_delay=&#8220;0&#8243; simplified_controls=&#8220;yes&#8220; custom_css_percentage=&#8220;no&#8220; padding_vertical=&#8220;0&#8243; padding_horizontal=&#8220;0&#8243; margin_vertical=&#8220;0&#8243; custom_css=&#8220;margin-top: 0px;margin-bottom: 0px;&#8220; border_size=&#8220;0&#8243; border_styling_global=&#8220;default&#8220; width=&#8220;1\/1&#8243; el_position=&#8220;first last&#8220;]\n<h4><strong>Assistentin <\/strong><strong>der Gesch\u00e4ftsf\u00fchrung<\/strong><\/h4>\n[\/spb_text_block] [spb_image image=&#8220;17768&#8243; image_size=&#8220;full&#8220; frame=&#8220;noframe&#8220; caption_pos=&#8220;below&#8220; remove_rounded=&#8220;yes&#8220; fullwidth=&#8220;no&#8220; overflow_mode=&#8220;none&#8220; link_target=&#8220;_self&#8220; lightbox=&#8220;yes&#8220; intro_animation=&#8220;none&#8220; animation_delay=&#8220;200&#8243; width=&#8220;1\/2&#8243; el_position=&#8220;first last&#8220;]\n<p>Isabelle Biber<\/p>\n[\/spb_image] [\/spb_column] [spb_column col_sm=&#8220;12&#8243; padding_horizontal=&#8220;0&#8243; width=&#8220;1\/1&#8243; el_position=&#8220;first last&#8220;] [spb_text_block animation=&#8220;none&#8220; animation_delay=&#8220;0&#8243; simplified_controls=&#8220;yes&#8220; custom_css_percentage=&#8220;no&#8220; padding_vertical=&#8220;0&#8243; padding_horizontal=&#8220;0&#8243; margin_vertical=&#8220;0&#8243; custom_css=&#8220;margin-top: 0px;margin-bottom: 0px;&#8220; border_size=&#8220;0&#8243; border_styling_global=&#8220;default&#8220; width=&#8220;1\/1&#8243; el_position=&#8220;first last&#8220;]\n<h4><strong>B\u00fcro<\/strong><\/h4>\n[\/spb_text_block] [spb_image image=&#8220;28814&#8243; image_size=&#8220;full&#8220; frame=&#8220;noframe&#8220; caption_pos=&#8220;below&#8220; remove_rounded=&#8220;yes&#8220; fullwidth=&#8220;no&#8220; overflow_mode=&#8220;none&#8220; link_target=&#8220;_self&#8220; lightbox=&#8220;yes&#8220; intro_animation=&#8220;none&#8220; animation_delay=&#8220;200&#8243; width=&#8220;1\/4&#8243; el_position=&#8220;first last&#8220;]\n<p>Julia Leitner<\/p>\n[\/spb_image] [\/spb_column] [spb_column col_sm=&#8220;12&#8243; padding_horizontal=&#8220;0&#8243; width=&#8220;1\/1&#8243; el_position=&#8220;first last&#8220;] [spb_text_block animation=&#8220;none&#8220; animation_delay=&#8220;0&#8243; simplified_controls=&#8220;yes&#8220; custom_css_percentage=&#8220;no&#8220; padding_vertical=&#8220;0&#8243; padding_horizontal=&#8220;0&#8243; margin_vertical=&#8220;0&#8243; custom_css=&#8220;margin-top: 0px;margin-bottom: 0px;&#8220; border_size=&#8220;0&#8243; border_styling_global=&#8220;default&#8220; width=&#8220;1\/1&#8243; el_position=&#8220;first last&#8220;]\n<h4><strong>Apotheke<\/strong><\/h4>\n<h4><strong>Pharmazeuten<\/strong><\/h4>\n[\/spb_text_block] [spb_image image=&#8220;17774&#8243; image_size=&#8220;full&#8220; frame=&#8220;noframe&#8220; caption_pos=&#8220;below&#8220; remove_rounded=&#8220;yes&#8220; fullwidth=&#8220;no&#8220; overflow_mode=&#8220;none&#8220; link_target=&#8220;_self&#8220; lightbox=&#8220;yes&#8220; intro_animation=&#8220;none&#8220; animation_delay=&#8220;200&#8243; width=&#8220;1\/4&#8243; el_position=&#8220;first&#8220;]\n<p>Mag. pharm. Elisabeth Demmerer<\/p>\n[\/spb_image] [spb_image image=&#8220;28839&#8243; image_size=&#8220;full&#8220; frame=&#8220;noframe&#8220; caption_pos=&#8220;below&#8220; remove_rounded=&#8220;yes&#8220; fullwidth=&#8220;no&#8220; overflow_mode=&#8220;none&#8220; link_target=&#8220;_self&#8220; lightbox=&#8220;yes&#8220; intro_animation=&#8220;none&#8220; animation_delay=&#8220;200&#8243; width=&#8220;1\/4&#8243; el_position=&#8220;last&#8220;]\n<p>Mag. pharm. Karin Stiger<\/p>\n[\/spb_image] [\/spb_column] [spb_column col_sm=&#8220;12&#8243; padding_horizontal=&#8220;0&#8243; width=&#8220;1\/1&#8243; el_position=&#8220;first last&#8220;] [spb_text_block animation=&#8220;none&#8220; animation_delay=&#8220;0&#8243; simplified_controls=&#8220;yes&#8220; custom_css_percentage=&#8220;no&#8220; padding_vertical=&#8220;0&#8243; padding_horizontal=&#8220;0&#8243; margin_vertical=&#8220;0&#8243; custom_css=&#8220;margin-top: 0px;margin-bottom: 0px;&#8220; border_size=&#8220;0&#8243; border_styling_global=&#8220;default&#8220; width=&#8220;1\/1&#8243; el_position=&#8220;first last&#8220;]\n<h4><strong>Pharmazeutisch-kaufm\u00e4nnische Assistentinnen<\/strong><\/h4>\n[\/spb_text_block] [spb_image image=&#8220;19117&#8243; image_size=&#8220;full&#8220; frame=&#8220;noframe&#8220; caption_pos=&#8220;below&#8220; remove_rounded=&#8220;yes&#8220; fullwidth=&#8220;no&#8220; overflow_mode=&#8220;none&#8220; link_target=&#8220;_self&#8220; lightbox=&#8220;yes&#8220; intro_animation=&#8220;none&#8220; animation_delay=&#8220;200&#8243; width=&#8220;1\/4&#8243; el_position=&#8220;first&#8220;]\n<p>Karoline Knirsch<\/p>\n[\/spb_image] [spb_image image=&#8220;17801&#8243; image_size=&#8220;full&#8220; frame=&#8220;noframe&#8220; caption_pos=&#8220;below&#8220; remove_rounded=&#8220;yes&#8220; fullwidth=&#8220;no&#8220; overflow_mode=&#8220;none&#8220; link_target=&#8220;_self&#8220; lightbox=&#8220;yes&#8220; intro_animation=&#8220;none&#8220; animation_delay=&#8220;200&#8243; width=&#8220;1\/4&#8243;]\n<p>Elfriede Pacchiani<\/p>\n[\/spb_image] [spb_image image=&#8220;17813&#8243; image_size=&#8220;full&#8220; frame=&#8220;noframe&#8220; caption_pos=&#8220;below&#8220; remove_rounded=&#8220;yes&#8220; fullwidth=&#8220;no&#8220; overflow_mode=&#8220;none&#8220; link_target=&#8220;_self&#8220; lightbox=&#8220;yes&#8220; intro_animation=&#8220;none&#8220; animation_delay=&#8220;200&#8243; width=&#8220;1\/4&#8243;]\n<p>Melanie Steiner<\/p>\n[\/spb_image] [spb_image image=&#8220;19070&#8243; image_size=&#8220;full&#8220; frame=&#8220;noframe&#8220; caption_pos=&#8220;below&#8220; remove_rounded=&#8220;yes&#8220; fullwidth=&#8220;no&#8220; overflow_mode=&#8220;none&#8220; link_target=&#8220;_self&#8220; lightbox=&#8220;yes&#8220; intro_animation=&#8220;none&#8220; animation_delay=&#8220;200&#8243; width=&#8220;1\/4&#8243; el_position=&#8220;last&#8220;]\n<p>Michelle Wohlmuth<\/p>\n[\/spb_image] [\/spb_column] [spb_column col_sm=&#8220;12&#8243; padding_horizontal=&#8220;0&#8243; width=&#8220;1\/1&#8243; el_position=&#8220;first last&#8220;] [spb_text_block animation=&#8220;none&#8220; animation_delay=&#8220;0&#8243; simplified_controls=&#8220;yes&#8220; custom_css_percentage=&#8220;no&#8220; padding_vertical=&#8220;0&#8243; padding_horizontal=&#8220;0&#8243; margin_vertical=&#8220;0&#8243; custom_css=&#8220;margin-top: 0px;margin-bottom: 0px;&#8220; border_size=&#8220;0&#8243; border_styling_global=&#8220;default&#8220; width=&#8220;1\/1&#8243; el_position=&#8220;first last&#8220;]\n<h4><strong>PKA-Lehrlinge<\/strong><\/h4>\n[\/spb_text_block] [spb_image image=&#8220;28714&#8243; image_size=&#8220;full&#8220; frame=&#8220;noframe&#8220; caption_pos=&#8220;below&#8220; remove_rounded=&#8220;yes&#8220; fullwidth=&#8220;no&#8220; overflow_mode=&#8220;none&#8220; link_target=&#8220;_self&#8220; lightbox=&#8220;yes&#8220; intro_animation=&#8220;none&#8220; animation_delay=&#8220;200&#8243; width=&#8220;1\/4&#8243; el_position=&#8220;first&#8220;]\n<p>Anika Reichenpfader<\/p>\n[\/spb_image] [spb_image image_size=&#8220;full&#8220; frame=&#8220;noframe&#8220; caption_pos=&#8220;below&#8220; remove_rounded=&#8220;yes&#8220; fullwidth=&#8220;no&#8220; overflow_mode=&#8220;none&#8220; link_target=&#8220;_self&#8220; lightbox=&#8220;yes&#8220; intro_animation=&#8220;none&#8220; animation_delay=&#8220;200&#8243; width=&#8220;1\/4&#8243; el_position=&#8220;last&#8220;]\n<p>Lisa Horner<\/p>\n[\/spb_image] [\/spb_column] [spb_column col_sm=&#8220;3&#8243; padding_horizontal=&#8220;0&#8243; width=&#8220;1\/4&#8243; el_position=&#8220;first&#8220;] [spb_image image=&#8220;32117&#8243; image_size=&#8220;full&#8220; frame=&#8220;noframe&#8220; caption_pos=&#8220;below&#8220; remove_rounded=&#8220;yes&#8220; fullwidth=&#8220;no&#8220; overflow_mode=&#8220;none&#8220; link_target=&#8220;_self&#8220; lightbox=&#8220;yes&#8220; intro_animation=&#8220;none&#8220; animation_delay=&#8220;200&#8243; width=&#8220;1\/1&#8243; el_position=&#8220;first last&#8220;]\n<p>Beatrice Heiml<\/p>\n[\/spb_image] [\/spb_column] [spb_column col_sm=&#8220;3&#8243; padding_horizontal=&#8220;0&#8243; width=&#8220;1\/4&#8243; el_position=&#8220;last&#8220;] [spb_image image_size=&#8220;full&#8220; frame=&#8220;noframe&#8220; caption_pos=&#8220;below&#8220; remove_rounded=&#8220;yes&#8220; fullwidth=&#8220;no&#8220; overflow_mode=&#8220;none&#8220; link_target=&#8220;_self&#8220; lightbox=&#8220;yes&#8220; intro_animation=&#8220;none&#8220; animation_delay=&#8220;200&#8243; width=&#8220;1\/1&#8243; el_position=&#8220;first last&#8220;]\n<p>Selina Leodolter<\/p>\n[\/spb_image] [\/spb_column] [spb_column col_sm=&#8220;12&#8243; padding_horizontal=&#8220;0&#8243; width=&#8220;1\/1&#8243; el_position=&#8220;first last&#8220;] [spb_text_block animation=&#8220;none&#8220; animation_delay=&#8220;0&#8243; simplified_controls=&#8220;yes&#8220; custom_css_percentage=&#8220;no&#8220; padding_vertical=&#8220;0&#8243; padding_horizontal=&#8220;0&#8243; margin_vertical=&#8220;0&#8243; custom_css=&#8220;margin-top: 0px;margin-bottom: 0px;&#8220; border_size=&#8220;0&#8243; border_styling_global=&#8220;default&#8220; width=&#8220;1\/1&#8243; el_position=&#8220;first last&#8220;]\n<h4><strong>Die gute Seele des Hauses<\/strong><\/h4>\n[\/spb_text_block] [spb_image image=&#8220;17821&#8243; image_size=&#8220;full&#8220; frame=&#8220;noframe&#8220; caption_pos=&#8220;below&#8220; remove_rounded=&#8220;yes&#8220; fullwidth=&#8220;no&#8220; overflow_mode=&#8220;none&#8220; link_target=&#8220;_self&#8220; lightbox=&#8220;yes&#8220; intro_animation=&#8220;none&#8220; animation_delay=&#8220;200&#8243; width=&#8220;1\/4&#8243; el_position=&#8220;first last&#8220;]\n<p>Ingrid Troger<\/p>\n[\/spb_image] [\/spb_column] [spb_column col_sm=&#8220;12&#8243; padding_horizontal=&#8220;0&#8243; width=&#8220;1\/1&#8243; el_position=&#8220;first last&#8220;] [spb_text_block animation=&#8220;none&#8220; animation_delay=&#8220;0&#8243; simplified_controls=&#8220;yes&#8220; custom_css_percentage=&#8220;no&#8220; padding_vertical=&#8220;0&#8243; padding_horizontal=&#8220;0&#8243; margin_vertical=&#8220;0&#8243; custom_css=&#8220;margin-top: 0px;margin-bottom: 0px;&#8220; border_size=&#8220;0&#8243; border_styling_global=&#8220;default&#8220; width=&#8220;1\/1&#8243; el_position=&#8220;first last&#8220;]\n<h4><strong>Fu\u00dfpflege<\/strong><\/h4>\n[\/spb_text_block] [spb_image image=&#8220;17827&#8243; image_size=&#8220;full&#8220; frame=&#8220;noframe&#8220; caption_pos=&#8220;below&#8220; remove_rounded=&#8220;yes&#8220; fullwidth=&#8220;no&#8220; overflow_mode=&#8220;none&#8220; link_target=&#8220;_self&#8220; lightbox=&#8220;yes&#8220; intro_animation=&#8220;none&#8220; animation_delay=&#8220;200&#8243; width=&#8220;1\/4&#8243; el_position=&#8220;first last&#8220;]\n<p>Birgit W\u00fcrnitzer<\/p>\n[\/spb_image] [\/spb_column] [spb_column col_sm=&#8220;12&#8243; padding_horizontal=&#8220;0&#8243; width=&#8220;1\/1&#8243; el_position=&#8220;first last&#8220;] [spb_text_block animation=&#8220;none&#8220; animation_delay=&#8220;0&#8243; simplified_controls=&#8220;yes&#8220; custom_css_percentage=&#8220;no&#8220; padding_vertical=&#8220;0&#8243; padding_horizontal=&#8220;0&#8243; margin_vertical=&#8220;0&#8243; custom_css=&#8220;margin-top: 0px;margin-bottom: 0px;&#8220; border_size=&#8220;0&#8243; border_styling_global=&#8220;default&#8220; width=&#8220;1\/1&#8243; el_position=&#8220;first last&#8220;]\n<h4><strong>Versand<\/strong><\/h4>\n[\/spb_text_block] [spb_image image=&#8220;17771&#8243; image_size=&#8220;full&#8220; frame=&#8220;noframe&#8220; caption_pos=&#8220;below&#8220; remove_rounded=&#8220;yes&#8220; fullwidth=&#8220;no&#8220; overflow_mode=&#8220;none&#8220; link_target=&#8220;_self&#8220; lightbox=&#8220;yes&#8220; intro_animation=&#8220;none&#8220; animation_delay=&#8220;200&#8243; width=&#8220;1\/4&#8243; el_position=&#8220;first&#8220;]\n<p>Kerstin Biber<\/p>\n[\/spb_image] [spb_image image_size=&#8220;full&#8220; frame=&#8220;noframe&#8220; caption_pos=&#8220;below&#8220; remove_rounded=&#8220;yes&#8220; fullwidth=&#8220;no&#8220; overflow_mode=&#8220;none&#8220; link_target=&#8220;_self&#8220; lightbox=&#8220;yes&#8220; intro_animation=&#8220;none&#8220; animation_delay=&#8220;200&#8243; width=&#8220;1\/4&#8243; el_position=&#8220;last&#8220;]\n<p>Alina Leodolter<\/p>\n[\/spb_image] [\/spb_column] [spb_column col_sm=&#8220;12&#8243; padding_horizontal=&#8220;0&#8243; width=&#8220;1\/1&#8243; el_position=&#8220;first last&#8220;] [spb_text_block animation=&#8220;none&#8220; animation_delay=&#8220;0&#8243; simplified_controls=&#8220;yes&#8220; custom_css_percentage=&#8220;no&#8220; padding_vertical=&#8220;0&#8243; padding_horizontal=&#8220;0&#8243; margin_vertical=&#8220;0&#8243; custom_css=&#8220;margin-top: 0px;margin-bottom: 0px;&#8220; border_size=&#8220;0&#8243; border_styling_global=&#8220;default&#8220; width=&#8220;1\/1&#8243; el_position=&#8220;first last&#8220;]\n<h4><strong>Produktion<\/strong><\/h4>\n[\/spb_text_block] [spb_image image=&#8220;17833&#8243; image_size=&#8220;full&#8220; frame=&#8220;noframe&#8220; caption_pos=&#8220;below&#8220; remove_rounded=&#8220;yes&#8220; fullwidth=&#8220;no&#8220; overflow_mode=&#8220;none&#8220; link_target=&#8220;_self&#8220; lightbox=&#8220;yes&#8220; intro_animation=&#8220;none&#8220; animation_delay=&#8220;200&#8243; width=&#8220;1\/4&#8243; el_position=&#8220;first&#8220;]\n<p>Sabine Greifensteiner<\/p>\n[\/spb_image] [spb_image image=&#8220;17786&#8243; image_size=&#8220;full&#8220; frame=&#8220;noframe&#8220; caption_pos=&#8220;below&#8220; remove_rounded=&#8220;yes&#8220; fullwidth=&#8220;no&#8220; overflow_mode=&#8220;none&#8220; link_target=&#8220;_self&#8220; lightbox=&#8220;yes&#8220; intro_animation=&#8220;none&#8220; animation_delay=&#8220;200&#8243; width=&#8220;1\/4&#8243;]\n<p><span data-popover-template=\"'surnameInformation.html'\" data-popover-trigger=\"mouseenter\" data-popover-placement=\"right\"><span class=\"icon-hover ng-binding\" data-ng-style=\"scheduleResponseContent.user.textColor != null &amp;&amp; {color: scheduleResponseContent.user.textColor}\">Violeta Kiryakova <\/span><\/span><\/p>\n[\/spb_image] [spb_image image=&#8220;17807&#8243; image_size=&#8220;full&#8220; frame=&#8220;noframe&#8220; caption_pos=&#8220;below&#8220; remove_rounded=&#8220;yes&#8220; fullwidth=&#8220;no&#8220; overflow_mode=&#8220;none&#8220; link_target=&#8220;_self&#8220; lightbox=&#8220;yes&#8220; intro_animation=&#8220;none&#8220; animation_delay=&#8220;200&#8243; width=&#8220;1\/4&#8243; el_position=&#8220;last&#8220;]\n<p>Susanna Raffl<\/p>\n[\/spb_image] [\/spb_column] [\/spb_row] [spb_row element_name=&#8220;Row&#8220; wrap_type=&#8220;full-width&#8220; row_bg_type=&#8220;color&#8220; color_row_height=&#8220;content-height&#8220; bg_type=&#8220;cover&#8220; parallax_image_height=&#8220;content-height&#8220; parallax_image_movement=&#8220;fixed&#8220; parallax_image_speed=&#8220;0.5&#8243; bg_video_loop=&#8220;yes&#8220; parallax_video_height=&#8220;window-height&#8220; row_top_style=&#8220;none&#8220; row_bottom_style=&#8220;none&#8220; parallax_video_overlay=&#8220;none&#8220; row_overlay_opacity=&#8220;0&#8243; remove_element_spacing=&#8220;yes&#8220; row_col_pos=&#8220;default&#8220; row_expanding=&#8220;no&#8220; row_animation=&#8220;none&#8220; row_animation_delay=&#8220;0&#8243; width=&#8220;1\/1&#8243; el_position=&#8220;first last&#8220;] [spb_blank_spacer height=&#8220;30px&#8220; width=&#8220;1\/1&#8243; el_position=&#8220;first last&#8220;] [\/spb_row]\n","protected":false},"excerpt":{"rendered":"<p>[spb_row element_name=&#8220;Row&#8220; wrap_type=&#8220;content-width&#8220; row_bg_type=&#8220;color&#8220; color_row_height=&#8220;content-height&#8220; bg_type=&#8220;cover&#8220; parallax_image_height=&#8220;content-height&#8220; parallax_image_movement=&#8220;fixed&#8220; parallax_image_speed=&#8220;0.5&#8243; bg_video_loop=&#8220;yes&#8220; parallax_video_height=&#8220;window-height&#8220; row_top_style=&#8220;none&#8220; row_bottom_style=&#8220;none&#8220; parallax_video_overlay=&#8220;none&#8220; row_overlay_opacity=&#8220;0&#8243; remove_element_spacing=&#8220;no&#8220; row_col_pos=&#8220;default&#8220; row_expanding=&#8220;no&#8220; row_animation=&#8220;none&#8220; row_animation_delay=&#8220;0&#8243; width=&#8220;1\/1&#8243; el_position=&#8220;first last&#8220;] [spb_column col_sm=&#8220;3&#8243; padding_horizontal=&#8220;0&#8243; width=&#8220;1\/4&#8243; el_position=&#8220;first&#8220;] [spb_text_block animation=&#8220;none&#8220;&#8230;<\/p>\n","protected":false},"author":1,"featured_media":0,"parent":47635,"menu_order":0,"comment_status":"closed","ping_status":"closed","template":"","meta":{"_acf_changed":false,"footnotes":""},"class_list":["post-42813","page","type-page","status-publish"],"acf":[],"yoast_head":"<!-- This site is optimized with the Yoast SEO plugin v27.2 - https:\/\/yoast.com\/product\/yoast-seo-wordpress\/ -->\n<title>T\u00ddM - Apotheke &amp; Drogerie zur Gnadenmutter - Mariazell<\/title>\n<meta name=\"robots\" content=\"index, follow, max-snippet:-1, max-image-preview:large, max-video-preview:-1\" \/>\n<link rel=\"canonical\" href=\"https:\/\/www.zurgnadenmutter.com\/apotheke\/team\/\" \/>\n<meta property=\"og:locale\" content=\"cs_CZ\" \/>\n<meta property=\"og:type\" content=\"article\" \/>\n<meta property=\"og:title\" content=\"T\u00ddM - Apotheke &amp; Drogerie zur Gnadenmutter - Mariazell\" \/>\n<meta property=\"og:description\" content=\"[spb_row element_name=&#8220;Row&#8220; wrap_type=&#8220;content-width&#8220; row_bg_type=&#8220;color&#8220; color_row_height=&#8220;content-height&#8220; bg_type=&#8220;cover&#8220; parallax_image_height=&#8220;content-height&#8220; parallax_image_movement=&#8220;fixed&#8220; parallax_image_speed=&#8220;0.5&#8243; bg_video_loop=&#8220;yes&#8220; parallax_video_height=&#8220;window-height&#8220; row_top_style=&#8220;none&#8220; row_bottom_style=&#8220;none&#8220; parallax_video_overlay=&#8220;none&#8220; row_overlay_opacity=&#8220;0&#8243; remove_element_spacing=&#8220;no&#8220; row_col_pos=&#8220;default&#8220; row_expanding=&#8220;no&#8220; row_animation=&#8220;none&#8220; row_animation_delay=&#8220;0&#8243; width=&#8220;1\/1&#8243; el_position=&#8220;first last&#8220;] [spb_column col_sm=&#8220;3&#8243; padding_horizontal=&#8220;0&#8243; width=&#8220;1\/4&#8243; el_position=&#8220;first&#8220;] [spb_text_block animation=&#8220;none&#8220;...\" \/>\n<meta property=\"og:url\" content=\"https:\/\/www.zurgnadenmutter.com\/apotheke\/team\/\" \/>\n<meta property=\"og:site_name\" content=\"Apotheke &amp; Drogerie zur Gnadenmutter - Mariazell\" \/>\n<meta name=\"twitter:card\" content=\"summary_large_image\" \/>\n<meta name=\"twitter:label1\" content=\"Odhadovan\u00e1 doba \u010dten\u00ed\" \/>\n\t<meta name=\"twitter:data1\" content=\"4 minuty\" \/>\n<script type=\"application\/ld+json\" class=\"yoast-schema-graph\">{\"@context\":\"https:\/\/schema.org\",\"@graph\":[{\"@type\":\"WebPage\",\"@id\":\"https:\/\/www.zurgnadenmutter.com\/apotheke\/team\/\",\"url\":\"https:\/\/www.zurgnadenmutter.com\/apotheke\/team\/\",\"name\":\"T\u00ddM - Apotheke &amp; Drogerie zur Gnadenmutter - Mariazell\",\"isPartOf\":{\"@id\":\"https:\/\/www.zurgnadenmutter.com\/#website\"},\"datePublished\":\"2022-10-06T20:01:36+00:00\",\"breadcrumb\":{\"@id\":\"https:\/\/www.zurgnadenmutter.com\/apotheke\/team\/#breadcrumb\"},\"inLanguage\":\"cs\",\"potentialAction\":[{\"@type\":\"ReadAction\",\"target\":[\"https:\/\/www.zurgnadenmutter.com\/apotheke\/team\/\"]}]},{\"@type\":\"BreadcrumbList\",\"@id\":\"https:\/\/www.zurgnadenmutter.com\/apotheke\/team\/#breadcrumb\",\"itemListElement\":[{\"@type\":\"ListItem\",\"position\":1,\"name\":\"Startseite\",\"item\":\"https:\/\/www.zurgnadenmutter.com\/cs\/\"},{\"@type\":\"ListItem\",\"position\":2,\"name\":\"Nuestra filosof\u00eda\",\"item\":\"https:\/\/www.zurgnadenmutter.com\/apotheke\/\"},{\"@type\":\"ListItem\",\"position\":3,\"name\":\"T\u00ddM\"}]},{\"@type\":\"WebSite\",\"@id\":\"https:\/\/www.zurgnadenmutter.com\/#website\",\"url\":\"https:\/\/www.zurgnadenmutter.com\/\",\"name\":\"Apotheke &amp; Drogerie zur Gnadenmutter - Mariazell\",\"description\":\"Apotheke Mariazell\",\"potentialAction\":[{\"@type\":\"SearchAction\",\"target\":{\"@type\":\"EntryPoint\",\"urlTemplate\":\"https:\/\/www.zurgnadenmutter.com\/?s={search_term_string}\"},\"query-input\":{\"@type\":\"PropertyValueSpecification\",\"valueRequired\":true,\"valueName\":\"search_term_string\"}}],\"inLanguage\":\"cs\"}]}<\/script>\n<!-- \/ Yoast SEO plugin. -->","yoast_head_json":{"title":"T\u00ddM - Apotheke &amp; Drogerie zur Gnadenmutter - Mariazell","robots":{"index":"index","follow":"follow","max-snippet":"max-snippet:-1","max-image-preview":"max-image-preview:large","max-video-preview":"max-video-preview:-1"},"canonical":"https:\/\/www.zurgnadenmutter.com\/apotheke\/team\/","og_locale":"cs_CZ","og_type":"article","og_title":"T\u00ddM - Apotheke &amp; Drogerie zur Gnadenmutter - Mariazell","og_description":"[spb_row element_name=&#8220;Row&#8220; wrap_type=&#8220;content-width&#8220; row_bg_type=&#8220;color&#8220; color_row_height=&#8220;content-height&#8220; bg_type=&#8220;cover&#8220; parallax_image_height=&#8220;content-height&#8220; parallax_image_movement=&#8220;fixed&#8220; parallax_image_speed=&#8220;0.5&#8243; bg_video_loop=&#8220;yes&#8220; parallax_video_height=&#8220;window-height&#8220; row_top_style=&#8220;none&#8220; row_bottom_style=&#8220;none&#8220; parallax_video_overlay=&#8220;none&#8220; row_overlay_opacity=&#8220;0&#8243; remove_element_spacing=&#8220;no&#8220; row_col_pos=&#8220;default&#8220; row_expanding=&#8220;no&#8220; row_animation=&#8220;none&#8220; row_animation_delay=&#8220;0&#8243; width=&#8220;1\/1&#8243; el_position=&#8220;first last&#8220;] [spb_column col_sm=&#8220;3&#8243; padding_horizontal=&#8220;0&#8243; width=&#8220;1\/4&#8243; el_position=&#8220;first&#8220;] [spb_text_block animation=&#8220;none&#8220;...","og_url":"https:\/\/www.zurgnadenmutter.com\/apotheke\/team\/","og_site_name":"Apotheke &amp; Drogerie zur Gnadenmutter - Mariazell","twitter_card":"summary_large_image","twitter_misc":{"Odhadovan\u00e1 doba \u010dten\u00ed":"4 minuty"},"schema":{"@context":"https:\/\/schema.org","@graph":[{"@type":"WebPage","@id":"https:\/\/www.zurgnadenmutter.com\/apotheke\/team\/","url":"https:\/\/www.zurgnadenmutter.com\/apotheke\/team\/","name":"T\u00ddM - Apotheke &amp; Drogerie zur Gnadenmutter - Mariazell","isPartOf":{"@id":"https:\/\/www.zurgnadenmutter.com\/#website"},"datePublished":"2022-10-06T20:01:36+00:00","breadcrumb":{"@id":"https:\/\/www.zurgnadenmutter.com\/apotheke\/team\/#breadcrumb"},"inLanguage":"cs","potentialAction":[{"@type":"ReadAction","target":["https:\/\/www.zurgnadenmutter.com\/apotheke\/team\/"]}]},{"@type":"BreadcrumbList","@id":"https:\/\/www.zurgnadenmutter.com\/apotheke\/team\/#breadcrumb","itemListElement":[{"@type":"ListItem","position":1,"name":"Startseite","item":"https:\/\/www.zurgnadenmutter.com\/cs\/"},{"@type":"ListItem","position":2,"name":"Nuestra filosof\u00eda","item":"https:\/\/www.zurgnadenmutter.com\/apotheke\/"},{"@type":"ListItem","position":3,"name":"T\u00ddM"}]},{"@type":"WebSite","@id":"https:\/\/www.zurgnadenmutter.com\/#website","url":"https:\/\/www.zurgnadenmutter.com\/","name":"Apotheke &amp; Drogerie zur Gnadenmutter - Mariazell","description":"Apotheke Mariazell","potentialAction":[{"@type":"SearchAction","target":{"@type":"EntryPoint","urlTemplate":"https:\/\/www.zurgnadenmutter.com\/?s={search_term_string}"},"query-input":{"@type":"PropertyValueSpecification","valueRequired":true,"valueName":"search_term_string"}}],"inLanguage":"cs"}]}},"_links":{"self":[{"href":"https:\/\/www.zurgnadenmutter.com\/cs\/wp-json\/wp\/v2\/pages\/42813","targetHints":{"allow":["GET"]}}],"collection":[{"href":"https:\/\/www.zurgnadenmutter.com\/cs\/wp-json\/wp\/v2\/pages"}],"about":[{"href":"https:\/\/www.zurgnadenmutter.com\/cs\/wp-json\/wp\/v2\/types\/page"}],"author":[{"embeddable":true,"href":"https:\/\/www.zurgnadenmutter.com\/cs\/wp-json\/wp\/v2\/users\/1"}],"replies":[{"embeddable":true,"href":"https:\/\/www.zurgnadenmutter.com\/cs\/wp-json\/wp\/v2\/comments?post=42813"}],"version-history":[{"count":2,"href":"https:\/\/www.zurgnadenmutter.com\/cs\/wp-json\/wp\/v2\/pages\/42813\/revisions"}],"predecessor-version":[{"id":42816,"href":"https:\/\/www.zurgnadenmutter.com\/cs\/wp-json\/wp\/v2\/pages\/42813\/revisions\/42816"}],"up":[{"embeddable":true,"href":"https:\/\/www.zurgnadenmutter.com\/cs\/wp-json\/wp\/v2\/pages\/47635"}],"wp:attachment":[{"href":"https:\/\/www.zurgnadenmutter.com\/cs\/wp-json\/wp\/v2\/media?parent=42813"}],"curies":[{"name":"wp","href":"https:\/\/api.w.org\/{rel}","templated":true}]}}