{"id":42462,"date":"2022-10-02T20:52:44","date_gmt":"2022-10-02T18:52:44","guid":{"rendered":"https:\/\/www.zurgnadenmutter.com\/?page_id=42462"},"modified":"2022-10-02T20:52:44","modified_gmt":"2022-10-02T18:52:44","slug":"ochrana-udaju","status":"publish","type":"page","link":"https:\/\/www.zurgnadenmutter.com\/cs\/ochrana-udaju\/","title":{"rendered":"Ochrana \u00fadaj\u016f\u00a0"},"content":{"rendered":"<p>Ochrana \u00fadaj\u016f<\/p>\n<p>chrana va\u0161ich osobn\u00edch \u00fadaj\u016f je pro n\u00e1s obzvl\u00e1\u0161t\u011b d\u016fle\u017eit\u00e1. Va\u0161e \u00fadaje proto zpracov\u00e1v\u00e1me v\u00fdhradn\u011b na z\u00e1klad\u011b z\u00e1konn\u00fdch ustanoven\u00ed (GDPR, TKG 2003). V t\u011bchto informac\u00edch o ochran\u011b \u00fadaj\u016f v\u00e1s informujeme o nejd\u016fle\u017eit\u011bj\u0161\u00edch aspektech zpracov\u00e1n\u00ed \u00fadaj\u016f v r\u00e1mci na\u0161ich webov\u00fdch str\u00e1nek.<\/p>\n<p>Osobn\u00ed \u00fadaje jsou informace, pomoc\u00ed kter\u00fdch m\u016f\u017eete b\u00fdt identifikov\u00e1ni, zejm\u00e9na va\u0161e jm\u00e9no, datum narozen\u00ed, e-mailov\u00e1 adresa nebo po\u0161tovn\u00ed adresa. L\u00e9k\u00e1rna a drogerie \u201eZur Gnadenmutter\u201c (provozovatel webu) ukl\u00e1d\u00e1 va\u0161e osobn\u00ed \u00fadaje pouze tehdy, pokud jste je v\u00fdslovn\u011b zp\u0159\u00edstupnili a dali v\u00fdslovn\u00fd souhlas s konkr\u00e9tn\u00edm pou\u017eit\u00edm, nap\u0159\u00edklad v r\u00e1mci registrace k odb\u011bru newsletteru, \u00fa\u010dasti na loteri\u00edch, b\u011bhem procesu objedn\u00e1v\u00e1n\u00ed v internetov\u00e9m obchod\u011b nebo p\u0159i jin\u00fdch kontaktn\u00edch \u017e\u00e1dostech. Va\u0161e osobn\u00ed \u00fadaje uchov\u00e1v\u00e1me a pou\u017e\u00edv\u00e1me \u2013 nebo je p\u0159ed\u00e1v\u00e1me d\u00e1le \u2013 pouze v souladu s va\u0161\u00edm souhlasem nebo v rozsahu po\u017eadovan\u00e9m v konkr\u00e9tn\u00edm jednotliv\u00e9m p\u0159\u00edpad\u011b. Nap\u0159\u00edklad k zodpov\u011bzen\u00ed va\u0161ich ot\u00e1zek nebo proseb, k zas\u00edl\u00e1n\u00ed po\u017eadovan\u00fdch newsletter\u016f nebo informac\u00ed o v\u00fdsledc\u00edch loteri\u00ed a k proveden\u00ed va\u0161eho online n\u00e1kupu.<\/p>\n<p>Ukl\u00e1d\u00e1n\u00ed \u00fadaj\u016f<\/p>\n<p>Pokud n\u00e1s kontaktujete pomoc\u00ed formul\u00e1\u0159e na webu nebo e-mailem, \u00fadaje, kter\u00e9 n\u00e1m poskytnete, budou u n\u00e1s ulo\u017eeny pro \u00fa\u010dely vy\u0159\u00edzen\u00ed \u017e\u00e1dosti a pro p\u0159\u00edpad n\u00e1sledn\u00fdch dotaz\u016f, do doby ne\u017e sv\u016fj souhlas odvol\u00e1te. Tyto \u00fadaje bez va\u0161eho souhlasu nep\u0159ed\u00e1v\u00e1me d\u00e1le.<\/p>\n<p>Dovolujeme si upozornit, \u017ee IP \u00fadaje vlastn\u00edka p\u0159ipojen\u00ed a rovn\u011b\u017e i jm\u00e9no, adresa, telefonn\u00ed \u010d\u00edslo a e-mailov\u00e1 adresa kupuj\u00edc\u00edho jsou ukl\u00e1d\u00e1ny provozovatelem internetov\u00e9ho obchodu v r\u00e1mci cookies za \u00fa\u010delem zjednodu\u0161en\u00ed procesu n\u00e1kupu a pro n\u00e1sledn\u00e9 zpracov\u00e1n\u00ed smlouvy.<\/p>\n<p>\u00dadaje, kter\u00e9 poskytnete, jsou nezbytn\u00e9 k pln\u011bn\u00ed smlouvy nebo k proveden\u00ed p\u0159edsmluvn\u00edch opat\u0159en\u00ed. Bez t\u011bchto \u00fadaj\u016f s v\u00e1mi nem\u016f\u017eeme uzav\u0159\u00edt smlouvu. \u00dadaje nejsou p\u0159ed\u00e1v\u00e1ny t\u0159et\u00edm stran\u00e1m, s v\u00fdjimkou p\u0159ed\u00e1n\u00ed \u00fadaj\u016f o kreditn\u00ed kart\u011b zpracovatelsk\u00e9 bance\/poskytovateli platebn\u00edch slu\u017eeb za \u00fa\u010delem odeps\u00e1n\u00ed kupn\u00ed ceny, n\u00e1mi pov\u011b\u0159en\u00e9 p\u0159epravn\u00ed spole\u010dnosti k dod\u00e1n\u00ed zbo\u017e\u00ed (rakousk\u00e1 POST AG) a na\u0161emu da\u0148ov\u00e9mu poradci k pln\u011bn\u00ed na\u0161ich da\u0148ov\u00fdch povinnost\u00ed.<\/p>\n<p>Po zru\u0161en\u00ed n\u00e1kupn\u00edho procesu budou n\u00e1mi ulo\u017een\u00e1 data vymaz\u00e1na. V p\u0159\u00edpad\u011b uzav\u0159en\u00ed smlouvy budou ve\u0161ker\u00e9 \u00fadaje ze smluvn\u00edho vztahu uchov\u00e1v\u00e1ny do konce lh\u016fty archivace dan\u00e9 da\u0148ovou legislativou (7 let).<\/p>\n<p>\u00dadaje jm\u00e9no, adresa, zakoupen\u00e9 zbo\u017e\u00ed a datum n\u00e1kupu, informace z telefonick\u00fdch \u010di p\u00edsemn\u00fdch konzultac\u00ed a tak\u00e9 receptury jednotliv\u00fdch produkt\u016f na zak\u00e1zku budou uchov\u00e1v\u00e1ny do doby odvol\u00e1n\u00ed souhlasu. Zpracov\u00e1n\u00ed \u00fadaj\u016f prob\u00edh\u00e1 na z\u00e1klad\u011b<\/p>\n<p>z\u00e1konn\u00fdch ustanoven\u00ed \u00a7 96 odst. 3 TKG a rovn\u011b\u017e \u010dl\u00e1nku 6 odst. 1 p\u00edsm. a (souhlas) a\/nebo p\u00edsm. b (nutn\u00e9 pro pln\u011bn\u00ed smlouvy) GDPR.<\/p>\n<p>Cookies<\/p>\n<p>Na\u0161e webov\u00e9 str\u00e1nky pou\u017e\u00edvaj\u00ed tzv. cookies. Jedn\u00e1 se o mal\u00e9 textov\u00e9 soubory, kter\u00e9 se pomoc\u00ed prohl\u00ed\u017ee\u010de ukl\u00e1daj\u00ed ve va\u0161em koncov\u00e9 za\u0159\u00edzen\u00ed. Nijak ne\u0161kod\u00ed.<\/p>\n<p>Pou\u017e\u00edv\u00e1me cookies, aby na\u0161e nab\u00eddka byla u\u017eivatelsky p\u0159\u00edv\u011btiv\u00e1. N\u011bkter\u00e9 soubory cookie z\u016fst\u00e1vaj\u00ed ulo\u017eeny na va\u0161em koncov\u00e9m za\u0159\u00edzen\u00ed, dokud je nesma\u017eete. Umo\u017e\u0148uj\u00ed n\u00e1m rozpoznat v\u00e1\u0161 prohl\u00ed\u017ee\u010d p\u0159i va\u0161\u00ed p\u0159\u00ed\u0161t\u00ed n\u00e1v\u0161t\u011bv\u011b. Soubory cookie, kter\u00e9 pou\u017e\u00edv\u00e1me, za \u017e\u00e1dn\u00fdch okolnost\u00ed neukl\u00e1daj\u00ed va\u0161e osobn\u00ed \u00fadaje ani neshroma\u017e\u010fuj\u00ed osobn\u00ed \u00fadaje.<\/p>\n<p>Pokud si nep\u0159ejete p\u0159ij\u00edmat soubory cookie, nastavte pros\u00edm sv\u016fj internetov\u00fd prohl\u00ed\u017ee\u010d tak, aby vymazal v\u0161echny soubory cookie z pevn\u00e9ho disku va\u0161eho po\u010d\u00edta\u010de, zablokoval v\u0161echny soubory cookie nebo vydal varov\u00e1n\u00ed p\u0159ed ulo\u017een\u00edm soubor\u016f cookie.<\/p>\n<p>Pokud jsou soubory cookie deaktivov\u00e1ny, m\u016f\u017ee b\u00fdt funkce na\u0161ich webov\u00fdch str\u00e1nek omezena.<\/p>\n<p>Newsletter<\/p>\n<p>Prost\u0159ednictv\u00edm na\u0161ich webov\u00fdch str\u00e1nek m\u00e1te mo\u017enost p\u0159ihl\u00e1\u0161en\u00ed odb\u011bru na\u0161eho newsletteru. K tomu pot\u0159ebujeme va\u0161i e-mailovou adresu a va\u0161e prohl\u00e1\u0161en\u00ed, \u017ee souhlas\u00edte se zas\u00edl\u00e1n\u00edm newsletteru.<\/p>\n<p>Rozsah platnosti<\/p>\n<p>Provozovatel webu bere ochranu va\u0161ich \u00fadaj\u016f velmi v\u00e1\u017en\u011b a nakl\u00e1d\u00e1 s va\u0161imi osobn\u00edmi \u00fadaji d\u016fv\u011brn\u011b a v souladu s pr\u00e1vn\u00edmi p\u0159edpisy. Provozovatel webu shroma\u017e\u010fuje, pou\u017e\u00edv\u00e1 a p\u0159ed\u00e1v\u00e1 va\u0161e osobn\u00ed \u00fadaje pouze v p\u0159\u00edpad\u011b, \u017ee to umo\u017e\u0148uje z\u00e1kon nebo pokud se shroma\u017e\u010fov\u00e1n\u00edm \u00fadaj\u016f souhlas\u00edte (souhlas s newsletterem).<\/p>\n<p>Pou\u017e\u00edv\u00e1n\u00ed \u00fadaj\u016f: Shrom\u00e1\u017ed\u011bn\u00e9 \u00fadaje slou\u017e\u00ed pouze k zas\u00edl\u00e1n\u00ed newsletteru a k dolo\u017een\u00ed va\u0161eho souhlasu. K \u017e\u00e1dn\u00e9mu jin\u00e9mu zpracov\u00e1n\u00ed nebo p\u0159ed\u00e1n\u00ed t\u0159et\u00edm stran\u00e1m nedoch\u00e1z\u00ed.<\/p>\n<p>Po\u0159\u00edzen\u00e9 \u00fadaje<\/p>\n<p>Provozovatel webu nebo poskytovatel webu shroma\u017e\u010fuje \u00fadaje p\u0159i registraci k odb\u011bru newsletteru. Shrom\u00e1\u017ed\u011bn\u00e9 \u00fadaje budou pou\u017eity pouze k zas\u00edl\u00e1n\u00ed newsletteru a nebudou p\u0159ed\u00e1ny t\u0159et\u00edm stran\u00e1m.<\/p>\n<p>Ukl\u00e1d\u00e1no je:<\/p>\n<p>\u2022 p\u0159\u00edjmen\u00ed, k\u0159estn\u00ed jm\u00e9no<\/p>\n<p>\u2022 e-mailov\u00e1 adresa<\/p>\n<p>Jakmile se zaregistrujete k odb\u011bru newsletteru, za\u0161leme v\u00e1m potvrzovac\u00ed e-mail s odkazem pro potvrzen\u00ed registrace.<\/p>\n<p>Pr\u00e1vo na odvol\u00e1n\u00ed: Newsletter a sv\u016fj souhlas m\u016f\u017eete kdykoli odvolat. Informaci o zru\u0161en\u00ed va\u0161eho souhlasu za\u0161lete pros\u00edm na n\u00e1sleduj\u00edc\u00ed e-mailovou adresu: office@zurgnadenmutter.at. Va\u0161e \u00fadaje v souvislosti se zas\u00edl\u00e1n\u00edm newsletteru ihned vyma\u017eeme.<\/p>\n<p>Va\u0161e pr\u00e1va<\/p>\n<p>Z\u00e1sadn\u011b m\u00e1te pr\u00e1vo na informace, opravu, v\u00fdmaz, omezen\u00ed, p\u0159enositelnost \u00fadaj\u016f, odvol\u00e1n\u00ed a n\u00e1mitku. Pokud se domn\u00edv\u00e1te, \u017ee zpracov\u00e1n\u00edm va\u0161ich \u00fadaj\u016f doch\u00e1z\u00ed k poru\u0161en\u00ed z\u00e1kona o ochran\u011b \u00fadaj\u016f nebo byla jak\u00fdmkoli zp\u016fsobem jinak poru\u0161ena va\u0161e pr\u00e1va na ochranu \u00fadaj\u016f, m\u016f\u017eete si st\u011b\u017eovat u dozoruj\u00edc\u00edho \u00fa\u0159adu. V Rakousku je to \u00da\u0159ad pro ochranu osobn\u00edch \u00fadaj\u016f.<\/p>\n<p>Pr\u00e1vo na informace Podle rakousk\u00e9ho z\u00e1kona o ochran\u011b osobn\u00edch \u00fadaj\u016f (DSG 2000) m\u00e1te pr\u00e1vo na informace o \u00fadaj\u00edch, kter\u00e9 se o v\u00e1s zpracov\u00e1vaj\u00ed. Na p\u00edsemnou \u017e\u00e1dost a v p\u0159im\u011b\u0159en\u00e9 lh\u016ft\u011b v\u00e1s budeme informovat o typu a p\u016fvodu \u00fadaj\u016f, \u00fa\u010delu ulo\u017een\u00ed a p\u0159\u00edpadn\u00fdch p\u0159\u00edjemc\u00edch \u00fadaj\u016f, kter\u00e9 o v\u00e1s ukl\u00e1d\u00e1me. Spolu s \u017e\u00e1dost\u00ed v\u00e1s \u017e\u00e1d\u00e1me o poskytnut\u00ed kopie va\u0161eho pr\u016fkazu toto\u017enosti pro ov\u011b\u0159en\u00ed va\u0161\u00ed identity. Na z\u00e1klad\u011b p\u00edsemn\u00e9 \u017e\u00e1dosti a v p\u0159im\u011b\u0159en\u00e9 lh\u016ft\u011b osobn\u00ed \u00fadaje tak\u00e9 oprav\u00edme, vyma\u017eeme a\/nebo zablokujeme dal\u0161\u00ed zpracov\u00e1n\u00ed, pokud se uk\u00e1\u017ee, \u017ee tyto \u00fadaje jsou v\u011bcn\u011b nespr\u00e1vn\u00e9 a ne\u00fapln\u00e9 nebo pokud \u00fadaje ji\u017e nejsou pot\u0159ebn\u00e9 pro \u00fa\u010dely pou\u017e\u00edv\u00e1n\u00ed t\u011bchto dat. Pr\u00e1vo na odvol\u00e1n\u00ed Sv\u016fj souhlas s (budouc\u00edm nebo sou\u010dasn\u00fdm) pou\u017e\u00edv\u00e1n\u00edm va\u0161ich osobn\u00edch \u00fadaj\u016f m\u016f\u017eete kdykoli odvolat nebo v p\u0159im\u011b\u0159en\u00e9 lh\u016ft\u011b za\u0159\u00eddit \u010d\u00e1ste\u010dn\u00e9 vymaz\u00e1n\u00ed va\u0161ich \u00fadaj\u016f nebo po\u017e\u00e1dat o informace o \u00fadaj\u00edch, kter\u00e9 o v\u00e1s uchov\u00e1v\u00e1me. Chcete-li to prov\u00e9st, kontaktujte na\u0161eho pov\u011b\u0159ence pro ochranu osobn\u00edch \u00fadaj\u016f e-mailem na adrese office@zurgnadenmutter.at.<\/p>\n<p>Zabezpe\u010den\u00ed \u00fadaj\u016f<\/p>\n<p>P\u0159ijali jsme technick\u00e1 a organiza\u010dn\u00ed opat\u0159en\u00ed k ochran\u011b va\u0161ich \u00fadaj\u016f p\u0159ed ztr\u00e1tou, zm\u011bnou nebo neopr\u00e1vn\u011bn\u00fdm p\u0159\u00edstupem.<\/p>\n<p>Aktualizace a zm\u011bny<\/p>\n<p>M\u016f\u017eeme zm\u011bnit nebo aktualizovat \u010d\u00e1sti z\u00e1sad ochrany osobn\u00edch \u00fadaj\u016f, ani\u017e bychom v\u00e1s o tom p\u0159edem informovali. P\u0159ed vyu\u017eit\u00edm na\u0161ich nab\u00eddek si pros\u00edm zkontrolujte prohl\u00e1\u0161en\u00ed o ochran\u011b \u00fadaj\u016f, abyste m\u011bli aktu\u00e1ln\u00ed informace o p\u0159\u00edpadn\u00fdch zm\u011bn\u00e1ch nebo aktualizac\u00edch.<\/p>\n<p>M\u016f\u017eete n\u00e1s kontaktovat pomoc\u00ed n\u00e1sleduj\u00edc\u00edch kontaktn\u00edch \u00fadaj\u016f:<br \/>\nL\u00e9k\u00e1rna a drogerie \u201eZur Gnadenmutter\u201c KG<br \/>\nHauptplatz 4, 8630 Mariazell<br \/>\nRakousko<\/p>\n<p>Na\u0161eho pov\u011b\u0159ence pro ochranu osobn\u00edch \u00fadaj\u016f m\u016f\u017eete kontaktovat na e-mailov\u00e9 adrese: office@zurgnadenmutter.at.<\/p>\n<p>&nbsp;<\/p>\n","protected":false},"excerpt":{"rendered":"<p>Ochrana \u00fadaj\u016f chrana va\u0161ich osobn\u00edch \u00fadaj\u016f je pro n\u00e1s obzvl\u00e1\u0161t\u011b d\u016fle\u017eit\u00e1. Va\u0161e \u00fadaje proto zpracov\u00e1v\u00e1me v\u00fdhradn\u011b na z\u00e1klad\u011b z\u00e1konn\u00fdch ustanoven\u00ed (GDPR, TKG 2003). V t\u011bchto informac\u00edch o ochran\u011b \u00fadaj\u016f v\u00e1s&#8230;<\/p>\n","protected":false},"author":1,"featured_media":0,"parent":0,"menu_order":0,"comment_status":"closed","ping_status":"closed","template":"","meta":{"_acf_changed":false,"footnotes":""},"class_list":["post-42462","page","type-page","status-publish"],"acf":[],"yoast_head":"<!-- This site is optimized with the Yoast SEO plugin v27.2 - https:\/\/yoast.com\/product\/yoast-seo-wordpress\/ -->\n<title>Ochrana \u00fadaj\u016f\u00a0 - Apotheke &amp; Drogerie zur Gnadenmutter - Mariazell<\/title>\n<meta name=\"robots\" content=\"index, follow, max-snippet:-1, max-image-preview:large, max-video-preview:-1\" \/>\n<link rel=\"canonical\" href=\"https:\/\/www.zurgnadenmutter.com\/datenschutzerklaerung\/\" \/>\n<meta property=\"og:locale\" content=\"cs_CZ\" \/>\n<meta property=\"og:type\" content=\"article\" \/>\n<meta property=\"og:title\" content=\"Ochrana \u00fadaj\u016f\u00a0 - Apotheke &amp; Drogerie zur Gnadenmutter - Mariazell\" \/>\n<meta property=\"og:description\" content=\"Ochrana \u00fadaj\u016f chrana va\u0161ich osobn\u00edch \u00fadaj\u016f je pro n\u00e1s obzvl\u00e1\u0161t\u011b d\u016fle\u017eit\u00e1. Va\u0161e \u00fadaje proto zpracov\u00e1v\u00e1me v\u00fdhradn\u011b na z\u00e1klad\u011b z\u00e1konn\u00fdch ustanoven\u00ed (GDPR, TKG 2003). V t\u011bchto informac\u00edch o ochran\u011b \u00fadaj\u016f v\u00e1s...\" \/>\n<meta property=\"og:url\" content=\"https:\/\/www.zurgnadenmutter.com\/datenschutzerklaerung\/\" \/>\n<meta property=\"og:site_name\" content=\"Apotheke &amp; Drogerie zur Gnadenmutter - Mariazell\" \/>\n<meta name=\"twitter:card\" content=\"summary_large_image\" \/>\n<meta name=\"twitter:label1\" content=\"Odhadovan\u00e1 doba \u010dten\u00ed\" \/>\n\t<meta name=\"twitter:data1\" content=\"6 minut\" \/>\n<script type=\"application\/ld+json\" class=\"yoast-schema-graph\">{\"@context\":\"https:\/\/schema.org\",\"@graph\":[{\"@type\":\"WebPage\",\"@id\":\"https:\/\/www.zurgnadenmutter.com\/datenschutzerklaerung\/\",\"url\":\"https:\/\/www.zurgnadenmutter.com\/datenschutzerklaerung\/\",\"name\":\"Ochrana \u00fadaj\u016f\u00a0 - Apotheke &amp; Drogerie zur Gnadenmutter - Mariazell\",\"isPartOf\":{\"@id\":\"https:\/\/www.zurgnadenmutter.com\/#website\"},\"datePublished\":\"2022-10-02T18:52:44+00:00\",\"breadcrumb\":{\"@id\":\"https:\/\/www.zurgnadenmutter.com\/datenschutzerklaerung\/#breadcrumb\"},\"inLanguage\":\"cs\",\"potentialAction\":[{\"@type\":\"ReadAction\",\"target\":[\"https:\/\/www.zurgnadenmutter.com\/datenschutzerklaerung\/\"]}]},{\"@type\":\"BreadcrumbList\",\"@id\":\"https:\/\/www.zurgnadenmutter.com\/datenschutzerklaerung\/#breadcrumb\",\"itemListElement\":[{\"@type\":\"ListItem\",\"position\":1,\"name\":\"Startseite\",\"item\":\"https:\/\/www.zurgnadenmutter.com\/cs\/\"},{\"@type\":\"ListItem\",\"position\":2,\"name\":\"Ochrana \u00fadaj\u016f\u00a0\"}]},{\"@type\":\"WebSite\",\"@id\":\"https:\/\/www.zurgnadenmutter.com\/#website\",\"url\":\"https:\/\/www.zurgnadenmutter.com\/\",\"name\":\"Apotheke &amp; Drogerie zur Gnadenmutter - Mariazell\",\"description\":\"Apotheke Mariazell\",\"potentialAction\":[{\"@type\":\"SearchAction\",\"target\":{\"@type\":\"EntryPoint\",\"urlTemplate\":\"https:\/\/www.zurgnadenmutter.com\/?s={search_term_string}\"},\"query-input\":{\"@type\":\"PropertyValueSpecification\",\"valueRequired\":true,\"valueName\":\"search_term_string\"}}],\"inLanguage\":\"cs\"}]}<\/script>\n<!-- \/ Yoast SEO plugin. -->","yoast_head_json":{"title":"Ochrana \u00fadaj\u016f\u00a0 - Apotheke &amp; Drogerie zur Gnadenmutter - Mariazell","robots":{"index":"index","follow":"follow","max-snippet":"max-snippet:-1","max-image-preview":"max-image-preview:large","max-video-preview":"max-video-preview:-1"},"canonical":"https:\/\/www.zurgnadenmutter.com\/datenschutzerklaerung\/","og_locale":"cs_CZ","og_type":"article","og_title":"Ochrana \u00fadaj\u016f\u00a0 - Apotheke &amp; Drogerie zur Gnadenmutter - Mariazell","og_description":"Ochrana \u00fadaj\u016f chrana va\u0161ich osobn\u00edch \u00fadaj\u016f je pro n\u00e1s obzvl\u00e1\u0161t\u011b d\u016fle\u017eit\u00e1. Va\u0161e \u00fadaje proto zpracov\u00e1v\u00e1me v\u00fdhradn\u011b na z\u00e1klad\u011b z\u00e1konn\u00fdch ustanoven\u00ed (GDPR, TKG 2003). V t\u011bchto informac\u00edch o ochran\u011b \u00fadaj\u016f v\u00e1s...","og_url":"https:\/\/www.zurgnadenmutter.com\/datenschutzerklaerung\/","og_site_name":"Apotheke &amp; Drogerie zur Gnadenmutter - Mariazell","twitter_card":"summary_large_image","twitter_misc":{"Odhadovan\u00e1 doba \u010dten\u00ed":"6 minut"},"schema":{"@context":"https:\/\/schema.org","@graph":[{"@type":"WebPage","@id":"https:\/\/www.zurgnadenmutter.com\/datenschutzerklaerung\/","url":"https:\/\/www.zurgnadenmutter.com\/datenschutzerklaerung\/","name":"Ochrana \u00fadaj\u016f\u00a0 - Apotheke &amp; Drogerie zur Gnadenmutter - Mariazell","isPartOf":{"@id":"https:\/\/www.zurgnadenmutter.com\/#website"},"datePublished":"2022-10-02T18:52:44+00:00","breadcrumb":{"@id":"https:\/\/www.zurgnadenmutter.com\/datenschutzerklaerung\/#breadcrumb"},"inLanguage":"cs","potentialAction":[{"@type":"ReadAction","target":["https:\/\/www.zurgnadenmutter.com\/datenschutzerklaerung\/"]}]},{"@type":"BreadcrumbList","@id":"https:\/\/www.zurgnadenmutter.com\/datenschutzerklaerung\/#breadcrumb","itemListElement":[{"@type":"ListItem","position":1,"name":"Startseite","item":"https:\/\/www.zurgnadenmutter.com\/cs\/"},{"@type":"ListItem","position":2,"name":"Ochrana \u00fadaj\u016f\u00a0"}]},{"@type":"WebSite","@id":"https:\/\/www.zurgnadenmutter.com\/#website","url":"https:\/\/www.zurgnadenmutter.com\/","name":"Apotheke &amp; Drogerie zur Gnadenmutter - Mariazell","description":"Apotheke Mariazell","potentialAction":[{"@type":"SearchAction","target":{"@type":"EntryPoint","urlTemplate":"https:\/\/www.zurgnadenmutter.com\/?s={search_term_string}"},"query-input":{"@type":"PropertyValueSpecification","valueRequired":true,"valueName":"search_term_string"}}],"inLanguage":"cs"}]}},"_links":{"self":[{"href":"https:\/\/www.zurgnadenmutter.com\/cs\/wp-json\/wp\/v2\/pages\/42462","targetHints":{"allow":["GET"]}}],"collection":[{"href":"https:\/\/www.zurgnadenmutter.com\/cs\/wp-json\/wp\/v2\/pages"}],"about":[{"href":"https:\/\/www.zurgnadenmutter.com\/cs\/wp-json\/wp\/v2\/types\/page"}],"author":[{"embeddable":true,"href":"https:\/\/www.zurgnadenmutter.com\/cs\/wp-json\/wp\/v2\/users\/1"}],"replies":[{"embeddable":true,"href":"https:\/\/www.zurgnadenmutter.com\/cs\/wp-json\/wp\/v2\/comments?post=42462"}],"version-history":[{"count":2,"href":"https:\/\/www.zurgnadenmutter.com\/cs\/wp-json\/wp\/v2\/pages\/42462\/revisions"}],"predecessor-version":[{"id":42464,"href":"https:\/\/www.zurgnadenmutter.com\/cs\/wp-json\/wp\/v2\/pages\/42462\/revisions\/42464"}],"wp:attachment":[{"href":"https:\/\/www.zurgnadenmutter.com\/cs\/wp-json\/wp\/v2\/media?parent=42462"}],"curies":[{"name":"wp","href":"https:\/\/api.w.org\/{rel}","templated":true}]}}