{"id":42452,"date":"2022-10-02T20:46:11","date_gmt":"2022-10-02T18:46:11","guid":{"rendered":"https:\/\/www.zurgnadenmutter.com\/?page_id=42452"},"modified":"2022-10-02T20:47:27","modified_gmt":"2022-10-02T18:47:27","slug":"platebni-metody","status":"publish","type":"page","link":"https:\/\/www.zurgnadenmutter.com\/cs\/shop\/platebni-metody\/","title":{"rendered":"Platebn\u00ed metody"},"content":{"rendered":"<h2>Platebn\u00ed metody<\/h2>\n<p>Nab\u00edz\u00edme n\u00e1sleduj\u00edc\u00ed zp\u016fsoby platby. Jednodu\u0161e si vyberte zp\u016fsob platby, kter\u00fd v\u00e1m nejv\u00edce vyhovuje. N\u00e1klady na dopravu z\u00e1vis\u00ed na objemu prodeje a zemi. P\u0159esn\u00fd seznam najdete v na\u0161ich dodac\u00edch podm\u00ednk\u00e1ch.<\/p>\n<ul>\n<li>Okam\u017eit\u00fd bankovn\u00ed p\u0159evod<\/li>\n<li>Faktura<\/li>\n<li>Kreditn\u00ed karty (Mastercard, Visa a Diners Club)<\/li>\n<\/ul>\n<p>&nbsp;<\/p>\n[one_half]\n<p><img loading=\"lazy\" decoding=\"async\" class=\"wp-image-1739 alignleft\" src=\"https:\/\/www.zurgnadenmutter.com\/wp-content\/uploads\/2016\/03\/apotheke_mariazell_zahlungsarten-1024x175.png\" alt=\"apotheke_mariazell_zahlungsarten\" width=\"416\" height=\"75\" \/><\/p>\n[\/one_half]\n[one_half_last][\/one_half_last]\n","protected":false},"excerpt":{"rendered":"<p>Platebn\u00ed metody Nab\u00edz\u00edme n\u00e1sleduj\u00edc\u00ed zp\u016fsoby platby. Jednodu\u0161e si vyberte zp\u016fsob platby, kter\u00fd v\u00e1m nejv\u00edce vyhovuje. N\u00e1klady na dopravu z\u00e1vis\u00ed na objemu prodeje a zemi. P\u0159esn\u00fd seznam najdete v na\u0161ich dodac\u00edch&#8230;<\/p>\n","protected":false},"author":1,"featured_media":0,"parent":45967,"menu_order":0,"comment_status":"closed","ping_status":"closed","template":"","meta":{"_acf_changed":false,"footnotes":""},"class_list":["post-42452","page","type-page","status-publish"],"acf":[],"yoast_head":"<!-- This site is optimized with the Yoast SEO plugin v27.2 - https:\/\/yoast.com\/product\/yoast-seo-wordpress\/ -->\n<title>Platebn\u00ed metody - Apotheke &amp; Drogerie zur Gnadenmutter - Mariazell<\/title>\n<meta name=\"robots\" content=\"index, follow, max-snippet:-1, max-image-preview:large, max-video-preview:-1\" \/>\n<link rel=\"canonical\" href=\"https:\/\/www.zurgnadenmutter.com\/shop\/zahlungsarten\/\" \/>\n<meta property=\"og:locale\" content=\"cs_CZ\" \/>\n<meta property=\"og:type\" content=\"article\" \/>\n<meta property=\"og:title\" content=\"Platebn\u00ed metody - Apotheke &amp; Drogerie zur Gnadenmutter - Mariazell\" \/>\n<meta property=\"og:description\" content=\"Platebn\u00ed metody Nab\u00edz\u00edme n\u00e1sleduj\u00edc\u00ed zp\u016fsoby platby. Jednodu\u0161e si vyberte zp\u016fsob platby, kter\u00fd v\u00e1m nejv\u00edce vyhovuje. N\u00e1klady na dopravu z\u00e1vis\u00ed na objemu prodeje a zemi. P\u0159esn\u00fd seznam najdete v na\u0161ich dodac\u00edch...\" \/>\n<meta property=\"og:url\" content=\"https:\/\/www.zurgnadenmutter.com\/shop\/zahlungsarten\/\" \/>\n<meta property=\"og:site_name\" content=\"Apotheke &amp; Drogerie zur Gnadenmutter - Mariazell\" \/>\n<meta property=\"article:modified_time\" content=\"2022-10-02T18:47:27+00:00\" \/>\n<meta property=\"og:image\" content=\"https:\/\/www.zurgnadenmutter.com\/wp-content\/uploads\/2016\/03\/apotheke_mariazell_zahlungsarten-1024x175.png\" \/>\n<meta name=\"twitter:card\" content=\"summary_large_image\" \/>\n<meta name=\"twitter:label1\" content=\"Odhadovan\u00e1 doba \u010dten\u00ed\" \/>\n\t<meta name=\"twitter:data1\" content=\"1 minuta\" \/>\n<script type=\"application\/ld+json\" class=\"yoast-schema-graph\">{\"@context\":\"https:\/\/schema.org\",\"@graph\":[{\"@type\":\"WebPage\",\"@id\":\"https:\/\/www.zurgnadenmutter.com\/shop\/zahlungsarten\/\",\"url\":\"https:\/\/www.zurgnadenmutter.com\/shop\/zahlungsarten\/\",\"name\":\"Platebn\u00ed metody - Apotheke &amp; Drogerie zur Gnadenmutter - Mariazell\",\"isPartOf\":{\"@id\":\"https:\/\/www.zurgnadenmutter.com\/#website\"},\"primaryImageOfPage\":{\"@id\":\"https:\/\/www.zurgnadenmutter.com\/shop\/zahlungsarten\/#primaryimage\"},\"image\":{\"@id\":\"https:\/\/www.zurgnadenmutter.com\/shop\/zahlungsarten\/#primaryimage\"},\"thumbnailUrl\":\"https:\/\/www.zurgnadenmutter.com\/wp-content\/uploads\/2016\/03\/apotheke_mariazell_zahlungsarten-1024x175.png\",\"datePublished\":\"2022-10-02T18:46:11+00:00\",\"dateModified\":\"2022-10-02T18:47:27+00:00\",\"breadcrumb\":{\"@id\":\"https:\/\/www.zurgnadenmutter.com\/shop\/zahlungsarten\/#breadcrumb\"},\"inLanguage\":\"cs\",\"potentialAction\":[{\"@type\":\"ReadAction\",\"target\":[\"https:\/\/www.zurgnadenmutter.com\/shop\/zahlungsarten\/\"]}]},{\"@type\":\"ImageObject\",\"inLanguage\":\"cs\",\"@id\":\"https:\/\/www.zurgnadenmutter.com\/shop\/zahlungsarten\/#primaryimage\",\"url\":\"https:\/\/www.zurgnadenmutter.com\/wp-content\/uploads\/2016\/03\/apotheke_mariazell_zahlungsarten-1024x175.png\",\"contentUrl\":\"https:\/\/www.zurgnadenmutter.com\/wp-content\/uploads\/2016\/03\/apotheke_mariazell_zahlungsarten-1024x175.png\"},{\"@type\":\"BreadcrumbList\",\"@id\":\"https:\/\/www.zurgnadenmutter.com\/shop\/zahlungsarten\/#breadcrumb\",\"itemListElement\":[{\"@type\":\"ListItem\",\"position\":1,\"name\":\"Startseite\",\"item\":\"https:\/\/www.zurgnadenmutter.com\/cs\/\"},{\"@type\":\"ListItem\",\"position\":2,\"name\":\"Shop\",\"item\":\"https:\/\/www.zurgnadenmutter.com\/cs\/shop\/\"},{\"@type\":\"ListItem\",\"position\":3,\"name\":\"Platebn\u00ed metody\"}]},{\"@type\":\"WebSite\",\"@id\":\"https:\/\/www.zurgnadenmutter.com\/#website\",\"url\":\"https:\/\/www.zurgnadenmutter.com\/\",\"name\":\"Apotheke &amp; Drogerie zur Gnadenmutter - Mariazell\",\"description\":\"Apotheke Mariazell\",\"potentialAction\":[{\"@type\":\"SearchAction\",\"target\":{\"@type\":\"EntryPoint\",\"urlTemplate\":\"https:\/\/www.zurgnadenmutter.com\/?s={search_term_string}\"},\"query-input\":{\"@type\":\"PropertyValueSpecification\",\"valueRequired\":true,\"valueName\":\"search_term_string\"}}],\"inLanguage\":\"cs\"}]}<\/script>\n<!-- \/ Yoast SEO plugin. -->","yoast_head_json":{"title":"Platebn\u00ed metody - Apotheke &amp; Drogerie zur Gnadenmutter - Mariazell","robots":{"index":"index","follow":"follow","max-snippet":"max-snippet:-1","max-image-preview":"max-image-preview:large","max-video-preview":"max-video-preview:-1"},"canonical":"https:\/\/www.zurgnadenmutter.com\/shop\/zahlungsarten\/","og_locale":"cs_CZ","og_type":"article","og_title":"Platebn\u00ed metody - Apotheke &amp; Drogerie zur Gnadenmutter - Mariazell","og_description":"Platebn\u00ed metody Nab\u00edz\u00edme n\u00e1sleduj\u00edc\u00ed zp\u016fsoby platby. Jednodu\u0161e si vyberte zp\u016fsob platby, kter\u00fd v\u00e1m nejv\u00edce vyhovuje. N\u00e1klady na dopravu z\u00e1vis\u00ed na objemu prodeje a zemi. P\u0159esn\u00fd seznam najdete v na\u0161ich dodac\u00edch...","og_url":"https:\/\/www.zurgnadenmutter.com\/shop\/zahlungsarten\/","og_site_name":"Apotheke &amp; Drogerie zur Gnadenmutter - Mariazell","article_modified_time":"2022-10-02T18:47:27+00:00","og_image":[{"url":"https:\/\/www.zurgnadenmutter.com\/wp-content\/uploads\/2016\/03\/apotheke_mariazell_zahlungsarten-1024x175.png","type":"","width":"","height":""}],"twitter_card":"summary_large_image","twitter_misc":{"Odhadovan\u00e1 doba \u010dten\u00ed":"1 minuta"},"schema":{"@context":"https:\/\/schema.org","@graph":[{"@type":"WebPage","@id":"https:\/\/www.zurgnadenmutter.com\/shop\/zahlungsarten\/","url":"https:\/\/www.zurgnadenmutter.com\/shop\/zahlungsarten\/","name":"Platebn\u00ed metody - Apotheke &amp; Drogerie zur Gnadenmutter - Mariazell","isPartOf":{"@id":"https:\/\/www.zurgnadenmutter.com\/#website"},"primaryImageOfPage":{"@id":"https:\/\/www.zurgnadenmutter.com\/shop\/zahlungsarten\/#primaryimage"},"image":{"@id":"https:\/\/www.zurgnadenmutter.com\/shop\/zahlungsarten\/#primaryimage"},"thumbnailUrl":"https:\/\/www.zurgnadenmutter.com\/wp-content\/uploads\/2016\/03\/apotheke_mariazell_zahlungsarten-1024x175.png","datePublished":"2022-10-02T18:46:11+00:00","dateModified":"2022-10-02T18:47:27+00:00","breadcrumb":{"@id":"https:\/\/www.zurgnadenmutter.com\/shop\/zahlungsarten\/#breadcrumb"},"inLanguage":"cs","potentialAction":[{"@type":"ReadAction","target":["https:\/\/www.zurgnadenmutter.com\/shop\/zahlungsarten\/"]}]},{"@type":"ImageObject","inLanguage":"cs","@id":"https:\/\/www.zurgnadenmutter.com\/shop\/zahlungsarten\/#primaryimage","url":"https:\/\/www.zurgnadenmutter.com\/wp-content\/uploads\/2016\/03\/apotheke_mariazell_zahlungsarten-1024x175.png","contentUrl":"https:\/\/www.zurgnadenmutter.com\/wp-content\/uploads\/2016\/03\/apotheke_mariazell_zahlungsarten-1024x175.png"},{"@type":"BreadcrumbList","@id":"https:\/\/www.zurgnadenmutter.com\/shop\/zahlungsarten\/#breadcrumb","itemListElement":[{"@type":"ListItem","position":1,"name":"Startseite","item":"https:\/\/www.zurgnadenmutter.com\/cs\/"},{"@type":"ListItem","position":2,"name":"Shop","item":"https:\/\/www.zurgnadenmutter.com\/cs\/shop\/"},{"@type":"ListItem","position":3,"name":"Platebn\u00ed metody"}]},{"@type":"WebSite","@id":"https:\/\/www.zurgnadenmutter.com\/#website","url":"https:\/\/www.zurgnadenmutter.com\/","name":"Apotheke &amp; Drogerie zur Gnadenmutter - Mariazell","description":"Apotheke Mariazell","potentialAction":[{"@type":"SearchAction","target":{"@type":"EntryPoint","urlTemplate":"https:\/\/www.zurgnadenmutter.com\/?s={search_term_string}"},"query-input":{"@type":"PropertyValueSpecification","valueRequired":true,"valueName":"search_term_string"}}],"inLanguage":"cs"}]}},"_links":{"self":[{"href":"https:\/\/www.zurgnadenmutter.com\/cs\/wp-json\/wp\/v2\/pages\/42452","targetHints":{"allow":["GET"]}}],"collection":[{"href":"https:\/\/www.zurgnadenmutter.com\/cs\/wp-json\/wp\/v2\/pages"}],"about":[{"href":"https:\/\/www.zurgnadenmutter.com\/cs\/wp-json\/wp\/v2\/types\/page"}],"author":[{"embeddable":true,"href":"https:\/\/www.zurgnadenmutter.com\/cs\/wp-json\/wp\/v2\/users\/1"}],"replies":[{"embeddable":true,"href":"https:\/\/www.zurgnadenmutter.com\/cs\/wp-json\/wp\/v2\/comments?post=42452"}],"version-history":[{"count":3,"href":"https:\/\/www.zurgnadenmutter.com\/cs\/wp-json\/wp\/v2\/pages\/42452\/revisions"}],"predecessor-version":[{"id":42458,"href":"https:\/\/www.zurgnadenmutter.com\/cs\/wp-json\/wp\/v2\/pages\/42452\/revisions\/42458"}],"up":[{"embeddable":true,"href":"https:\/\/www.zurgnadenmutter.com\/cs\/wp-json\/wp\/v2\/pages\/45967"}],"wp:attachment":[{"href":"https:\/\/www.zurgnadenmutter.com\/cs\/wp-json\/wp\/v2\/media?parent=42452"}],"curies":[{"name":"wp","href":"https:\/\/api.w.org\/{rel}","templated":true}]}}