{"id":42448,"date":"2022-10-02T20:42:42","date_gmt":"2022-10-02T18:42:42","guid":{"rendered":"https:\/\/www.zurgnadenmutter.com\/?page_id=42448"},"modified":"2022-10-02T20:42:42","modified_gmt":"2022-10-02T18:42:42","slug":"impressum","status":"publish","type":"page","link":"https:\/\/www.zurgnadenmutter.com\/cs\/impressum\/","title":{"rendered":"Impressum"},"content":{"rendered":"<p>L\u00e9k\u00e1rna a drogerie \u201eZur Gnadenmutter\u201c KG<br \/>\nHauptplatz 4<br \/>\nA-8630 Mariazell<\/p>\n<p>Telefon: 0043-3882-2102<br \/>\nFax: 0043-3882-2102-22<br \/>\nWeb: www.zurgnadenmutter.at<br \/>\nE-mail: office@zurgnadenmutter.at<\/p>\n<p>P\u0159\u00edslu\u0161n\u00fd soud: LG Leoben<br \/>\nRegistra\u010dn\u00ed \u010d\u00edslo spole\u010dnosti: FN 582548 p<br \/>\nDI\u010c: ATU78287989<\/p>\n<p>S dotazy, st\u00ed\u017enostmi a st\u00ed\u017enostmi se m\u016f\u017eete obr\u00e1tit na n\u00e1\u0161 z\u00e1kaznick\u00fd servis na tel.: 0043-3882-2102 a tak\u00e9 e-mailem office@zurgnadenmutter.at. K dotaz\u016fm m\u016f\u017eete tak\u00e9 vyu\u017e\u00edt kontaktn\u00ed formul\u00e1\u0159 na na\u0161em webu.<\/p>\n<p>P\u0159\u00edslu\u0161n\u00fdm dozorov\u00fdm org\u00e1nem je Spolkov\u00e9 ministerstvo zdravotnictv\u00ed a \u017een. Spole\u010dnost je ve\u0159ejnou l\u00e9k\u00e1rnou podle rakousk\u00e9ho z\u00e1kona o l\u00e9k\u00e1rn\u00e1ch. Jej\u00ed vedouc\u00ed je \u010dlenem Rakousk\u00e9 l\u00e9k\u00e1rnick\u00e9 komory. Profesn\u00ed p\u0159edpis: Apothekengesetz (www.apotheker.at) \u2013 Themenbereiche -Information der Rechtsabteilung \u2013 Apothekenrelevante Gesetze und Verordnungen \u2013 Apothekengesetz)<\/p>\n<p>Vylou\u010den\u00ed odpov\u011bdnosti<br \/>\nV p\u0159\u00edpad\u011b p\u0159\u00edm\u00fdch nebo nep\u0159\u00edm\u00fdch odkaz\u016f na extern\u00ed webov\u00e9 str\u00e1nky (\u201ehyperlinky\u201c), kter\u00e9 jsou mimo rozsah odpov\u011bdnosti autora, by odpov\u011bdnost nabyla sv\u00e9 platnosti pouze v p\u0159\u00edpad\u011b, \u017ee by autorovi byl obsah zn\u00e1m a bylo to pro n\u011bj technicky mo\u017en\u00e9 a rozumn\u00e9 u\u010dinit takov\u00e1 opat\u0159en\u00ed, aby zabr\u00e1nil pou\u017e\u00edv\u00e1n\u00ed v p\u0159\u00edpad\u011b obsahu v rozporu se z\u00e1konem. Autor t\u00edmto v\u00fdslovn\u011b prohla\u0161uje, \u017ee v dob\u011b vytvo\u0159en\u00ed odkaz\u016f nebyl na odkazovan\u00fdch str\u00e1nk\u00e1ch rozeznateln\u00fd \u017e\u00e1dn\u00fd neleg\u00e1ln\u00ed obsah. Autor nem\u00e1 \u017e\u00e1dn\u00fd vliv na aktu\u00e1ln\u00ed a budouc\u00ed podobu, obsah nebo autorstv\u00ed odkazovan\u00fdch\/propojen\u00fdch str\u00e1nek. Proto se t\u00edmto v\u00fdslovn\u011b distancuje od ve\u0161ker\u00e9ho obsahu na v\u0161ech odkazovan\u00fdch\/propojen\u00fdch str\u00e1nk\u00e1ch, kter\u00e9 byly po vytvo\u0159en\u00ed odkaz\u016f zm\u011bn\u011bny. Toto prohl\u00e1\u0161en\u00ed se vztahuje na v\u0161echny odkazy a reference um\u00edst\u011bn\u00e9 v r\u00e1mci na\u0161ich vlastn\u00edch webov\u00fdch str\u00e1nek a rovn\u011b\u017e i na z\u00e1znamy t\u0159et\u00edch stran v n\u00e1v\u0161t\u011bvn\u00edch knih\u00e1ch, diskusn\u00edch f\u00f3rech, adres\u00e1\u0159\u00edch odkaz\u016f, seznamech adres\u00e1t\u016f a v\u0161ech dal\u0161\u00edch form\u00e1ch datab\u00e1z\u00ed z\u0159\u00edzen\u00fdch autorem, jejich\u017e obsah m\u016f\u017ee b\u00fdt p\u0159\u00edstupn\u00fd extern\u011b. Za nez\u00e1konn\u00fd, nespr\u00e1vn\u00fd nebo ne\u00fapln\u00fd obsah a zejm\u00e9na za \u0161kody vypl\u00fdvaj\u00edc\u00ed z pou\u017eit\u00ed nebo nevyu\u017eit\u00ed takov\u00fdch informac\u00ed je odpov\u011bdn\u00fd v\u00fdhradn\u011b poskytovatel str\u00e1nky, na kterou bylo odkazov\u00e1no, nikoli osoba, kter\u00e1 se na p\u0159\u00edslu\u0161nou publikaci pouze odk\u00e1\u017ee prost\u0159ednictv\u00edm odkaz\u016f.<\/p>\n<p>Autorsk\u00e9 pr\u00e1vo a z\u00e1kon o ochrann\u00fdch zn\u00e1mk\u00e1ch<br \/>\nAutor se sna\u017e\u00ed dodr\u017eovat autorsk\u00e1 pr\u00e1va k obr\u00e1zk\u016fm, grafik\u00e1m, zvukov\u00fdm dokument\u016fm, videosekvenc\u00edm a text\u016fm pou\u017eit\u00fdm v r\u00e1mci ve\u0161ker\u00fdch zve\u0159ejn\u011bn\u00ed, pou\u017e\u00edvat obr\u00e1zky, grafiky, zvukov\u00e9 dokumenty, videosekvence a texty, kter\u00e9 s\u00e1m vytvo\u0159il, nebo pou\u017e\u00edvat grafiku s volnou licenc\u00ed, zvukov\u00e9 dokumenty, videosekvence a texty. V\u0161echny zna\u010dky a ochrann\u00e9 zn\u00e1mky uveden\u00e9 na webov\u00fdch str\u00e1nk\u00e1ch a p\u0159\u00edpadn\u011b chr\u00e1n\u011bn\u00e9 t\u0159et\u00edmi stranami bez omezen\u00ed podl\u00e9haj\u00ed ustanoven\u00edm platn\u00e9ho z\u00e1kona o ochrann\u00fdch zn\u00e1mk\u00e1ch a vlastnick\u00fdm pr\u00e1v\u016fm p\u0159\u00edslu\u0161n\u00e9ho registrovan\u00e9ho vlastn\u00edka. Z\u00e1v\u011br, \u017ee ochrann\u00e9 zn\u00e1mky nejsou chr\u00e1n\u011bny pr\u00e1vy t\u0159et\u00edch osob, by nem\u011bl b\u00fdt vyvozov\u00e1n pouze na z\u00e1klad\u011b pouh\u00e9 zm\u00ednky! Autorsk\u00e1 pr\u00e1va na publikovan\u00e9 objekty vytvo\u0159en\u00e9 samotn\u00fdm autorem z\u016fst\u00e1vaj\u00ed v\u00fdhradn\u011b autorovi str\u00e1nek. Reprodukce nebo pou\u017eit\u00ed takov\u00e9 grafiky, zvukov\u00fdch dokument\u016f, videosekvenc\u00ed a text\u016f v jin\u00fdch elektronick\u00fdch nebo ti\u0161t\u011bn\u00fdch publikac\u00edch nen\u00ed bez v\u00fdslovn\u00e9ho souhlasu autora povoleno.<\/p>\n<p>Za obsah dle \u00a7 5 z\u00e1kona o telekomunika\u010dn\u00edch m\u00e9di\u00edch (orig. zkr. TMG) odpov\u00edd\u00e1 l\u00e9k\u00e1rna a drogerie \u201eZur Gnadenmutter\u201c KG, kontaktn\u00ed \u00fadaje viz v\u00fd\u0161e.<\/p>\n<p>Bankovn\u00ed spojen\u00ed<br \/>\nBanka: Raiffeisenbank Traisen G\u00f6lsental<br \/>\nBankovn\u00ed spojen\u00ed: AT26 3244 7000 0030 0020<br \/>\nBIC: RLNWATWWLFD<\/p>\n","protected":false},"excerpt":{"rendered":"<p>L\u00e9k\u00e1rna a drogerie \u201eZur Gnadenmutter\u201c KG Hauptplatz 4 A-8630 Mariazell Telefon: 0043-3882-2102 Fax: 0043-3882-2102-22 Web: www.zurgnadenmutter.at E-mail: office@zurgnadenmutter.at P\u0159\u00edslu\u0161n\u00fd soud: LG Leoben Registra\u010dn\u00ed \u010d\u00edslo spole\u010dnosti: FN 582548 p DI\u010c: ATU78287989&#8230;<\/p>\n","protected":false},"author":1,"featured_media":0,"parent":0,"menu_order":0,"comment_status":"closed","ping_status":"closed","template":"","meta":{"_acf_changed":false,"footnotes":""},"class_list":["post-42448","page","type-page","status-publish"],"acf":[],"yoast_head":"<!-- This site is optimized with the Yoast SEO plugin v27.2 - https:\/\/yoast.com\/product\/yoast-seo-wordpress\/ -->\n<title>Impressum - Apotheke &amp; Drogerie zur Gnadenmutter - Mariazell<\/title>\n<meta name=\"robots\" content=\"index, follow, max-snippet:-1, max-image-preview:large, max-video-preview:-1\" \/>\n<link rel=\"canonical\" href=\"https:\/\/www.zurgnadenmutter.com\/impressum\/\" \/>\n<meta property=\"og:locale\" content=\"cs_CZ\" \/>\n<meta property=\"og:type\" content=\"article\" \/>\n<meta property=\"og:title\" content=\"Impressum - Apotheke &amp; Drogerie zur Gnadenmutter - Mariazell\" \/>\n<meta property=\"og:description\" content=\"L\u00e9k\u00e1rna a drogerie \u201eZur Gnadenmutter\u201c KG Hauptplatz 4 A-8630 Mariazell Telefon: 0043-3882-2102 Fax: 0043-3882-2102-22 Web: www.zurgnadenmutter.at E-mail: office@zurgnadenmutter.at P\u0159\u00edslu\u0161n\u00fd soud: LG Leoben Registra\u010dn\u00ed \u010d\u00edslo spole\u010dnosti: FN 582548 p DI\u010c: ATU78287989...\" \/>\n<meta property=\"og:url\" content=\"https:\/\/www.zurgnadenmutter.com\/impressum\/\" \/>\n<meta property=\"og:site_name\" content=\"Apotheke &amp; Drogerie zur Gnadenmutter - Mariazell\" \/>\n<meta name=\"twitter:card\" content=\"summary_large_image\" \/>\n<meta name=\"twitter:label1\" content=\"Odhadovan\u00e1 doba \u010dten\u00ed\" \/>\n\t<meta name=\"twitter:data1\" content=\"3 minuty\" \/>\n<script type=\"application\/ld+json\" class=\"yoast-schema-graph\">{\"@context\":\"https:\/\/schema.org\",\"@graph\":[{\"@type\":\"WebPage\",\"@id\":\"https:\/\/www.zurgnadenmutter.com\/impressum\/\",\"url\":\"https:\/\/www.zurgnadenmutter.com\/impressum\/\",\"name\":\"Impressum - Apotheke &amp; Drogerie zur Gnadenmutter - Mariazell\",\"isPartOf\":{\"@id\":\"https:\/\/www.zurgnadenmutter.com\/#website\"},\"datePublished\":\"2022-10-02T18:42:42+00:00\",\"breadcrumb\":{\"@id\":\"https:\/\/www.zurgnadenmutter.com\/impressum\/#breadcrumb\"},\"inLanguage\":\"cs\",\"potentialAction\":[{\"@type\":\"ReadAction\",\"target\":[\"https:\/\/www.zurgnadenmutter.com\/impressum\/\"]}]},{\"@type\":\"BreadcrumbList\",\"@id\":\"https:\/\/www.zurgnadenmutter.com\/impressum\/#breadcrumb\",\"itemListElement\":[{\"@type\":\"ListItem\",\"position\":1,\"name\":\"Startseite\",\"item\":\"https:\/\/www.zurgnadenmutter.com\/cs\/\"},{\"@type\":\"ListItem\",\"position\":2,\"name\":\"Impressum\"}]},{\"@type\":\"WebSite\",\"@id\":\"https:\/\/www.zurgnadenmutter.com\/#website\",\"url\":\"https:\/\/www.zurgnadenmutter.com\/\",\"name\":\"Apotheke &amp; Drogerie zur Gnadenmutter - Mariazell\",\"description\":\"Apotheke Mariazell\",\"potentialAction\":[{\"@type\":\"SearchAction\",\"target\":{\"@type\":\"EntryPoint\",\"urlTemplate\":\"https:\/\/www.zurgnadenmutter.com\/?s={search_term_string}\"},\"query-input\":{\"@type\":\"PropertyValueSpecification\",\"valueRequired\":true,\"valueName\":\"search_term_string\"}}],\"inLanguage\":\"cs\"}]}<\/script>\n<!-- \/ Yoast SEO plugin. -->","yoast_head_json":{"title":"Impressum - Apotheke &amp; Drogerie zur Gnadenmutter - Mariazell","robots":{"index":"index","follow":"follow","max-snippet":"max-snippet:-1","max-image-preview":"max-image-preview:large","max-video-preview":"max-video-preview:-1"},"canonical":"https:\/\/www.zurgnadenmutter.com\/impressum\/","og_locale":"cs_CZ","og_type":"article","og_title":"Impressum - Apotheke &amp; Drogerie zur Gnadenmutter - Mariazell","og_description":"L\u00e9k\u00e1rna a drogerie \u201eZur Gnadenmutter\u201c KG Hauptplatz 4 A-8630 Mariazell Telefon: 0043-3882-2102 Fax: 0043-3882-2102-22 Web: www.zurgnadenmutter.at E-mail: office@zurgnadenmutter.at P\u0159\u00edslu\u0161n\u00fd soud: LG Leoben Registra\u010dn\u00ed \u010d\u00edslo spole\u010dnosti: FN 582548 p DI\u010c: ATU78287989...","og_url":"https:\/\/www.zurgnadenmutter.com\/impressum\/","og_site_name":"Apotheke &amp; Drogerie zur Gnadenmutter - Mariazell","twitter_card":"summary_large_image","twitter_misc":{"Odhadovan\u00e1 doba \u010dten\u00ed":"3 minuty"},"schema":{"@context":"https:\/\/schema.org","@graph":[{"@type":"WebPage","@id":"https:\/\/www.zurgnadenmutter.com\/impressum\/","url":"https:\/\/www.zurgnadenmutter.com\/impressum\/","name":"Impressum - Apotheke &amp; Drogerie zur Gnadenmutter - Mariazell","isPartOf":{"@id":"https:\/\/www.zurgnadenmutter.com\/#website"},"datePublished":"2022-10-02T18:42:42+00:00","breadcrumb":{"@id":"https:\/\/www.zurgnadenmutter.com\/impressum\/#breadcrumb"},"inLanguage":"cs","potentialAction":[{"@type":"ReadAction","target":["https:\/\/www.zurgnadenmutter.com\/impressum\/"]}]},{"@type":"BreadcrumbList","@id":"https:\/\/www.zurgnadenmutter.com\/impressum\/#breadcrumb","itemListElement":[{"@type":"ListItem","position":1,"name":"Startseite","item":"https:\/\/www.zurgnadenmutter.com\/cs\/"},{"@type":"ListItem","position":2,"name":"Impressum"}]},{"@type":"WebSite","@id":"https:\/\/www.zurgnadenmutter.com\/#website","url":"https:\/\/www.zurgnadenmutter.com\/","name":"Apotheke &amp; Drogerie zur Gnadenmutter - Mariazell","description":"Apotheke Mariazell","potentialAction":[{"@type":"SearchAction","target":{"@type":"EntryPoint","urlTemplate":"https:\/\/www.zurgnadenmutter.com\/?s={search_term_string}"},"query-input":{"@type":"PropertyValueSpecification","valueRequired":true,"valueName":"search_term_string"}}],"inLanguage":"cs"}]}},"_links":{"self":[{"href":"https:\/\/www.zurgnadenmutter.com\/cs\/wp-json\/wp\/v2\/pages\/42448","targetHints":{"allow":["GET"]}}],"collection":[{"href":"https:\/\/www.zurgnadenmutter.com\/cs\/wp-json\/wp\/v2\/pages"}],"about":[{"href":"https:\/\/www.zurgnadenmutter.com\/cs\/wp-json\/wp\/v2\/types\/page"}],"author":[{"embeddable":true,"href":"https:\/\/www.zurgnadenmutter.com\/cs\/wp-json\/wp\/v2\/users\/1"}],"replies":[{"embeddable":true,"href":"https:\/\/www.zurgnadenmutter.com\/cs\/wp-json\/wp\/v2\/comments?post=42448"}],"version-history":[{"count":2,"href":"https:\/\/www.zurgnadenmutter.com\/cs\/wp-json\/wp\/v2\/pages\/42448\/revisions"}],"predecessor-version":[{"id":42450,"href":"https:\/\/www.zurgnadenmutter.com\/cs\/wp-json\/wp\/v2\/pages\/42448\/revisions\/42450"}],"wp:attachment":[{"href":"https:\/\/www.zurgnadenmutter.com\/cs\/wp-json\/wp\/v2\/media?parent=42448"}],"curies":[{"name":"wp","href":"https:\/\/api.w.org\/{rel}","templated":true}]}}