{"id":42442,"date":"2022-10-02T20:29:01","date_gmt":"2022-10-02T18:29:01","guid":{"rendered":"https:\/\/www.zurgnadenmutter.com\/?page_id=42442"},"modified":"2022-10-03T09:12:02","modified_gmt":"2022-10-03T07:12:02","slug":"individualni-objednavka","status":"publish","type":"page","link":"https:\/\/www.zurgnadenmutter.com\/cs\/shop\/individualni-objednavka\/","title":{"rendered":"Individu\u00e1ln\u00ed objedn\u00e1vka"},"content":{"rendered":"<h2 style=\"text-align: center;\">Po\u0161lete n\u00e1m formul\u00e1\u0159 se sv\u00fdmi individu\u00e1ln\u00edmi p\u0159\u00edsadami.<br \/>\nVa\u0161i popt\u00e1vku zpracujeme a co nejd\u0159\u00edve se v\u00e1m ozveme.<\/h2>\n\n<div class=\"wpcf7 no-js\" id=\"wpcf7-f42446-o1\" lang=\"de-DE\" dir=\"ltr\" data-wpcf7-id=\"42446\">\n<div class=\"screen-reader-response\"><p role=\"status\" aria-live=\"polite\" aria-atomic=\"true\"><\/p> <ul><\/ul><\/div>\n<form action=\"\/cs\/wp-json\/wp\/v2\/pages\/42442#wpcf7-f42446-o1\" method=\"post\" class=\"wpcf7-form init\" aria-label=\"Kontaktformular\" novalidate=\"novalidate\" data-status=\"init\">\n<fieldset class=\"hidden-fields-container\"><input type=\"hidden\" name=\"_wpcf7\" value=\"42446\" \/><input type=\"hidden\" name=\"_wpcf7_version\" value=\"6.1.5\" \/><input type=\"hidden\" name=\"_wpcf7_locale\" value=\"de_DE\" \/><input type=\"hidden\" name=\"_wpcf7_unit_tag\" value=\"wpcf7-f42446-o1\" \/><input type=\"hidden\" name=\"_wpcf7_container_post\" value=\"0\" \/><input type=\"hidden\" name=\"_wpcf7_posted_data_hash\" value=\"\" \/>\n<\/fieldset>\n<div class=\"spb_content_element col-sm-6 spb_text_column\">\n\t<div style=\"padding-top:0%;padding-bottom:0%;padding-left:0%;padding-right:0%;\" class=\"spb-asset-content\">\n\t\t<p>Jm\u00e9no*\n\t\t<\/p>\n\t\t<p><span class=\"wpcf7-form-control-wrap\" data-name=\"vorname\"><input size=\"40\" maxlength=\"400\" class=\"wpcf7-form-control wpcf7-text wpcf7-validates-as-required\" aria-required=\"true\" aria-invalid=\"false\" value=\"\" type=\"text\" name=\"vorname\" \/><\/span>\n\t\t<\/p>\n\t\t<p>P\u0159\u00edjmen\u00ed*\n\t\t<\/p>\n\t\t<p><span class=\"wpcf7-form-control-wrap\" data-name=\"nachname\"><input size=\"40\" maxlength=\"400\" class=\"wpcf7-form-control wpcf7-text wpcf7-validates-as-required\" aria-required=\"true\" aria-invalid=\"false\" value=\"\" type=\"text\" name=\"nachname\" \/><\/span>\n\t\t<\/p>\n\t\t<p>P\u0159\u00edsady\n\t\t<\/p>\n\t\t<p><span class=\"wpcf7-form-control-wrap\" data-name=\"zutaten\"><textarea cols=\"40\" rows=\"10\" maxlength=\"2000\" class=\"wpcf7-form-control wpcf7-textarea\" aria-invalid=\"false\" name=\"zutaten\"><\/textarea><\/span>\n\t\t<\/p>\n\t<\/div>\n<\/div>\n<div class=\"spb_content_element col-sm-6 spb_text_column\">\n\t<div style=\"padding-top:0%;padding-bottom:0%;padding-left:0%;padding-right:0%;\" class=\"spb-asset-content\">\n\t\t<p>E-Mail*\n\t\t<\/p>\n\t\t<p><span class=\"wpcf7-form-control-wrap\" data-name=\"your-email\"><input size=\"40\" maxlength=\"400\" class=\"wpcf7-form-control wpcf7-email wpcf7-validates-as-required wpcf7-text wpcf7-validates-as-email\" aria-required=\"true\" aria-invalid=\"false\" value=\"\" type=\"email\" name=\"your-email\" \/><\/span>\n\t\t<\/p>\n\t\t<p>v\u00fdsledn\u00fd produkt\n\t\t<\/p>\n\t\t<p><span class=\"wpcf7-form-control-wrap\" data-name=\"kategorie\"><select class=\"wpcf7-form-control wpcf7-select wpcf7-validates-as-required\" aria-required=\"true\" aria-invalid=\"false\" name=\"kategorie\"><option value=\"kapky\">kapky<\/option><option value=\"mast\">mast<\/option><option value=\"kuli\u010dky\">kuli\u010dky<\/option><option value=\"\u010daj\">\u010daj<\/option><\/select><\/span>\n\t\t<\/p>\n\t<\/div>\n<\/div>\n<div class=\"spb_content_element col-sm-12 spb_text_column\">\n\t<p><input class=\"wpcf7-form-control wpcf7-submit has-spinner\" type=\"submit\" value=\"poslat\" \/>\n\t<\/p>\n<\/div><div class=\"wpcf7-response-output\" aria-hidden=\"true\"><\/div>\n<\/form>\n<\/div>\n\n","protected":false},"excerpt":{"rendered":"<p>Po\u0161lete n\u00e1m formul\u00e1\u0159 se sv\u00fdmi individu\u00e1ln\u00edmi p\u0159\u00edsadami. Va\u0161i popt\u00e1vku zpracujeme a co nejd\u0159\u00edve se v\u00e1m ozveme.<\/p>\n","protected":false},"author":1,"featured_media":0,"parent":45967,"menu_order":0,"comment_status":"closed","ping_status":"closed","template":"","meta":{"_acf_changed":false,"footnotes":""},"class_list":["post-42442","page","type-page","status-publish"],"acf":[],"yoast_head":"<!-- This site is optimized with the Yoast SEO plugin v27.2 - https:\/\/yoast.com\/product\/yoast-seo-wordpress\/ -->\n<title>Individu\u00e1ln\u00ed objedn\u00e1vka - Apotheke &amp; Drogerie zur Gnadenmutter - Mariazell<\/title>\n<meta name=\"robots\" content=\"index, follow, max-snippet:-1, max-image-preview:large, max-video-preview:-1\" \/>\n<link rel=\"canonical\" href=\"https:\/\/www.zurgnadenmutter.com\/shop\/individuelle-bestellung\/\" \/>\n<meta property=\"og:locale\" content=\"cs_CZ\" \/>\n<meta property=\"og:type\" content=\"article\" \/>\n<meta property=\"og:title\" content=\"Individu\u00e1ln\u00ed objedn\u00e1vka - Apotheke &amp; Drogerie zur Gnadenmutter - Mariazell\" \/>\n<meta property=\"og:description\" content=\"Po\u0161lete n\u00e1m formul\u00e1\u0159 se sv\u00fdmi individu\u00e1ln\u00edmi p\u0159\u00edsadami. Va\u0161i popt\u00e1vku zpracujeme a co nejd\u0159\u00edve se v\u00e1m ozveme.\" \/>\n<meta property=\"og:url\" content=\"https:\/\/www.zurgnadenmutter.com\/shop\/individuelle-bestellung\/\" \/>\n<meta property=\"og:site_name\" content=\"Apotheke &amp; Drogerie zur Gnadenmutter - Mariazell\" \/>\n<meta property=\"article:modified_time\" content=\"2022-10-03T07:12:02+00:00\" \/>\n<meta name=\"twitter:card\" content=\"summary_large_image\" \/>\n<meta name=\"twitter:label1\" content=\"Odhadovan\u00e1 doba \u010dten\u00ed\" \/>\n\t<meta name=\"twitter:data1\" content=\"1 minuta\" \/>\n<script type=\"application\/ld+json\" class=\"yoast-schema-graph\">{\"@context\":\"https:\/\/schema.org\",\"@graph\":[{\"@type\":\"WebPage\",\"@id\":\"https:\/\/www.zurgnadenmutter.com\/shop\/individuelle-bestellung\/\",\"url\":\"https:\/\/www.zurgnadenmutter.com\/shop\/individuelle-bestellung\/\",\"name\":\"Individu\u00e1ln\u00ed objedn\u00e1vka - Apotheke &amp; Drogerie zur Gnadenmutter - Mariazell\",\"isPartOf\":{\"@id\":\"https:\/\/www.zurgnadenmutter.com\/#website\"},\"datePublished\":\"2022-10-02T18:29:01+00:00\",\"dateModified\":\"2022-10-03T07:12:02+00:00\",\"breadcrumb\":{\"@id\":\"https:\/\/www.zurgnadenmutter.com\/shop\/individuelle-bestellung\/#breadcrumb\"},\"inLanguage\":\"cs\",\"potentialAction\":[{\"@type\":\"ReadAction\",\"target\":[\"https:\/\/www.zurgnadenmutter.com\/shop\/individuelle-bestellung\/\"]}]},{\"@type\":\"BreadcrumbList\",\"@id\":\"https:\/\/www.zurgnadenmutter.com\/shop\/individuelle-bestellung\/#breadcrumb\",\"itemListElement\":[{\"@type\":\"ListItem\",\"position\":1,\"name\":\"Startseite\",\"item\":\"https:\/\/www.zurgnadenmutter.com\/cs\/\"},{\"@type\":\"ListItem\",\"position\":2,\"name\":\"Shop\",\"item\":\"https:\/\/www.zurgnadenmutter.com\/cs\/shop\/\"},{\"@type\":\"ListItem\",\"position\":3,\"name\":\"Individu\u00e1ln\u00ed objedn\u00e1vka\"}]},{\"@type\":\"WebSite\",\"@id\":\"https:\/\/www.zurgnadenmutter.com\/#website\",\"url\":\"https:\/\/www.zurgnadenmutter.com\/\",\"name\":\"Apotheke &amp; Drogerie zur Gnadenmutter - Mariazell\",\"description\":\"Apotheke Mariazell\",\"potentialAction\":[{\"@type\":\"SearchAction\",\"target\":{\"@type\":\"EntryPoint\",\"urlTemplate\":\"https:\/\/www.zurgnadenmutter.com\/?s={search_term_string}\"},\"query-input\":{\"@type\":\"PropertyValueSpecification\",\"valueRequired\":true,\"valueName\":\"search_term_string\"}}],\"inLanguage\":\"cs\"}]}<\/script>\n<!-- \/ Yoast SEO plugin. -->","yoast_head_json":{"title":"Individu\u00e1ln\u00ed objedn\u00e1vka - Apotheke &amp; Drogerie zur Gnadenmutter - Mariazell","robots":{"index":"index","follow":"follow","max-snippet":"max-snippet:-1","max-image-preview":"max-image-preview:large","max-video-preview":"max-video-preview:-1"},"canonical":"https:\/\/www.zurgnadenmutter.com\/shop\/individuelle-bestellung\/","og_locale":"cs_CZ","og_type":"article","og_title":"Individu\u00e1ln\u00ed objedn\u00e1vka - Apotheke &amp; Drogerie zur Gnadenmutter - Mariazell","og_description":"Po\u0161lete n\u00e1m formul\u00e1\u0159 se sv\u00fdmi individu\u00e1ln\u00edmi p\u0159\u00edsadami. Va\u0161i popt\u00e1vku zpracujeme a co nejd\u0159\u00edve se v\u00e1m ozveme.","og_url":"https:\/\/www.zurgnadenmutter.com\/shop\/individuelle-bestellung\/","og_site_name":"Apotheke &amp; Drogerie zur Gnadenmutter - Mariazell","article_modified_time":"2022-10-03T07:12:02+00:00","twitter_card":"summary_large_image","twitter_misc":{"Odhadovan\u00e1 doba \u010dten\u00ed":"1 minuta"},"schema":{"@context":"https:\/\/schema.org","@graph":[{"@type":"WebPage","@id":"https:\/\/www.zurgnadenmutter.com\/shop\/individuelle-bestellung\/","url":"https:\/\/www.zurgnadenmutter.com\/shop\/individuelle-bestellung\/","name":"Individu\u00e1ln\u00ed objedn\u00e1vka - Apotheke &amp; Drogerie zur Gnadenmutter - Mariazell","isPartOf":{"@id":"https:\/\/www.zurgnadenmutter.com\/#website"},"datePublished":"2022-10-02T18:29:01+00:00","dateModified":"2022-10-03T07:12:02+00:00","breadcrumb":{"@id":"https:\/\/www.zurgnadenmutter.com\/shop\/individuelle-bestellung\/#breadcrumb"},"inLanguage":"cs","potentialAction":[{"@type":"ReadAction","target":["https:\/\/www.zurgnadenmutter.com\/shop\/individuelle-bestellung\/"]}]},{"@type":"BreadcrumbList","@id":"https:\/\/www.zurgnadenmutter.com\/shop\/individuelle-bestellung\/#breadcrumb","itemListElement":[{"@type":"ListItem","position":1,"name":"Startseite","item":"https:\/\/www.zurgnadenmutter.com\/cs\/"},{"@type":"ListItem","position":2,"name":"Shop","item":"https:\/\/www.zurgnadenmutter.com\/cs\/shop\/"},{"@type":"ListItem","position":3,"name":"Individu\u00e1ln\u00ed objedn\u00e1vka"}]},{"@type":"WebSite","@id":"https:\/\/www.zurgnadenmutter.com\/#website","url":"https:\/\/www.zurgnadenmutter.com\/","name":"Apotheke &amp; Drogerie zur Gnadenmutter - Mariazell","description":"Apotheke Mariazell","potentialAction":[{"@type":"SearchAction","target":{"@type":"EntryPoint","urlTemplate":"https:\/\/www.zurgnadenmutter.com\/?s={search_term_string}"},"query-input":{"@type":"PropertyValueSpecification","valueRequired":true,"valueName":"search_term_string"}}],"inLanguage":"cs"}]}},"_links":{"self":[{"href":"https:\/\/www.zurgnadenmutter.com\/cs\/wp-json\/wp\/v2\/pages\/42442","targetHints":{"allow":["GET"]}}],"collection":[{"href":"https:\/\/www.zurgnadenmutter.com\/cs\/wp-json\/wp\/v2\/pages"}],"about":[{"href":"https:\/\/www.zurgnadenmutter.com\/cs\/wp-json\/wp\/v2\/types\/page"}],"author":[{"embeddable":true,"href":"https:\/\/www.zurgnadenmutter.com\/cs\/wp-json\/wp\/v2\/users\/1"}],"replies":[{"embeddable":true,"href":"https:\/\/www.zurgnadenmutter.com\/cs\/wp-json\/wp\/v2\/comments?post=42442"}],"version-history":[{"count":4,"href":"https:\/\/www.zurgnadenmutter.com\/cs\/wp-json\/wp\/v2\/pages\/42442\/revisions"}],"predecessor-version":[{"id":42739,"href":"https:\/\/www.zurgnadenmutter.com\/cs\/wp-json\/wp\/v2\/pages\/42442\/revisions\/42739"}],"up":[{"embeddable":true,"href":"https:\/\/www.zurgnadenmutter.com\/cs\/wp-json\/wp\/v2\/pages\/45967"}],"wp:attachment":[{"href":"https:\/\/www.zurgnadenmutter.com\/cs\/wp-json\/wp\/v2\/media?parent=42442"}],"curies":[{"name":"wp","href":"https:\/\/api.w.org\/{rel}","templated":true}]}}