{"id":42432,"date":"2022-10-02T20:04:20","date_gmt":"2022-10-02T18:04:20","guid":{"rendered":"https:\/\/www.zurgnadenmutter.com\/?page_id=42432"},"modified":"2022-10-02T20:04:20","modified_gmt":"2022-10-02T18:04:20","slug":"prohlidky-lekarny","status":"publish","type":"page","link":"https:\/\/www.zurgnadenmutter.com\/cs\/prohlidky-lekarny\/","title":{"rendered":"Prohl\u00eddky l\u00e9k\u00e1rny"},"content":{"rendered":"[spb_row element_name=&#8220;Row&#8220; wrap_type=&#8220;content-width&#8220; row_bg_type=&#8220;color&#8220; color_row_height=&#8220;content-height&#8220; bg_type=&#8220;cover&#8220; parallax_image_height=&#8220;content-height&#8220; parallax_image_movement=&#8220;fixed&#8220; parallax_image_speed=&#8220;0.5&#8243; bg_video_loop=&#8220;yes&#8220; parallax_video_height=&#8220;window-height&#8220; row_top_style=&#8220;none&#8220; row_bottom_style=&#8220;none&#8220; parallax_video_overlay=&#8220;none&#8220; row_overlay_opacity=&#8220;0&#8243; row_padding_vertical=&#8220;0&#8243; row_padding_horizontal=&#8220;0&#8243; row_margin_vertical=&#8220;0&#8243; remove_element_spacing=&#8220;no&#8220; vertical_center=&#8220;false&#8220; inner_column_height=&#8220;col-natural&#8220; row_expanding=&#8220;no&#8220; row_animation=&#8220;none&#8220; row_animation_delay=&#8220;0&#8243; width=&#8220;1\/1&#8243; el_position=&#8220;first last&#8220;] [spb_column col_sm=&#8220;2&#8243; padding_horizontal=&#8220;15&#8243; width=&#8220;1\/6&#8243; el_position=&#8220;first&#8220;] [\/spb_column] [spb_boxed_content type=&#8220;coloured&#8220; box_link_target=&#8220;_self&#8220; padding_vertical=&#8220;0&#8243; padding_horizontal=&#8220;0&#8243; width=&#8220;2\/3&#8243;]\n<p>V r\u00e1mci komentovan\u00e9 prohl\u00eddky na\u0161\u00ed l\u00e9k\u00e1rny se dozv\u00edte zaj\u00edmavosti o \u00fa\u010dinc\u00edch a vyu\u017eit\u00ed l\u00e9\u010div\u00fdch bylin, p\u0159\u00edprav\u011b tradi\u010dn\u00edch prost\u0159edk\u016f a v\u0161em, co souvis\u00ed s bylinkami i tradi\u010dn\u00ed evropskou medic\u00ednou. Po prohl\u00eddce m\u00e1te mo\u017enost ochutnat na\u0161e obl\u00edben\u00e9 bylinn\u00e9 lik\u00e9ry.<\/p>\n<p>Na po\u017e\u00e1d\u00e1n\u00ed m\u016f\u017eeme nab\u00eddnou prohl\u00eddku na\u0161\u00ed l\u00e9k\u00e1rny v ma\u010far\u0161tin\u011b!<\/p>\n[\/spb_boxed_content] [spb_column col_sm=&#8220;2&#8243; padding_horizontal=&#8220;15&#8243; width=&#8220;1\/6&#8243; el_position=&#8220;last&#8220;] [\/spb_column] [spb_blank_spacer height=&#8220;70px&#8220; width=&#8220;1\/1&#8243; el_position=&#8220;first last&#8220;] [\/spb_row] [spb_image image=&#8220;87&#8243; image_size=&#8220;large&#8220; frame=&#8220;noframe&#8220; caption_pos=&#8220;hover&#8220; remove_rounded=&#8220;yes&#8220; fullwidth=&#8220;no&#8220; overflow_mode=&#8220;none&#8220; link_target=&#8220;_self&#8220; lightbox=&#8220;yes&#8220; intro_animation=&#8220;none&#8220; animation_delay=&#8220;200&#8243; width=&#8220;1\/3&#8243; el_position=&#8220;first&#8220;] [spb_text_block animation=&#8220;none&#8220; animation_delay=&#8220;0&#8243; simplified_controls=&#8220;yes&#8220; custom_css_percentage=&#8220;no&#8220; padding_vertical=&#8220;0&#8243; padding_horizontal=&#8220;0&#8243; margin_vertical=&#8220;0&#8243; border_size=&#8220;0&#8243; border_styling_global=&#8220;default&#8220; width=&#8220;2\/3&#8243; el_position=&#8220;last&#8220;]\n<h2>Prohl\u00eddka l\u00e9k\u00e1rny s pr\u016fvodci<\/h2>\n<p>Zjist\u011bte o na\u0161\u00ed l\u00e9k\u00e1rn\u011b v\u0161e, co chcete v\u011bd\u011bt.<\/p>\n<p><strong>D\u00e9lka prohl\u00eddky:<\/strong> cca 1 hodina<br \/>\n<strong>Term\u00edn:<\/strong> Term\u00edny po domluv\u011b, prohl\u00eddky s pr\u016fvodci od 10 osob<br \/>\n<strong>Vstupn\u00e9:<\/strong> 4 EUR za osobu \u2013 v\u010detn\u011b ochutn\u00e1vky<\/p>\n[\/spb_text_block] [spb_blank_spacer height=&#8220;70px&#8220; width=&#8220;1\/1&#8243; el_position=&#8220;first last&#8220;] [spb_image image=&#8220;881&#8243; image_size=&#8220;large&#8220; frame=&#8220;noframe&#8220; caption_pos=&#8220;hover&#8220; remove_rounded=&#8220;yes&#8220; fullwidth=&#8220;no&#8220; overflow_mode=&#8220;none&#8220; link_target=&#8220;_self&#8220; lightbox=&#8220;yes&#8220; intro_animation=&#8220;none&#8220; animation_delay=&#8220;200&#8243; width=&#8220;1\/3&#8243; el_position=&#8220;first&#8220;] [spb_text_block animation=&#8220;none&#8220; animation_delay=&#8220;0&#8243; simplified_controls=&#8220;yes&#8220; custom_css_percentage=&#8220;no&#8220; padding_vertical=&#8220;0&#8243; padding_horizontal=&#8220;0&#8243; margin_vertical=&#8220;0&#8243; border_size=&#8220;0&#8243; border_styling_global=&#8220;default&#8220; width=&#8220;2\/3&#8243; el_position=&#8220;last&#8220;]\n<h2>Dobrodru\u017en\u00e1 prohl\u00eddka pro d\u011bti<\/h2>\n<p>V r\u00e1mci d\u011btsk\u00e9 prohl\u00eddky mohou d\u011bti od 5 let nahl\u00e9dnout do z\u00e1kulis\u00ed l\u00e9k\u00e1rny, dozv\u011bd\u011bt se zaj\u00edmavosti o pr\u00e1ci v l\u00e9k\u00e1rn\u011b, nav\u0161t\u00edvit laborato\u0159 a dokonce si samy nam\u00edchat \u010daj a mast.<\/p>\n<p><strong>Praktick\u00fd program:<\/strong> M\u00edch\u00e1n\u00ed mast\u00ed, m\u00edch\u00e1n\u00ed \u010daj\u016f<br \/>\n<strong>Cena za d\u00edt\u011b v\u010d. materi\u00e1lu:<\/strong> 6,- \u20ac<br \/>\n<strong>Term\u00edn:<\/strong> Term\u00edny po domluv\u011b, prohl\u00eddky s pr\u016fvodci od 10 osob<\/p>\n<p>&nbsp;<\/p>\n[\/spb_text_block]\n","protected":false},"excerpt":{"rendered":"<p>[spb_row element_name=&#8220;Row&#8220; wrap_type=&#8220;content-width&#8220; row_bg_type=&#8220;color&#8220; color_row_height=&#8220;content-height&#8220; bg_type=&#8220;cover&#8220; parallax_image_height=&#8220;content-height&#8220; parallax_image_movement=&#8220;fixed&#8220; parallax_image_speed=&#8220;0.5&#8243; bg_video_loop=&#8220;yes&#8220; parallax_video_height=&#8220;window-height&#8220; row_top_style=&#8220;none&#8220; row_bottom_style=&#8220;none&#8220; parallax_video_overlay=&#8220;none&#8220; row_overlay_opacity=&#8220;0&#8243; row_padding_vertical=&#8220;0&#8243; row_padding_horizontal=&#8220;0&#8243; row_margin_vertical=&#8220;0&#8243; remove_element_spacing=&#8220;no&#8220; vertical_center=&#8220;false&#8220; inner_column_height=&#8220;col-natural&#8220; row_expanding=&#8220;no&#8220; row_animation=&#8220;none&#8220; row_animation_delay=&#8220;0&#8243; width=&#8220;1\/1&#8243; el_position=&#8220;first last&#8220;] [spb_column col_sm=&#8220;2&#8243; padding_horizontal=&#8220;15&#8243;&#8230;<\/p>\n","protected":false},"author":1,"featured_media":0,"parent":0,"menu_order":0,"comment_status":"closed","ping_status":"closed","template":"","meta":{"_acf_changed":false,"footnotes":""},"class_list":["post-42432","page","type-page","status-publish"],"acf":[],"yoast_head":"<!-- This site is optimized with the Yoast SEO plugin v27.2 - https:\/\/yoast.com\/product\/yoast-seo-wordpress\/ -->\n<title>Prohl\u00eddky l\u00e9k\u00e1rny - Apotheke &amp; Drogerie zur Gnadenmutter - Mariazell<\/title>\n<meta name=\"robots\" content=\"index, follow, max-snippet:-1, max-image-preview:large, max-video-preview:-1\" \/>\n<link rel=\"canonical\" href=\"https:\/\/www.zurgnadenmutter.com\/veranstaltungen\/apotheken-fuehrungen\/\" \/>\n<meta property=\"og:locale\" content=\"cs_CZ\" \/>\n<meta property=\"og:type\" content=\"article\" \/>\n<meta property=\"og:title\" content=\"Prohl\u00eddky l\u00e9k\u00e1rny - Apotheke &amp; Drogerie zur Gnadenmutter - Mariazell\" \/>\n<meta property=\"og:description\" content=\"[spb_row element_name=&#8220;Row&#8220; wrap_type=&#8220;content-width&#8220; row_bg_type=&#8220;color&#8220; color_row_height=&#8220;content-height&#8220; bg_type=&#8220;cover&#8220; parallax_image_height=&#8220;content-height&#8220; parallax_image_movement=&#8220;fixed&#8220; parallax_image_speed=&#8220;0.5&#8243; bg_video_loop=&#8220;yes&#8220; parallax_video_height=&#8220;window-height&#8220; row_top_style=&#8220;none&#8220; row_bottom_style=&#8220;none&#8220; parallax_video_overlay=&#8220;none&#8220; row_overlay_opacity=&#8220;0&#8243; row_padding_vertical=&#8220;0&#8243; row_padding_horizontal=&#8220;0&#8243; row_margin_vertical=&#8220;0&#8243; remove_element_spacing=&#8220;no&#8220; vertical_center=&#8220;false&#8220; inner_column_height=&#8220;col-natural&#8220; row_expanding=&#8220;no&#8220; row_animation=&#8220;none&#8220; row_animation_delay=&#8220;0&#8243; width=&#8220;1\/1&#8243; el_position=&#8220;first last&#8220;] [spb_column col_sm=&#8220;2&#8243; padding_horizontal=&#8220;15&#8243;...\" \/>\n<meta property=\"og:url\" content=\"https:\/\/www.zurgnadenmutter.com\/veranstaltungen\/apotheken-fuehrungen\/\" \/>\n<meta property=\"og:site_name\" content=\"Apotheke &amp; Drogerie zur Gnadenmutter - Mariazell\" \/>\n<meta name=\"twitter:card\" content=\"summary_large_image\" \/>\n<meta name=\"twitter:label1\" content=\"Odhadovan\u00e1 doba \u010dten\u00ed\" \/>\n\t<meta name=\"twitter:data1\" content=\"2 minuty\" \/>\n<script type=\"application\/ld+json\" class=\"yoast-schema-graph\">{\"@context\":\"https:\/\/schema.org\",\"@graph\":[{\"@type\":\"WebPage\",\"@id\":\"https:\/\/www.zurgnadenmutter.com\/veranstaltungen\/apotheken-fuehrungen\/\",\"url\":\"https:\/\/www.zurgnadenmutter.com\/veranstaltungen\/apotheken-fuehrungen\/\",\"name\":\"Prohl\u00eddky l\u00e9k\u00e1rny - Apotheke &amp; Drogerie zur Gnadenmutter - Mariazell\",\"isPartOf\":{\"@id\":\"https:\/\/www.zurgnadenmutter.com\/#website\"},\"datePublished\":\"2022-10-02T18:04:20+00:00\",\"breadcrumb\":{\"@id\":\"https:\/\/www.zurgnadenmutter.com\/veranstaltungen\/apotheken-fuehrungen\/#breadcrumb\"},\"inLanguage\":\"cs\",\"potentialAction\":[{\"@type\":\"ReadAction\",\"target\":[\"https:\/\/www.zurgnadenmutter.com\/veranstaltungen\/apotheken-fuehrungen\/\"]}]},{\"@type\":\"BreadcrumbList\",\"@id\":\"https:\/\/www.zurgnadenmutter.com\/veranstaltungen\/apotheken-fuehrungen\/#breadcrumb\",\"itemListElement\":[{\"@type\":\"ListItem\",\"position\":1,\"name\":\"Startseite\",\"item\":\"https:\/\/www.zurgnadenmutter.com\/cs\/\"},{\"@type\":\"ListItem\",\"position\":2,\"name\":\"Prohl\u00eddky l\u00e9k\u00e1rny\"}]},{\"@type\":\"WebSite\",\"@id\":\"https:\/\/www.zurgnadenmutter.com\/#website\",\"url\":\"https:\/\/www.zurgnadenmutter.com\/\",\"name\":\"Apotheke &amp; Drogerie zur Gnadenmutter - Mariazell\",\"description\":\"Apotheke Mariazell\",\"potentialAction\":[{\"@type\":\"SearchAction\",\"target\":{\"@type\":\"EntryPoint\",\"urlTemplate\":\"https:\/\/www.zurgnadenmutter.com\/?s={search_term_string}\"},\"query-input\":{\"@type\":\"PropertyValueSpecification\",\"valueRequired\":true,\"valueName\":\"search_term_string\"}}],\"inLanguage\":\"cs\"}]}<\/script>\n<!-- \/ Yoast SEO plugin. -->","yoast_head_json":{"title":"Prohl\u00eddky l\u00e9k\u00e1rny - Apotheke &amp; Drogerie zur Gnadenmutter - Mariazell","robots":{"index":"index","follow":"follow","max-snippet":"max-snippet:-1","max-image-preview":"max-image-preview:large","max-video-preview":"max-video-preview:-1"},"canonical":"https:\/\/www.zurgnadenmutter.com\/veranstaltungen\/apotheken-fuehrungen\/","og_locale":"cs_CZ","og_type":"article","og_title":"Prohl\u00eddky l\u00e9k\u00e1rny - Apotheke &amp; Drogerie zur Gnadenmutter - Mariazell","og_description":"[spb_row element_name=&#8220;Row&#8220; wrap_type=&#8220;content-width&#8220; row_bg_type=&#8220;color&#8220; color_row_height=&#8220;content-height&#8220; bg_type=&#8220;cover&#8220; parallax_image_height=&#8220;content-height&#8220; parallax_image_movement=&#8220;fixed&#8220; parallax_image_speed=&#8220;0.5&#8243; bg_video_loop=&#8220;yes&#8220; parallax_video_height=&#8220;window-height&#8220; row_top_style=&#8220;none&#8220; row_bottom_style=&#8220;none&#8220; parallax_video_overlay=&#8220;none&#8220; row_overlay_opacity=&#8220;0&#8243; row_padding_vertical=&#8220;0&#8243; row_padding_horizontal=&#8220;0&#8243; row_margin_vertical=&#8220;0&#8243; remove_element_spacing=&#8220;no&#8220; vertical_center=&#8220;false&#8220; inner_column_height=&#8220;col-natural&#8220; row_expanding=&#8220;no&#8220; row_animation=&#8220;none&#8220; row_animation_delay=&#8220;0&#8243; width=&#8220;1\/1&#8243; el_position=&#8220;first last&#8220;] [spb_column col_sm=&#8220;2&#8243; padding_horizontal=&#8220;15&#8243;...","og_url":"https:\/\/www.zurgnadenmutter.com\/veranstaltungen\/apotheken-fuehrungen\/","og_site_name":"Apotheke &amp; Drogerie zur Gnadenmutter - Mariazell","twitter_card":"summary_large_image","twitter_misc":{"Odhadovan\u00e1 doba \u010dten\u00ed":"2 minuty"},"schema":{"@context":"https:\/\/schema.org","@graph":[{"@type":"WebPage","@id":"https:\/\/www.zurgnadenmutter.com\/veranstaltungen\/apotheken-fuehrungen\/","url":"https:\/\/www.zurgnadenmutter.com\/veranstaltungen\/apotheken-fuehrungen\/","name":"Prohl\u00eddky l\u00e9k\u00e1rny - Apotheke &amp; Drogerie zur Gnadenmutter - Mariazell","isPartOf":{"@id":"https:\/\/www.zurgnadenmutter.com\/#website"},"datePublished":"2022-10-02T18:04:20+00:00","breadcrumb":{"@id":"https:\/\/www.zurgnadenmutter.com\/veranstaltungen\/apotheken-fuehrungen\/#breadcrumb"},"inLanguage":"cs","potentialAction":[{"@type":"ReadAction","target":["https:\/\/www.zurgnadenmutter.com\/veranstaltungen\/apotheken-fuehrungen\/"]}]},{"@type":"BreadcrumbList","@id":"https:\/\/www.zurgnadenmutter.com\/veranstaltungen\/apotheken-fuehrungen\/#breadcrumb","itemListElement":[{"@type":"ListItem","position":1,"name":"Startseite","item":"https:\/\/www.zurgnadenmutter.com\/cs\/"},{"@type":"ListItem","position":2,"name":"Prohl\u00eddky l\u00e9k\u00e1rny"}]},{"@type":"WebSite","@id":"https:\/\/www.zurgnadenmutter.com\/#website","url":"https:\/\/www.zurgnadenmutter.com\/","name":"Apotheke &amp; Drogerie zur Gnadenmutter - Mariazell","description":"Apotheke Mariazell","potentialAction":[{"@type":"SearchAction","target":{"@type":"EntryPoint","urlTemplate":"https:\/\/www.zurgnadenmutter.com\/?s={search_term_string}"},"query-input":{"@type":"PropertyValueSpecification","valueRequired":true,"valueName":"search_term_string"}}],"inLanguage":"cs"}]}},"_links":{"self":[{"href":"https:\/\/www.zurgnadenmutter.com\/cs\/wp-json\/wp\/v2\/pages\/42432","targetHints":{"allow":["GET"]}}],"collection":[{"href":"https:\/\/www.zurgnadenmutter.com\/cs\/wp-json\/wp\/v2\/pages"}],"about":[{"href":"https:\/\/www.zurgnadenmutter.com\/cs\/wp-json\/wp\/v2\/types\/page"}],"author":[{"embeddable":true,"href":"https:\/\/www.zurgnadenmutter.com\/cs\/wp-json\/wp\/v2\/users\/1"}],"replies":[{"embeddable":true,"href":"https:\/\/www.zurgnadenmutter.com\/cs\/wp-json\/wp\/v2\/comments?post=42432"}],"version-history":[{"count":2,"href":"https:\/\/www.zurgnadenmutter.com\/cs\/wp-json\/wp\/v2\/pages\/42432\/revisions"}],"predecessor-version":[{"id":42435,"href":"https:\/\/www.zurgnadenmutter.com\/cs\/wp-json\/wp\/v2\/pages\/42432\/revisions\/42435"}],"wp:attachment":[{"href":"https:\/\/www.zurgnadenmutter.com\/cs\/wp-json\/wp\/v2\/media?parent=42432"}],"curies":[{"name":"wp","href":"https:\/\/api.w.org\/{rel}","templated":true}]}}