{"id":39996,"date":"2022-09-12T14:12:18","date_gmt":"2022-09-12T12:12:18","guid":{"rendered":"https:\/\/www.zurgnadenmutter.com\/?page_id=39996"},"modified":"2022-10-10T17:06:11","modified_gmt":"2022-10-10T15:06:11","slug":"home","status":"publish","type":"page","link":"https:\/\/www.zurgnadenmutter.com\/cs\/","title":{"rendered":"Home"},"content":{"rendered":"[spb_blank_spacer responsive_vis=&#8220;hidden-lg_hidden-md_hidden-sm&#8220; height=&#8220;35px&#8220; width=&#8220;1\/1&#8243; el_position=&#8220;first last&#8220;] [spb_blank_spacer height=&#8220;35px&#8220; width=&#8220;1\/1&#8243; el_position=&#8220;first last&#8220;] [spb_row element_name=&#8220;Row&#8220; wrap_type=&#8220;standard-width&#8220; row_bg_type=&#8220;color&#8220; color_row_height=&#8220;content-height&#8220; bg_type=&#8220;cover&#8220; parallax_image_height=&#8220;content-height&#8220; parallax_image_movement=&#8220;fixed&#8220; parallax_image_speed=&#8220;standard&#8220; bg_video_loop=&#8220;yes&#8220; parallax_video_height=&#8220;window-height&#8220; row_top_style=&#8220;none&#8220; row_bottom_style=&#8220;none&#8220; parallax_video_overlay=&#8220;none&#8220; row_overlay_opacity=&#8220;0&#8243; remove_element_spacing=&#8220;no&#8220; row_col_spacing=&#8220;0&#8243; row_col_pos=&#8220;default&#8220; row_col_equal_heights=&#8220;yes&#8220; row_expanding=&#8220;no&#8220; row_animation=&#8220;none&#8220; row_animation_delay=&#8220;0&#8243; minimize_row=&#8220;no&#8220; simplified_controls=&#8220;yes&#8220; custom_css_percentage=&#8220;no&#8220; custom_css=&#8220;margin-top: 0px;margin-bottom: 0px;&#8220; border_styling_global=&#8220;default&#8220; width=&#8220;1\/1&#8243; el_position=&#8220;first last&#8220;] [spb_column col_sm=&#8220;6&#8243; padding_horizontal=&#8220;0&#8243; width=&#8220;1\/2&#8243; el_position=&#8220;first&#8220;] [spb_image image=&#8220;42920&#8243; image_size=&#8220;full&#8220; frame=&#8220;noframe&#8220; caption_pos=&#8220;hover&#8220; remove_rounded=&#8220;yes&#8220; fullwidth=&#8220;no&#8220; overflow_mode=&#8220;none&#8220; el_class=&#8220;homeingsquare&#8220; link_target=&#8220;_self&#8220; lightbox=&#8220;no&#8220; intro_animation=&#8220;none&#8220; animation_delay=&#8220;200&#8243; width=&#8220;1\/1&#8243; el_position=&#8220;first last&#8220;][\/spb_image] [\/spb_column] [spb_column col_sm=&#8220;6&#8243; col_animation=&#8220;none&#8220; col_animation_delay=&#8220;0&#8243; col_bg_color=&#8220;#761013&#8243; col_bg_type=&#8220;cover&#8220; col_parallax_image_movement=&#8220;fixed&#8220; col_parallax_image_speed=&#8220;0.5&#8243; col_padding=&#8220;0&#8243; col_vertical_offset=&#8220;0&#8243; col_horizontal_offset=&#8220;0&#8243; col_custom_zindex=&#8220;0&#8243; simplified_controls=&#8220;yes&#8220; custom_css_percentage=&#8220;no&#8220; padding_vertical=&#8220;0&#8243; padding_horizontal=&#8220;0&#8243; margin_vertical=&#8220;0&#8243; custom_css=&#8220;margin-top: 0px;margin-bottom: 0px;&#8220; border_styling_global=&#8220;default&#8220; width=&#8220;1\/2&#8243; el_position=&#8220;last&#8220;] [spb_blank_spacer height=&#8220;40px&#8220; width=&#8220;1\/1&#8243; el_position=&#8220;first last&#8220;] [spb_image image=&#8220;42902&#8243; image_size=&#8220;full&#8220; frame=&#8220;noframe&#8220; caption_pos=&#8220;hover&#8220; remove_rounded=&#8220;yes&#8220; fullwidth=&#8220;no&#8220; overflow_mode=&#8220;none&#8220; image_link=&#8220;https:\/\/www.zurgnadenmutter.com\/cs\/produkty\/elixiry\/&#8220; link_target=&#8220;_self&#8220; lightbox=&#8220;no&#8220; intro_animation=&#8220;none&#8220; animation_delay=&#8220;200&#8243; width=&#8220;1\/2&#8243; el_position=&#8220;first&#8220;][\/spb_image] [spb_image image=&#8220;42898&#8243; image_size=&#8220;full&#8220; frame=&#8220;noframe&#8220; caption_pos=&#8220;hover&#8220; remove_rounded=&#8220;yes&#8220; fullwidth=&#8220;no&#8220; overflow_mode=&#8220;none&#8220; image_link=&#8220;https:\/\/www.zurgnadenmutter.com\/cs\/produkty\/bylinkove-speciality\/&#8220; link_target=&#8220;_self&#8220; lightbox=&#8220;no&#8220; intro_animation=&#8220;none&#8220; animation_delay=&#8220;200&#8243; width=&#8220;1\/2&#8243; el_position=&#8220;last&#8220;][\/spb_image] [spb_image image=&#8220;42906&#8243; image_size=&#8220;full&#8220; frame=&#8220;noframe&#8220; caption_pos=&#8220;hover&#8220; remove_rounded=&#8220;yes&#8220; fullwidth=&#8220;no&#8220; overflow_mode=&#8220;none&#8220; image_link=&#8220;https:\/\/www.zurgnadenmutter.com\/cs\/produkty\/likery\/&#8220; link_target=&#8220;_self&#8220; lightbox=&#8220;no&#8220; intro_animation=&#8220;none&#8220; animation_delay=&#8220;200&#8243; width=&#8220;1\/2&#8243; el_position=&#8220;first&#8220;][\/spb_image] [spb_image image=&#8220;1364&#8243; image_size=&#8220;full&#8220; frame=&#8220;noframe&#8220; caption_pos=&#8220;hover&#8220; remove_rounded=&#8220;yes&#8220; fullwidth=&#8220;no&#8220; overflow_mode=&#8220;none&#8220; image_link=&#8220;https:\/\/www.zurgnadenmutter.com\/produkte\/hildegard-von-bingen\/&#8220; link_target=&#8220;_self&#8220; lightbox=&#8220;no&#8220; intro_animation=&#8220;none&#8220; animation_delay=&#8220;200&#8243; width=&#8220;1\/2&#8243; el_position=&#8220;last&#8220;][\/spb_image] [\/spb_column] [\/spb_row] [spb_blank_spacer height=&#8220;40px&#8220; width=&#8220;1\/1&#8243; el_position=&#8220;first last&#8220;] [spb_row element_name=&#8220;Row&#8220; wrap_type=&#8220;full-width-contained&#8220; row_bg_type=&#8220;color&#8220; row_bg_color=&#8220;#761013&#8243; color_row_height=&#8220;content-height&#8220; bg_type=&#8220;cover&#8220; parallax_image_height=&#8220;content-height&#8220; parallax_image_movement=&#8220;fixed&#8220; parallax_image_speed=&#8220;standard&#8220; bg_video_loop=&#8220;yes&#8220; parallax_video_height=&#8220;window-height&#8220; row_top_style=&#8220;none&#8220; row_bottom_style=&#8220;none&#8220; parallax_video_overlay=&#8220;none&#8220; row_overlay_opacity=&#8220;0&#8243; remove_element_spacing=&#8220;yes&#8220; row_col_spacing=&#8220;0&#8243; row_col_pos=&#8220;default&#8220; row_col_equal_heights=&#8220;no&#8220; row_expanding=&#8220;no&#8220; row_animation=&#8220;none&#8220; row_animation_delay=&#8220;0&#8243; minimize_row=&#8220;no&#8220; simplified_controls=&#8220;yes&#8220; custom_css_percentage=&#8220;no&#8220; custom_css=&#8220;margin-top: 0px;margin-bottom: 0px;&#8220; border_styling_global=&#8220;default&#8220; el_class=&#8220;whitefont&#8220; width=&#8220;1\/1&#8243; el_position=&#8220;first last&#8220;] [spb_blank_spacer height=&#8220;35px&#8220; width=&#8220;1\/1&#8243; el_position=&#8220;first last&#8220;] [spb_column col_sm=&#8220;12&#8243; col_animation=&#8220;none&#8220; col_animation_delay=&#8220;0&#8243; col_bg_color=&#8220;#761013&#8243; col_bg_type=&#8220;cover&#8220; col_parallax_image_movement=&#8220;fixed&#8220; col_parallax_image_speed=&#8220;0.5&#8243; col_padding=&#8220;0&#8243; padding_horizontal=&#8220;15&#8243; width=&#8220;1\/1&#8243; el_position=&#8220;first last&#8220;] [spb_text_block animation=&#8220;none&#8220; animation_delay=&#8220;0&#8243; simplified_controls=&#8220;yes&#8220; custom_css_percentage=&#8220;no&#8220; padding_vertical=&#8220;0&#8243; padding_horizontal=&#8220;0&#8243; margin_vertical=&#8220;0&#8243; custom_css=&#8220;margin-top: 0px;margin-bottom: 0px;&#8220; border_size=&#8220;0&#8243; border_styling_global=&#8220;default&#8220; width=&#8220;1\/1&#8243; el_position=&#8220;first last&#8220;]\n[one_third]\n<p><a href=\"https:\/\/www.zurgnadenmutter.com\/cs\/produkty\/prisady-do-koupele-a-sprchove-gely\/\">\u00bb P\u0159\u00edsady do koupele a sprchov\u00e9 gely<\/a><br \/>\n<a href=\"https:\/\/www.zurgnadenmutter.com\/cs\/produkty\/knihy\/\">\u00bb Knihy<\/a><br \/>\n<a href=\"https:\/\/www.zurgnadenmutter.com\/cs\/produkty\/kremy-masti-vtirani\/\">\u00bb Kr\u00e9my, masti, vt\u00edr\u00e1n\u00ed<\/a><br \/>\n<a href=\"https:\/\/www.zurgnadenmutter.com\/cs\/produkty\/draze-a-ovocne-bonbony\/\">\u00bb Dra\u017e\u00e9 a ovocn\u00e9 bonb\u00f3ny<\/a><br \/>\n<a href=\"https:\/\/www.zurgnadenmutter.com\/cs\/produkty\/elixiry\/\">\u00bb Elix\u00edry<\/a><br \/>\n<a href=\"https:\/\/www.zurgnadenmutter.com\/cs\/produkty\/hildegard-von-bingen-cs\/\">\u00bb Hildegard von Bingen<\/a><\/p>\n[\/one_third]\n[one_third]\n<p><a href=\"https:\/\/www.zurgnadenmutter.com\/cs\/produkty\/kapsle-a-lecive-bahno\/\">\u00bb Kapsle a l\u00e9\u010div\u00e9 bahno<\/a><br \/>\n<a href=\"https:\/\/www.zurgnadenmutter.com\/cs\/produkty\/kosmetika\/\">\u00bb Kosmetika<\/a><br \/>\n<a href=\"https:\/\/www.zurgnadenmutter.com\/cs\/produkty\/bylinkove-speciality\/\">\u00bb Bylinkov\u00e9 speciality<\/a><br \/>\n<a href=\"https:\/\/www.zurgnadenmutter.com\/cs\/produkty\/kulicky\/\">\u00bb Kuli\u010dky<\/a><br \/>\n<a href=\"https:\/\/www.zurgnadenmutter.com\/cs\/produkty\/likery\/\">\u00bb Lik\u00e9ry<\/a><br \/>\n<a href=\"https:\/\/www.zurgnadenmutter.com\/cs\/produkty\/masazni-oleje\/\">\u00bb Mas\u00e1\u017en\u00ed oleje<\/a><\/p>\n[\/one_third]\n[one_third_last]\n<p><a href=\"https:\/\/www.zurgnadenmutter.com\/cs\/produkty\/bylinne-kapky\/\">\u00bb Bylinn\u00e9 kapky<\/a><br \/>\n<a href=\"https:\/\/www.zurgnadenmutter.com\/cs\/produkty\/mariazellska-detska-rada-raphi\/\">\u00bb Mariazellsk\u00e1 d\u011btsk\u00e1 \u0159ada Raphi<\/a><br \/>\n<a href=\"https:\/\/www.zurgnadenmutter.com\/cs\/produkty\/vonne-sacky\/\">\u00bb Vonn\u00e9 s\u00e1\u010dky<\/a><br \/>\n<a href=\"https:\/\/www.zurgnadenmutter.com\/cs\/produkty\/mydla\/\">\u00bb M\u00fddla<\/a><br \/>\n<a href=\"https:\/\/www.zurgnadenmutter.com\/cs\/produkty\/cajove-smesi\/\">\u00bb \u010cajov\u00e9 sm\u011bsi<\/a><br \/>\n<a href=\"https:\/\/www.zurgnadenmutter.com\/cs\/produkty\/tonika-cs\/\">\u00bb Tonika<\/a><br \/>\n[\/one_third_last]\n[\/spb_text_block] [\/spb_column] [spb_blank_spacer height=&#8220;80px&#8220; width=&#8220;1\/1&#8243; el_position=&#8220;first last&#8220;] [\/spb_row] [spb_blank_spacer height=&#8220;60px&#8220; width=&#8220;1\/1&#8243; el_position=&#8220;first last&#8220;] [spb_row element_name=&#8220;Row&#8220; wrap_type=&#8220;content-width&#8220; row_bg_type=&#8220;color&#8220; color_row_height=&#8220;content-height&#8220; bg_type=&#8220;cover&#8220; parallax_image_height=&#8220;content-height&#8220; parallax_image_movement=&#8220;fixed&#8220; parallax_image_speed=&#8220;0.5&#8243; bg_video_loop=&#8220;yes&#8220; parallax_video_height=&#8220;window-height&#8220; row_top_style=&#8220;none&#8220; row_bottom_style=&#8220;none&#8220; parallax_video_overlay=&#8220;none&#8220; row_overlay_opacity=&#8220;0&#8243; remove_element_spacing=&#8220;yes&#8220; row_col_pos=&#8220;default&#8220; row_expanding=&#8220;no&#8220; row_animation=&#8220;none&#8220; row_animation_delay=&#8220;0&#8243; minimize_row=&#8220;no&#8220; simplified_controls=&#8220;yes&#8220; custom_css_percentage=&#8220;no&#8220; custom_css=&#8220;margin-top: 0px;margin-bottom: 0px;border-top: 0px ;border-left: 0px ;border-right: 0px ;border-bottom: 0px ;padding-top: 0px;padding-left: 0px;padding-right: 0px;padding-bottom: 0px;&#8220; border_styling_global=&#8220;default&#8220; width=&#8220;1\/1&#8243; el_position=&#8220;first last&#8220;] [spb_image_banner image=&#8220;1128&#8243; image_size=&#8220;full&#8220; fixed_height=&#8220;300&#8243; content_pos=&#8220;center&#8220; content_textalign=&#8220;left&#8220; animation=&#8220;none&#8220; animation_delay=&#8220;200&#8243; link_target=&#8220;_self&#8220; width=&#8220;1\/1&#8243; el_position=&#8220;first last&#8220;][\/spb_image_banner] [\/spb_row] [spb_blank_spacer height=&#8220;60px&#8220; width=&#8220;1\/1&#8243; el_position=&#8220;first last&#8220;]\n","protected":false},"excerpt":{"rendered":"<p>[spb_blank_spacer responsive_vis=&#8220;hidden-lg_hidden-md_hidden-sm&#8220; height=&#8220;35px&#8220; width=&#8220;1\/1&#8243; el_position=&#8220;first last&#8220;] [spb_blank_spacer height=&#8220;35px&#8220; width=&#8220;1\/1&#8243; el_position=&#8220;first last&#8220;] [spb_row element_name=&#8220;Row&#8220; wrap_type=&#8220;standard-width&#8220; row_bg_type=&#8220;color&#8220; color_row_height=&#8220;content-height&#8220; bg_type=&#8220;cover&#8220; parallax_image_height=&#8220;content-height&#8220; parallax_image_movement=&#8220;fixed&#8220; parallax_image_speed=&#8220;standard&#8220; bg_video_loop=&#8220;yes&#8220; parallax_video_height=&#8220;window-height&#8220; row_top_style=&#8220;none&#8220; row_bottom_style=&#8220;none&#8220; parallax_video_overlay=&#8220;none&#8220; row_overlay_opacity=&#8220;0&#8243; remove_element_spacing=&#8220;no&#8220; row_col_spacing=&#8220;0&#8243; row_col_pos=&#8220;default&#8220; row_col_equal_heights=&#8220;yes&#8220;&#8230;<\/p>\n","protected":false},"author":1,"featured_media":0,"parent":0,"menu_order":0,"comment_status":"closed","ping_status":"closed","template":"","meta":{"_acf_changed":false,"footnotes":""},"class_list":["post-39996","page","type-page","status-publish"],"acf":[],"yoast_head":"<!-- This site is optimized with the Yoast SEO plugin v27.2 - https:\/\/yoast.com\/product\/yoast-seo-wordpress\/ -->\n<title>Home - Apotheke &amp; Drogerie zur Gnadenmutter - Mariazell<\/title>\n<meta name=\"robots\" content=\"index, follow, max-snippet:-1, max-image-preview:large, max-video-preview:-1\" \/>\n<link rel=\"canonical\" href=\"https:\/\/www.zurgnadenmutter.com\/cs\/\" \/>\n<meta property=\"og:locale\" content=\"cs_CZ\" \/>\n<meta property=\"og:type\" content=\"article\" \/>\n<meta property=\"og:title\" content=\"Home - Apotheke &amp; Drogerie zur Gnadenmutter - Mariazell\" \/>\n<meta property=\"og:description\" content=\"[spb_blank_spacer responsive_vis=&#8220;hidden-lg_hidden-md_hidden-sm&#8220; height=&#8220;35px&#8220; width=&#8220;1\/1&#8243; el_position=&#8220;first last&#8220;] [spb_blank_spacer height=&#8220;35px&#8220; width=&#8220;1\/1&#8243; el_position=&#8220;first last&#8220;] [spb_row element_name=&#8220;Row&#8220; wrap_type=&#8220;standard-width&#8220; row_bg_type=&#8220;color&#8220; color_row_height=&#8220;content-height&#8220; bg_type=&#8220;cover&#8220; parallax_image_height=&#8220;content-height&#8220; parallax_image_movement=&#8220;fixed&#8220; parallax_image_speed=&#8220;standard&#8220; bg_video_loop=&#8220;yes&#8220; parallax_video_height=&#8220;window-height&#8220; row_top_style=&#8220;none&#8220; row_bottom_style=&#8220;none&#8220; parallax_video_overlay=&#8220;none&#8220; row_overlay_opacity=&#8220;0&#8243; remove_element_spacing=&#8220;no&#8220; row_col_spacing=&#8220;0&#8243; row_col_pos=&#8220;default&#8220; row_col_equal_heights=&#8220;yes&#8220;...\" \/>\n<meta property=\"og:url\" content=\"https:\/\/www.zurgnadenmutter.com\/cs\/\" \/>\n<meta property=\"og:site_name\" content=\"Apotheke &amp; Drogerie zur Gnadenmutter - Mariazell\" \/>\n<meta property=\"article:modified_time\" content=\"2022-10-10T15:06:11+00:00\" \/>\n<meta name=\"twitter:card\" content=\"summary_large_image\" \/>\n<meta name=\"twitter:label1\" content=\"Odhadovan\u00e1 doba \u010dten\u00ed\" \/>\n\t<meta name=\"twitter:data1\" content=\"2 minuty\" \/>\n<script type=\"application\/ld+json\" class=\"yoast-schema-graph\">{\"@context\":\"https:\/\/schema.org\",\"@graph\":[{\"@type\":\"WebPage\",\"@id\":\"https:\/\/www.zurgnadenmutter.com\/cs\/\",\"url\":\"https:\/\/www.zurgnadenmutter.com\/cs\/\",\"name\":\"Home - Apotheke &amp; Drogerie zur Gnadenmutter - Mariazell\",\"isPartOf\":{\"@id\":\"https:\/\/www.zurgnadenmutter.com\/#website\"},\"datePublished\":\"2022-09-12T12:12:18+00:00\",\"dateModified\":\"2022-10-10T15:06:11+00:00\",\"breadcrumb\":{\"@id\":\"https:\/\/www.zurgnadenmutter.com\/cs\/#breadcrumb\"},\"inLanguage\":\"cs\",\"potentialAction\":[{\"@type\":\"ReadAction\",\"target\":[\"https:\/\/www.zurgnadenmutter.com\/cs\/\"]}]},{\"@type\":\"BreadcrumbList\",\"@id\":\"https:\/\/www.zurgnadenmutter.com\/cs\/#breadcrumb\",\"itemListElement\":[{\"@type\":\"ListItem\",\"position\":1,\"name\":\"Startseite\",\"item\":\"https:\/\/www.zurgnadenmutter.com\/cs\/\"},{\"@type\":\"ListItem\",\"position\":2,\"name\":\"Home\"}]},{\"@type\":\"WebSite\",\"@id\":\"https:\/\/www.zurgnadenmutter.com\/#website\",\"url\":\"https:\/\/www.zurgnadenmutter.com\/\",\"name\":\"Apotheke &amp; Drogerie zur Gnadenmutter - Mariazell\",\"description\":\"Apotheke Mariazell\",\"potentialAction\":[{\"@type\":\"SearchAction\",\"target\":{\"@type\":\"EntryPoint\",\"urlTemplate\":\"https:\/\/www.zurgnadenmutter.com\/?s={search_term_string}\"},\"query-input\":{\"@type\":\"PropertyValueSpecification\",\"valueRequired\":true,\"valueName\":\"search_term_string\"}}],\"inLanguage\":\"cs\"}]}<\/script>\n<!-- \/ Yoast SEO plugin. -->","yoast_head_json":{"title":"Home - Apotheke &amp; Drogerie zur Gnadenmutter - Mariazell","robots":{"index":"index","follow":"follow","max-snippet":"max-snippet:-1","max-image-preview":"max-image-preview:large","max-video-preview":"max-video-preview:-1"},"canonical":"https:\/\/www.zurgnadenmutter.com\/cs\/","og_locale":"cs_CZ","og_type":"article","og_title":"Home - Apotheke &amp; Drogerie zur Gnadenmutter - Mariazell","og_description":"[spb_blank_spacer responsive_vis=&#8220;hidden-lg_hidden-md_hidden-sm&#8220; height=&#8220;35px&#8220; width=&#8220;1\/1&#8243; el_position=&#8220;first last&#8220;] [spb_blank_spacer height=&#8220;35px&#8220; width=&#8220;1\/1&#8243; el_position=&#8220;first last&#8220;] [spb_row element_name=&#8220;Row&#8220; wrap_type=&#8220;standard-width&#8220; row_bg_type=&#8220;color&#8220; color_row_height=&#8220;content-height&#8220; bg_type=&#8220;cover&#8220; parallax_image_height=&#8220;content-height&#8220; parallax_image_movement=&#8220;fixed&#8220; parallax_image_speed=&#8220;standard&#8220; bg_video_loop=&#8220;yes&#8220; parallax_video_height=&#8220;window-height&#8220; row_top_style=&#8220;none&#8220; row_bottom_style=&#8220;none&#8220; parallax_video_overlay=&#8220;none&#8220; row_overlay_opacity=&#8220;0&#8243; remove_element_spacing=&#8220;no&#8220; row_col_spacing=&#8220;0&#8243; row_col_pos=&#8220;default&#8220; row_col_equal_heights=&#8220;yes&#8220;...","og_url":"https:\/\/www.zurgnadenmutter.com\/cs\/","og_site_name":"Apotheke &amp; Drogerie zur Gnadenmutter - Mariazell","article_modified_time":"2022-10-10T15:06:11+00:00","twitter_card":"summary_large_image","twitter_misc":{"Odhadovan\u00e1 doba \u010dten\u00ed":"2 minuty"},"schema":{"@context":"https:\/\/schema.org","@graph":[{"@type":"WebPage","@id":"https:\/\/www.zurgnadenmutter.com\/cs\/","url":"https:\/\/www.zurgnadenmutter.com\/cs\/","name":"Home - Apotheke &amp; Drogerie zur Gnadenmutter - Mariazell","isPartOf":{"@id":"https:\/\/www.zurgnadenmutter.com\/#website"},"datePublished":"2022-09-12T12:12:18+00:00","dateModified":"2022-10-10T15:06:11+00:00","breadcrumb":{"@id":"https:\/\/www.zurgnadenmutter.com\/cs\/#breadcrumb"},"inLanguage":"cs","potentialAction":[{"@type":"ReadAction","target":["https:\/\/www.zurgnadenmutter.com\/cs\/"]}]},{"@type":"BreadcrumbList","@id":"https:\/\/www.zurgnadenmutter.com\/cs\/#breadcrumb","itemListElement":[{"@type":"ListItem","position":1,"name":"Startseite","item":"https:\/\/www.zurgnadenmutter.com\/cs\/"},{"@type":"ListItem","position":2,"name":"Home"}]},{"@type":"WebSite","@id":"https:\/\/www.zurgnadenmutter.com\/#website","url":"https:\/\/www.zurgnadenmutter.com\/","name":"Apotheke &amp; Drogerie zur Gnadenmutter - Mariazell","description":"Apotheke Mariazell","potentialAction":[{"@type":"SearchAction","target":{"@type":"EntryPoint","urlTemplate":"https:\/\/www.zurgnadenmutter.com\/?s={search_term_string}"},"query-input":{"@type":"PropertyValueSpecification","valueRequired":true,"valueName":"search_term_string"}}],"inLanguage":"cs"}]}},"_links":{"self":[{"href":"https:\/\/www.zurgnadenmutter.com\/cs\/wp-json\/wp\/v2\/pages\/39996","targetHints":{"allow":["GET"]}}],"collection":[{"href":"https:\/\/www.zurgnadenmutter.com\/cs\/wp-json\/wp\/v2\/pages"}],"about":[{"href":"https:\/\/www.zurgnadenmutter.com\/cs\/wp-json\/wp\/v2\/types\/page"}],"author":[{"embeddable":true,"href":"https:\/\/www.zurgnadenmutter.com\/cs\/wp-json\/wp\/v2\/users\/1"}],"replies":[{"embeddable":true,"href":"https:\/\/www.zurgnadenmutter.com\/cs\/wp-json\/wp\/v2\/comments?post=39996"}],"version-history":[{"count":4,"href":"https:\/\/www.zurgnadenmutter.com\/cs\/wp-json\/wp\/v2\/pages\/39996\/revisions"}],"predecessor-version":[{"id":42725,"href":"https:\/\/www.zurgnadenmutter.com\/cs\/wp-json\/wp\/v2\/pages\/39996\/revisions\/42725"}],"wp:attachment":[{"href":"https:\/\/www.zurgnadenmutter.com\/cs\/wp-json\/wp\/v2\/media?parent=39996"}],"curies":[{"name":"wp","href":"https:\/\/api.w.org\/{rel}","templated":true}]}}